{"id":43853,"date":"2019-08-29T07:28:51","date_gmt":"2019-08-29T05:28:51","guid":{"rendered":"http:\/\/fluffouterwear.com\/?post_type=product&#038;p=43853"},"modified":"2025-11-11T17:56:20","modified_gmt":"2025-11-11T16:56:20","slug":"spiworek-nude","status":"publish","type":"product","link":"https:\/\/fluffouterwear.com\/pl\/produkt\/spiworek-nude\/","title":{"rendered":"\u015apiworek Nude"},"content":{"rendered":"<h4><strong>\u015apiworek puchowy do w\u00f3zk\u00f3w i fotelik\u00f3w samochodowych<\/strong><\/h4>\n<p><strong>Puchowy \u015bpiworek<\/strong> niemowl\u0119cy to najwygodniejsze i najskuteczniejsze zimowe okrycie, dla najm\u0142odszych, do przewo\u017cenia w w\u00f3zku.<\/p>\n<p>Poczucie przytulno\u015bci i bezpiecze\u0144stwa zapewnia mi\u0119ciutka tkanina wewn\u0119trzna &#8211; 100% polar z hipoalergicznej bawe\u0142ny organicznej. <strong>\u015apiworek niemowl\u0119cy z wype\u0142nieniem z naturalnego puchu g\u0119siego<\/strong> \u015bwietnie sprawdzi si\u0119 podczas spacer\u00f3w i podr\u00f3\u017cy samochodem. W jego tylnej cz\u0119\u015bci znajduj\u0105 si\u0119 bowiem specjalne otwory zaprojektowane pod w\u00f3zki i foteliki samochodowe.<\/p>\n<p>Otwory z ty\u0142u \u015bpiworka zaprojektowane pod w\u00f3zki i foteliki posiadaj\u0105ce 3-punktowe pasy bezpiecze\u0144stwa. Produkt jest kompatybilny z wi\u0119kszo\u015bci\u0105 modeli w\u00f3zk\u00f3w i fotelik\u00f3w na rynku.<\/p>\n","protected":false},"excerpt":{"rendered":"<p>\u015apiworek puchowy do w\u00f3zk\u00f3w i fotelik\u00f3w samochodowych Puchowy \u015bpiworek niemowl\u0119cy to najwygodniejsze i najskuteczniejsze zimowe okrycie, dla najm\u0142odszych, do przewo\u017cenia w w\u00f3zku. Poczucie przytulno\u015bci i bezpiecze\u0144stwa zapewnia mi\u0119ciutka tkanina wewn\u0119trzna &#8211; 100% polar z hipoalergicznej bawe\u0142ny organicznej. \u015apiworek niemowl\u0119cy z wype\u0142nieniem z naturalnego puchu g\u0119siego \u015bwietnie sprawdzi si\u0119 podczas spacer\u00f3w i podr\u00f3\u017cy samochodem. W jego [&#8230;]\n","protected":false},"featured_media":87019,"comment_status":"closed","ping_status":"closed","template":"","meta":{"_acf_changed":false},"product_brand":[],"product_cat":[302,556],"product_tag":[],"class_list":{"0":"post-43853","1":"product","2":"type-product","3":"status-publish","4":"has-post-thumbnail","6":"product_cat-dziecko","7":"product_cat-spiworki","9":"first","10":"instock","11":"shipping-taxable","12":"purchasable","13":"product-type-variable"},"acf":[],"yoast_head":"<!-- This site is optimized with the Yoast SEO plugin v27.0 - https:\/\/yoast.com\/product\/yoast-seo-wordpress\/ -->\n<title>\u015apiworek Nude - Fluff<\/title>\n<meta name=\"description\" content=\"\u015apiworek niemowl\u0119cy ma w tylnej cz\u0119\u015bci specjalne otwory zaprojektowane pod w\u00f3zki i foteliki samochodowe posiadaj\u0105ce 3-punktowe pasy bezpiecze\u0144stwa.\" \/>\n<meta name=\"robots\" content=\"index, follow, max-snippet:-1, max-image-preview:large, max-video-preview:-1\" \/>\n<link rel=\"canonical\" href=\"https:\/\/fluffouterwear.com\/pl\/produkt\/spiworek-nude\/\" \/>\n<meta property=\"og:locale\" content=\"pl_PL\" \/>\n<meta property=\"og:type\" content=\"article\" \/>\n<meta property=\"og:title\" content=\"\u015apiworek Nude - Fluff\" \/>\n<meta property=\"og:description\" content=\"\u015apiworek niemowl\u0119cy ma w tylnej cz\u0119\u015bci specjalne otwory zaprojektowane pod w\u00f3zki i foteliki samochodowe posiadaj\u0105ce 3-punktowe pasy bezpiecze\u0144stwa.\" \/>\n<meta property=\"og:url\" content=\"https:\/\/fluffouterwear.com\/pl\/produkt\/spiworek-nude\/\" \/>\n<meta property=\"og:site_name\" content=\"Fluff\" \/>\n<meta property=\"article:modified_time\" content=\"2025-11-11T16:56:20+00:00\" \/>\n<meta property=\"og:image\" content=\"https:\/\/fluffouterwear.com\/wp-content\/uploads\/2024\/01\/niemowlecy-spiwor-puchowy-fluff-rozowy-1.jpg\" \/>\n\t<meta property=\"og:image:width\" content=\"1185\" \/>\n\t<meta property=\"og:image:height\" content=\"1310\" \/>\n\t<meta property=\"og:image:type\" content=\"image\/jpeg\" \/>\n<meta name=\"twitter:card\" content=\"summary_large_image\" \/>\n<meta name=\"twitter:label1\" content=\"Szacowany czas czytania\" \/>\n\t<meta name=\"twitter:data1\" content=\"1 minuta\" \/>\n<script type=\"application\/ld+json\" class=\"yoast-schema-graph\">{\"@context\":\"https:\/\/schema.org\",\"@graph\":[{\"@type\":\"WebPage\",\"@id\":\"https:\/\/fluffouterwear.com\/pl\/produkt\/spiworek-nude\/\",\"url\":\"https:\/\/fluffouterwear.com\/pl\/produkt\/spiworek-nude\/\",\"name\":\"\u015apiworek Nude - Fluff\",\"isPartOf\":{\"@id\":\"https:\/\/fluffouterwear.com\/pl\/#website\"},\"primaryImageOfPage\":{\"@id\":\"https:\/\/fluffouterwear.com\/pl\/produkt\/spiworek-nude\/#primaryimage\"},\"image\":{\"@id\":\"https:\/\/fluffouterwear.com\/pl\/produkt\/spiworek-nude\/#primaryimage\"},\"thumbnailUrl\":\"https:\/\/fluffouterwear.com\/wp-content\/uploads\/2024\/01\/niemowlecy-spiwor-puchowy-fluff-rozowy-1.jpg\",\"datePublished\":\"2019-08-29T05:28:51+00:00\",\"dateModified\":\"2025-11-11T16:56:20+00:00\",\"description\":\"\u015apiworek niemowl\u0119cy ma w tylnej cz\u0119\u015bci specjalne otwory zaprojektowane pod w\u00f3zki i foteliki samochodowe posiadaj\u0105ce 3-punktowe pasy bezpiecze\u0144stwa.\",\"breadcrumb\":{\"@id\":\"https:\/\/fluffouterwear.com\/pl\/produkt\/spiworek-nude\/#breadcrumb\"},\"inLanguage\":\"pl-PL\",\"potentialAction\":[{\"@type\":\"ReadAction\",\"target\":[\"https:\/\/fluffouterwear.com\/pl\/produkt\/spiworek-nude\/\"]}]},{\"@type\":\"ImageObject\",\"inLanguage\":\"pl-PL\",\"@id\":\"https:\/\/fluffouterwear.com\/pl\/produkt\/spiworek-nude\/#primaryimage\",\"url\":\"https:\/\/fluffouterwear.com\/wp-content\/uploads\/2024\/01\/niemowlecy-spiwor-puchowy-fluff-rozowy-1.jpg\",\"contentUrl\":\"https:\/\/fluffouterwear.com\/wp-content\/uploads\/2024\/01\/niemowlecy-spiwor-puchowy-fluff-rozowy-1.jpg\",\"width\":1185,\"height\":1310,\"caption\":\"Niemowl\u0119cy \u015bpiworek puchowy r\u00f3\u017cowy nude pink, z otworami do fotelika\"},{\"@type\":\"BreadcrumbList\",\"@id\":\"https:\/\/fluffouterwear.com\/pl\/produkt\/spiworek-nude\/#breadcrumb\",\"itemListElement\":[{\"@type\":\"ListItem\",\"position\":1,\"name\":\"Strona g\u0142\u00f3wna\",\"item\":\"https:\/\/fluffouterwear.com\/pl\/\"},{\"@type\":\"ListItem\",\"position\":2,\"name\":\"Sklep\",\"item\":\"https:\/\/fluffouterwear.com\/pl\/sklep\/\"},{\"@type\":\"ListItem\",\"position\":3,\"name\":\"\u015apiworek Nude\"}]},{\"@type\":\"WebSite\",\"@id\":\"https:\/\/fluffouterwear.com\/pl\/#website\",\"url\":\"https:\/\/fluffouterwear.com\/pl\/\",\"name\":\"Fluff\",\"description\":\"\",\"potentialAction\":[{\"@type\":\"SearchAction\",\"target\":{\"@type\":\"EntryPoint\",\"urlTemplate\":\"https:\/\/fluffouterwear.com\/pl\/?s={search_term_string}\"},\"query-input\":{\"@type\":\"PropertyValueSpecification\",\"valueRequired\":true,\"valueName\":\"search_term_string\"}}],\"inLanguage\":\"pl-PL\"}]}<\/script>\n<!-- \/ Yoast SEO plugin. -->","yoast_head_json":{"title":"\u015apiworek Nude - Fluff","description":"\u015apiworek niemowl\u0119cy ma w tylnej cz\u0119\u015bci specjalne otwory zaprojektowane pod w\u00f3zki i foteliki samochodowe posiadaj\u0105ce 3-punktowe pasy bezpiecze\u0144stwa.","robots":{"index":"index","follow":"follow","max-snippet":"max-snippet:-1","max-image-preview":"max-image-preview:large","max-video-preview":"max-video-preview:-1"},"canonical":"https:\/\/fluffouterwear.com\/pl\/produkt\/spiworek-nude\/","og_locale":"pl_PL","og_type":"article","og_title":"\u015apiworek Nude - Fluff","og_description":"\u015apiworek niemowl\u0119cy ma w tylnej cz\u0119\u015bci specjalne otwory zaprojektowane pod w\u00f3zki i foteliki samochodowe posiadaj\u0105ce 3-punktowe pasy bezpiecze\u0144stwa.","og_url":"https:\/\/fluffouterwear.com\/pl\/produkt\/spiworek-nude\/","og_site_name":"Fluff","article_modified_time":"2025-11-11T16:56:20+00:00","og_image":[{"width":1185,"height":1310,"url":"https:\/\/fluffouterwear.com\/wp-content\/uploads\/2024\/01\/niemowlecy-spiwor-puchowy-fluff-rozowy-1.jpg","type":"image\/jpeg"}],"twitter_card":"summary_large_image","twitter_misc":{"Szacowany czas czytania":"1 minuta"},"schema":{"@context":"https:\/\/schema.org","@graph":[{"@type":"WebPage","@id":"https:\/\/fluffouterwear.com\/pl\/produkt\/spiworek-nude\/","url":"https:\/\/fluffouterwear.com\/pl\/produkt\/spiworek-nude\/","name":"\u015apiworek Nude - Fluff","isPartOf":{"@id":"https:\/\/fluffouterwear.com\/pl\/#website"},"primaryImageOfPage":{"@id":"https:\/\/fluffouterwear.com\/pl\/produkt\/spiworek-nude\/#primaryimage"},"image":{"@id":"https:\/\/fluffouterwear.com\/pl\/produkt\/spiworek-nude\/#primaryimage"},"thumbnailUrl":"https:\/\/fluffouterwear.com\/wp-content\/uploads\/2024\/01\/niemowlecy-spiwor-puchowy-fluff-rozowy-1.jpg","datePublished":"2019-08-29T05:28:51+00:00","dateModified":"2025-11-11T16:56:20+00:00","description":"\u015apiworek niemowl\u0119cy ma w tylnej cz\u0119\u015bci specjalne otwory zaprojektowane pod w\u00f3zki i foteliki samochodowe posiadaj\u0105ce 3-punktowe pasy bezpiecze\u0144stwa.","breadcrumb":{"@id":"https:\/\/fluffouterwear.com\/pl\/produkt\/spiworek-nude\/#breadcrumb"},"inLanguage":"pl-PL","potentialAction":[{"@type":"ReadAction","target":["https:\/\/fluffouterwear.com\/pl\/produkt\/spiworek-nude\/"]}]},{"@type":"ImageObject","inLanguage":"pl-PL","@id":"https:\/\/fluffouterwear.com\/pl\/produkt\/spiworek-nude\/#primaryimage","url":"https:\/\/fluffouterwear.com\/wp-content\/uploads\/2024\/01\/niemowlecy-spiwor-puchowy-fluff-rozowy-1.jpg","contentUrl":"https:\/\/fluffouterwear.com\/wp-content\/uploads\/2024\/01\/niemowlecy-spiwor-puchowy-fluff-rozowy-1.jpg","width":1185,"height":1310,"caption":"Niemowl\u0119cy \u015bpiworek puchowy r\u00f3\u017cowy nude pink, z otworami do fotelika"},{"@type":"BreadcrumbList","@id":"https:\/\/fluffouterwear.com\/pl\/produkt\/spiworek-nude\/#breadcrumb","itemListElement":[{"@type":"ListItem","position":1,"name":"Strona g\u0142\u00f3wna","item":"https:\/\/fluffouterwear.com\/pl\/"},{"@type":"ListItem","position":2,"name":"Sklep","item":"https:\/\/fluffouterwear.com\/pl\/sklep\/"},{"@type":"ListItem","position":3,"name":"\u015apiworek Nude"}]},{"@type":"WebSite","@id":"https:\/\/fluffouterwear.com\/pl\/#website","url":"https:\/\/fluffouterwear.com\/pl\/","name":"Fluff","description":"","potentialAction":[{"@type":"SearchAction","target":{"@type":"EntryPoint","urlTemplate":"https:\/\/fluffouterwear.com\/pl\/?s={search_term_string}"},"query-input":{"@type":"PropertyValueSpecification","valueRequired":true,"valueName":"search_term_string"}}],"inLanguage":"pl-PL"}]}},"_links":{"self":[{"href":"https:\/\/fluffouterwear.com\/pl\/wp-json\/wp\/v2\/product\/43853","targetHints":{"allow":["GET"]}}],"collection":[{"href":"https:\/\/fluffouterwear.com\/pl\/wp-json\/wp\/v2\/product"}],"about":[{"href":"https:\/\/fluffouterwear.com\/pl\/wp-json\/wp\/v2\/types\/product"}],"replies":[{"embeddable":true,"href":"https:\/\/fluffouterwear.com\/pl\/wp-json\/wp\/v2\/comments?post=43853"}],"wp:featuredmedia":[{"embeddable":true,"href":"https:\/\/fluffouterwear.com\/pl\/wp-json\/wp\/v2\/media\/87019"}],"wp:attachment":[{"href":"https:\/\/fluffouterwear.com\/pl\/wp-json\/wp\/v2\/media?parent=43853"}],"wp:term":[{"taxonomy":"product_brand","embeddable":true,"href":"https:\/\/fluffouterwear.com\/pl\/wp-json\/wp\/v2\/product_brand?post=43853"},{"taxonomy":"product_cat","embeddable":true,"href":"https:\/\/fluffouterwear.com\/pl\/wp-json\/wp\/v2\/product_cat?post=43853"},{"taxonomy":"product_tag","embeddable":true,"href":"https:\/\/fluffouterwear.com\/pl\/wp-json\/wp\/v2\/product_tag?post=43853"}],"curies":[{"name":"wp","href":"https:\/\/api.w.org\/{rel}","templated":true}]}}