{"id":51874,"date":"2022-03-07T15:30:51","date_gmt":"2022-03-07T14:30:51","guid":{"rendered":"http:\/\/fluffouterwear.com\/?post_type=product&#038;p=51874"},"modified":"2025-12-28T08:16:24","modified_gmt":"2025-12-28T07:16:24","slug":"kamizelka-cropped-black","status":"publish","type":"product","link":"https:\/\/fluffouterwear.com\/pl\/produkt\/kamizelka-cropped-black\/","title":{"rendered":"Kamizelka Cropped Gilet Black"},"content":{"rendered":"<h4><strong>Mini kamizelka puchowa<\/strong><\/h4>\n<p><span class=\"Y2IQFc\" lang=\"pl\">Stylowy, <strong>kr\u00f3tki bezr\u0119kawnik z odpinanym kapturem<\/strong>. Wiosn\u0105 i latem mo\u017cesz j\u0105 nosi\u0107 samodzielnie, ale \u015bwietnie sprawdzi si\u0119 r\u00f3wnie\u017c jesieni\u0105, jako <strong>dodatkow\u0105 warstw\u0119<\/strong> pod kurtk\u0119, bluz\u0119 lub trencz. Posiada \u015bci\u0105gacze i odpinany kaptur, wi\u0119c b\u0119dzie towarzyszy\u0107 Ci przez ca\u0142y rok, jako dodatkowa ochrona przed ch\u0142odem.<\/span><\/p>\n<p class=\"tw-data-text tw-text-large tw-ta\" dir=\"ltr\" data-placeholder=\"T\u0142umaczenie\"><span class=\"Y2IQFc\" lang=\"pl\">Modelka prezentuje rozmiar one size.<\/span><\/p>\n","protected":false},"excerpt":{"rendered":"<div style=\"background-color: #000; color: #fff; padding: 4px 12px; border-radius: 4px; display: inline-block; font-weight: bold; font-size: 12px; letter-spacing: 1px;\">ONE SIZE<\/div>\n","protected":false},"featured_media":90750,"comment_status":"open","ping_status":"closed","template":"","meta":{"_acf_changed":false},"product_brand":[],"product_cat":[305,1051,1208],"product_tag":[1405],"class_list":{"0":"post-51874","1":"product","2":"type-product","3":"status-publish","4":"has-post-thumbnail","6":"product_cat-kobieta","7":"product_cat-wiosna-pl","8":"product_cat-kamizelki-damskie","9":"product_tag-wpla","11":"first","12":"instock","13":"shipping-taxable","14":"purchasable","15":"product-type-simple"},"acf":[],"yoast_head":"<!-- This site is optimized with the Yoast SEO plugin v27.0 - https:\/\/yoast.com\/product\/yoast-seo-wordpress\/ -->\n<title>Kamizelka Cropped Gilet Black - Fluff<\/title>\n<meta name=\"description\" content=\"Kr\u00f3tka wiosenna kamizelka, 100% naturalne wype\u0142nienie. Mo\u017cesz j\u0105 nosi\u0107 samodzielnie lub jako dodatkow\u0105 warstw\u0119 pod kurtk\u0105. Dedykowana od +7\u00b0C\" \/>\n<meta name=\"robots\" content=\"index, follow, max-snippet:-1, max-image-preview:large, max-video-preview:-1\" \/>\n<link rel=\"canonical\" href=\"https:\/\/fluffouterwear.com\/pl\/produkt\/kamizelka-cropped-black\/\" \/>\n<meta property=\"og:locale\" content=\"pl_PL\" \/>\n<meta property=\"og:type\" content=\"article\" \/>\n<meta property=\"og:title\" content=\"Kamizelka Cropped Gilet Black - Fluff\" \/>\n<meta property=\"og:description\" content=\"Kr\u00f3tka wiosenna kamizelka, 100% naturalne wype\u0142nienie. Mo\u017cesz j\u0105 nosi\u0107 samodzielnie lub jako dodatkow\u0105 warstw\u0119 pod kurtk\u0105. Dedykowana od +7\u00b0C\" \/>\n<meta property=\"og:url\" content=\"https:\/\/fluffouterwear.com\/pl\/produkt\/kamizelka-cropped-black\/\" \/>\n<meta property=\"og:site_name\" content=\"Fluff\" \/>\n<meta property=\"article:modified_time\" content=\"2025-12-28T07:16:24+00:00\" \/>\n<meta property=\"og:image\" content=\"https:\/\/fluffouterwear.com\/wp-content\/uploads\/2022\/03\/mini-kamizelka-black-front.jpg\" \/>\n\t<meta property=\"og:image:width\" content=\"1185\" \/>\n\t<meta property=\"og:image:height\" content=\"1310\" \/>\n\t<meta property=\"og:image:type\" content=\"image\/jpeg\" \/>\n<meta name=\"twitter:card\" content=\"summary_large_image\" \/>\n<meta name=\"twitter:label1\" content=\"Szacowany czas czytania\" \/>\n\t<meta name=\"twitter:data1\" content=\"1 minuta\" \/>\n<script type=\"application\/ld+json\" class=\"yoast-schema-graph\">{\"@context\":\"https:\/\/schema.org\",\"@graph\":[{\"@type\":\"WebPage\",\"@id\":\"https:\/\/fluffouterwear.com\/pl\/produkt\/kamizelka-cropped-black\/\",\"url\":\"https:\/\/fluffouterwear.com\/pl\/produkt\/kamizelka-cropped-black\/\",\"name\":\"Kamizelka Cropped Gilet Black - Fluff\",\"isPartOf\":{\"@id\":\"https:\/\/fluffouterwear.com\/pl\/#website\"},\"primaryImageOfPage\":{\"@id\":\"https:\/\/fluffouterwear.com\/pl\/produkt\/kamizelka-cropped-black\/#primaryimage\"},\"image\":{\"@id\":\"https:\/\/fluffouterwear.com\/pl\/produkt\/kamizelka-cropped-black\/#primaryimage\"},\"thumbnailUrl\":\"https:\/\/fluffouterwear.com\/wp-content\/uploads\/2022\/03\/mini-kamizelka-black-front.jpg\",\"datePublished\":\"2022-03-07T14:30:51+00:00\",\"dateModified\":\"2025-12-28T07:16:24+00:00\",\"description\":\"Kr\u00f3tka wiosenna kamizelka, 100% naturalne wype\u0142nienie. Mo\u017cesz j\u0105 nosi\u0107 samodzielnie lub jako dodatkow\u0105 warstw\u0119 pod kurtk\u0105. Dedykowana od +7\u00b0C\",\"breadcrumb\":{\"@id\":\"https:\/\/fluffouterwear.com\/pl\/produkt\/kamizelka-cropped-black\/#breadcrumb\"},\"inLanguage\":\"pl-PL\",\"potentialAction\":[{\"@type\":\"ReadAction\",\"target\":[\"https:\/\/fluffouterwear.com\/pl\/produkt\/kamizelka-cropped-black\/\"]}]},{\"@type\":\"ImageObject\",\"inLanguage\":\"pl-PL\",\"@id\":\"https:\/\/fluffouterwear.com\/pl\/produkt\/kamizelka-cropped-black\/#primaryimage\",\"url\":\"https:\/\/fluffouterwear.com\/wp-content\/uploads\/2022\/03\/mini-kamizelka-black-front.jpg\",\"contentUrl\":\"https:\/\/fluffouterwear.com\/wp-content\/uploads\/2022\/03\/mini-kamizelka-black-front.jpg\",\"width\":1185,\"height\":1310,\"caption\":\"Kr\u00f3tka kamizelka Cropped z kapturem idealna pod lekkie p\u0142aszcze i kurtki jako dodatowa warstwa ochronna. Kolor czarny, puch naturalny.\"},{\"@type\":\"BreadcrumbList\",\"@id\":\"https:\/\/fluffouterwear.com\/pl\/produkt\/kamizelka-cropped-black\/#breadcrumb\",\"itemListElement\":[{\"@type\":\"ListItem\",\"position\":1,\"name\":\"Strona g\u0142\u00f3wna\",\"item\":\"https:\/\/fluffouterwear.com\/pl\/\"},{\"@type\":\"ListItem\",\"position\":2,\"name\":\"Sklep\",\"item\":\"https:\/\/fluffouterwear.com\/pl\/sklep\/\"},{\"@type\":\"ListItem\",\"position\":3,\"name\":\"Kamizelka Cropped Gilet Black\"}]},{\"@type\":\"WebSite\",\"@id\":\"https:\/\/fluffouterwear.com\/pl\/#website\",\"url\":\"https:\/\/fluffouterwear.com\/pl\/\",\"name\":\"Fluff\",\"description\":\"\",\"potentialAction\":[{\"@type\":\"SearchAction\",\"target\":{\"@type\":\"EntryPoint\",\"urlTemplate\":\"https:\/\/fluffouterwear.com\/pl\/?s={search_term_string}\"},\"query-input\":{\"@type\":\"PropertyValueSpecification\",\"valueRequired\":true,\"valueName\":\"search_term_string\"}}],\"inLanguage\":\"pl-PL\"}]}<\/script>\n<!-- \/ Yoast SEO plugin. -->","yoast_head_json":{"title":"Kamizelka Cropped Gilet Black - Fluff","description":"Kr\u00f3tka wiosenna kamizelka, 100% naturalne wype\u0142nienie. Mo\u017cesz j\u0105 nosi\u0107 samodzielnie lub jako dodatkow\u0105 warstw\u0119 pod kurtk\u0105. Dedykowana od +7\u00b0C","robots":{"index":"index","follow":"follow","max-snippet":"max-snippet:-1","max-image-preview":"max-image-preview:large","max-video-preview":"max-video-preview:-1"},"canonical":"https:\/\/fluffouterwear.com\/pl\/produkt\/kamizelka-cropped-black\/","og_locale":"pl_PL","og_type":"article","og_title":"Kamizelka Cropped Gilet Black - Fluff","og_description":"Kr\u00f3tka wiosenna kamizelka, 100% naturalne wype\u0142nienie. Mo\u017cesz j\u0105 nosi\u0107 samodzielnie lub jako dodatkow\u0105 warstw\u0119 pod kurtk\u0105. Dedykowana od +7\u00b0C","og_url":"https:\/\/fluffouterwear.com\/pl\/produkt\/kamizelka-cropped-black\/","og_site_name":"Fluff","article_modified_time":"2025-12-28T07:16:24+00:00","og_image":[{"width":1185,"height":1310,"url":"https:\/\/fluffouterwear.com\/wp-content\/uploads\/2022\/03\/mini-kamizelka-black-front.jpg","type":"image\/jpeg"}],"twitter_card":"summary_large_image","twitter_misc":{"Szacowany czas czytania":"1 minuta"},"schema":{"@context":"https:\/\/schema.org","@graph":[{"@type":"WebPage","@id":"https:\/\/fluffouterwear.com\/pl\/produkt\/kamizelka-cropped-black\/","url":"https:\/\/fluffouterwear.com\/pl\/produkt\/kamizelka-cropped-black\/","name":"Kamizelka Cropped Gilet Black - Fluff","isPartOf":{"@id":"https:\/\/fluffouterwear.com\/pl\/#website"},"primaryImageOfPage":{"@id":"https:\/\/fluffouterwear.com\/pl\/produkt\/kamizelka-cropped-black\/#primaryimage"},"image":{"@id":"https:\/\/fluffouterwear.com\/pl\/produkt\/kamizelka-cropped-black\/#primaryimage"},"thumbnailUrl":"https:\/\/fluffouterwear.com\/wp-content\/uploads\/2022\/03\/mini-kamizelka-black-front.jpg","datePublished":"2022-03-07T14:30:51+00:00","dateModified":"2025-12-28T07:16:24+00:00","description":"Kr\u00f3tka wiosenna kamizelka, 100% naturalne wype\u0142nienie. Mo\u017cesz j\u0105 nosi\u0107 samodzielnie lub jako dodatkow\u0105 warstw\u0119 pod kurtk\u0105. Dedykowana od +7\u00b0C","breadcrumb":{"@id":"https:\/\/fluffouterwear.com\/pl\/produkt\/kamizelka-cropped-black\/#breadcrumb"},"inLanguage":"pl-PL","potentialAction":[{"@type":"ReadAction","target":["https:\/\/fluffouterwear.com\/pl\/produkt\/kamizelka-cropped-black\/"]}]},{"@type":"ImageObject","inLanguage":"pl-PL","@id":"https:\/\/fluffouterwear.com\/pl\/produkt\/kamizelka-cropped-black\/#primaryimage","url":"https:\/\/fluffouterwear.com\/wp-content\/uploads\/2022\/03\/mini-kamizelka-black-front.jpg","contentUrl":"https:\/\/fluffouterwear.com\/wp-content\/uploads\/2022\/03\/mini-kamizelka-black-front.jpg","width":1185,"height":1310,"caption":"Kr\u00f3tka kamizelka Cropped z kapturem idealna pod lekkie p\u0142aszcze i kurtki jako dodatowa warstwa ochronna. Kolor czarny, puch naturalny."},{"@type":"BreadcrumbList","@id":"https:\/\/fluffouterwear.com\/pl\/produkt\/kamizelka-cropped-black\/#breadcrumb","itemListElement":[{"@type":"ListItem","position":1,"name":"Strona g\u0142\u00f3wna","item":"https:\/\/fluffouterwear.com\/pl\/"},{"@type":"ListItem","position":2,"name":"Sklep","item":"https:\/\/fluffouterwear.com\/pl\/sklep\/"},{"@type":"ListItem","position":3,"name":"Kamizelka Cropped Gilet Black"}]},{"@type":"WebSite","@id":"https:\/\/fluffouterwear.com\/pl\/#website","url":"https:\/\/fluffouterwear.com\/pl\/","name":"Fluff","description":"","potentialAction":[{"@type":"SearchAction","target":{"@type":"EntryPoint","urlTemplate":"https:\/\/fluffouterwear.com\/pl\/?s={search_term_string}"},"query-input":{"@type":"PropertyValueSpecification","valueRequired":true,"valueName":"search_term_string"}}],"inLanguage":"pl-PL"}]}},"_links":{"self":[{"href":"https:\/\/fluffouterwear.com\/pl\/wp-json\/wp\/v2\/product\/51874","targetHints":{"allow":["GET"]}}],"collection":[{"href":"https:\/\/fluffouterwear.com\/pl\/wp-json\/wp\/v2\/product"}],"about":[{"href":"https:\/\/fluffouterwear.com\/pl\/wp-json\/wp\/v2\/types\/product"}],"replies":[{"embeddable":true,"href":"https:\/\/fluffouterwear.com\/pl\/wp-json\/wp\/v2\/comments?post=51874"}],"wp:featuredmedia":[{"embeddable":true,"href":"https:\/\/fluffouterwear.com\/pl\/wp-json\/wp\/v2\/media\/90750"}],"wp:attachment":[{"href":"https:\/\/fluffouterwear.com\/pl\/wp-json\/wp\/v2\/media?parent=51874"}],"wp:term":[{"taxonomy":"product_brand","embeddable":true,"href":"https:\/\/fluffouterwear.com\/pl\/wp-json\/wp\/v2\/product_brand?post=51874"},{"taxonomy":"product_cat","embeddable":true,"href":"https:\/\/fluffouterwear.com\/pl\/wp-json\/wp\/v2\/product_cat?post=51874"},{"taxonomy":"product_tag","embeddable":true,"href":"https:\/\/fluffouterwear.com\/pl\/wp-json\/wp\/v2\/product_tag?post=51874"}],"curies":[{"name":"wp","href":"https:\/\/api.w.org\/{rel}","templated":true}]}}