{"id":55995,"date":"2022-07-21T13:45:45","date_gmt":"2022-07-21T11:45:45","guid":{"rendered":"http:\/\/fluffouterwear.com\/?post_type=product&#038;p=55995"},"modified":"2026-04-17T08:35:57","modified_gmt":"2026-04-17T06:35:57","slug":"long-women-coat-in-marron-glace-pl","status":"publish","type":"product","link":"https:\/\/fluffouterwear.com\/pl\/produkt\/long-women-coat-in-marron-glace-pl\/","title":{"rendered":"P\u0142aszcz Long Marron Glace"},"content":{"rendered":"<h4><strong>D\u0142ugi puchowy p\u0142aszcz zimowy Fluff<\/strong><\/h4>\n<p><strong>D\u0142ugi zimowy p\u0142aszcz puchowy<\/strong> nie bez powodu jest jednym z naszych ponadczasowych bestseller\u00f3w. Cho\u0107 wydaje si\u0119 zwyczajny, w rzeczywisto\u015bci jest dok\u0142adnie odwrotnie &#8211; to wyj\u0105tkowe okrycie, kt\u00f3re z pewno\u015bci\u0105 zago\u015bci w Twojej zimowej garderobie na d\u0142u\u017cej.<\/p>\n<p><strong>P\u0142aszcz puchowy FLUFF<\/strong> przyci\u0105ga uwag\u0119 ju\u017c od pierwszych chwil: pozornie prosty kr\u00f3j delikatnie rozszerza si\u0119 ku do\u0142owi w kszta\u0142t litery A, co w po\u0142\u0105czeniu z umieszczonym w talii \u015bci\u0105gaczem doskonale podkre\u015bla sylwetk\u0119. Ten p\u0142aszcz gwarantuje pe\u0142n\u0105 ochron\u0119 przed zimnem i wiatrem nawet wtedy, gdy temperatury spadaj\u0105 do -25 st. C. Jest przy tym bardzo lekki, co sprawia, \u017ce nie b\u0119dziesz chcia\u0142a si\u0119 z nim rozsta\u0107 przez ca\u0142\u0105 zim\u0119.<\/p>\n<p>Modelka ma 177cm wzrostu i prezentuje rozmiar S.<\/p>\n","protected":false},"excerpt":{"rendered":"<p>D\u0142ugi puchowy p\u0142aszcz zimowy Fluff D\u0142ugi zimowy p\u0142aszcz puchowy nie bez powodu jest jednym z naszych ponadczasowych bestseller\u00f3w. Cho\u0107 wydaje si\u0119 zwyczajny, w rzeczywisto\u015bci jest dok\u0142adnie odwrotnie &#8211; to wyj\u0105tkowe okrycie, kt\u00f3re z pewno\u015bci\u0105 zago\u015bci w Twojej zimowej garderobie na d\u0142u\u017cej. P\u0142aszcz puchowy FLUFF przyci\u0105ga uwag\u0119 ju\u017c od pierwszych chwil: pozornie prosty kr\u00f3j delikatnie rozszerza [&#8230;]\n","protected":false},"featured_media":91767,"comment_status":"open","ping_status":"closed","template":"","meta":{"_acf_changed":false},"product_brand":[],"product_cat":[371,382,1064],"product_tag":[1405],"class_list":{"0":"post-55995","1":"product","2":"type-product","3":"status-publish","4":"has-post-thumbnail","6":"product_cat-plaszcze-pl","7":"product_cat-outlet-pl","8":"product_cat-kobieta-pl","9":"product_tag-wpla","11":"first","12":"instock","13":"sale","14":"shipping-taxable","15":"purchasable","16":"product-type-variable"},"acf":[],"yoast_head":"<!-- This site is optimized with the Yoast SEO plugin v27.0 - https:\/\/yoast.com\/product\/yoast-seo-wordpress\/ -->\n<title>Long women winter down coat in Marron Glace - Fluff<\/title>\n<meta name=\"description\" content=\"Fluff Premium Down Coat lets you be warm as well as good-looking. Several colours and sizes. Warm jacket will accompany you all year long.\" \/>\n<meta name=\"robots\" content=\"index, follow, max-snippet:-1, max-image-preview:large, max-video-preview:-1\" \/>\n<link rel=\"canonical\" href=\"https:\/\/fluffouterwear.com\/pl\/produkt\/long-women-coat-in-marron-glace-pl\/\" \/>\n<meta property=\"og:locale\" content=\"pl_PL\" \/>\n<meta property=\"og:type\" content=\"article\" \/>\n<meta property=\"og:title\" content=\"Long women winter down coat in Marron Glace - Fluff\" \/>\n<meta property=\"og:description\" content=\"Fluff Premium Down Coat lets you be warm as well as good-looking. Several colours and sizes. Warm jacket will accompany you all year long.\" \/>\n<meta property=\"og:url\" content=\"https:\/\/fluffouterwear.com\/pl\/produkt\/long-women-coat-in-marron-glace-pl\/\" \/>\n<meta property=\"og:site_name\" content=\"Fluff\" \/>\n<meta property=\"article:modified_time\" content=\"2026-04-17T06:35:57+00:00\" \/>\n<meta property=\"og:image\" content=\"https:\/\/fluffouterwear.com\/wp-content\/uploads\/2024\/04\/damski-plaszcz-dlugi-long-marron-1.jpg\" \/>\n\t<meta property=\"og:image:width\" content=\"1185\" \/>\n\t<meta property=\"og:image:height\" content=\"1310\" \/>\n\t<meta property=\"og:image:type\" content=\"image\/jpeg\" \/>\n<meta name=\"twitter:card\" content=\"summary_large_image\" \/>\n<meta name=\"twitter:label1\" content=\"Szacowany czas czytania\" \/>\n\t<meta name=\"twitter:data1\" content=\"1 minuta\" \/>\n<script type=\"application\/ld+json\" class=\"yoast-schema-graph\">{\"@context\":\"https:\/\/schema.org\",\"@graph\":[{\"@type\":\"WebPage\",\"@id\":\"https:\/\/fluffouterwear.com\/pl\/produkt\/long-women-coat-in-marron-glace-pl\/\",\"url\":\"https:\/\/fluffouterwear.com\/pl\/produkt\/long-women-coat-in-marron-glace-pl\/\",\"name\":\"Long women winter down coat in Marron Glace - Fluff\",\"isPartOf\":{\"@id\":\"https:\/\/fluffouterwear.com\/pl\/#website\"},\"primaryImageOfPage\":{\"@id\":\"https:\/\/fluffouterwear.com\/pl\/produkt\/long-women-coat-in-marron-glace-pl\/#primaryimage\"},\"image\":{\"@id\":\"https:\/\/fluffouterwear.com\/pl\/produkt\/long-women-coat-in-marron-glace-pl\/#primaryimage\"},\"thumbnailUrl\":\"https:\/\/fluffouterwear.com\/wp-content\/uploads\/2024\/04\/damski-plaszcz-dlugi-long-marron-1.jpg\",\"datePublished\":\"2022-07-21T11:45:45+00:00\",\"dateModified\":\"2026-04-17T06:35:57+00:00\",\"description\":\"Fluff Premium Down Coat lets you be warm as well as good-looking. Several colours and sizes. Warm jacket will accompany you all year long.\",\"breadcrumb\":{\"@id\":\"https:\/\/fluffouterwear.com\/pl\/produkt\/long-women-coat-in-marron-glace-pl\/#breadcrumb\"},\"inLanguage\":\"pl-PL\",\"potentialAction\":[{\"@type\":\"ReadAction\",\"target\":[\"https:\/\/fluffouterwear.com\/pl\/produkt\/long-women-coat-in-marron-glace-pl\/\"]}]},{\"@type\":\"ImageObject\",\"inLanguage\":\"pl-PL\",\"@id\":\"https:\/\/fluffouterwear.com\/pl\/produkt\/long-women-coat-in-marron-glace-pl\/#primaryimage\",\"url\":\"https:\/\/fluffouterwear.com\/wp-content\/uploads\/2024\/04\/damski-plaszcz-dlugi-long-marron-1.jpg\",\"contentUrl\":\"https:\/\/fluffouterwear.com\/wp-content\/uploads\/2024\/04\/damski-plaszcz-dlugi-long-marron-1.jpg\",\"width\":1185,\"height\":1310,\"caption\":\"D\u0142ugi, otulaj\u0105cy p\u0142aszcz puchowy na zim\u0119. Naturalny puch g\u0119si. P\u0142aszcz posiada kaptur i regulacj\u0119 w talii.\"},{\"@type\":\"BreadcrumbList\",\"@id\":\"https:\/\/fluffouterwear.com\/pl\/produkt\/long-women-coat-in-marron-glace-pl\/#breadcrumb\",\"itemListElement\":[{\"@type\":\"ListItem\",\"position\":1,\"name\":\"Strona g\u0142\u00f3wna\",\"item\":\"https:\/\/fluffouterwear.com\/pl\/\"},{\"@type\":\"ListItem\",\"position\":2,\"name\":\"Sklep\",\"item\":\"https:\/\/fluffouterwear.com\/pl\/sklep\/\"},{\"@type\":\"ListItem\",\"position\":3,\"name\":\"P\u0142aszcz Long Marron Glace\"}]},{\"@type\":\"WebSite\",\"@id\":\"https:\/\/fluffouterwear.com\/pl\/#website\",\"url\":\"https:\/\/fluffouterwear.com\/pl\/\",\"name\":\"Fluff\",\"description\":\"\",\"potentialAction\":[{\"@type\":\"SearchAction\",\"target\":{\"@type\":\"EntryPoint\",\"urlTemplate\":\"https:\/\/fluffouterwear.com\/pl\/?s={search_term_string}\"},\"query-input\":{\"@type\":\"PropertyValueSpecification\",\"valueRequired\":true,\"valueName\":\"search_term_string\"}}],\"inLanguage\":\"pl-PL\"}]}<\/script>\n<!-- \/ Yoast SEO plugin. -->","yoast_head_json":{"title":"Long women winter down coat in Marron Glace - Fluff","description":"Fluff Premium Down Coat lets you be warm as well as good-looking. Several colours and sizes. Warm jacket will accompany you all year long.","robots":{"index":"index","follow":"follow","max-snippet":"max-snippet:-1","max-image-preview":"max-image-preview:large","max-video-preview":"max-video-preview:-1"},"canonical":"https:\/\/fluffouterwear.com\/pl\/produkt\/long-women-coat-in-marron-glace-pl\/","og_locale":"pl_PL","og_type":"article","og_title":"Long women winter down coat in Marron Glace - Fluff","og_description":"Fluff Premium Down Coat lets you be warm as well as good-looking. Several colours and sizes. Warm jacket will accompany you all year long.","og_url":"https:\/\/fluffouterwear.com\/pl\/produkt\/long-women-coat-in-marron-glace-pl\/","og_site_name":"Fluff","article_modified_time":"2026-04-17T06:35:57+00:00","og_image":[{"width":1185,"height":1310,"url":"https:\/\/fluffouterwear.com\/wp-content\/uploads\/2024\/04\/damski-plaszcz-dlugi-long-marron-1.jpg","type":"image\/jpeg"}],"twitter_card":"summary_large_image","twitter_misc":{"Szacowany czas czytania":"1 minuta"},"schema":{"@context":"https:\/\/schema.org","@graph":[{"@type":"WebPage","@id":"https:\/\/fluffouterwear.com\/pl\/produkt\/long-women-coat-in-marron-glace-pl\/","url":"https:\/\/fluffouterwear.com\/pl\/produkt\/long-women-coat-in-marron-glace-pl\/","name":"Long women winter down coat in Marron Glace - Fluff","isPartOf":{"@id":"https:\/\/fluffouterwear.com\/pl\/#website"},"primaryImageOfPage":{"@id":"https:\/\/fluffouterwear.com\/pl\/produkt\/long-women-coat-in-marron-glace-pl\/#primaryimage"},"image":{"@id":"https:\/\/fluffouterwear.com\/pl\/produkt\/long-women-coat-in-marron-glace-pl\/#primaryimage"},"thumbnailUrl":"https:\/\/fluffouterwear.com\/wp-content\/uploads\/2024\/04\/damski-plaszcz-dlugi-long-marron-1.jpg","datePublished":"2022-07-21T11:45:45+00:00","dateModified":"2026-04-17T06:35:57+00:00","description":"Fluff Premium Down Coat lets you be warm as well as good-looking. Several colours and sizes. Warm jacket will accompany you all year long.","breadcrumb":{"@id":"https:\/\/fluffouterwear.com\/pl\/produkt\/long-women-coat-in-marron-glace-pl\/#breadcrumb"},"inLanguage":"pl-PL","potentialAction":[{"@type":"ReadAction","target":["https:\/\/fluffouterwear.com\/pl\/produkt\/long-women-coat-in-marron-glace-pl\/"]}]},{"@type":"ImageObject","inLanguage":"pl-PL","@id":"https:\/\/fluffouterwear.com\/pl\/produkt\/long-women-coat-in-marron-glace-pl\/#primaryimage","url":"https:\/\/fluffouterwear.com\/wp-content\/uploads\/2024\/04\/damski-plaszcz-dlugi-long-marron-1.jpg","contentUrl":"https:\/\/fluffouterwear.com\/wp-content\/uploads\/2024\/04\/damski-plaszcz-dlugi-long-marron-1.jpg","width":1185,"height":1310,"caption":"D\u0142ugi, otulaj\u0105cy p\u0142aszcz puchowy na zim\u0119. Naturalny puch g\u0119si. P\u0142aszcz posiada kaptur i regulacj\u0119 w talii."},{"@type":"BreadcrumbList","@id":"https:\/\/fluffouterwear.com\/pl\/produkt\/long-women-coat-in-marron-glace-pl\/#breadcrumb","itemListElement":[{"@type":"ListItem","position":1,"name":"Strona g\u0142\u00f3wna","item":"https:\/\/fluffouterwear.com\/pl\/"},{"@type":"ListItem","position":2,"name":"Sklep","item":"https:\/\/fluffouterwear.com\/pl\/sklep\/"},{"@type":"ListItem","position":3,"name":"P\u0142aszcz Long Marron Glace"}]},{"@type":"WebSite","@id":"https:\/\/fluffouterwear.com\/pl\/#website","url":"https:\/\/fluffouterwear.com\/pl\/","name":"Fluff","description":"","potentialAction":[{"@type":"SearchAction","target":{"@type":"EntryPoint","urlTemplate":"https:\/\/fluffouterwear.com\/pl\/?s={search_term_string}"},"query-input":{"@type":"PropertyValueSpecification","valueRequired":true,"valueName":"search_term_string"}}],"inLanguage":"pl-PL"}]}},"_links":{"self":[{"href":"https:\/\/fluffouterwear.com\/pl\/wp-json\/wp\/v2\/product\/55995","targetHints":{"allow":["GET"]}}],"collection":[{"href":"https:\/\/fluffouterwear.com\/pl\/wp-json\/wp\/v2\/product"}],"about":[{"href":"https:\/\/fluffouterwear.com\/pl\/wp-json\/wp\/v2\/types\/product"}],"replies":[{"embeddable":true,"href":"https:\/\/fluffouterwear.com\/pl\/wp-json\/wp\/v2\/comments?post=55995"}],"wp:featuredmedia":[{"embeddable":true,"href":"https:\/\/fluffouterwear.com\/pl\/wp-json\/wp\/v2\/media\/91767"}],"wp:attachment":[{"href":"https:\/\/fluffouterwear.com\/pl\/wp-json\/wp\/v2\/media?parent=55995"}],"wp:term":[{"taxonomy":"product_brand","embeddable":true,"href":"https:\/\/fluffouterwear.com\/pl\/wp-json\/wp\/v2\/product_brand?post=55995"},{"taxonomy":"product_cat","embeddable":true,"href":"https:\/\/fluffouterwear.com\/pl\/wp-json\/wp\/v2\/product_cat?post=55995"},{"taxonomy":"product_tag","embeddable":true,"href":"https:\/\/fluffouterwear.com\/pl\/wp-json\/wp\/v2\/product_tag?post=55995"}],"curies":[{"name":"wp","href":"https:\/\/api.w.org\/{rel}","templated":true}]}}