{"id":60623,"date":"2022-09-07T15:35:56","date_gmt":"2022-09-07T13:35:56","guid":{"rendered":"http:\/\/fluffouterwear.com\/?post_type=product&#038;p=60623"},"modified":"2026-03-18T08:26:03","modified_gmt":"2026-03-18T07:26:03","slug":"damskie-rekawiczki-puchowe-marron","status":"publish","type":"product","link":"https:\/\/fluffouterwear.com\/pl\/produkt\/damskie-rekawiczki-puchowe-marron\/","title":{"rendered":"Damskie r\u0119kawiczki puchowe Marron Glace"},"content":{"rendered":"<h4><strong>R\u0119kawiczki puchowe<\/strong><\/h4>\n<p>Puchowa kurtka to ju\u017c klasyk zimowej garderoby. A co powiesz na cieplutkie<strong> puchowe r\u0119kawiczki<\/strong> ze \u015bci\u0105gaczem? To niezwykle praktyczny dodatek na naprawd\u0119 mro\u017ane dni, kiedy Twoje d\u0142onie potrzebuj\u0105 wyj\u0105tkowo troskliwej ochrony. Stylowe <strong>zimowe r\u0119kawiczki z puchowym wype\u0142nieniem<\/strong> zapewniaj\u0105 doskona\u0142\u0105 termoizolacj\u0119, a za spraw\u0105 mi\u0119kkiej, przyjemnej w dotyku poszewce z bawe\u0142ny organicznej okazuj\u0105 si\u0119 te\u017c niezwykle komfortowe w codziennym u\u017cytkowaniu.<\/p>\n<p>Notorycznie gubisz r\u0119kawiczki? Pomy\u015bleli\u015bmy i o tym &#8211; <strong>r\u0119kawice puchowe FLUFF<\/strong> wyposa\u017cyli\u015bmy bowiem w praktyczne gumeczki, dzi\u0119ki kt\u00f3rym mo\u017cesz zaczepi\u0107 je o nadgarstki i zawsze mie\u0107 je przy sobie. S\u0105 dost\u0119pne w dw\u00f3ch modnych kolorach, kt\u00f3re z powodzeniem wkomponujesz w swoje zimowe stylizacje.<\/p>\n","protected":false},"excerpt":{"rendered":"<p dir=\"ltr\" data-placeholder=\"T\u0142umaczenie\"><strong>Rozmiar uniwersalny (one size)<\/strong><\/p>\n","protected":false},"featured_media":91719,"comment_status":"open","ping_status":"closed","template":"","meta":{"_acf_changed":false},"product_brand":[],"product_cat":[305,377],"product_tag":[1405],"class_list":{"0":"post-60623","1":"product","2":"type-product","3":"status-publish","4":"has-post-thumbnail","6":"product_cat-kobieta","7":"product_cat-akcesoria-pl","8":"product_tag-wpla","10":"first","11":"instock","12":"shipping-taxable","13":"purchasable","14":"product-type-simple"},"acf":[],"yoast_head":"<!-- This site is optimized with the Yoast SEO plugin v27.0 - https:\/\/yoast.com\/product\/yoast-seo-wordpress\/ -->\n<title>Damskie r\u0119kawiczki puchowe Marron Glace - Fluff<\/title>\n<meta name=\"description\" content=\"Zachowaj ciep\u0142o i komfort, gdy temperatury spadaj\u0105 do -25\u00b0C. Nasze produkty sprawi\u0105, \u017ce zima stanie si\u0119 Twoj\u0105 ulubion\u0105 por\u0105 roku!\" \/>\n<meta name=\"robots\" content=\"index, follow, max-snippet:-1, max-image-preview:large, max-video-preview:-1\" \/>\n<link rel=\"canonical\" href=\"https:\/\/fluffouterwear.com\/pl\/produkt\/damskie-rekawiczki-puchowe-marron\/\" \/>\n<meta property=\"og:locale\" content=\"pl_PL\" \/>\n<meta property=\"og:type\" content=\"article\" \/>\n<meta property=\"og:title\" content=\"Damskie r\u0119kawiczki puchowe Marron Glace - Fluff\" \/>\n<meta property=\"og:description\" content=\"Zachowaj ciep\u0142o i komfort, gdy temperatury spadaj\u0105 do -25\u00b0C. Nasze produkty sprawi\u0105, \u017ce zima stanie si\u0119 Twoj\u0105 ulubion\u0105 por\u0105 roku!\" \/>\n<meta property=\"og:url\" content=\"https:\/\/fluffouterwear.com\/pl\/produkt\/damskie-rekawiczki-puchowe-marron\/\" \/>\n<meta property=\"og:site_name\" content=\"Fluff\" \/>\n<meta property=\"article:modified_time\" content=\"2026-03-18T07:26:03+00:00\" \/>\n<meta property=\"og:image\" content=\"https:\/\/fluffouterwear.com\/wp-content\/uploads\/2024\/04\/rekawiczki-puchowe-marron-fluff.jpg\" \/>\n\t<meta property=\"og:image:width\" content=\"1185\" \/>\n\t<meta property=\"og:image:height\" content=\"1310\" \/>\n\t<meta property=\"og:image:type\" content=\"image\/jpeg\" \/>\n<meta name=\"twitter:card\" content=\"summary_large_image\" \/>\n<meta name=\"twitter:label1\" content=\"Szacowany czas czytania\" \/>\n\t<meta name=\"twitter:data1\" content=\"1 minuta\" \/>\n<script type=\"application\/ld+json\" class=\"yoast-schema-graph\">{\"@context\":\"https:\/\/schema.org\",\"@graph\":[{\"@type\":\"WebPage\",\"@id\":\"https:\/\/fluffouterwear.com\/pl\/produkt\/damskie-rekawiczki-puchowe-marron\/\",\"url\":\"https:\/\/fluffouterwear.com\/pl\/produkt\/damskie-rekawiczki-puchowe-marron\/\",\"name\":\"Damskie r\u0119kawiczki puchowe Marron Glace - Fluff\",\"isPartOf\":{\"@id\":\"https:\/\/fluffouterwear.com\/pl\/#website\"},\"primaryImageOfPage\":{\"@id\":\"https:\/\/fluffouterwear.com\/pl\/produkt\/damskie-rekawiczki-puchowe-marron\/#primaryimage\"},\"image\":{\"@id\":\"https:\/\/fluffouterwear.com\/pl\/produkt\/damskie-rekawiczki-puchowe-marron\/#primaryimage\"},\"thumbnailUrl\":\"https:\/\/fluffouterwear.com\/wp-content\/uploads\/2024\/04\/rekawiczki-puchowe-marron-fluff.jpg\",\"datePublished\":\"2022-09-07T13:35:56+00:00\",\"dateModified\":\"2026-03-18T07:26:03+00:00\",\"description\":\"Zachowaj ciep\u0142o i komfort, gdy temperatury spadaj\u0105 do -25\u00b0C. Nasze produkty sprawi\u0105, \u017ce zima stanie si\u0119 Twoj\u0105 ulubion\u0105 por\u0105 roku!\",\"breadcrumb\":{\"@id\":\"https:\/\/fluffouterwear.com\/pl\/produkt\/damskie-rekawiczki-puchowe-marron\/#breadcrumb\"},\"inLanguage\":\"pl-PL\",\"potentialAction\":[{\"@type\":\"ReadAction\",\"target\":[\"https:\/\/fluffouterwear.com\/pl\/produkt\/damskie-rekawiczki-puchowe-marron\/\"]}]},{\"@type\":\"ImageObject\",\"inLanguage\":\"pl-PL\",\"@id\":\"https:\/\/fluffouterwear.com\/pl\/produkt\/damskie-rekawiczki-puchowe-marron\/#primaryimage\",\"url\":\"https:\/\/fluffouterwear.com\/wp-content\/uploads\/2024\/04\/rekawiczki-puchowe-marron-fluff.jpg\",\"contentUrl\":\"https:\/\/fluffouterwear.com\/wp-content\/uploads\/2024\/04\/rekawiczki-puchowe-marron-fluff.jpg\",\"width\":1185,\"height\":1310,\"caption\":\"R\u0119kawiczki wype\u0142nione naturalnym g\u0119sim puchem. Wewn\u0119trzna warstwa z mi\u0119kkiej bawe\u0142ny. R\u0119kawiczki posiadaj\u0105 gumk\u0119 do zaczepienia o nadgarstki.\"},{\"@type\":\"BreadcrumbList\",\"@id\":\"https:\/\/fluffouterwear.com\/pl\/produkt\/damskie-rekawiczki-puchowe-marron\/#breadcrumb\",\"itemListElement\":[{\"@type\":\"ListItem\",\"position\":1,\"name\":\"Strona g\u0142\u00f3wna\",\"item\":\"https:\/\/fluffouterwear.com\/pl\/\"},{\"@type\":\"ListItem\",\"position\":2,\"name\":\"Sklep\",\"item\":\"https:\/\/fluffouterwear.com\/pl\/sklep\/\"},{\"@type\":\"ListItem\",\"position\":3,\"name\":\"Damskie r\u0119kawiczki puchowe Marron Glace\"}]},{\"@type\":\"WebSite\",\"@id\":\"https:\/\/fluffouterwear.com\/pl\/#website\",\"url\":\"https:\/\/fluffouterwear.com\/pl\/\",\"name\":\"Fluff\",\"description\":\"\",\"potentialAction\":[{\"@type\":\"SearchAction\",\"target\":{\"@type\":\"EntryPoint\",\"urlTemplate\":\"https:\/\/fluffouterwear.com\/pl\/?s={search_term_string}\"},\"query-input\":{\"@type\":\"PropertyValueSpecification\",\"valueRequired\":true,\"valueName\":\"search_term_string\"}}],\"inLanguage\":\"pl-PL\"}]}<\/script>\n<!-- \/ Yoast SEO plugin. -->","yoast_head_json":{"title":"Damskie r\u0119kawiczki puchowe Marron Glace - Fluff","description":"Zachowaj ciep\u0142o i komfort, gdy temperatury spadaj\u0105 do -25\u00b0C. Nasze produkty sprawi\u0105, \u017ce zima stanie si\u0119 Twoj\u0105 ulubion\u0105 por\u0105 roku!","robots":{"index":"index","follow":"follow","max-snippet":"max-snippet:-1","max-image-preview":"max-image-preview:large","max-video-preview":"max-video-preview:-1"},"canonical":"https:\/\/fluffouterwear.com\/pl\/produkt\/damskie-rekawiczki-puchowe-marron\/","og_locale":"pl_PL","og_type":"article","og_title":"Damskie r\u0119kawiczki puchowe Marron Glace - Fluff","og_description":"Zachowaj ciep\u0142o i komfort, gdy temperatury spadaj\u0105 do -25\u00b0C. Nasze produkty sprawi\u0105, \u017ce zima stanie si\u0119 Twoj\u0105 ulubion\u0105 por\u0105 roku!","og_url":"https:\/\/fluffouterwear.com\/pl\/produkt\/damskie-rekawiczki-puchowe-marron\/","og_site_name":"Fluff","article_modified_time":"2026-03-18T07:26:03+00:00","og_image":[{"width":1185,"height":1310,"url":"https:\/\/fluffouterwear.com\/wp-content\/uploads\/2024\/04\/rekawiczki-puchowe-marron-fluff.jpg","type":"image\/jpeg"}],"twitter_card":"summary_large_image","twitter_misc":{"Szacowany czas czytania":"1 minuta"},"schema":{"@context":"https:\/\/schema.org","@graph":[{"@type":"WebPage","@id":"https:\/\/fluffouterwear.com\/pl\/produkt\/damskie-rekawiczki-puchowe-marron\/","url":"https:\/\/fluffouterwear.com\/pl\/produkt\/damskie-rekawiczki-puchowe-marron\/","name":"Damskie r\u0119kawiczki puchowe Marron Glace - Fluff","isPartOf":{"@id":"https:\/\/fluffouterwear.com\/pl\/#website"},"primaryImageOfPage":{"@id":"https:\/\/fluffouterwear.com\/pl\/produkt\/damskie-rekawiczki-puchowe-marron\/#primaryimage"},"image":{"@id":"https:\/\/fluffouterwear.com\/pl\/produkt\/damskie-rekawiczki-puchowe-marron\/#primaryimage"},"thumbnailUrl":"https:\/\/fluffouterwear.com\/wp-content\/uploads\/2024\/04\/rekawiczki-puchowe-marron-fluff.jpg","datePublished":"2022-09-07T13:35:56+00:00","dateModified":"2026-03-18T07:26:03+00:00","description":"Zachowaj ciep\u0142o i komfort, gdy temperatury spadaj\u0105 do -25\u00b0C. Nasze produkty sprawi\u0105, \u017ce zima stanie si\u0119 Twoj\u0105 ulubion\u0105 por\u0105 roku!","breadcrumb":{"@id":"https:\/\/fluffouterwear.com\/pl\/produkt\/damskie-rekawiczki-puchowe-marron\/#breadcrumb"},"inLanguage":"pl-PL","potentialAction":[{"@type":"ReadAction","target":["https:\/\/fluffouterwear.com\/pl\/produkt\/damskie-rekawiczki-puchowe-marron\/"]}]},{"@type":"ImageObject","inLanguage":"pl-PL","@id":"https:\/\/fluffouterwear.com\/pl\/produkt\/damskie-rekawiczki-puchowe-marron\/#primaryimage","url":"https:\/\/fluffouterwear.com\/wp-content\/uploads\/2024\/04\/rekawiczki-puchowe-marron-fluff.jpg","contentUrl":"https:\/\/fluffouterwear.com\/wp-content\/uploads\/2024\/04\/rekawiczki-puchowe-marron-fluff.jpg","width":1185,"height":1310,"caption":"R\u0119kawiczki wype\u0142nione naturalnym g\u0119sim puchem. Wewn\u0119trzna warstwa z mi\u0119kkiej bawe\u0142ny. R\u0119kawiczki posiadaj\u0105 gumk\u0119 do zaczepienia o nadgarstki."},{"@type":"BreadcrumbList","@id":"https:\/\/fluffouterwear.com\/pl\/produkt\/damskie-rekawiczki-puchowe-marron\/#breadcrumb","itemListElement":[{"@type":"ListItem","position":1,"name":"Strona g\u0142\u00f3wna","item":"https:\/\/fluffouterwear.com\/pl\/"},{"@type":"ListItem","position":2,"name":"Sklep","item":"https:\/\/fluffouterwear.com\/pl\/sklep\/"},{"@type":"ListItem","position":3,"name":"Damskie r\u0119kawiczki puchowe Marron Glace"}]},{"@type":"WebSite","@id":"https:\/\/fluffouterwear.com\/pl\/#website","url":"https:\/\/fluffouterwear.com\/pl\/","name":"Fluff","description":"","potentialAction":[{"@type":"SearchAction","target":{"@type":"EntryPoint","urlTemplate":"https:\/\/fluffouterwear.com\/pl\/?s={search_term_string}"},"query-input":{"@type":"PropertyValueSpecification","valueRequired":true,"valueName":"search_term_string"}}],"inLanguage":"pl-PL"}]}},"_links":{"self":[{"href":"https:\/\/fluffouterwear.com\/pl\/wp-json\/wp\/v2\/product\/60623","targetHints":{"allow":["GET"]}}],"collection":[{"href":"https:\/\/fluffouterwear.com\/pl\/wp-json\/wp\/v2\/product"}],"about":[{"href":"https:\/\/fluffouterwear.com\/pl\/wp-json\/wp\/v2\/types\/product"}],"replies":[{"embeddable":true,"href":"https:\/\/fluffouterwear.com\/pl\/wp-json\/wp\/v2\/comments?post=60623"}],"wp:featuredmedia":[{"embeddable":true,"href":"https:\/\/fluffouterwear.com\/pl\/wp-json\/wp\/v2\/media\/91719"}],"wp:attachment":[{"href":"https:\/\/fluffouterwear.com\/pl\/wp-json\/wp\/v2\/media?parent=60623"}],"wp:term":[{"taxonomy":"product_brand","embeddable":true,"href":"https:\/\/fluffouterwear.com\/pl\/wp-json\/wp\/v2\/product_brand?post=60623"},{"taxonomy":"product_cat","embeddable":true,"href":"https:\/\/fluffouterwear.com\/pl\/wp-json\/wp\/v2\/product_cat?post=60623"},{"taxonomy":"product_tag","embeddable":true,"href":"https:\/\/fluffouterwear.com\/pl\/wp-json\/wp\/v2\/product_tag?post=60623"}],"curies":[{"name":"wp","href":"https:\/\/api.w.org\/{rel}","templated":true}]}}