{"id":61720,"date":"2022-09-13T16:47:55","date_gmt":"2022-09-13T14:47:55","guid":{"rendered":"http:\/\/fluffouterwear.com\/?post_type=product&#038;p=61720"},"modified":"2026-04-07T10:17:17","modified_gmt":"2026-04-07T08:17:17","slug":"czapka-merino-dustypink","status":"publish","type":"product","link":"https:\/\/fluffouterwear.com\/pl\/produkt\/czapka-merino-dustypink\/","title":{"rendered":"Czapka z we\u0142ny merino Dusty Pink"},"content":{"rendered":"<h3>Ciep\u0142a, otulaj\u0105ca dzieci\u0119ca czapka z 100% we\u0142ny merynos\u00f3w<\/h3>\n<p>Efektywna ochrona przed zimnem i przeszywaj\u0105cym nierzadko do szpiku ko\u015bci wiatrem to podstawa &#8211; zar\u00f3wno w zimie, jak i w okresach przej\u015bciowych. W\u0142a\u015bnie dlatego tak wa\u017cny okazuje si\u0119 wyb\u00f3r odpowiedniej czapki, ciep\u0142ej i wygodnej: g\u0142owa jest bowiem szczeg\u00f3lnie nara\u017cona na negatywne skutki oddzia\u0142ywania trudnych warunk\u00f3w atmosferycznych. Ciep\u0142a i niezwykle mi\u0119kka dzieci\u0119ca<b> czapka z 100% we\u0142ny merino FLUFF<\/b> z pewno\u015bci\u0105 spe\u0142ni wszystkie Twoje oczekiwania, gwarantuj\u0105c Twojemu maluchowi pe\u0142en komfort.<\/p>\n<p>Dlaczego warto zdecydowa\u0107 si\u0119 akurat na <b>czapk\u0119 z naturalnej we\u0142ny merynos\u00f3w<\/b>? Powod\u00f3w jest kilka. We\u0142n\u0119 merino wyr\u00f3\u017cnia przede wszystkim jej niezr\u00f3wnana mi\u0119kko\u015b\u0107 &#8211; w kontakcie z wra\u017cliw\u0105 sk\u00f3r\u0105 dziecka okazuje si\u0119 niezwykle delikatna, nie \u201cgryzie\u201d i nie powoduje podra\u017cnie\u0144. Projektuj\u0105c nasz\u0105 <b>czapk\u0119 dla dzieci<\/b>, postawili\u015bmy te\u017c na prosty, mi\u0119kki splot, kt\u00f3ry czyni ca\u0142o\u015b\u0107 jeszcze bardziej przyjemn\u0105 w dotyku.<\/p>\n<p>Warto te\u017c zaznaczy\u0107, \u017ce we\u0142na merino charakteryzuje si\u0119 wysokim stopniem elastyczno\u015bci i trwa\u0142o\u015bci. <b>Czapka z we\u0142ny merynos\u00f3w<\/b> z pewno\u015bci\u0105 b\u0119dzie wi\u0119c wygl\u0105da\u0107 \u015bwietnie przez d\u0142ugi czas &#8211; w\u0142a\u015bciwie piel\u0119gnowana bez problemu mo\u017ce towarzyszy\u0107 Twojemu maluchowi przez kilka sezon\u00f3w.<\/p>\n","protected":false},"excerpt":{"rendered":"<p>Ciep\u0142a, otulaj\u0105ca dzieci\u0119ca czapka z 100% we\u0142ny merynos\u00f3w Efektywna ochrona przed zimnem i przeszywaj\u0105cym nierzadko do szpiku ko\u015bci wiatrem to podstawa &#8211; zar\u00f3wno w zimie, jak i w okresach przej\u015bciowych. W\u0142a\u015bnie dlatego tak wa\u017cny okazuje si\u0119 wyb\u00f3r odpowiedniej czapki, ciep\u0142ej i wygodnej: g\u0142owa jest bowiem szczeg\u00f3lnie nara\u017cona na negatywne skutki oddzia\u0142ywania trudnych warunk\u00f3w atmosferycznych. Ciep\u0142a [&#8230;]\n","protected":false},"featured_media":91551,"comment_status":"open","ping_status":"closed","template":"","meta":{"_acf_changed":false},"product_brand":[],"product_cat":[1055,382,1062],"product_tag":[1407],"class_list":{"0":"post-61720","1":"product","2":"type-product","3":"status-publish","4":"has-post-thumbnail","6":"product_cat-akcesoria-pl-2","7":"product_cat-outlet-pl","8":"product_cat-dzieci","9":"product_tag-kpla","11":"first","12":"instock","13":"sale","14":"shipping-taxable","15":"purchasable","16":"product-type-variable"},"acf":[],"yoast_head":"<!-- This site is optimized with the Yoast SEO plugin v27.0 - https:\/\/yoast.com\/product\/yoast-seo-wordpress\/ -->\n<title>Czapka z we\u0142ny merino Dusty Pink - Fluff<\/title>\n<meta name=\"description\" content=\"Mi\u0119kka, ciep\u0142a i niezwykle przyjemna w dotyku dzieci\u0119ca czapka z 100% we\u0142ny merino, kt\u00f3ra zapewni Twojemu dziecku pe\u0142en komfort i ochron\u0119 przed zimnem.\" \/>\n<meta name=\"robots\" content=\"index, follow, max-snippet:-1, max-image-preview:large, max-video-preview:-1\" \/>\n<link rel=\"canonical\" href=\"https:\/\/fluffouterwear.com\/pl\/produkt\/czapka-merino-dustypink\/\" \/>\n<meta property=\"og:locale\" content=\"pl_PL\" \/>\n<meta property=\"og:type\" content=\"article\" \/>\n<meta property=\"og:title\" content=\"Czapka z we\u0142ny merino Dusty Pink - Fluff\" \/>\n<meta property=\"og:description\" content=\"Mi\u0119kka, ciep\u0142a i niezwykle przyjemna w dotyku dzieci\u0119ca czapka z 100% we\u0142ny merino, kt\u00f3ra zapewni Twojemu dziecku pe\u0142en komfort i ochron\u0119 przed zimnem.\" \/>\n<meta property=\"og:url\" content=\"https:\/\/fluffouterwear.com\/pl\/produkt\/czapka-merino-dustypink\/\" \/>\n<meta property=\"og:site_name\" content=\"Fluff\" \/>\n<meta property=\"article:modified_time\" content=\"2026-04-07T08:17:17+00:00\" \/>\n<meta property=\"og:image\" content=\"https:\/\/fluffouterwear.com\/wp-content\/uploads\/2024\/04\/czapka-merino-zgaszony-roz.jpg\" \/>\n\t<meta property=\"og:image:width\" content=\"1185\" \/>\n\t<meta property=\"og:image:height\" content=\"1310\" \/>\n\t<meta property=\"og:image:type\" content=\"image\/jpeg\" \/>\n<meta name=\"twitter:card\" content=\"summary_large_image\" \/>\n<meta name=\"twitter:label1\" content=\"Szacowany czas czytania\" \/>\n\t<meta name=\"twitter:data1\" content=\"1 minuta\" \/>\n<script type=\"application\/ld+json\" class=\"yoast-schema-graph\">{\"@context\":\"https:\/\/schema.org\",\"@graph\":[{\"@type\":\"WebPage\",\"@id\":\"https:\/\/fluffouterwear.com\/pl\/produkt\/czapka-merino-dustypink\/\",\"url\":\"https:\/\/fluffouterwear.com\/pl\/produkt\/czapka-merino-dustypink\/\",\"name\":\"Czapka z we\u0142ny merino Dusty Pink - Fluff\",\"isPartOf\":{\"@id\":\"https:\/\/fluffouterwear.com\/pl\/#website\"},\"primaryImageOfPage\":{\"@id\":\"https:\/\/fluffouterwear.com\/pl\/produkt\/czapka-merino-dustypink\/#primaryimage\"},\"image\":{\"@id\":\"https:\/\/fluffouterwear.com\/pl\/produkt\/czapka-merino-dustypink\/#primaryimage\"},\"thumbnailUrl\":\"https:\/\/fluffouterwear.com\/wp-content\/uploads\/2024\/04\/czapka-merino-zgaszony-roz.jpg\",\"datePublished\":\"2022-09-13T14:47:55+00:00\",\"dateModified\":\"2026-04-07T08:17:17+00:00\",\"description\":\"Mi\u0119kka, ciep\u0142a i niezwykle przyjemna w dotyku dzieci\u0119ca czapka z 100% we\u0142ny merino, kt\u00f3ra zapewni Twojemu dziecku pe\u0142en komfort i ochron\u0119 przed zimnem.\",\"breadcrumb\":{\"@id\":\"https:\/\/fluffouterwear.com\/pl\/produkt\/czapka-merino-dustypink\/#breadcrumb\"},\"inLanguage\":\"pl-PL\",\"potentialAction\":[{\"@type\":\"ReadAction\",\"target\":[\"https:\/\/fluffouterwear.com\/pl\/produkt\/czapka-merino-dustypink\/\"]}]},{\"@type\":\"ImageObject\",\"inLanguage\":\"pl-PL\",\"@id\":\"https:\/\/fluffouterwear.com\/pl\/produkt\/czapka-merino-dustypink\/#primaryimage\",\"url\":\"https:\/\/fluffouterwear.com\/wp-content\/uploads\/2024\/04\/czapka-merino-zgaszony-roz.jpg\",\"contentUrl\":\"https:\/\/fluffouterwear.com\/wp-content\/uploads\/2024\/04\/czapka-merino-zgaszony-roz.jpg\",\"width\":1185,\"height\":1310,\"caption\":\"Mi\u0119kka czapka z naturalnej we\u0142ny merynosa z haftowanym logo fluff w kontrastuj\u0105cym kolorze\"},{\"@type\":\"BreadcrumbList\",\"@id\":\"https:\/\/fluffouterwear.com\/pl\/produkt\/czapka-merino-dustypink\/#breadcrumb\",\"itemListElement\":[{\"@type\":\"ListItem\",\"position\":1,\"name\":\"Strona g\u0142\u00f3wna\",\"item\":\"https:\/\/fluffouterwear.com\/pl\/\"},{\"@type\":\"ListItem\",\"position\":2,\"name\":\"Sklep\",\"item\":\"https:\/\/fluffouterwear.com\/pl\/sklep\/\"},{\"@type\":\"ListItem\",\"position\":3,\"name\":\"Czapka z we\u0142ny merino Dusty Pink\"}]},{\"@type\":\"WebSite\",\"@id\":\"https:\/\/fluffouterwear.com\/pl\/#website\",\"url\":\"https:\/\/fluffouterwear.com\/pl\/\",\"name\":\"Fluff\",\"description\":\"\",\"potentialAction\":[{\"@type\":\"SearchAction\",\"target\":{\"@type\":\"EntryPoint\",\"urlTemplate\":\"https:\/\/fluffouterwear.com\/pl\/?s={search_term_string}\"},\"query-input\":{\"@type\":\"PropertyValueSpecification\",\"valueRequired\":true,\"valueName\":\"search_term_string\"}}],\"inLanguage\":\"pl-PL\"}]}<\/script>\n<!-- \/ Yoast SEO plugin. -->","yoast_head_json":{"title":"Czapka z we\u0142ny merino Dusty Pink - Fluff","description":"Mi\u0119kka, ciep\u0142a i niezwykle przyjemna w dotyku dzieci\u0119ca czapka z 100% we\u0142ny merino, kt\u00f3ra zapewni Twojemu dziecku pe\u0142en komfort i ochron\u0119 przed zimnem.","robots":{"index":"index","follow":"follow","max-snippet":"max-snippet:-1","max-image-preview":"max-image-preview:large","max-video-preview":"max-video-preview:-1"},"canonical":"https:\/\/fluffouterwear.com\/pl\/produkt\/czapka-merino-dustypink\/","og_locale":"pl_PL","og_type":"article","og_title":"Czapka z we\u0142ny merino Dusty Pink - Fluff","og_description":"Mi\u0119kka, ciep\u0142a i niezwykle przyjemna w dotyku dzieci\u0119ca czapka z 100% we\u0142ny merino, kt\u00f3ra zapewni Twojemu dziecku pe\u0142en komfort i ochron\u0119 przed zimnem.","og_url":"https:\/\/fluffouterwear.com\/pl\/produkt\/czapka-merino-dustypink\/","og_site_name":"Fluff","article_modified_time":"2026-04-07T08:17:17+00:00","og_image":[{"width":1185,"height":1310,"url":"https:\/\/fluffouterwear.com\/wp-content\/uploads\/2024\/04\/czapka-merino-zgaszony-roz.jpg","type":"image\/jpeg"}],"twitter_card":"summary_large_image","twitter_misc":{"Szacowany czas czytania":"1 minuta"},"schema":{"@context":"https:\/\/schema.org","@graph":[{"@type":"WebPage","@id":"https:\/\/fluffouterwear.com\/pl\/produkt\/czapka-merino-dustypink\/","url":"https:\/\/fluffouterwear.com\/pl\/produkt\/czapka-merino-dustypink\/","name":"Czapka z we\u0142ny merino Dusty Pink - Fluff","isPartOf":{"@id":"https:\/\/fluffouterwear.com\/pl\/#website"},"primaryImageOfPage":{"@id":"https:\/\/fluffouterwear.com\/pl\/produkt\/czapka-merino-dustypink\/#primaryimage"},"image":{"@id":"https:\/\/fluffouterwear.com\/pl\/produkt\/czapka-merino-dustypink\/#primaryimage"},"thumbnailUrl":"https:\/\/fluffouterwear.com\/wp-content\/uploads\/2024\/04\/czapka-merino-zgaszony-roz.jpg","datePublished":"2022-09-13T14:47:55+00:00","dateModified":"2026-04-07T08:17:17+00:00","description":"Mi\u0119kka, ciep\u0142a i niezwykle przyjemna w dotyku dzieci\u0119ca czapka z 100% we\u0142ny merino, kt\u00f3ra zapewni Twojemu dziecku pe\u0142en komfort i ochron\u0119 przed zimnem.","breadcrumb":{"@id":"https:\/\/fluffouterwear.com\/pl\/produkt\/czapka-merino-dustypink\/#breadcrumb"},"inLanguage":"pl-PL","potentialAction":[{"@type":"ReadAction","target":["https:\/\/fluffouterwear.com\/pl\/produkt\/czapka-merino-dustypink\/"]}]},{"@type":"ImageObject","inLanguage":"pl-PL","@id":"https:\/\/fluffouterwear.com\/pl\/produkt\/czapka-merino-dustypink\/#primaryimage","url":"https:\/\/fluffouterwear.com\/wp-content\/uploads\/2024\/04\/czapka-merino-zgaszony-roz.jpg","contentUrl":"https:\/\/fluffouterwear.com\/wp-content\/uploads\/2024\/04\/czapka-merino-zgaszony-roz.jpg","width":1185,"height":1310,"caption":"Mi\u0119kka czapka z naturalnej we\u0142ny merynosa z haftowanym logo fluff w kontrastuj\u0105cym kolorze"},{"@type":"BreadcrumbList","@id":"https:\/\/fluffouterwear.com\/pl\/produkt\/czapka-merino-dustypink\/#breadcrumb","itemListElement":[{"@type":"ListItem","position":1,"name":"Strona g\u0142\u00f3wna","item":"https:\/\/fluffouterwear.com\/pl\/"},{"@type":"ListItem","position":2,"name":"Sklep","item":"https:\/\/fluffouterwear.com\/pl\/sklep\/"},{"@type":"ListItem","position":3,"name":"Czapka z we\u0142ny merino Dusty Pink"}]},{"@type":"WebSite","@id":"https:\/\/fluffouterwear.com\/pl\/#website","url":"https:\/\/fluffouterwear.com\/pl\/","name":"Fluff","description":"","potentialAction":[{"@type":"SearchAction","target":{"@type":"EntryPoint","urlTemplate":"https:\/\/fluffouterwear.com\/pl\/?s={search_term_string}"},"query-input":{"@type":"PropertyValueSpecification","valueRequired":true,"valueName":"search_term_string"}}],"inLanguage":"pl-PL"}]}},"_links":{"self":[{"href":"https:\/\/fluffouterwear.com\/pl\/wp-json\/wp\/v2\/product\/61720","targetHints":{"allow":["GET"]}}],"collection":[{"href":"https:\/\/fluffouterwear.com\/pl\/wp-json\/wp\/v2\/product"}],"about":[{"href":"https:\/\/fluffouterwear.com\/pl\/wp-json\/wp\/v2\/types\/product"}],"replies":[{"embeddable":true,"href":"https:\/\/fluffouterwear.com\/pl\/wp-json\/wp\/v2\/comments?post=61720"}],"wp:featuredmedia":[{"embeddable":true,"href":"https:\/\/fluffouterwear.com\/pl\/wp-json\/wp\/v2\/media\/91551"}],"wp:attachment":[{"href":"https:\/\/fluffouterwear.com\/pl\/wp-json\/wp\/v2\/media?parent=61720"}],"wp:term":[{"taxonomy":"product_brand","embeddable":true,"href":"https:\/\/fluffouterwear.com\/pl\/wp-json\/wp\/v2\/product_brand?post=61720"},{"taxonomy":"product_cat","embeddable":true,"href":"https:\/\/fluffouterwear.com\/pl\/wp-json\/wp\/v2\/product_cat?post=61720"},{"taxonomy":"product_tag","embeddable":true,"href":"https:\/\/fluffouterwear.com\/pl\/wp-json\/wp\/v2\/product_tag?post=61720"}],"curies":[{"name":"wp","href":"https:\/\/api.w.org\/{rel}","templated":true}]}}