{"id":66660,"date":"2022-12-07T20:12:55","date_gmt":"2022-12-07T19:12:55","guid":{"rendered":"http:\/\/fluffouterwear.com\/?post_type=product&#038;p=66660"},"modified":"2026-04-02T20:55:08","modified_gmt":"2026-04-02T18:55:08","slug":"legginsy-merino-grey","status":"publish","type":"product","link":"https:\/\/fluffouterwear.com\/pl\/produkt\/legginsy-merino-grey\/","title":{"rendered":"Legginsy z we\u0142ny Merino Graphite"},"content":{"rendered":"<h4 id=\"tw-target-text\" class=\"tw-data-text tw-text-large tw-ta\" dir=\"ltr\" data-placeholder=\"T\u0142umaczenie\"><strong>Legginsy getry termiczne dla dzieci z we\u0142ny merino<\/strong><\/h4>\n<p>Zastanawiasz si\u0119, co Twoje dziecko powinno nosi\u0107 pod puchow\u0105 kurtk\u0105, p\u0142aszczem lub kombinezonem? Najwy\u017cszej jako\u015bci <b>bielizna termiczna merino FLUFF<\/b> sprawdzi si\u0119 idealnie jako warstwa najbli\u017csza delikatnej sk\u00f3rze malucha. Te wygodne legginsy z elastyczn\u0105 gumk\u0105 oraz bluzka z d\u0142ugim r\u0119kawem, kt\u00f3re zaprojektowali\u015bmy z my\u015bl\u0105 o najm\u0142odszych, doskonale \u0142\u0105cz\u0105 bowiem w sobie cechy gwarantuj\u0105ce zar\u00f3wno pe\u0142n\u0105 ochron\u0119 przed zimnem, jak i swobod\u0119 ruch\u00f3w.<\/p>\n<p>Naturalna we\u0142na merynos\u00f3w jak \u017caden inny materia\u0142 chroni przed ch\u0142odem i przeszywaj\u0105cym, zimnym wiatrem, a jednocze\u015bnie &#8211; ze wzgl\u0119du na swoje w\u0142a\u015bciwo\u015bci hipoalergiczne i antybakteryjne &#8211; jest w stanie hamowa\u0107 rozw\u00f3j bakterii i tym samym ogranicza\u0107 powstawanie nieprzyjemnego zapachu towarzysz\u0105cemu poceniu, kt\u00f3re pojawia si\u0119 podczas szale\u0144stw na \u015bniegu czy na lodowisku. Pozwala bowiem sk\u00f3rze swobodnie oddycha\u0107 i odprowadza wilgo\u0107 od cia\u0142a. Lyocell za\u015b odpowiada za szybkie odparowanie powsta\u0142ej w ten spos\u00f3b wody, sprawiaj\u0105c, \u017ce sk\u00f3ra pozostaje sucha i ciep\u0142a i nie dopuszczaj\u0105c do przegrzania ani do przewiania. W ten spos\u00f3b w\u0142\u00f3kna Lyocell nie tylko dbaj\u0105 o dobrostan Twojego dziecka, ale te\u017c znacznie przed\u0142u\u017caj\u0105 \u017cywotno\u015b\u0107 we\u0142ny merino.<\/p>\n<p>Stworzona na bazie we\u0142ny merino i w\u0142\u00f3kien Lyocell wygodna <b>dzieci\u0119ca bielizna termiczna FLUFF<\/b> dopasuje si\u0119 wi\u0119c do potrzeb Twojego dziecka, utrzymuj\u0105c optymaln\u0105 dla niego temperatur\u0119 i pozwalaj\u0105c mu na niczym nieskr\u0119powan\u0105 dzieci\u0119c\u0105 beztrosk\u0119 w ka\u017cdych warunkach atmosferycznych. To prawdziwy must have ka\u017cdego aktywnego dzieciaka &#8211; nie tylko na zim\u0119.<\/p>\n","protected":false},"excerpt":{"rendered":"<p>Legginsy getry termiczne dla dzieci z we\u0142ny merino Zastanawiasz si\u0119, co Twoje dziecko powinno nosi\u0107 pod puchow\u0105 kurtk\u0105, p\u0142aszczem lub kombinezonem? Najwy\u017cszej jako\u015bci bielizna termiczna merino FLUFF sprawdzi si\u0119 idealnie jako warstwa najbli\u017csza delikatnej sk\u00f3rze malucha. Te wygodne legginsy z elastyczn\u0105 gumk\u0105 oraz bluzka z d\u0142ugim r\u0119kawem, kt\u00f3re zaprojektowali\u015bmy z my\u015bl\u0105 o najm\u0142odszych, doskonale \u0142\u0105cz\u0105 [&#8230;]\n","protected":false},"featured_media":92179,"comment_status":"open","ping_status":"closed","template":"","meta":{"_acf_changed":false},"product_brand":[],"product_cat":[1055,382,1062],"product_tag":[1407],"class_list":{"0":"post-66660","1":"product","2":"type-product","3":"status-publish","4":"has-post-thumbnail","6":"product_cat-akcesoria-pl-2","7":"product_cat-outlet-pl","8":"product_cat-dzieci","9":"product_tag-kpla","11":"first","12":"instock","13":"sale","14":"shipping-taxable","15":"purchasable","16":"product-type-variable"},"acf":[],"yoast_head":"<!-- This site is optimized with the Yoast SEO plugin v27.0 - https:\/\/yoast.com\/product\/yoast-seo-wordpress\/ -->\n<title>Legginsy z we\u0142ny merino Grey - Fluff<\/title>\n<meta name=\"description\" content=\"Dzieci\u0119ca bielizna termiczna z we\u0142ny merynos\u00f3w sprawi, \u017ce Twoje dziecko jeszcze bardziej pokocha zimowe aktywno\u015bci na \u015bwie\u017cym powietrzu.\" \/>\n<meta name=\"robots\" content=\"index, follow, max-snippet:-1, max-image-preview:large, max-video-preview:-1\" \/>\n<link rel=\"canonical\" href=\"https:\/\/fluffouterwear.com\/pl\/produkt\/legginsy-merino-grey\/\" \/>\n<meta property=\"og:locale\" content=\"pl_PL\" \/>\n<meta property=\"og:type\" content=\"article\" \/>\n<meta property=\"og:title\" content=\"Legginsy z we\u0142ny merino Grey - Fluff\" \/>\n<meta property=\"og:description\" content=\"Dzieci\u0119ca bielizna termiczna z we\u0142ny merynos\u00f3w sprawi, \u017ce Twoje dziecko jeszcze bardziej pokocha zimowe aktywno\u015bci na \u015bwie\u017cym powietrzu.\" \/>\n<meta property=\"og:url\" content=\"https:\/\/fluffouterwear.com\/pl\/produkt\/legginsy-merino-grey\/\" \/>\n<meta property=\"og:site_name\" content=\"Fluff\" \/>\n<meta property=\"article:modified_time\" content=\"2026-04-02T18:55:08+00:00\" \/>\n<meta property=\"og:image\" content=\"https:\/\/fluffouterwear.com\/wp-content\/uploads\/2024\/04\/dziecieca-bielizna-merino-legginsy-grafit-1.jpg\" \/>\n\t<meta property=\"og:image:width\" content=\"1185\" \/>\n\t<meta property=\"og:image:height\" content=\"1310\" \/>\n\t<meta property=\"og:image:type\" content=\"image\/jpeg\" \/>\n<meta name=\"twitter:card\" content=\"summary_large_image\" \/>\n<meta name=\"twitter:label1\" content=\"Szacowany czas czytania\" \/>\n\t<meta name=\"twitter:data1\" content=\"2 minuty\" \/>\n<script type=\"application\/ld+json\" class=\"yoast-schema-graph\">{\"@context\":\"https:\/\/schema.org\",\"@graph\":[{\"@type\":\"WebPage\",\"@id\":\"https:\/\/fluffouterwear.com\/pl\/produkt\/legginsy-merino-grey\/\",\"url\":\"https:\/\/fluffouterwear.com\/pl\/produkt\/legginsy-merino-grey\/\",\"name\":\"Legginsy z we\u0142ny merino Grey - Fluff\",\"isPartOf\":{\"@id\":\"https:\/\/fluffouterwear.com\/pl\/#website\"},\"primaryImageOfPage\":{\"@id\":\"https:\/\/fluffouterwear.com\/pl\/produkt\/legginsy-merino-grey\/#primaryimage\"},\"image\":{\"@id\":\"https:\/\/fluffouterwear.com\/pl\/produkt\/legginsy-merino-grey\/#primaryimage\"},\"thumbnailUrl\":\"https:\/\/fluffouterwear.com\/wp-content\/uploads\/2024\/04\/dziecieca-bielizna-merino-legginsy-grafit-1.jpg\",\"datePublished\":\"2022-12-07T19:12:55+00:00\",\"dateModified\":\"2026-04-02T18:55:08+00:00\",\"description\":\"Dzieci\u0119ca bielizna termiczna z we\u0142ny merynos\u00f3w sprawi, \u017ce Twoje dziecko jeszcze bardziej pokocha zimowe aktywno\u015bci na \u015bwie\u017cym powietrzu.\",\"breadcrumb\":{\"@id\":\"https:\/\/fluffouterwear.com\/pl\/produkt\/legginsy-merino-grey\/#breadcrumb\"},\"inLanguage\":\"pl-PL\",\"potentialAction\":[{\"@type\":\"ReadAction\",\"target\":[\"https:\/\/fluffouterwear.com\/pl\/produkt\/legginsy-merino-grey\/\"]}]},{\"@type\":\"ImageObject\",\"inLanguage\":\"pl-PL\",\"@id\":\"https:\/\/fluffouterwear.com\/pl\/produkt\/legginsy-merino-grey\/#primaryimage\",\"url\":\"https:\/\/fluffouterwear.com\/wp-content\/uploads\/2024\/04\/dziecieca-bielizna-merino-legginsy-grafit-1.jpg\",\"contentUrl\":\"https:\/\/fluffouterwear.com\/wp-content\/uploads\/2024\/04\/dziecieca-bielizna-merino-legginsy-grafit-1.jpg\",\"width\":1185,\"height\":1310,\"caption\":\"Bielizna termiczna z d\u0142ugim r\u0119kawem z we\u0142ny merino dla dzieci. Elastyczny, cienki materia\u0142.\"},{\"@type\":\"BreadcrumbList\",\"@id\":\"https:\/\/fluffouterwear.com\/pl\/produkt\/legginsy-merino-grey\/#breadcrumb\",\"itemListElement\":[{\"@type\":\"ListItem\",\"position\":1,\"name\":\"Strona g\u0142\u00f3wna\",\"item\":\"https:\/\/fluffouterwear.com\/pl\/\"},{\"@type\":\"ListItem\",\"position\":2,\"name\":\"Sklep\",\"item\":\"https:\/\/fluffouterwear.com\/pl\/sklep\/\"},{\"@type\":\"ListItem\",\"position\":3,\"name\":\"Legginsy z we\u0142ny Merino Graphite\"}]},{\"@type\":\"WebSite\",\"@id\":\"https:\/\/fluffouterwear.com\/pl\/#website\",\"url\":\"https:\/\/fluffouterwear.com\/pl\/\",\"name\":\"Fluff\",\"description\":\"\",\"potentialAction\":[{\"@type\":\"SearchAction\",\"target\":{\"@type\":\"EntryPoint\",\"urlTemplate\":\"https:\/\/fluffouterwear.com\/pl\/?s={search_term_string}\"},\"query-input\":{\"@type\":\"PropertyValueSpecification\",\"valueRequired\":true,\"valueName\":\"search_term_string\"}}],\"inLanguage\":\"pl-PL\"}]}<\/script>\n<!-- \/ Yoast SEO plugin. -->","yoast_head_json":{"title":"Legginsy z we\u0142ny merino Grey - Fluff","description":"Dzieci\u0119ca bielizna termiczna z we\u0142ny merynos\u00f3w sprawi, \u017ce Twoje dziecko jeszcze bardziej pokocha zimowe aktywno\u015bci na \u015bwie\u017cym powietrzu.","robots":{"index":"index","follow":"follow","max-snippet":"max-snippet:-1","max-image-preview":"max-image-preview:large","max-video-preview":"max-video-preview:-1"},"canonical":"https:\/\/fluffouterwear.com\/pl\/produkt\/legginsy-merino-grey\/","og_locale":"pl_PL","og_type":"article","og_title":"Legginsy z we\u0142ny merino Grey - Fluff","og_description":"Dzieci\u0119ca bielizna termiczna z we\u0142ny merynos\u00f3w sprawi, \u017ce Twoje dziecko jeszcze bardziej pokocha zimowe aktywno\u015bci na \u015bwie\u017cym powietrzu.","og_url":"https:\/\/fluffouterwear.com\/pl\/produkt\/legginsy-merino-grey\/","og_site_name":"Fluff","article_modified_time":"2026-04-02T18:55:08+00:00","og_image":[{"width":1185,"height":1310,"url":"https:\/\/fluffouterwear.com\/wp-content\/uploads\/2024\/04\/dziecieca-bielizna-merino-legginsy-grafit-1.jpg","type":"image\/jpeg"}],"twitter_card":"summary_large_image","twitter_misc":{"Szacowany czas czytania":"2 minuty"},"schema":{"@context":"https:\/\/schema.org","@graph":[{"@type":"WebPage","@id":"https:\/\/fluffouterwear.com\/pl\/produkt\/legginsy-merino-grey\/","url":"https:\/\/fluffouterwear.com\/pl\/produkt\/legginsy-merino-grey\/","name":"Legginsy z we\u0142ny merino Grey - Fluff","isPartOf":{"@id":"https:\/\/fluffouterwear.com\/pl\/#website"},"primaryImageOfPage":{"@id":"https:\/\/fluffouterwear.com\/pl\/produkt\/legginsy-merino-grey\/#primaryimage"},"image":{"@id":"https:\/\/fluffouterwear.com\/pl\/produkt\/legginsy-merino-grey\/#primaryimage"},"thumbnailUrl":"https:\/\/fluffouterwear.com\/wp-content\/uploads\/2024\/04\/dziecieca-bielizna-merino-legginsy-grafit-1.jpg","datePublished":"2022-12-07T19:12:55+00:00","dateModified":"2026-04-02T18:55:08+00:00","description":"Dzieci\u0119ca bielizna termiczna z we\u0142ny merynos\u00f3w sprawi, \u017ce Twoje dziecko jeszcze bardziej pokocha zimowe aktywno\u015bci na \u015bwie\u017cym powietrzu.","breadcrumb":{"@id":"https:\/\/fluffouterwear.com\/pl\/produkt\/legginsy-merino-grey\/#breadcrumb"},"inLanguage":"pl-PL","potentialAction":[{"@type":"ReadAction","target":["https:\/\/fluffouterwear.com\/pl\/produkt\/legginsy-merino-grey\/"]}]},{"@type":"ImageObject","inLanguage":"pl-PL","@id":"https:\/\/fluffouterwear.com\/pl\/produkt\/legginsy-merino-grey\/#primaryimage","url":"https:\/\/fluffouterwear.com\/wp-content\/uploads\/2024\/04\/dziecieca-bielizna-merino-legginsy-grafit-1.jpg","contentUrl":"https:\/\/fluffouterwear.com\/wp-content\/uploads\/2024\/04\/dziecieca-bielizna-merino-legginsy-grafit-1.jpg","width":1185,"height":1310,"caption":"Bielizna termiczna z d\u0142ugim r\u0119kawem z we\u0142ny merino dla dzieci. Elastyczny, cienki materia\u0142."},{"@type":"BreadcrumbList","@id":"https:\/\/fluffouterwear.com\/pl\/produkt\/legginsy-merino-grey\/#breadcrumb","itemListElement":[{"@type":"ListItem","position":1,"name":"Strona g\u0142\u00f3wna","item":"https:\/\/fluffouterwear.com\/pl\/"},{"@type":"ListItem","position":2,"name":"Sklep","item":"https:\/\/fluffouterwear.com\/pl\/sklep\/"},{"@type":"ListItem","position":3,"name":"Legginsy z we\u0142ny Merino Graphite"}]},{"@type":"WebSite","@id":"https:\/\/fluffouterwear.com\/pl\/#website","url":"https:\/\/fluffouterwear.com\/pl\/","name":"Fluff","description":"","potentialAction":[{"@type":"SearchAction","target":{"@type":"EntryPoint","urlTemplate":"https:\/\/fluffouterwear.com\/pl\/?s={search_term_string}"},"query-input":{"@type":"PropertyValueSpecification","valueRequired":true,"valueName":"search_term_string"}}],"inLanguage":"pl-PL"}]}},"_links":{"self":[{"href":"https:\/\/fluffouterwear.com\/pl\/wp-json\/wp\/v2\/product\/66660","targetHints":{"allow":["GET"]}}],"collection":[{"href":"https:\/\/fluffouterwear.com\/pl\/wp-json\/wp\/v2\/product"}],"about":[{"href":"https:\/\/fluffouterwear.com\/pl\/wp-json\/wp\/v2\/types\/product"}],"replies":[{"embeddable":true,"href":"https:\/\/fluffouterwear.com\/pl\/wp-json\/wp\/v2\/comments?post=66660"}],"wp:featuredmedia":[{"embeddable":true,"href":"https:\/\/fluffouterwear.com\/pl\/wp-json\/wp\/v2\/media\/92179"}],"wp:attachment":[{"href":"https:\/\/fluffouterwear.com\/pl\/wp-json\/wp\/v2\/media?parent=66660"}],"wp:term":[{"taxonomy":"product_brand","embeddable":true,"href":"https:\/\/fluffouterwear.com\/pl\/wp-json\/wp\/v2\/product_brand?post=66660"},{"taxonomy":"product_cat","embeddable":true,"href":"https:\/\/fluffouterwear.com\/pl\/wp-json\/wp\/v2\/product_cat?post=66660"},{"taxonomy":"product_tag","embeddable":true,"href":"https:\/\/fluffouterwear.com\/pl\/wp-json\/wp\/v2\/product_tag?post=66660"}],"curies":[{"name":"wp","href":"https:\/\/api.w.org\/{rel}","templated":true}]}}