{"id":66798,"date":"2022-12-07T20:32:37","date_gmt":"2022-12-07T19:32:37","guid":{"rendered":"http:\/\/fluffouterwear.com\/?post_type=product&#038;p=66798"},"modified":"2026-04-02T10:31:57","modified_gmt":"2026-04-02T08:31:57","slug":"kapcie-welniane-grafit","status":"publish","type":"product","link":"https:\/\/fluffouterwear.com\/pl\/produkt\/kapcie-welniane-grafit\/","title":{"rendered":"We\u0142niane kapcie Graphite"},"content":{"rendered":"<h4 id=\"tw-target-text\" class=\"tw-data-text tw-text-large tw-ta\" dir=\"ltr\" data-placeholder=\"T\u0142umaczenie\"><span class=\"Y2IQFc\" lang=\"pl\"><strong>Kapcie we\u0142niane z antypo\u015blizgow\u0105 podeszw\u0105\u00a0<\/strong> <\/span><\/h4>\n<p class=\"tw-data-text tw-text-large tw-ta\" dir=\"ltr\" data-placeholder=\"T\u0142umaczenie\"><span class=\"Y2IQFc\" lang=\"pl\">Mi\u0119kkie i ciep\u0142e <strong>kapcie <\/strong>z antypo\u015blizgow\u0105 podeszw\u0105 &#8211; idealne po domu, do przedszkola i wsz\u0119dzie tam, gdzie potrzebujemy zmieni\u0107 obuwie na wygodne, lekkie i mi\u0119kkie <strong>obuwie wewn\u0119trzne<\/strong>. <\/span><\/p>\n<p class=\"tw-data-text tw-text-large tw-ta\" dir=\"ltr\" data-placeholder=\"T\u0142umaczenie\"><span class=\"Y2IQFc\" lang=\"pl\"><strong>Buciki z we\u0142ny<\/strong> maj\u0105 \u015bwietne w\u0142a\u015bciwo\u015bci terminczne, odprowadzaj\u0105 nadmiar wody i komfortowo otulaj\u0105 stopy.<\/span><\/p>\n<p>&nbsp;<\/p>\n","protected":false},"excerpt":{"rendered":"<p><span data-text-color=\"success\">Najni\u017csza cena z ostatnich 30 dni: 139 z\u0142<\/span><\/p>\n","protected":false},"featured_media":91569,"comment_status":"open","ping_status":"closed","template":"","meta":{"_acf_changed":false},"product_brand":[],"product_cat":[1055,382,1062],"product_tag":[],"class_list":{"0":"post-66798","1":"product","2":"type-product","3":"status-publish","4":"has-post-thumbnail","6":"product_cat-akcesoria-pl-2","7":"product_cat-outlet-pl","8":"product_cat-dzieci","10":"first","11":"instock","12":"sale","13":"shipping-taxable","14":"purchasable","15":"product-type-variable"},"acf":[],"yoast_head":"<!-- This site is optimized with the Yoast SEO plugin v27.0 - https:\/\/yoast.com\/product\/yoast-seo-wordpress\/ -->\n<title>Kapcie we\u0142niane Graphite - Fluff<\/title>\n<meta name=\"description\" content=\"Zachowaj ciep\u0142o i komfort, gdy temperatury spadaj\u0105 poni\u017cej zera. Nasze produkty sprawi\u0105, \u017ce zima stanie si\u0119 Twoj\u0105 ulubion\u0105 por\u0105 roku!\" \/>\n<meta name=\"robots\" content=\"index, follow, max-snippet:-1, max-image-preview:large, max-video-preview:-1\" \/>\n<link rel=\"canonical\" href=\"https:\/\/fluffouterwear.com\/pl\/produkt\/kapcie-welniane-grafit\/\" \/>\n<meta property=\"og:locale\" content=\"pl_PL\" \/>\n<meta property=\"og:type\" content=\"article\" \/>\n<meta property=\"og:title\" content=\"Kapcie we\u0142niane Graphite - Fluff\" \/>\n<meta property=\"og:description\" content=\"Zachowaj ciep\u0142o i komfort, gdy temperatury spadaj\u0105 poni\u017cej zera. Nasze produkty sprawi\u0105, \u017ce zima stanie si\u0119 Twoj\u0105 ulubion\u0105 por\u0105 roku!\" \/>\n<meta property=\"og:url\" content=\"https:\/\/fluffouterwear.com\/pl\/produkt\/kapcie-welniane-grafit\/\" \/>\n<meta property=\"og:site_name\" content=\"Fluff\" \/>\n<meta property=\"article:modified_time\" content=\"2026-04-02T08:31:57+00:00\" \/>\n<meta property=\"og:image\" content=\"https:\/\/fluffouterwear.com\/wp-content\/uploads\/2024\/04\/dzieciece-kapcie-pantofle-welniane-grafitowe-1.jpg\" \/>\n\t<meta property=\"og:image:width\" content=\"976\" \/>\n\t<meta property=\"og:image:height\" content=\"1310\" \/>\n\t<meta property=\"og:image:type\" content=\"image\/jpeg\" \/>\n<meta name=\"twitter:card\" content=\"summary_large_image\" \/>\n<meta name=\"twitter:label1\" content=\"Szacowany czas czytania\" \/>\n\t<meta name=\"twitter:data1\" content=\"1 minuta\" \/>\n<script type=\"application\/ld+json\" class=\"yoast-schema-graph\">{\"@context\":\"https:\/\/schema.org\",\"@graph\":[{\"@type\":\"WebPage\",\"@id\":\"https:\/\/fluffouterwear.com\/pl\/produkt\/kapcie-welniane-grafit\/\",\"url\":\"https:\/\/fluffouterwear.com\/pl\/produkt\/kapcie-welniane-grafit\/\",\"name\":\"Kapcie we\u0142niane Graphite - Fluff\",\"isPartOf\":{\"@id\":\"https:\/\/fluffouterwear.com\/pl\/#website\"},\"primaryImageOfPage\":{\"@id\":\"https:\/\/fluffouterwear.com\/pl\/produkt\/kapcie-welniane-grafit\/#primaryimage\"},\"image\":{\"@id\":\"https:\/\/fluffouterwear.com\/pl\/produkt\/kapcie-welniane-grafit\/#primaryimage\"},\"thumbnailUrl\":\"https:\/\/fluffouterwear.com\/wp-content\/uploads\/2024\/04\/dzieciece-kapcie-pantofle-welniane-grafitowe-1.jpg\",\"datePublished\":\"2022-12-07T19:32:37+00:00\",\"dateModified\":\"2026-04-02T08:31:57+00:00\",\"description\":\"Zachowaj ciep\u0142o i komfort, gdy temperatury spadaj\u0105 poni\u017cej zera. Nasze produkty sprawi\u0105, \u017ce zima stanie si\u0119 Twoj\u0105 ulubion\u0105 por\u0105 roku!\",\"breadcrumb\":{\"@id\":\"https:\/\/fluffouterwear.com\/pl\/produkt\/kapcie-welniane-grafit\/#breadcrumb\"},\"inLanguage\":\"pl-PL\",\"potentialAction\":[{\"@type\":\"ReadAction\",\"target\":[\"https:\/\/fluffouterwear.com\/pl\/produkt\/kapcie-welniane-grafit\/\"]}]},{\"@type\":\"ImageObject\",\"inLanguage\":\"pl-PL\",\"@id\":\"https:\/\/fluffouterwear.com\/pl\/produkt\/kapcie-welniane-grafit\/#primaryimage\",\"url\":\"https:\/\/fluffouterwear.com\/wp-content\/uploads\/2024\/04\/dzieciece-kapcie-pantofle-welniane-grafitowe-1.jpg\",\"contentUrl\":\"https:\/\/fluffouterwear.com\/wp-content\/uploads\/2024\/04\/dzieciece-kapcie-pantofle-welniane-grafitowe-1.jpg\",\"width\":976,\"height\":1310,\"caption\":\"Mi\u0119kkie we\u0142niane kapcie z antypo\u015blizgow\u0105 podeszw\u0105 dla dzieci.\"},{\"@type\":\"BreadcrumbList\",\"@id\":\"https:\/\/fluffouterwear.com\/pl\/produkt\/kapcie-welniane-grafit\/#breadcrumb\",\"itemListElement\":[{\"@type\":\"ListItem\",\"position\":1,\"name\":\"Strona g\u0142\u00f3wna\",\"item\":\"https:\/\/fluffouterwear.com\/pl\/\"},{\"@type\":\"ListItem\",\"position\":2,\"name\":\"Sklep\",\"item\":\"https:\/\/fluffouterwear.com\/pl\/sklep\/\"},{\"@type\":\"ListItem\",\"position\":3,\"name\":\"We\u0142niane kapcie Graphite\"}]},{\"@type\":\"WebSite\",\"@id\":\"https:\/\/fluffouterwear.com\/pl\/#website\",\"url\":\"https:\/\/fluffouterwear.com\/pl\/\",\"name\":\"Fluff\",\"description\":\"\",\"potentialAction\":[{\"@type\":\"SearchAction\",\"target\":{\"@type\":\"EntryPoint\",\"urlTemplate\":\"https:\/\/fluffouterwear.com\/pl\/?s={search_term_string}\"},\"query-input\":{\"@type\":\"PropertyValueSpecification\",\"valueRequired\":true,\"valueName\":\"search_term_string\"}}],\"inLanguage\":\"pl-PL\"}]}<\/script>\n<!-- \/ Yoast SEO plugin. -->","yoast_head_json":{"title":"Kapcie we\u0142niane Graphite - Fluff","description":"Zachowaj ciep\u0142o i komfort, gdy temperatury spadaj\u0105 poni\u017cej zera. Nasze produkty sprawi\u0105, \u017ce zima stanie si\u0119 Twoj\u0105 ulubion\u0105 por\u0105 roku!","robots":{"index":"index","follow":"follow","max-snippet":"max-snippet:-1","max-image-preview":"max-image-preview:large","max-video-preview":"max-video-preview:-1"},"canonical":"https:\/\/fluffouterwear.com\/pl\/produkt\/kapcie-welniane-grafit\/","og_locale":"pl_PL","og_type":"article","og_title":"Kapcie we\u0142niane Graphite - Fluff","og_description":"Zachowaj ciep\u0142o i komfort, gdy temperatury spadaj\u0105 poni\u017cej zera. Nasze produkty sprawi\u0105, \u017ce zima stanie si\u0119 Twoj\u0105 ulubion\u0105 por\u0105 roku!","og_url":"https:\/\/fluffouterwear.com\/pl\/produkt\/kapcie-welniane-grafit\/","og_site_name":"Fluff","article_modified_time":"2026-04-02T08:31:57+00:00","og_image":[{"width":976,"height":1310,"url":"https:\/\/fluffouterwear.com\/wp-content\/uploads\/2024\/04\/dzieciece-kapcie-pantofle-welniane-grafitowe-1.jpg","type":"image\/jpeg"}],"twitter_card":"summary_large_image","twitter_misc":{"Szacowany czas czytania":"1 minuta"},"schema":{"@context":"https:\/\/schema.org","@graph":[{"@type":"WebPage","@id":"https:\/\/fluffouterwear.com\/pl\/produkt\/kapcie-welniane-grafit\/","url":"https:\/\/fluffouterwear.com\/pl\/produkt\/kapcie-welniane-grafit\/","name":"Kapcie we\u0142niane Graphite - Fluff","isPartOf":{"@id":"https:\/\/fluffouterwear.com\/pl\/#website"},"primaryImageOfPage":{"@id":"https:\/\/fluffouterwear.com\/pl\/produkt\/kapcie-welniane-grafit\/#primaryimage"},"image":{"@id":"https:\/\/fluffouterwear.com\/pl\/produkt\/kapcie-welniane-grafit\/#primaryimage"},"thumbnailUrl":"https:\/\/fluffouterwear.com\/wp-content\/uploads\/2024\/04\/dzieciece-kapcie-pantofle-welniane-grafitowe-1.jpg","datePublished":"2022-12-07T19:32:37+00:00","dateModified":"2026-04-02T08:31:57+00:00","description":"Zachowaj ciep\u0142o i komfort, gdy temperatury spadaj\u0105 poni\u017cej zera. Nasze produkty sprawi\u0105, \u017ce zima stanie si\u0119 Twoj\u0105 ulubion\u0105 por\u0105 roku!","breadcrumb":{"@id":"https:\/\/fluffouterwear.com\/pl\/produkt\/kapcie-welniane-grafit\/#breadcrumb"},"inLanguage":"pl-PL","potentialAction":[{"@type":"ReadAction","target":["https:\/\/fluffouterwear.com\/pl\/produkt\/kapcie-welniane-grafit\/"]}]},{"@type":"ImageObject","inLanguage":"pl-PL","@id":"https:\/\/fluffouterwear.com\/pl\/produkt\/kapcie-welniane-grafit\/#primaryimage","url":"https:\/\/fluffouterwear.com\/wp-content\/uploads\/2024\/04\/dzieciece-kapcie-pantofle-welniane-grafitowe-1.jpg","contentUrl":"https:\/\/fluffouterwear.com\/wp-content\/uploads\/2024\/04\/dzieciece-kapcie-pantofle-welniane-grafitowe-1.jpg","width":976,"height":1310,"caption":"Mi\u0119kkie we\u0142niane kapcie z antypo\u015blizgow\u0105 podeszw\u0105 dla dzieci."},{"@type":"BreadcrumbList","@id":"https:\/\/fluffouterwear.com\/pl\/produkt\/kapcie-welniane-grafit\/#breadcrumb","itemListElement":[{"@type":"ListItem","position":1,"name":"Strona g\u0142\u00f3wna","item":"https:\/\/fluffouterwear.com\/pl\/"},{"@type":"ListItem","position":2,"name":"Sklep","item":"https:\/\/fluffouterwear.com\/pl\/sklep\/"},{"@type":"ListItem","position":3,"name":"We\u0142niane kapcie Graphite"}]},{"@type":"WebSite","@id":"https:\/\/fluffouterwear.com\/pl\/#website","url":"https:\/\/fluffouterwear.com\/pl\/","name":"Fluff","description":"","potentialAction":[{"@type":"SearchAction","target":{"@type":"EntryPoint","urlTemplate":"https:\/\/fluffouterwear.com\/pl\/?s={search_term_string}"},"query-input":{"@type":"PropertyValueSpecification","valueRequired":true,"valueName":"search_term_string"}}],"inLanguage":"pl-PL"}]}},"_links":{"self":[{"href":"https:\/\/fluffouterwear.com\/pl\/wp-json\/wp\/v2\/product\/66798","targetHints":{"allow":["GET"]}}],"collection":[{"href":"https:\/\/fluffouterwear.com\/pl\/wp-json\/wp\/v2\/product"}],"about":[{"href":"https:\/\/fluffouterwear.com\/pl\/wp-json\/wp\/v2\/types\/product"}],"replies":[{"embeddable":true,"href":"https:\/\/fluffouterwear.com\/pl\/wp-json\/wp\/v2\/comments?post=66798"}],"wp:featuredmedia":[{"embeddable":true,"href":"https:\/\/fluffouterwear.com\/pl\/wp-json\/wp\/v2\/media\/91569"}],"wp:attachment":[{"href":"https:\/\/fluffouterwear.com\/pl\/wp-json\/wp\/v2\/media?parent=66798"}],"wp:term":[{"taxonomy":"product_brand","embeddable":true,"href":"https:\/\/fluffouterwear.com\/pl\/wp-json\/wp\/v2\/product_brand?post=66798"},{"taxonomy":"product_cat","embeddable":true,"href":"https:\/\/fluffouterwear.com\/pl\/wp-json\/wp\/v2\/product_cat?post=66798"},{"taxonomy":"product_tag","embeddable":true,"href":"https:\/\/fluffouterwear.com\/pl\/wp-json\/wp\/v2\/product_tag?post=66798"}],"curies":[{"name":"wp","href":"https:\/\/api.w.org\/{rel}","templated":true}]}}