{"id":71290,"date":"2023-03-07T16:45:11","date_gmt":"2023-03-07T15:45:11","guid":{"rendered":"http:\/\/fluffouterwear.com\/?post_type=product&#038;p=71290"},"modified":"2026-03-08T22:31:17","modified_gmt":"2026-03-08T21:31:17","slug":"steamery-pilo-2-golarka-do-ubran-charcoal","status":"publish","type":"product","link":"https:\/\/fluffouterwear.com\/pl\/produkt\/steamery-pilo-2-golarka-do-ubran-charcoal\/","title":{"rendered":"STEAMERY Pilo 2 golarka do ubra\u0144 Charcoal"},"content":{"rendered":"<h4 id=\"tw-target-text\" class=\"tw-data-text tw-text-large tw-ta\" dir=\"ltr\" data-placeholder=\"T\u0142umaczenie\"><span class=\"Y2IQFc\" lang=\"pl\"><strong>Golarka PILO no.2 (STEAMERY STOCKHOLM) &#8211; Charcoal<\/strong> <\/span><\/h4>\n<p class=\"tw-data-text tw-text-large tw-ta\" dir=\"ltr\" data-placeholder=\"T\u0142umaczenie\"><span class=\"Y2IQFc\" lang=\"pl\">Zmechacone ubrania? Nic prostszego &#8211; od\u015bwie\u017c je golark\u0105 Pilo 2 a Twoje tekstylia zn\u00f3w b\u0119d\u0105 wygl\u0105da\u0107 jak nowe. Design golarki do tkanin Pilo No.2 prezentuje idealn\u0105 r\u00f3wnowag\u0119 mi\u0119dzy funkcjonalno\u015bci\u0105 a estetyk\u0105. Jej unikalna geometryczna sylwetka i wzronictwo idealnie pasuj\u0105 do nowoczesnego domu. <\/span><\/p>\n","protected":false},"excerpt":{"rendered":"<p>Golarka PILO no.2 (STEAMERY STOCKHOLM) &#8211; Charcoal Zmechacone ubrania? Nic prostszego &#8211; od\u015bwie\u017c je golark\u0105 Pilo 2 a Twoje tekstylia zn\u00f3w b\u0119d\u0105 wygl\u0105da\u0107 jak nowe. Design golarki do tkanin Pilo No.2 prezentuje idealn\u0105 r\u00f3wnowag\u0119 mi\u0119dzy funkcjonalno\u015bci\u0105 a estetyk\u0105. Jej unikalna geometryczna sylwetka i wzronictwo idealnie pasuj\u0105 do nowoczesnego domu.<\/p>\n","protected":false},"featured_media":74408,"comment_status":"open","ping_status":"closed","template":"","meta":{"_acf_changed":false},"product_brand":[],"product_cat":[821],"product_tag":[1319],"class_list":{"0":"post-71290","1":"product","2":"type-product","3":"status-publish","4":"has-post-thumbnail","6":"product_cat-pielegnacja","7":"product_tag-one","9":"first","10":"outofstock","11":"shipping-taxable","12":"purchasable","13":"product-type-simple"},"acf":[],"yoast_head":"<!-- This site is optimized with the Yoast SEO plugin v27.0 - https:\/\/yoast.com\/product\/yoast-seo-wordpress\/ -->\n<title>STEAMERY Pilo 2 golarka do ubra\u0144 Charcoal - Fluff<\/title>\n<meta name=\"description\" content=\"Golarka do tkanin Pilo No.2 jest delikatna, ale skuteczna. Usunie zmechacenia z ka\u017cdego materia\u0142u dzi\u0119ki 6 precyzyjnym \u017cyletkom i du\u017cej powierzchni golenia.\" \/>\n<meta name=\"robots\" content=\"index, follow, max-snippet:-1, max-image-preview:large, max-video-preview:-1\" \/>\n<link rel=\"canonical\" href=\"https:\/\/fluffouterwear.com\/pl\/produkt\/steamery-pilo-2-golarka-do-ubran-charcoal\/\" \/>\n<meta property=\"og:locale\" content=\"pl_PL\" \/>\n<meta property=\"og:type\" content=\"article\" \/>\n<meta property=\"og:title\" content=\"STEAMERY Pilo 2 golarka do ubra\u0144 Charcoal - Fluff\" \/>\n<meta property=\"og:description\" content=\"Golarka do tkanin Pilo No.2 jest delikatna, ale skuteczna. Usunie zmechacenia z ka\u017cdego materia\u0142u dzi\u0119ki 6 precyzyjnym \u017cyletkom i du\u017cej powierzchni golenia.\" \/>\n<meta property=\"og:url\" content=\"https:\/\/fluffouterwear.com\/pl\/produkt\/steamery-pilo-2-golarka-do-ubran-charcoal\/\" \/>\n<meta property=\"og:site_name\" content=\"Fluff\" \/>\n<meta property=\"article:modified_time\" content=\"2026-03-08T21:31:17+00:00\" \/>\n<meta property=\"og:image\" content=\"https:\/\/fluffouterwear.com\/wp-content\/uploads\/2023\/03\/Pilo2_Charcoal-on-white_front-800x1067-1.jpg\" \/>\n\t<meta property=\"og:image:width\" content=\"1185\" \/>\n\t<meta property=\"og:image:height\" content=\"1310\" \/>\n\t<meta property=\"og:image:type\" content=\"image\/jpeg\" \/>\n<meta name=\"twitter:card\" content=\"summary_large_image\" \/>\n<meta name=\"twitter:label1\" content=\"Szacowany czas czytania\" \/>\n\t<meta name=\"twitter:data1\" content=\"1 minuta\" \/>\n<script type=\"application\/ld+json\" class=\"yoast-schema-graph\">{\"@context\":\"https:\/\/schema.org\",\"@graph\":[{\"@type\":\"WebPage\",\"@id\":\"https:\/\/fluffouterwear.com\/pl\/produkt\/steamery-pilo-2-golarka-do-ubran-charcoal\/\",\"url\":\"https:\/\/fluffouterwear.com\/pl\/produkt\/steamery-pilo-2-golarka-do-ubran-charcoal\/\",\"name\":\"STEAMERY Pilo 2 golarka do ubra\u0144 Charcoal - Fluff\",\"isPartOf\":{\"@id\":\"https:\/\/fluffouterwear.com\/pl\/#website\"},\"primaryImageOfPage\":{\"@id\":\"https:\/\/fluffouterwear.com\/pl\/produkt\/steamery-pilo-2-golarka-do-ubran-charcoal\/#primaryimage\"},\"image\":{\"@id\":\"https:\/\/fluffouterwear.com\/pl\/produkt\/steamery-pilo-2-golarka-do-ubran-charcoal\/#primaryimage\"},\"thumbnailUrl\":\"https:\/\/fluffouterwear.com\/wp-content\/uploads\/2023\/03\/Pilo2_Charcoal-on-white_front-800x1067-1.jpg\",\"datePublished\":\"2023-03-07T15:45:11+00:00\",\"dateModified\":\"2026-03-08T21:31:17+00:00\",\"description\":\"Golarka do tkanin Pilo No.2 jest delikatna, ale skuteczna. Usunie zmechacenia z ka\u017cdego materia\u0142u dzi\u0119ki 6 precyzyjnym \u017cyletkom i du\u017cej powierzchni golenia.\",\"breadcrumb\":{\"@id\":\"https:\/\/fluffouterwear.com\/pl\/produkt\/steamery-pilo-2-golarka-do-ubran-charcoal\/#breadcrumb\"},\"inLanguage\":\"pl-PL\",\"potentialAction\":[{\"@type\":\"ReadAction\",\"target\":[\"https:\/\/fluffouterwear.com\/pl\/produkt\/steamery-pilo-2-golarka-do-ubran-charcoal\/\"]}]},{\"@type\":\"ImageObject\",\"inLanguage\":\"pl-PL\",\"@id\":\"https:\/\/fluffouterwear.com\/pl\/produkt\/steamery-pilo-2-golarka-do-ubran-charcoal\/#primaryimage\",\"url\":\"https:\/\/fluffouterwear.com\/wp-content\/uploads\/2023\/03\/Pilo2_Charcoal-on-white_front-800x1067-1.jpg\",\"contentUrl\":\"https:\/\/fluffouterwear.com\/wp-content\/uploads\/2023\/03\/Pilo2_Charcoal-on-white_front-800x1067-1.jpg\",\"width\":1185,\"height\":1310},{\"@type\":\"BreadcrumbList\",\"@id\":\"https:\/\/fluffouterwear.com\/pl\/produkt\/steamery-pilo-2-golarka-do-ubran-charcoal\/#breadcrumb\",\"itemListElement\":[{\"@type\":\"ListItem\",\"position\":1,\"name\":\"Strona g\u0142\u00f3wna\",\"item\":\"https:\/\/fluffouterwear.com\/pl\/\"},{\"@type\":\"ListItem\",\"position\":2,\"name\":\"Sklep\",\"item\":\"https:\/\/fluffouterwear.com\/pl\/sklep\/\"},{\"@type\":\"ListItem\",\"position\":3,\"name\":\"STEAMERY Pilo 2 golarka do ubra\u0144 Charcoal\"}]},{\"@type\":\"WebSite\",\"@id\":\"https:\/\/fluffouterwear.com\/pl\/#website\",\"url\":\"https:\/\/fluffouterwear.com\/pl\/\",\"name\":\"Fluff\",\"description\":\"\",\"potentialAction\":[{\"@type\":\"SearchAction\",\"target\":{\"@type\":\"EntryPoint\",\"urlTemplate\":\"https:\/\/fluffouterwear.com\/pl\/?s={search_term_string}\"},\"query-input\":{\"@type\":\"PropertyValueSpecification\",\"valueRequired\":true,\"valueName\":\"search_term_string\"}}],\"inLanguage\":\"pl-PL\"}]}<\/script>\n<!-- \/ Yoast SEO plugin. -->","yoast_head_json":{"title":"STEAMERY Pilo 2 golarka do ubra\u0144 Charcoal - Fluff","description":"Golarka do tkanin Pilo No.2 jest delikatna, ale skuteczna. Usunie zmechacenia z ka\u017cdego materia\u0142u dzi\u0119ki 6 precyzyjnym \u017cyletkom i du\u017cej powierzchni golenia.","robots":{"index":"index","follow":"follow","max-snippet":"max-snippet:-1","max-image-preview":"max-image-preview:large","max-video-preview":"max-video-preview:-1"},"canonical":"https:\/\/fluffouterwear.com\/pl\/produkt\/steamery-pilo-2-golarka-do-ubran-charcoal\/","og_locale":"pl_PL","og_type":"article","og_title":"STEAMERY Pilo 2 golarka do ubra\u0144 Charcoal - Fluff","og_description":"Golarka do tkanin Pilo No.2 jest delikatna, ale skuteczna. Usunie zmechacenia z ka\u017cdego materia\u0142u dzi\u0119ki 6 precyzyjnym \u017cyletkom i du\u017cej powierzchni golenia.","og_url":"https:\/\/fluffouterwear.com\/pl\/produkt\/steamery-pilo-2-golarka-do-ubran-charcoal\/","og_site_name":"Fluff","article_modified_time":"2026-03-08T21:31:17+00:00","og_image":[{"width":1185,"height":1310,"url":"https:\/\/fluffouterwear.com\/wp-content\/uploads\/2023\/03\/Pilo2_Charcoal-on-white_front-800x1067-1.jpg","type":"image\/jpeg"}],"twitter_card":"summary_large_image","twitter_misc":{"Szacowany czas czytania":"1 minuta"},"schema":{"@context":"https:\/\/schema.org","@graph":[{"@type":"WebPage","@id":"https:\/\/fluffouterwear.com\/pl\/produkt\/steamery-pilo-2-golarka-do-ubran-charcoal\/","url":"https:\/\/fluffouterwear.com\/pl\/produkt\/steamery-pilo-2-golarka-do-ubran-charcoal\/","name":"STEAMERY Pilo 2 golarka do ubra\u0144 Charcoal - Fluff","isPartOf":{"@id":"https:\/\/fluffouterwear.com\/pl\/#website"},"primaryImageOfPage":{"@id":"https:\/\/fluffouterwear.com\/pl\/produkt\/steamery-pilo-2-golarka-do-ubran-charcoal\/#primaryimage"},"image":{"@id":"https:\/\/fluffouterwear.com\/pl\/produkt\/steamery-pilo-2-golarka-do-ubran-charcoal\/#primaryimage"},"thumbnailUrl":"https:\/\/fluffouterwear.com\/wp-content\/uploads\/2023\/03\/Pilo2_Charcoal-on-white_front-800x1067-1.jpg","datePublished":"2023-03-07T15:45:11+00:00","dateModified":"2026-03-08T21:31:17+00:00","description":"Golarka do tkanin Pilo No.2 jest delikatna, ale skuteczna. Usunie zmechacenia z ka\u017cdego materia\u0142u dzi\u0119ki 6 precyzyjnym \u017cyletkom i du\u017cej powierzchni golenia.","breadcrumb":{"@id":"https:\/\/fluffouterwear.com\/pl\/produkt\/steamery-pilo-2-golarka-do-ubran-charcoal\/#breadcrumb"},"inLanguage":"pl-PL","potentialAction":[{"@type":"ReadAction","target":["https:\/\/fluffouterwear.com\/pl\/produkt\/steamery-pilo-2-golarka-do-ubran-charcoal\/"]}]},{"@type":"ImageObject","inLanguage":"pl-PL","@id":"https:\/\/fluffouterwear.com\/pl\/produkt\/steamery-pilo-2-golarka-do-ubran-charcoal\/#primaryimage","url":"https:\/\/fluffouterwear.com\/wp-content\/uploads\/2023\/03\/Pilo2_Charcoal-on-white_front-800x1067-1.jpg","contentUrl":"https:\/\/fluffouterwear.com\/wp-content\/uploads\/2023\/03\/Pilo2_Charcoal-on-white_front-800x1067-1.jpg","width":1185,"height":1310},{"@type":"BreadcrumbList","@id":"https:\/\/fluffouterwear.com\/pl\/produkt\/steamery-pilo-2-golarka-do-ubran-charcoal\/#breadcrumb","itemListElement":[{"@type":"ListItem","position":1,"name":"Strona g\u0142\u00f3wna","item":"https:\/\/fluffouterwear.com\/pl\/"},{"@type":"ListItem","position":2,"name":"Sklep","item":"https:\/\/fluffouterwear.com\/pl\/sklep\/"},{"@type":"ListItem","position":3,"name":"STEAMERY Pilo 2 golarka do ubra\u0144 Charcoal"}]},{"@type":"WebSite","@id":"https:\/\/fluffouterwear.com\/pl\/#website","url":"https:\/\/fluffouterwear.com\/pl\/","name":"Fluff","description":"","potentialAction":[{"@type":"SearchAction","target":{"@type":"EntryPoint","urlTemplate":"https:\/\/fluffouterwear.com\/pl\/?s={search_term_string}"},"query-input":{"@type":"PropertyValueSpecification","valueRequired":true,"valueName":"search_term_string"}}],"inLanguage":"pl-PL"}]}},"_links":{"self":[{"href":"https:\/\/fluffouterwear.com\/pl\/wp-json\/wp\/v2\/product\/71290","targetHints":{"allow":["GET"]}}],"collection":[{"href":"https:\/\/fluffouterwear.com\/pl\/wp-json\/wp\/v2\/product"}],"about":[{"href":"https:\/\/fluffouterwear.com\/pl\/wp-json\/wp\/v2\/types\/product"}],"replies":[{"embeddable":true,"href":"https:\/\/fluffouterwear.com\/pl\/wp-json\/wp\/v2\/comments?post=71290"}],"wp:featuredmedia":[{"embeddable":true,"href":"https:\/\/fluffouterwear.com\/pl\/wp-json\/wp\/v2\/media\/74408"}],"wp:attachment":[{"href":"https:\/\/fluffouterwear.com\/pl\/wp-json\/wp\/v2\/media?parent=71290"}],"wp:term":[{"taxonomy":"product_brand","embeddable":true,"href":"https:\/\/fluffouterwear.com\/pl\/wp-json\/wp\/v2\/product_brand?post=71290"},{"taxonomy":"product_cat","embeddable":true,"href":"https:\/\/fluffouterwear.com\/pl\/wp-json\/wp\/v2\/product_cat?post=71290"},{"taxonomy":"product_tag","embeddable":true,"href":"https:\/\/fluffouterwear.com\/pl\/wp-json\/wp\/v2\/product_tag?post=71290"}],"curies":[{"name":"wp","href":"https:\/\/api.w.org\/{rel}","templated":true}]}}