{"id":71673,"date":"2023-03-01T14:28:44","date_gmt":"2023-03-01T13:28:44","guid":{"rendered":"http:\/\/fluffouterwear.com\/?post_type=product&#038;p=71673"},"modified":"2026-04-03T14:14:02","modified_gmt":"2026-04-03T12:14:02","slug":"kamizelka-taliowana-marron-glace","status":"publish","type":"product","link":"https:\/\/fluffouterwear.com\/pl\/produkt\/kamizelka-taliowana-marron-glace\/","title":{"rendered":"Kamizelka taliowana Marron Glace"},"content":{"rendered":"<h4><strong>Lekka kamizelka Fluff z naturalnego puchu dla kobiet<\/strong><\/h4>\n<p>Niezale\u017cnie od tego, czy popijasz herbat\u0119 na tarasie, idziesz do pracy, spacerujesz czy za\u0142atwiasz sprawy po mie\u015bcie, nasza <strong>lekka kamizelka<\/strong> to idealny str\u00f3j na zewn\u0105trz w okresie przej\u015bciowym. Mo\u017cna j\u0105 stylizowa\u0107 na wiele sposob\u00f3w, dzi\u0119ki czemu b\u0119dzie dopasuje si\u0119 do wielu stylizacji. Elastyczny pas z ty\u0142u podkre\u015bla sylwetk\u0119. Wype\u0142nienie w 90% z <strong>g\u0119siego puchu<\/strong> zapewni ciep\u0142o i wygod\u0119 nawet przy zmiennej pogodzie. Przeznaczony do temperatur +5\u00b0C.<\/p>\n<p>Modelka ma na sobie rozmiar M.<\/p>\n","protected":false},"excerpt":{"rendered":"<p>Lekka kamizelka Fluff z naturalnego puchu dla kobiet Niezale\u017cnie od tego, czy popijasz herbat\u0119 na tarasie, idziesz do pracy, spacerujesz czy za\u0142atwiasz sprawy po mie\u015bcie, nasza lekka kamizelka to idealny str\u00f3j na zewn\u0105trz w okresie przej\u015bciowym. Mo\u017cna j\u0105 stylizowa\u0107 na wiele sposob\u00f3w, dzi\u0119ki czemu b\u0119dzie dopasuje si\u0119 do wielu stylizacji. Elastyczny pas z ty\u0142u podkre\u015bla [&#8230;]\n","protected":false},"featured_media":89471,"comment_status":"open","ping_status":"closed","template":"","meta":{"_acf_changed":false},"product_brand":[],"product_cat":[382,1064],"product_tag":[],"class_list":{"0":"post-71673","1":"product","2":"type-product","3":"status-publish","4":"has-post-thumbnail","6":"product_cat-outlet-pl","7":"product_cat-kobieta-pl","9":"first","10":"outofstock","11":"sale","12":"shipping-taxable","13":"purchasable","14":"product-type-variable"},"acf":[],"yoast_head":"<!-- This site is optimized with the Yoast SEO plugin v27.0 - https:\/\/yoast.com\/product\/yoast-seo-wordpress\/ -->\n<title>Kamizelka taliowana Marron Glace - Fluff<\/title>\n<meta name=\"description\" content=\"Damski bezr\u0119kawnik z naturalnego puchu, z dopasowan\u0105 tali\u0105 podkre\u015blaj\u0105c\u0105 sylwetk\u0119. Posiada kieszenie i wysoki ko\u0142nierz. 90% puch g\u0119si, 10% pierze.\" \/>\n<meta name=\"robots\" content=\"index, follow, max-snippet:-1, max-image-preview:large, max-video-preview:-1\" \/>\n<link rel=\"canonical\" href=\"https:\/\/fluffouterwear.com\/pl\/produkt\/kamizelka-taliowana-marron-glace\/\" \/>\n<meta property=\"og:locale\" content=\"pl_PL\" \/>\n<meta property=\"og:type\" content=\"article\" \/>\n<meta property=\"og:title\" content=\"Kamizelka taliowana Marron Glace - Fluff\" \/>\n<meta property=\"og:description\" content=\"Damski bezr\u0119kawnik z naturalnego puchu, z dopasowan\u0105 tali\u0105 podkre\u015blaj\u0105c\u0105 sylwetk\u0119. Posiada kieszenie i wysoki ko\u0142nierz. 90% puch g\u0119si, 10% pierze.\" \/>\n<meta property=\"og:url\" content=\"https:\/\/fluffouterwear.com\/pl\/produkt\/kamizelka-taliowana-marron-glace\/\" \/>\n<meta property=\"og:site_name\" content=\"Fluff\" \/>\n<meta property=\"article:modified_time\" content=\"2026-04-03T12:14:02+00:00\" \/>\n<meta property=\"og:image\" content=\"https:\/\/fluffouterwear.com\/wp-content\/uploads\/2024\/03\/damska-kamizelka-taliowana-marron1.jpg\" \/>\n\t<meta property=\"og:image:width\" content=\"1185\" \/>\n\t<meta property=\"og:image:height\" content=\"1310\" \/>\n\t<meta property=\"og:image:type\" content=\"image\/jpeg\" \/>\n<meta name=\"twitter:card\" content=\"summary_large_image\" \/>\n<meta name=\"twitter:label1\" content=\"Szacowany czas czytania\" \/>\n\t<meta name=\"twitter:data1\" content=\"1 minuta\" \/>\n<script type=\"application\/ld+json\" class=\"yoast-schema-graph\">{\"@context\":\"https:\/\/schema.org\",\"@graph\":[{\"@type\":\"WebPage\",\"@id\":\"https:\/\/fluffouterwear.com\/pl\/produkt\/kamizelka-taliowana-marron-glace\/\",\"url\":\"https:\/\/fluffouterwear.com\/pl\/produkt\/kamizelka-taliowana-marron-glace\/\",\"name\":\"Kamizelka taliowana Marron Glace - Fluff\",\"isPartOf\":{\"@id\":\"https:\/\/fluffouterwear.com\/pl\/#website\"},\"primaryImageOfPage\":{\"@id\":\"https:\/\/fluffouterwear.com\/pl\/produkt\/kamizelka-taliowana-marron-glace\/#primaryimage\"},\"image\":{\"@id\":\"https:\/\/fluffouterwear.com\/pl\/produkt\/kamizelka-taliowana-marron-glace\/#primaryimage\"},\"thumbnailUrl\":\"https:\/\/fluffouterwear.com\/wp-content\/uploads\/2024\/03\/damska-kamizelka-taliowana-marron1.jpg\",\"datePublished\":\"2023-03-01T13:28:44+00:00\",\"dateModified\":\"2026-04-03T12:14:02+00:00\",\"description\":\"Damski bezr\u0119kawnik z naturalnego puchu, z dopasowan\u0105 tali\u0105 podkre\u015blaj\u0105c\u0105 sylwetk\u0119. Posiada kieszenie i wysoki ko\u0142nierz. 90% puch g\u0119si, 10% pierze.\",\"breadcrumb\":{\"@id\":\"https:\/\/fluffouterwear.com\/pl\/produkt\/kamizelka-taliowana-marron-glace\/#breadcrumb\"},\"inLanguage\":\"pl-PL\",\"potentialAction\":[{\"@type\":\"ReadAction\",\"target\":[\"https:\/\/fluffouterwear.com\/pl\/produkt\/kamizelka-taliowana-marron-glace\/\"]}]},{\"@type\":\"ImageObject\",\"inLanguage\":\"pl-PL\",\"@id\":\"https:\/\/fluffouterwear.com\/pl\/produkt\/kamizelka-taliowana-marron-glace\/#primaryimage\",\"url\":\"https:\/\/fluffouterwear.com\/wp-content\/uploads\/2024\/03\/damska-kamizelka-taliowana-marron1.jpg\",\"contentUrl\":\"https:\/\/fluffouterwear.com\/wp-content\/uploads\/2024\/03\/damska-kamizelka-taliowana-marron1.jpg\",\"width\":1185,\"height\":1310,\"caption\":\"Kamizelka puchowa, z gumk\u0105 w talii i wysokim ko\u0142nierzem. Zapinana na suwak z listw\u0105 na napy; dwie kieszenie przednie. Standardowa d\u0142ugo\u015b\u0107.\"},{\"@type\":\"BreadcrumbList\",\"@id\":\"https:\/\/fluffouterwear.com\/pl\/produkt\/kamizelka-taliowana-marron-glace\/#breadcrumb\",\"itemListElement\":[{\"@type\":\"ListItem\",\"position\":1,\"name\":\"Strona g\u0142\u00f3wna\",\"item\":\"https:\/\/fluffouterwear.com\/pl\/\"},{\"@type\":\"ListItem\",\"position\":2,\"name\":\"Sklep\",\"item\":\"https:\/\/fluffouterwear.com\/pl\/sklep\/\"},{\"@type\":\"ListItem\",\"position\":3,\"name\":\"Kamizelka taliowana Marron Glace\"}]},{\"@type\":\"WebSite\",\"@id\":\"https:\/\/fluffouterwear.com\/pl\/#website\",\"url\":\"https:\/\/fluffouterwear.com\/pl\/\",\"name\":\"Fluff\",\"description\":\"\",\"potentialAction\":[{\"@type\":\"SearchAction\",\"target\":{\"@type\":\"EntryPoint\",\"urlTemplate\":\"https:\/\/fluffouterwear.com\/pl\/?s={search_term_string}\"},\"query-input\":{\"@type\":\"PropertyValueSpecification\",\"valueRequired\":true,\"valueName\":\"search_term_string\"}}],\"inLanguage\":\"pl-PL\"}]}<\/script>\n<!-- \/ Yoast SEO plugin. -->","yoast_head_json":{"title":"Kamizelka taliowana Marron Glace - Fluff","description":"Damski bezr\u0119kawnik z naturalnego puchu, z dopasowan\u0105 tali\u0105 podkre\u015blaj\u0105c\u0105 sylwetk\u0119. Posiada kieszenie i wysoki ko\u0142nierz. 90% puch g\u0119si, 10% pierze.","robots":{"index":"index","follow":"follow","max-snippet":"max-snippet:-1","max-image-preview":"max-image-preview:large","max-video-preview":"max-video-preview:-1"},"canonical":"https:\/\/fluffouterwear.com\/pl\/produkt\/kamizelka-taliowana-marron-glace\/","og_locale":"pl_PL","og_type":"article","og_title":"Kamizelka taliowana Marron Glace - Fluff","og_description":"Damski bezr\u0119kawnik z naturalnego puchu, z dopasowan\u0105 tali\u0105 podkre\u015blaj\u0105c\u0105 sylwetk\u0119. Posiada kieszenie i wysoki ko\u0142nierz. 90% puch g\u0119si, 10% pierze.","og_url":"https:\/\/fluffouterwear.com\/pl\/produkt\/kamizelka-taliowana-marron-glace\/","og_site_name":"Fluff","article_modified_time":"2026-04-03T12:14:02+00:00","og_image":[{"width":1185,"height":1310,"url":"https:\/\/fluffouterwear.com\/wp-content\/uploads\/2024\/03\/damska-kamizelka-taliowana-marron1.jpg","type":"image\/jpeg"}],"twitter_card":"summary_large_image","twitter_misc":{"Szacowany czas czytania":"1 minuta"},"schema":{"@context":"https:\/\/schema.org","@graph":[{"@type":"WebPage","@id":"https:\/\/fluffouterwear.com\/pl\/produkt\/kamizelka-taliowana-marron-glace\/","url":"https:\/\/fluffouterwear.com\/pl\/produkt\/kamizelka-taliowana-marron-glace\/","name":"Kamizelka taliowana Marron Glace - Fluff","isPartOf":{"@id":"https:\/\/fluffouterwear.com\/pl\/#website"},"primaryImageOfPage":{"@id":"https:\/\/fluffouterwear.com\/pl\/produkt\/kamizelka-taliowana-marron-glace\/#primaryimage"},"image":{"@id":"https:\/\/fluffouterwear.com\/pl\/produkt\/kamizelka-taliowana-marron-glace\/#primaryimage"},"thumbnailUrl":"https:\/\/fluffouterwear.com\/wp-content\/uploads\/2024\/03\/damska-kamizelka-taliowana-marron1.jpg","datePublished":"2023-03-01T13:28:44+00:00","dateModified":"2026-04-03T12:14:02+00:00","description":"Damski bezr\u0119kawnik z naturalnego puchu, z dopasowan\u0105 tali\u0105 podkre\u015blaj\u0105c\u0105 sylwetk\u0119. Posiada kieszenie i wysoki ko\u0142nierz. 90% puch g\u0119si, 10% pierze.","breadcrumb":{"@id":"https:\/\/fluffouterwear.com\/pl\/produkt\/kamizelka-taliowana-marron-glace\/#breadcrumb"},"inLanguage":"pl-PL","potentialAction":[{"@type":"ReadAction","target":["https:\/\/fluffouterwear.com\/pl\/produkt\/kamizelka-taliowana-marron-glace\/"]}]},{"@type":"ImageObject","inLanguage":"pl-PL","@id":"https:\/\/fluffouterwear.com\/pl\/produkt\/kamizelka-taliowana-marron-glace\/#primaryimage","url":"https:\/\/fluffouterwear.com\/wp-content\/uploads\/2024\/03\/damska-kamizelka-taliowana-marron1.jpg","contentUrl":"https:\/\/fluffouterwear.com\/wp-content\/uploads\/2024\/03\/damska-kamizelka-taliowana-marron1.jpg","width":1185,"height":1310,"caption":"Kamizelka puchowa, z gumk\u0105 w talii i wysokim ko\u0142nierzem. Zapinana na suwak z listw\u0105 na napy; dwie kieszenie przednie. Standardowa d\u0142ugo\u015b\u0107."},{"@type":"BreadcrumbList","@id":"https:\/\/fluffouterwear.com\/pl\/produkt\/kamizelka-taliowana-marron-glace\/#breadcrumb","itemListElement":[{"@type":"ListItem","position":1,"name":"Strona g\u0142\u00f3wna","item":"https:\/\/fluffouterwear.com\/pl\/"},{"@type":"ListItem","position":2,"name":"Sklep","item":"https:\/\/fluffouterwear.com\/pl\/sklep\/"},{"@type":"ListItem","position":3,"name":"Kamizelka taliowana Marron Glace"}]},{"@type":"WebSite","@id":"https:\/\/fluffouterwear.com\/pl\/#website","url":"https:\/\/fluffouterwear.com\/pl\/","name":"Fluff","description":"","potentialAction":[{"@type":"SearchAction","target":{"@type":"EntryPoint","urlTemplate":"https:\/\/fluffouterwear.com\/pl\/?s={search_term_string}"},"query-input":{"@type":"PropertyValueSpecification","valueRequired":true,"valueName":"search_term_string"}}],"inLanguage":"pl-PL"}]}},"_links":{"self":[{"href":"https:\/\/fluffouterwear.com\/pl\/wp-json\/wp\/v2\/product\/71673","targetHints":{"allow":["GET"]}}],"collection":[{"href":"https:\/\/fluffouterwear.com\/pl\/wp-json\/wp\/v2\/product"}],"about":[{"href":"https:\/\/fluffouterwear.com\/pl\/wp-json\/wp\/v2\/types\/product"}],"replies":[{"embeddable":true,"href":"https:\/\/fluffouterwear.com\/pl\/wp-json\/wp\/v2\/comments?post=71673"}],"wp:featuredmedia":[{"embeddable":true,"href":"https:\/\/fluffouterwear.com\/pl\/wp-json\/wp\/v2\/media\/89471"}],"wp:attachment":[{"href":"https:\/\/fluffouterwear.com\/pl\/wp-json\/wp\/v2\/media?parent=71673"}],"wp:term":[{"taxonomy":"product_brand","embeddable":true,"href":"https:\/\/fluffouterwear.com\/pl\/wp-json\/wp\/v2\/product_brand?post=71673"},{"taxonomy":"product_cat","embeddable":true,"href":"https:\/\/fluffouterwear.com\/pl\/wp-json\/wp\/v2\/product_cat?post=71673"},{"taxonomy":"product_tag","embeddable":true,"href":"https:\/\/fluffouterwear.com\/pl\/wp-json\/wp\/v2\/product_tag?post=71673"}],"curies":[{"name":"wp","href":"https:\/\/api.w.org\/{rel}","templated":true}]}}