{"id":77478,"date":"2023-06-23T10:15:35","date_gmt":"2023-06-23T08:15:35","guid":{"rendered":"http:\/\/fluffouterwear.com\/?post_type=product&#038;p=77478"},"modified":"2026-04-19T16:56:27","modified_gmt":"2026-04-19T14:56:27","slug":"dzieciecy-kombinezon-z-filtrem-uv","status":"publish","type":"product","link":"https:\/\/fluffouterwear.com\/pl\/produkt\/dzieciecy-kombinezon-z-filtrem-uv\/","title":{"rendered":"Kostium k\u0105pielowy z filtrem UV50+"},"content":{"rendered":"<h3 id=\"tw-target-text\" class=\"tw-data-text tw-text-large tw-ta\" dir=\"ltr\" data-placeholder=\"T\u0142umaczenie\"><span class=\"Y2IQFc\" lang=\"pl\"><strong>Jednocz\u0119\u015bciowy kostium k\u0105pielowy z filtrem UV dla dzieci<\/strong> <\/span><\/h3>\n<p class=\"tw-data-text tw-text-large tw-ta\" dir=\"ltr\" data-placeholder=\"T\u0142umaczenie\"><span class=\"Y2IQFc\" lang=\"pl\">Ochrona sk\u00f3ry przed s\u0142o\u0144cem jest bardzo wa\u017cna i zaleca si\u0119 stosowanie krem\u00f3w z filtrem SPF30 przez ca\u0142y rok. Mimo to nasza sk\u00f3ra potrzebuje dodatkowego wsparcia i ochrony, zw\u0142aszcza latem. Upewnij si\u0119, \u017ce Twoje dzieci maj\u0105 na sobie odzie\u017c i <strong>stroje k\u0105pielowe z filtrem UPF 50+<\/strong>, aby chroni\u0107 je przed promieniowaniem UV. <\/span><\/p>\n<p class=\"tw-data-text tw-text-large tw-ta\" dir=\"ltr\" data-placeholder=\"T\u0142umaczenie\"><span class=\"Y2IQFc\" lang=\"pl\">Nasz jednocz\u0119\u015bciowy <strong>str\u00f3j k\u0105pielowy<\/strong> to po prostu idealny element do zabaw w wodzie i na pla\u017cy. Mo\u017cesz mie\u0107 pewno\u015b\u0107, \u017ce dzi\u0119ki temu <strong>kostiumowi k\u0105pielowemu UPF 50<\/strong> delikatna, m\u0142oda sk\u00f3ra Twojego dziecka b\u0119dzie chroniona przed promieniami UV. <\/span><\/p>\n<p class=\"tw-data-text tw-text-large tw-ta\" dir=\"ltr\" data-placeholder=\"T\u0142umaczenie\"><span class=\"Y2IQFc\" lang=\"pl\">Wygodny kr\u00f3j, zabawne kolory i pe\u0142na ochrona przed s\u0142o\u0144cem to cechy naszego jednocz\u0119\u015bciowego <strong>kostiumu k\u0105pielowego UV.<\/strong> <\/span><\/p>\n","protected":false},"excerpt":{"rendered":"<p><span data-text-color=\"success\">Najni\u017csza cena z ostatnich 30 dni: 299 z\u0142<\/span><\/p>\n","protected":false},"featured_media":77498,"comment_status":"open","ping_status":"closed","template":"","meta":{"_acf_changed":false},"product_brand":[],"product_cat":[1055,382,1062],"product_tag":[],"class_list":{"0":"post-77478","1":"product","2":"type-product","3":"status-publish","4":"has-post-thumbnail","6":"product_cat-akcesoria-pl-2","7":"product_cat-outlet-pl","8":"product_cat-dzieci","10":"first","11":"instock","12":"sale","13":"shipping-taxable","14":"purchasable","15":"product-type-variable"},"acf":[],"yoast_head":"<!-- This site is optimized with the Yoast SEO plugin v27.0 - https:\/\/yoast.com\/product\/yoast-seo-wordpress\/ -->\n<title>Kostium k\u0105pielowy z filtrem UV50+ - Fluff<\/title>\n<meta name=\"robots\" content=\"index, follow, max-snippet:-1, max-image-preview:large, max-video-preview:-1\" \/>\n<link rel=\"canonical\" href=\"https:\/\/fluffouterwear.com\/pl\/produkt\/dzieciecy-kombinezon-z-filtrem-uv\/\" \/>\n<meta property=\"og:locale\" content=\"pl_PL\" \/>\n<meta property=\"og:type\" content=\"article\" \/>\n<meta property=\"og:title\" content=\"Kostium k\u0105pielowy z filtrem UV50+ - Fluff\" \/>\n<meta property=\"og:description\" content=\"Najni\u017csza cena z ostatnich 30 dni: 299 z\u0142\" \/>\n<meta property=\"og:url\" content=\"https:\/\/fluffouterwear.com\/pl\/produkt\/dzieciecy-kombinezon-z-filtrem-uv\/\" \/>\n<meta property=\"og:site_name\" content=\"Fluff\" \/>\n<meta property=\"article:modified_time\" content=\"2026-04-19T14:56:27+00:00\" \/>\n<meta property=\"og:image\" content=\"https:\/\/fluffouterwear.com\/wp-content\/uploads\/2023\/06\/kids-uv-swimsuit-2.jpg\" \/>\n\t<meta property=\"og:image:width\" content=\"1185\" \/>\n\t<meta property=\"og:image:height\" content=\"1310\" \/>\n\t<meta property=\"og:image:type\" content=\"image\/jpeg\" \/>\n<meta name=\"twitter:card\" content=\"summary_large_image\" \/>\n<meta name=\"twitter:label1\" content=\"Szacowany czas czytania\" \/>\n\t<meta name=\"twitter:data1\" content=\"1 minuta\" \/>\n<script type=\"application\/ld+json\" class=\"yoast-schema-graph\">{\"@context\":\"https:\/\/schema.org\",\"@graph\":[{\"@type\":\"WebPage\",\"@id\":\"https:\/\/fluffouterwear.com\/pl\/produkt\/dzieciecy-kombinezon-z-filtrem-uv\/\",\"url\":\"https:\/\/fluffouterwear.com\/pl\/produkt\/dzieciecy-kombinezon-z-filtrem-uv\/\",\"name\":\"Kostium k\u0105pielowy z filtrem UV50+ - Fluff\",\"isPartOf\":{\"@id\":\"https:\/\/fluffouterwear.com\/pl\/#website\"},\"primaryImageOfPage\":{\"@id\":\"https:\/\/fluffouterwear.com\/pl\/produkt\/dzieciecy-kombinezon-z-filtrem-uv\/#primaryimage\"},\"image\":{\"@id\":\"https:\/\/fluffouterwear.com\/pl\/produkt\/dzieciecy-kombinezon-z-filtrem-uv\/#primaryimage\"},\"thumbnailUrl\":\"https:\/\/fluffouterwear.com\/wp-content\/uploads\/2023\/06\/kids-uv-swimsuit-2.jpg\",\"datePublished\":\"2023-06-23T08:15:35+00:00\",\"dateModified\":\"2026-04-19T14:56:27+00:00\",\"breadcrumb\":{\"@id\":\"https:\/\/fluffouterwear.com\/pl\/produkt\/dzieciecy-kombinezon-z-filtrem-uv\/#breadcrumb\"},\"inLanguage\":\"pl-PL\",\"potentialAction\":[{\"@type\":\"ReadAction\",\"target\":[\"https:\/\/fluffouterwear.com\/pl\/produkt\/dzieciecy-kombinezon-z-filtrem-uv\/\"]}]},{\"@type\":\"ImageObject\",\"inLanguage\":\"pl-PL\",\"@id\":\"https:\/\/fluffouterwear.com\/pl\/produkt\/dzieciecy-kombinezon-z-filtrem-uv\/#primaryimage\",\"url\":\"https:\/\/fluffouterwear.com\/wp-content\/uploads\/2023\/06\/kids-uv-swimsuit-2.jpg\",\"contentUrl\":\"https:\/\/fluffouterwear.com\/wp-content\/uploads\/2023\/06\/kids-uv-swimsuit-2.jpg\",\"width\":1185,\"height\":1310,\"caption\":\"Kostium UV dzieci\u0119cy z r\u0119kawem do \u0142okcia, UV50+, wielokolorowy. Wygodny dzi\u0119ki domieszce elastanu. Zapinany na suwak z tasiemk\u0105.\"},{\"@type\":\"BreadcrumbList\",\"@id\":\"https:\/\/fluffouterwear.com\/pl\/produkt\/dzieciecy-kombinezon-z-filtrem-uv\/#breadcrumb\",\"itemListElement\":[{\"@type\":\"ListItem\",\"position\":1,\"name\":\"Strona g\u0142\u00f3wna\",\"item\":\"https:\/\/fluffouterwear.com\/pl\/\"},{\"@type\":\"ListItem\",\"position\":2,\"name\":\"Sklep\",\"item\":\"https:\/\/fluffouterwear.com\/pl\/sklep\/\"},{\"@type\":\"ListItem\",\"position\":3,\"name\":\"Kostium k\u0105pielowy z filtrem UV50+\"}]},{\"@type\":\"WebSite\",\"@id\":\"https:\/\/fluffouterwear.com\/pl\/#website\",\"url\":\"https:\/\/fluffouterwear.com\/pl\/\",\"name\":\"Fluff\",\"description\":\"\",\"potentialAction\":[{\"@type\":\"SearchAction\",\"target\":{\"@type\":\"EntryPoint\",\"urlTemplate\":\"https:\/\/fluffouterwear.com\/pl\/?s={search_term_string}\"},\"query-input\":{\"@type\":\"PropertyValueSpecification\",\"valueRequired\":true,\"valueName\":\"search_term_string\"}}],\"inLanguage\":\"pl-PL\"}]}<\/script>\n<!-- \/ Yoast SEO plugin. -->","yoast_head_json":{"title":"Kostium k\u0105pielowy z filtrem UV50+ - Fluff","robots":{"index":"index","follow":"follow","max-snippet":"max-snippet:-1","max-image-preview":"max-image-preview:large","max-video-preview":"max-video-preview:-1"},"canonical":"https:\/\/fluffouterwear.com\/pl\/produkt\/dzieciecy-kombinezon-z-filtrem-uv\/","og_locale":"pl_PL","og_type":"article","og_title":"Kostium k\u0105pielowy z filtrem UV50+ - Fluff","og_description":"Najni\u017csza cena z ostatnich 30 dni: 299 z\u0142","og_url":"https:\/\/fluffouterwear.com\/pl\/produkt\/dzieciecy-kombinezon-z-filtrem-uv\/","og_site_name":"Fluff","article_modified_time":"2026-04-19T14:56:27+00:00","og_image":[{"width":1185,"height":1310,"url":"https:\/\/fluffouterwear.com\/wp-content\/uploads\/2023\/06\/kids-uv-swimsuit-2.jpg","type":"image\/jpeg"}],"twitter_card":"summary_large_image","twitter_misc":{"Szacowany czas czytania":"1 minuta"},"schema":{"@context":"https:\/\/schema.org","@graph":[{"@type":"WebPage","@id":"https:\/\/fluffouterwear.com\/pl\/produkt\/dzieciecy-kombinezon-z-filtrem-uv\/","url":"https:\/\/fluffouterwear.com\/pl\/produkt\/dzieciecy-kombinezon-z-filtrem-uv\/","name":"Kostium k\u0105pielowy z filtrem UV50+ - Fluff","isPartOf":{"@id":"https:\/\/fluffouterwear.com\/pl\/#website"},"primaryImageOfPage":{"@id":"https:\/\/fluffouterwear.com\/pl\/produkt\/dzieciecy-kombinezon-z-filtrem-uv\/#primaryimage"},"image":{"@id":"https:\/\/fluffouterwear.com\/pl\/produkt\/dzieciecy-kombinezon-z-filtrem-uv\/#primaryimage"},"thumbnailUrl":"https:\/\/fluffouterwear.com\/wp-content\/uploads\/2023\/06\/kids-uv-swimsuit-2.jpg","datePublished":"2023-06-23T08:15:35+00:00","dateModified":"2026-04-19T14:56:27+00:00","breadcrumb":{"@id":"https:\/\/fluffouterwear.com\/pl\/produkt\/dzieciecy-kombinezon-z-filtrem-uv\/#breadcrumb"},"inLanguage":"pl-PL","potentialAction":[{"@type":"ReadAction","target":["https:\/\/fluffouterwear.com\/pl\/produkt\/dzieciecy-kombinezon-z-filtrem-uv\/"]}]},{"@type":"ImageObject","inLanguage":"pl-PL","@id":"https:\/\/fluffouterwear.com\/pl\/produkt\/dzieciecy-kombinezon-z-filtrem-uv\/#primaryimage","url":"https:\/\/fluffouterwear.com\/wp-content\/uploads\/2023\/06\/kids-uv-swimsuit-2.jpg","contentUrl":"https:\/\/fluffouterwear.com\/wp-content\/uploads\/2023\/06\/kids-uv-swimsuit-2.jpg","width":1185,"height":1310,"caption":"Kostium UV dzieci\u0119cy z r\u0119kawem do \u0142okcia, UV50+, wielokolorowy. Wygodny dzi\u0119ki domieszce elastanu. Zapinany na suwak z tasiemk\u0105."},{"@type":"BreadcrumbList","@id":"https:\/\/fluffouterwear.com\/pl\/produkt\/dzieciecy-kombinezon-z-filtrem-uv\/#breadcrumb","itemListElement":[{"@type":"ListItem","position":1,"name":"Strona g\u0142\u00f3wna","item":"https:\/\/fluffouterwear.com\/pl\/"},{"@type":"ListItem","position":2,"name":"Sklep","item":"https:\/\/fluffouterwear.com\/pl\/sklep\/"},{"@type":"ListItem","position":3,"name":"Kostium k\u0105pielowy z filtrem UV50+"}]},{"@type":"WebSite","@id":"https:\/\/fluffouterwear.com\/pl\/#website","url":"https:\/\/fluffouterwear.com\/pl\/","name":"Fluff","description":"","potentialAction":[{"@type":"SearchAction","target":{"@type":"EntryPoint","urlTemplate":"https:\/\/fluffouterwear.com\/pl\/?s={search_term_string}"},"query-input":{"@type":"PropertyValueSpecification","valueRequired":true,"valueName":"search_term_string"}}],"inLanguage":"pl-PL"}]}},"_links":{"self":[{"href":"https:\/\/fluffouterwear.com\/pl\/wp-json\/wp\/v2\/product\/77478","targetHints":{"allow":["GET"]}}],"collection":[{"href":"https:\/\/fluffouterwear.com\/pl\/wp-json\/wp\/v2\/product"}],"about":[{"href":"https:\/\/fluffouterwear.com\/pl\/wp-json\/wp\/v2\/types\/product"}],"replies":[{"embeddable":true,"href":"https:\/\/fluffouterwear.com\/pl\/wp-json\/wp\/v2\/comments?post=77478"}],"wp:featuredmedia":[{"embeddable":true,"href":"https:\/\/fluffouterwear.com\/pl\/wp-json\/wp\/v2\/media\/77498"}],"wp:attachment":[{"href":"https:\/\/fluffouterwear.com\/pl\/wp-json\/wp\/v2\/media?parent=77478"}],"wp:term":[{"taxonomy":"product_brand","embeddable":true,"href":"https:\/\/fluffouterwear.com\/pl\/wp-json\/wp\/v2\/product_brand?post=77478"},{"taxonomy":"product_cat","embeddable":true,"href":"https:\/\/fluffouterwear.com\/pl\/wp-json\/wp\/v2\/product_cat?post=77478"},{"taxonomy":"product_tag","embeddable":true,"href":"https:\/\/fluffouterwear.com\/pl\/wp-json\/wp\/v2\/product_tag?post=77478"}],"curies":[{"name":"wp","href":"https:\/\/api.w.org\/{rel}","templated":true}]}}