{"id":78801,"date":"2023-08-14T13:12:31","date_gmt":"2023-08-14T11:12:31","guid":{"rendered":"https:\/\/fluffouterwear.com\/?post_type=product&#038;p=78801"},"modified":"2026-04-10T12:19:59","modified_gmt":"2026-04-10T10:19:59","slug":"plaszcz-latte-big-puffer","status":"publish","type":"product","link":"https:\/\/fluffouterwear.com\/pl\/produkt\/plaszcz-latte-big-puffer\/","title":{"rendered":"P\u0142aszcz Big Puffer Latte"},"content":{"rendered":"<h4><strong>Zimowy, puchowy p\u0142aszcz Fluff dla dzieci<\/strong><\/h4>\n<p>Chcesz zapewni\u0107 swojemu dziecku najlepsz\u0105 mo\u017cliw\u0105 ochron\u0119 przed mrozem oraz pe\u0142en komfort i beztrosk\u0119 podczas szalonych zabaw na \u015bniegu?<b> Puchowy p\u0142aszcz dzieci\u0119cy <\/b>&#8211; jeden z prawdziwych bestseller\u00f3w FLUFF &#8211; idealnie spe\u0142ni si\u0119 w tej funkcji.<\/p>\n<p>Klasyczny, prosty kr\u00f3j <b>p\u0142aszcza dzieci\u0119cego FLUFF<\/b> z podwy\u017cszonym podbr\u00f3dkiem i g\u0142\u0119bokim kapturem pozwala zachowa\u0107 swobod\u0119 ruch\u00f3w, jednocze\u015bnie skutecznie os\u0142aniaj\u0105c wra\u017cliwe partie cia\u0142a przed przejmuj\u0105cym zimnem. Dla bezpiecze\u0144stwa Twojego malucha ten <b>zimowy<\/b> <b>p\u0142aszczyk<\/b> wzbogacili\u015bmy te\u017c o elementy odblaskowe z gumy pochodz\u0105cej z recyklingu &#8211; to naszywka z naszym logo i zawieszka na zamek. Wype\u0142nienie z <strong>naturalnego puchu g\u0119siego<\/strong> o optymalnym sk\u0142adzie gwarantuje niezawodn\u0105 ochron\u0119 przed zimnem nawet w najbardziej mro\u017ane dni, gdy temperatura spada do -20 st. C.<\/p>\n<p>Uwaga! P\u0142aszcze <em>basic<\/em> i <em>big puffer<\/em> r\u00f3\u017cni\u0105 si\u0119 wy\u0142\u0105cznie wizualnie \u2013 szeroko\u015bci\u0105 pikowa\u0144. Obie wersje s\u0105 posiadaj\u0105 tak\u0105 sam\u0105 ilo\u015b\u0107 wype\u0142nienia.<\/p>\n","protected":false},"excerpt":{"rendered":"<p>Zimowy, puchowy p\u0142aszcz Fluff dla dzieci Chcesz zapewni\u0107 swojemu dziecku najlepsz\u0105 mo\u017cliw\u0105 ochron\u0119 przed mrozem oraz pe\u0142en komfort i beztrosk\u0119 podczas szalonych zabaw na \u015bniegu? Puchowy p\u0142aszcz dzieci\u0119cy &#8211; jeden z prawdziwych bestseller\u00f3w FLUFF &#8211; idealnie spe\u0142ni si\u0119 w tej funkcji. Klasyczny, prosty kr\u00f3j p\u0142aszcza dzieci\u0119cego FLUFF z podwy\u017cszonym podbr\u00f3dkiem i g\u0142\u0119bokim kapturem pozwala zachowa\u0107 [&#8230;]\n","protected":false},"featured_media":96364,"comment_status":"open","ping_status":"closed","template":"","meta":{"_acf_changed":false},"product_brand":[],"product_cat":[382,1062],"product_tag":[1407],"class_list":{"0":"post-78801","1":"product","2":"type-product","3":"status-publish","4":"has-post-thumbnail","6":"product_cat-outlet-pl","7":"product_cat-dzieci","8":"product_tag-kpla","10":"first","11":"instock","12":"sale","13":"shipping-taxable","14":"purchasable","15":"product-type-variable"},"acf":[],"yoast_head":"<!-- This site is optimized with the Yoast SEO plugin v27.0 - https:\/\/yoast.com\/product\/yoast-seo-wordpress\/ -->\n<title>P\u0142aszcz Big Puffer Latte - Fluff<\/title>\n<meta name=\"description\" content=\"Ciep\u0142y dzieci\u0119cy p\u0142aszcz puchowy o prostym, klasycznym i niezwykle wygodnym kroju, kt\u00f3ry pozwoli Twojemu dziecku korzysta\u0107 z urok\u00f3w zimy.\" \/>\n<meta name=\"robots\" content=\"index, follow, max-snippet:-1, max-image-preview:large, max-video-preview:-1\" \/>\n<link rel=\"canonical\" href=\"https:\/\/fluffouterwear.com\/pl\/produkt\/plaszcz-latte-big-puffer\/\" \/>\n<meta property=\"og:locale\" content=\"pl_PL\" \/>\n<meta property=\"og:type\" content=\"article\" \/>\n<meta property=\"og:title\" content=\"P\u0142aszcz Big Puffer Latte - Fluff\" \/>\n<meta property=\"og:description\" content=\"Ciep\u0142y dzieci\u0119cy p\u0142aszcz puchowy o prostym, klasycznym i niezwykle wygodnym kroju, kt\u00f3ry pozwoli Twojemu dziecku korzysta\u0107 z urok\u00f3w zimy.\" \/>\n<meta property=\"og:url\" content=\"https:\/\/fluffouterwear.com\/pl\/produkt\/plaszcz-latte-big-puffer\/\" \/>\n<meta property=\"og:site_name\" content=\"Fluff\" \/>\n<meta property=\"article:modified_time\" content=\"2026-04-10T10:19:59+00:00\" \/>\n<meta property=\"og:image\" content=\"https:\/\/fluffouterwear.com\/wp-content\/uploads\/2024\/09\/dzieciecy-plaszcz-big-puffer-latte.jpg\" \/>\n\t<meta property=\"og:image:width\" content=\"1185\" \/>\n\t<meta property=\"og:image:height\" content=\"1310\" \/>\n\t<meta property=\"og:image:type\" content=\"image\/jpeg\" \/>\n<meta name=\"twitter:card\" content=\"summary_large_image\" \/>\n<meta name=\"twitter:label1\" content=\"Szacowany czas czytania\" \/>\n\t<meta name=\"twitter:data1\" content=\"1 minuta\" \/>\n<script type=\"application\/ld+json\" class=\"yoast-schema-graph\">{\"@context\":\"https:\/\/schema.org\",\"@graph\":[{\"@type\":\"WebPage\",\"@id\":\"https:\/\/fluffouterwear.com\/pl\/produkt\/plaszcz-latte-big-puffer\/\",\"url\":\"https:\/\/fluffouterwear.com\/pl\/produkt\/plaszcz-latte-big-puffer\/\",\"name\":\"P\u0142aszcz Big Puffer Latte - Fluff\",\"isPartOf\":{\"@id\":\"https:\/\/fluffouterwear.com\/pl\/#website\"},\"primaryImageOfPage\":{\"@id\":\"https:\/\/fluffouterwear.com\/pl\/produkt\/plaszcz-latte-big-puffer\/#primaryimage\"},\"image\":{\"@id\":\"https:\/\/fluffouterwear.com\/pl\/produkt\/plaszcz-latte-big-puffer\/#primaryimage\"},\"thumbnailUrl\":\"https:\/\/fluffouterwear.com\/wp-content\/uploads\/2024\/09\/dzieciecy-plaszcz-big-puffer-latte.jpg\",\"datePublished\":\"2023-08-14T11:12:31+00:00\",\"dateModified\":\"2026-04-10T10:19:59+00:00\",\"description\":\"Ciep\u0142y dzieci\u0119cy p\u0142aszcz puchowy o prostym, klasycznym i niezwykle wygodnym kroju, kt\u00f3ry pozwoli Twojemu dziecku korzysta\u0107 z urok\u00f3w zimy.\",\"breadcrumb\":{\"@id\":\"https:\/\/fluffouterwear.com\/pl\/produkt\/plaszcz-latte-big-puffer\/#breadcrumb\"},\"inLanguage\":\"pl-PL\",\"potentialAction\":[{\"@type\":\"ReadAction\",\"target\":[\"https:\/\/fluffouterwear.com\/pl\/produkt\/plaszcz-latte-big-puffer\/\"]}]},{\"@type\":\"ImageObject\",\"inLanguage\":\"pl-PL\",\"@id\":\"https:\/\/fluffouterwear.com\/pl\/produkt\/plaszcz-latte-big-puffer\/#primaryimage\",\"url\":\"https:\/\/fluffouterwear.com\/wp-content\/uploads\/2024\/09\/dzieciecy-plaszcz-big-puffer-latte.jpg\",\"contentUrl\":\"https:\/\/fluffouterwear.com\/wp-content\/uploads\/2024\/09\/dzieciecy-plaszcz-big-puffer-latte.jpg\",\"width\":1185,\"height\":1310},{\"@type\":\"BreadcrumbList\",\"@id\":\"https:\/\/fluffouterwear.com\/pl\/produkt\/plaszcz-latte-big-puffer\/#breadcrumb\",\"itemListElement\":[{\"@type\":\"ListItem\",\"position\":1,\"name\":\"Strona g\u0142\u00f3wna\",\"item\":\"https:\/\/fluffouterwear.com\/pl\/\"},{\"@type\":\"ListItem\",\"position\":2,\"name\":\"Sklep\",\"item\":\"https:\/\/fluffouterwear.com\/pl\/sklep\/\"},{\"@type\":\"ListItem\",\"position\":3,\"name\":\"P\u0142aszcz Big Puffer Latte\"}]},{\"@type\":\"WebSite\",\"@id\":\"https:\/\/fluffouterwear.com\/pl\/#website\",\"url\":\"https:\/\/fluffouterwear.com\/pl\/\",\"name\":\"Fluff\",\"description\":\"\",\"potentialAction\":[{\"@type\":\"SearchAction\",\"target\":{\"@type\":\"EntryPoint\",\"urlTemplate\":\"https:\/\/fluffouterwear.com\/pl\/?s={search_term_string}\"},\"query-input\":{\"@type\":\"PropertyValueSpecification\",\"valueRequired\":true,\"valueName\":\"search_term_string\"}}],\"inLanguage\":\"pl-PL\"}]}<\/script>\n<!-- \/ Yoast SEO plugin. -->","yoast_head_json":{"title":"P\u0142aszcz Big Puffer Latte - Fluff","description":"Ciep\u0142y dzieci\u0119cy p\u0142aszcz puchowy o prostym, klasycznym i niezwykle wygodnym kroju, kt\u00f3ry pozwoli Twojemu dziecku korzysta\u0107 z urok\u00f3w zimy.","robots":{"index":"index","follow":"follow","max-snippet":"max-snippet:-1","max-image-preview":"max-image-preview:large","max-video-preview":"max-video-preview:-1"},"canonical":"https:\/\/fluffouterwear.com\/pl\/produkt\/plaszcz-latte-big-puffer\/","og_locale":"pl_PL","og_type":"article","og_title":"P\u0142aszcz Big Puffer Latte - Fluff","og_description":"Ciep\u0142y dzieci\u0119cy p\u0142aszcz puchowy o prostym, klasycznym i niezwykle wygodnym kroju, kt\u00f3ry pozwoli Twojemu dziecku korzysta\u0107 z urok\u00f3w zimy.","og_url":"https:\/\/fluffouterwear.com\/pl\/produkt\/plaszcz-latte-big-puffer\/","og_site_name":"Fluff","article_modified_time":"2026-04-10T10:19:59+00:00","og_image":[{"width":1185,"height":1310,"url":"https:\/\/fluffouterwear.com\/wp-content\/uploads\/2024\/09\/dzieciecy-plaszcz-big-puffer-latte.jpg","type":"image\/jpeg"}],"twitter_card":"summary_large_image","twitter_misc":{"Szacowany czas czytania":"1 minuta"},"schema":{"@context":"https:\/\/schema.org","@graph":[{"@type":"WebPage","@id":"https:\/\/fluffouterwear.com\/pl\/produkt\/plaszcz-latte-big-puffer\/","url":"https:\/\/fluffouterwear.com\/pl\/produkt\/plaszcz-latte-big-puffer\/","name":"P\u0142aszcz Big Puffer Latte - Fluff","isPartOf":{"@id":"https:\/\/fluffouterwear.com\/pl\/#website"},"primaryImageOfPage":{"@id":"https:\/\/fluffouterwear.com\/pl\/produkt\/plaszcz-latte-big-puffer\/#primaryimage"},"image":{"@id":"https:\/\/fluffouterwear.com\/pl\/produkt\/plaszcz-latte-big-puffer\/#primaryimage"},"thumbnailUrl":"https:\/\/fluffouterwear.com\/wp-content\/uploads\/2024\/09\/dzieciecy-plaszcz-big-puffer-latte.jpg","datePublished":"2023-08-14T11:12:31+00:00","dateModified":"2026-04-10T10:19:59+00:00","description":"Ciep\u0142y dzieci\u0119cy p\u0142aszcz puchowy o prostym, klasycznym i niezwykle wygodnym kroju, kt\u00f3ry pozwoli Twojemu dziecku korzysta\u0107 z urok\u00f3w zimy.","breadcrumb":{"@id":"https:\/\/fluffouterwear.com\/pl\/produkt\/plaszcz-latte-big-puffer\/#breadcrumb"},"inLanguage":"pl-PL","potentialAction":[{"@type":"ReadAction","target":["https:\/\/fluffouterwear.com\/pl\/produkt\/plaszcz-latte-big-puffer\/"]}]},{"@type":"ImageObject","inLanguage":"pl-PL","@id":"https:\/\/fluffouterwear.com\/pl\/produkt\/plaszcz-latte-big-puffer\/#primaryimage","url":"https:\/\/fluffouterwear.com\/wp-content\/uploads\/2024\/09\/dzieciecy-plaszcz-big-puffer-latte.jpg","contentUrl":"https:\/\/fluffouterwear.com\/wp-content\/uploads\/2024\/09\/dzieciecy-plaszcz-big-puffer-latte.jpg","width":1185,"height":1310},{"@type":"BreadcrumbList","@id":"https:\/\/fluffouterwear.com\/pl\/produkt\/plaszcz-latte-big-puffer\/#breadcrumb","itemListElement":[{"@type":"ListItem","position":1,"name":"Strona g\u0142\u00f3wna","item":"https:\/\/fluffouterwear.com\/pl\/"},{"@type":"ListItem","position":2,"name":"Sklep","item":"https:\/\/fluffouterwear.com\/pl\/sklep\/"},{"@type":"ListItem","position":3,"name":"P\u0142aszcz Big Puffer Latte"}]},{"@type":"WebSite","@id":"https:\/\/fluffouterwear.com\/pl\/#website","url":"https:\/\/fluffouterwear.com\/pl\/","name":"Fluff","description":"","potentialAction":[{"@type":"SearchAction","target":{"@type":"EntryPoint","urlTemplate":"https:\/\/fluffouterwear.com\/pl\/?s={search_term_string}"},"query-input":{"@type":"PropertyValueSpecification","valueRequired":true,"valueName":"search_term_string"}}],"inLanguage":"pl-PL"}]}},"_links":{"self":[{"href":"https:\/\/fluffouterwear.com\/pl\/wp-json\/wp\/v2\/product\/78801","targetHints":{"allow":["GET"]}}],"collection":[{"href":"https:\/\/fluffouterwear.com\/pl\/wp-json\/wp\/v2\/product"}],"about":[{"href":"https:\/\/fluffouterwear.com\/pl\/wp-json\/wp\/v2\/types\/product"}],"replies":[{"embeddable":true,"href":"https:\/\/fluffouterwear.com\/pl\/wp-json\/wp\/v2\/comments?post=78801"}],"wp:featuredmedia":[{"embeddable":true,"href":"https:\/\/fluffouterwear.com\/pl\/wp-json\/wp\/v2\/media\/96364"}],"wp:attachment":[{"href":"https:\/\/fluffouterwear.com\/pl\/wp-json\/wp\/v2\/media?parent=78801"}],"wp:term":[{"taxonomy":"product_brand","embeddable":true,"href":"https:\/\/fluffouterwear.com\/pl\/wp-json\/wp\/v2\/product_brand?post=78801"},{"taxonomy":"product_cat","embeddable":true,"href":"https:\/\/fluffouterwear.com\/pl\/wp-json\/wp\/v2\/product_cat?post=78801"},{"taxonomy":"product_tag","embeddable":true,"href":"https:\/\/fluffouterwear.com\/pl\/wp-json\/wp\/v2\/product_tag?post=78801"}],"curies":[{"name":"wp","href":"https:\/\/api.w.org\/{rel}","templated":true}]}}