{"id":78873,"date":"2023-08-14T13:34:58","date_gmt":"2023-08-14T11:34:58","guid":{"rendered":"https:\/\/fluffouterwear.com\/?post_type=product&#038;p=78873"},"modified":"2026-04-03T10:48:53","modified_gmt":"2026-04-03T08:48:53","slug":"spodnie-marron-glace","status":"publish","type":"product","link":"https:\/\/fluffouterwear.com\/pl\/produkt\/spodnie-marron-glace\/","title":{"rendered":"Spodnie Marron Glace"},"content":{"rendered":"<h4><strong>Puchowe spodnie ogrodniczki<\/strong><\/h4>\n<p>Te <strong>puchowe ogrodniczki<\/strong> \u015bwietnie sprawdz\u0105 si\u0119 jako dodatkowa ochrona przed zimnem, gdy doskwiera mr\u00f3z. Regulowane rami\u0105czka, suwak dla wygody podczas ubierania si\u0119 oraz zapi\u0119tki w nogawkach sprawi\u0105, \u017ce Twojemu dziecku b\u0119dzie wygodnie a jednocze\u015bnie jego ruchy nie b\u0119d\u0105 ograniczone. Te <strong>puchowe spodnie<\/strong> mo\u017cna swobodnie zestawia\u0107 ze wszystkimi modelami naszych kurtek Fluff.<\/p>\n<p>Zachowaj ciep\u0142o i komfort podczas mroz\u00f3w, kiedy temperatury spadaj\u0105 do -20 \u00b0 C. Nasze zimowe produkty sprawi\u0105, \u017ce zima stanie si\u0119 Twoj\u0105 ulubion\u0105 por\u0105 roku!<\/p>\n<p><strong>Wybierz rozmiar zgodny ze wzrostem dziecka.<\/strong><\/p>\n","protected":false},"excerpt":{"rendered":"<p>Puchowe spodnie ogrodniczki Te puchowe ogrodniczki \u015bwietnie sprawdz\u0105 si\u0119 jako dodatkowa ochrona przed zimnem, gdy doskwiera mr\u00f3z. Regulowane rami\u0105czka, suwak dla wygody podczas ubierania si\u0119 oraz zapi\u0119tki w nogawkach sprawi\u0105, \u017ce Twojemu dziecku b\u0119dzie wygodnie a jednocze\u015bnie jego ruchy nie b\u0119d\u0105 ograniczone. Te puchowe spodnie mo\u017cna swobodnie zestawia\u0107 ze wszystkimi modelami naszych kurtek Fluff. Zachowaj [&#8230;]\n","protected":false},"featured_media":80572,"comment_status":"open","ping_status":"closed","template":"","meta":{"_acf_changed":false},"product_brand":[],"product_cat":[382,1062],"product_tag":[1407],"class_list":{"0":"post-78873","1":"product","2":"type-product","3":"status-publish","4":"has-post-thumbnail","6":"product_cat-outlet-pl","7":"product_cat-dzieci","8":"product_tag-kpla","10":"first","11":"instock","12":"sale","13":"shipping-taxable","14":"purchasable","15":"product-type-variable"},"acf":[],"yoast_head":"<!-- This site is optimized with the Yoast SEO plugin v27.0 - https:\/\/yoast.com\/product\/yoast-seo-wordpress\/ -->\n<title>Ogrodniczki puchowe Marron Glace - Fluff<\/title>\n<meta name=\"description\" content=\"Zachowaj ciep\u0142o i komfort, gdy temperatury spadaj\u0105 do -20\u00b0C. Nasze produkty sprawi\u0105, \u017ce zima stanie si\u0119 Twoj\u0105 ulubion\u0105 por\u0105 roku!\" \/>\n<meta name=\"robots\" content=\"index, follow, max-snippet:-1, max-image-preview:large, max-video-preview:-1\" \/>\n<link rel=\"canonical\" href=\"https:\/\/fluffouterwear.com\/pl\/produkt\/spodnie-marron-glace\/\" \/>\n<meta property=\"og:locale\" content=\"pl_PL\" \/>\n<meta property=\"og:type\" content=\"article\" \/>\n<meta property=\"og:title\" content=\"Ogrodniczki puchowe Marron Glace - Fluff\" \/>\n<meta property=\"og:description\" content=\"Zachowaj ciep\u0142o i komfort, gdy temperatury spadaj\u0105 do -20\u00b0C. Nasze produkty sprawi\u0105, \u017ce zima stanie si\u0119 Twoj\u0105 ulubion\u0105 por\u0105 roku!\" \/>\n<meta property=\"og:url\" content=\"https:\/\/fluffouterwear.com\/pl\/produkt\/spodnie-marron-glace\/\" \/>\n<meta property=\"og:site_name\" content=\"Fluff\" \/>\n<meta property=\"article:modified_time\" content=\"2026-04-03T08:48:53+00:00\" \/>\n<meta property=\"og:image\" content=\"https:\/\/fluffouterwear.com\/wp-content\/uploads\/2023\/09\/dzieciece-spodnie-zimowe-marron.jpg\" \/>\n\t<meta property=\"og:image:width\" content=\"1185\" \/>\n\t<meta property=\"og:image:height\" content=\"1310\" \/>\n\t<meta property=\"og:image:type\" content=\"image\/jpeg\" \/>\n<meta name=\"twitter:card\" content=\"summary_large_image\" \/>\n<meta name=\"twitter:label1\" content=\"Szacowany czas czytania\" \/>\n\t<meta name=\"twitter:data1\" content=\"1 minuta\" \/>\n<script type=\"application\/ld+json\" class=\"yoast-schema-graph\">{\"@context\":\"https:\/\/schema.org\",\"@graph\":[{\"@type\":\"WebPage\",\"@id\":\"https:\/\/fluffouterwear.com\/pl\/produkt\/spodnie-marron-glace\/\",\"url\":\"https:\/\/fluffouterwear.com\/pl\/produkt\/spodnie-marron-glace\/\",\"name\":\"Ogrodniczki puchowe Marron Glace - Fluff\",\"isPartOf\":{\"@id\":\"https:\/\/fluffouterwear.com\/pl\/#website\"},\"primaryImageOfPage\":{\"@id\":\"https:\/\/fluffouterwear.com\/pl\/produkt\/spodnie-marron-glace\/#primaryimage\"},\"image\":{\"@id\":\"https:\/\/fluffouterwear.com\/pl\/produkt\/spodnie-marron-glace\/#primaryimage\"},\"thumbnailUrl\":\"https:\/\/fluffouterwear.com\/wp-content\/uploads\/2023\/09\/dzieciece-spodnie-zimowe-marron.jpg\",\"datePublished\":\"2023-08-14T11:34:58+00:00\",\"dateModified\":\"2026-04-03T08:48:53+00:00\",\"description\":\"Zachowaj ciep\u0142o i komfort, gdy temperatury spadaj\u0105 do -20\u00b0C. Nasze produkty sprawi\u0105, \u017ce zima stanie si\u0119 Twoj\u0105 ulubion\u0105 por\u0105 roku!\",\"breadcrumb\":{\"@id\":\"https:\/\/fluffouterwear.com\/pl\/produkt\/spodnie-marron-glace\/#breadcrumb\"},\"inLanguage\":\"pl-PL\",\"potentialAction\":[{\"@type\":\"ReadAction\",\"target\":[\"https:\/\/fluffouterwear.com\/pl\/produkt\/spodnie-marron-glace\/\"]}]},{\"@type\":\"ImageObject\",\"inLanguage\":\"pl-PL\",\"@id\":\"https:\/\/fluffouterwear.com\/pl\/produkt\/spodnie-marron-glace\/#primaryimage\",\"url\":\"https:\/\/fluffouterwear.com\/wp-content\/uploads\/2023\/09\/dzieciece-spodnie-zimowe-marron.jpg\",\"contentUrl\":\"https:\/\/fluffouterwear.com\/wp-content\/uploads\/2023\/09\/dzieciece-spodnie-zimowe-marron.jpg\",\"width\":1185,\"height\":1310,\"caption\":\"Dzieci\u0119ce spodnie puchowe ogrodniczki ze wzmocnieniem, Marron Glace\"},{\"@type\":\"BreadcrumbList\",\"@id\":\"https:\/\/fluffouterwear.com\/pl\/produkt\/spodnie-marron-glace\/#breadcrumb\",\"itemListElement\":[{\"@type\":\"ListItem\",\"position\":1,\"name\":\"Strona g\u0142\u00f3wna\",\"item\":\"https:\/\/fluffouterwear.com\/pl\/\"},{\"@type\":\"ListItem\",\"position\":2,\"name\":\"Sklep\",\"item\":\"https:\/\/fluffouterwear.com\/pl\/sklep\/\"},{\"@type\":\"ListItem\",\"position\":3,\"name\":\"Spodnie Marron Glace\"}]},{\"@type\":\"WebSite\",\"@id\":\"https:\/\/fluffouterwear.com\/pl\/#website\",\"url\":\"https:\/\/fluffouterwear.com\/pl\/\",\"name\":\"Fluff\",\"description\":\"\",\"potentialAction\":[{\"@type\":\"SearchAction\",\"target\":{\"@type\":\"EntryPoint\",\"urlTemplate\":\"https:\/\/fluffouterwear.com\/pl\/?s={search_term_string}\"},\"query-input\":{\"@type\":\"PropertyValueSpecification\",\"valueRequired\":true,\"valueName\":\"search_term_string\"}}],\"inLanguage\":\"pl-PL\"}]}<\/script>\n<!-- \/ Yoast SEO plugin. -->","yoast_head_json":{"title":"Ogrodniczki puchowe Marron Glace - Fluff","description":"Zachowaj ciep\u0142o i komfort, gdy temperatury spadaj\u0105 do -20\u00b0C. Nasze produkty sprawi\u0105, \u017ce zima stanie si\u0119 Twoj\u0105 ulubion\u0105 por\u0105 roku!","robots":{"index":"index","follow":"follow","max-snippet":"max-snippet:-1","max-image-preview":"max-image-preview:large","max-video-preview":"max-video-preview:-1"},"canonical":"https:\/\/fluffouterwear.com\/pl\/produkt\/spodnie-marron-glace\/","og_locale":"pl_PL","og_type":"article","og_title":"Ogrodniczki puchowe Marron Glace - Fluff","og_description":"Zachowaj ciep\u0142o i komfort, gdy temperatury spadaj\u0105 do -20\u00b0C. Nasze produkty sprawi\u0105, \u017ce zima stanie si\u0119 Twoj\u0105 ulubion\u0105 por\u0105 roku!","og_url":"https:\/\/fluffouterwear.com\/pl\/produkt\/spodnie-marron-glace\/","og_site_name":"Fluff","article_modified_time":"2026-04-03T08:48:53+00:00","og_image":[{"width":1185,"height":1310,"url":"https:\/\/fluffouterwear.com\/wp-content\/uploads\/2023\/09\/dzieciece-spodnie-zimowe-marron.jpg","type":"image\/jpeg"}],"twitter_card":"summary_large_image","twitter_misc":{"Szacowany czas czytania":"1 minuta"},"schema":{"@context":"https:\/\/schema.org","@graph":[{"@type":"WebPage","@id":"https:\/\/fluffouterwear.com\/pl\/produkt\/spodnie-marron-glace\/","url":"https:\/\/fluffouterwear.com\/pl\/produkt\/spodnie-marron-glace\/","name":"Ogrodniczki puchowe Marron Glace - Fluff","isPartOf":{"@id":"https:\/\/fluffouterwear.com\/pl\/#website"},"primaryImageOfPage":{"@id":"https:\/\/fluffouterwear.com\/pl\/produkt\/spodnie-marron-glace\/#primaryimage"},"image":{"@id":"https:\/\/fluffouterwear.com\/pl\/produkt\/spodnie-marron-glace\/#primaryimage"},"thumbnailUrl":"https:\/\/fluffouterwear.com\/wp-content\/uploads\/2023\/09\/dzieciece-spodnie-zimowe-marron.jpg","datePublished":"2023-08-14T11:34:58+00:00","dateModified":"2026-04-03T08:48:53+00:00","description":"Zachowaj ciep\u0142o i komfort, gdy temperatury spadaj\u0105 do -20\u00b0C. Nasze produkty sprawi\u0105, \u017ce zima stanie si\u0119 Twoj\u0105 ulubion\u0105 por\u0105 roku!","breadcrumb":{"@id":"https:\/\/fluffouterwear.com\/pl\/produkt\/spodnie-marron-glace\/#breadcrumb"},"inLanguage":"pl-PL","potentialAction":[{"@type":"ReadAction","target":["https:\/\/fluffouterwear.com\/pl\/produkt\/spodnie-marron-glace\/"]}]},{"@type":"ImageObject","inLanguage":"pl-PL","@id":"https:\/\/fluffouterwear.com\/pl\/produkt\/spodnie-marron-glace\/#primaryimage","url":"https:\/\/fluffouterwear.com\/wp-content\/uploads\/2023\/09\/dzieciece-spodnie-zimowe-marron.jpg","contentUrl":"https:\/\/fluffouterwear.com\/wp-content\/uploads\/2023\/09\/dzieciece-spodnie-zimowe-marron.jpg","width":1185,"height":1310,"caption":"Dzieci\u0119ce spodnie puchowe ogrodniczki ze wzmocnieniem, Marron Glace"},{"@type":"BreadcrumbList","@id":"https:\/\/fluffouterwear.com\/pl\/produkt\/spodnie-marron-glace\/#breadcrumb","itemListElement":[{"@type":"ListItem","position":1,"name":"Strona g\u0142\u00f3wna","item":"https:\/\/fluffouterwear.com\/pl\/"},{"@type":"ListItem","position":2,"name":"Sklep","item":"https:\/\/fluffouterwear.com\/pl\/sklep\/"},{"@type":"ListItem","position":3,"name":"Spodnie Marron Glace"}]},{"@type":"WebSite","@id":"https:\/\/fluffouterwear.com\/pl\/#website","url":"https:\/\/fluffouterwear.com\/pl\/","name":"Fluff","description":"","potentialAction":[{"@type":"SearchAction","target":{"@type":"EntryPoint","urlTemplate":"https:\/\/fluffouterwear.com\/pl\/?s={search_term_string}"},"query-input":{"@type":"PropertyValueSpecification","valueRequired":true,"valueName":"search_term_string"}}],"inLanguage":"pl-PL"}]}},"_links":{"self":[{"href":"https:\/\/fluffouterwear.com\/pl\/wp-json\/wp\/v2\/product\/78873","targetHints":{"allow":["GET"]}}],"collection":[{"href":"https:\/\/fluffouterwear.com\/pl\/wp-json\/wp\/v2\/product"}],"about":[{"href":"https:\/\/fluffouterwear.com\/pl\/wp-json\/wp\/v2\/types\/product"}],"replies":[{"embeddable":true,"href":"https:\/\/fluffouterwear.com\/pl\/wp-json\/wp\/v2\/comments?post=78873"}],"wp:featuredmedia":[{"embeddable":true,"href":"https:\/\/fluffouterwear.com\/pl\/wp-json\/wp\/v2\/media\/80572"}],"wp:attachment":[{"href":"https:\/\/fluffouterwear.com\/pl\/wp-json\/wp\/v2\/media?parent=78873"}],"wp:term":[{"taxonomy":"product_brand","embeddable":true,"href":"https:\/\/fluffouterwear.com\/pl\/wp-json\/wp\/v2\/product_brand?post=78873"},{"taxonomy":"product_cat","embeddable":true,"href":"https:\/\/fluffouterwear.com\/pl\/wp-json\/wp\/v2\/product_cat?post=78873"},{"taxonomy":"product_tag","embeddable":true,"href":"https:\/\/fluffouterwear.com\/pl\/wp-json\/wp\/v2\/product_tag?post=78873"}],"curies":[{"name":"wp","href":"https:\/\/api.w.org\/{rel}","templated":true}]}}