{"id":78900,"date":"2023-08-14T14:13:54","date_gmt":"2023-08-14T12:13:54","guid":{"rendered":"https:\/\/fluffouterwear.com\/?post_type=product&#038;p=78900"},"modified":"2026-04-08T12:58:47","modified_gmt":"2026-04-08T10:58:47","slug":"kurtka-campana-marron-glace","status":"publish","type":"product","link":"https:\/\/fluffouterwear.com\/pl\/produkt\/kurtka-campana-marron-glace\/","title":{"rendered":"Kurtka Campana Marron Glace"},"content":{"rendered":"<h4><strong>Kurtka puchowa z rozszerzanym do\u0142em<\/strong><\/h4>\n<p>Projektuj\u0105c nasze <b>polskie kurtki puchowe<\/b>, staramy si\u0119 ci\u0105gle szuka\u0107 nowych rozwi\u0105za\u0144 i dopracowywa\u0107 detale, by oddawa\u0107 w r\u0119ce naszych klient\u00f3w niebanalne, oryginalne produkty. Inspiracj\u0105 dla nowej kolekcji kapsu\u0142owej Fluff by\u0142y kolorowe, nonszalanckie lata 70. wraz z charakterystycznymi dla ich stylistyki kolorami i fasonami. Nic chyba nie kojarzy si\u0119 z t\u0105 dekad\u0105 bardziej ni\u017c dzwony, kultowy model rozszerzanych u do\u0142u spodni lansowany przez \u00f3wczesne gwiazdy muzyki pop i disco. <b>Kurtka puchowa<\/b> nawi\u0105zuj\u0105ca do dzwon\u00f3w &#8211; brzmi intryguj\u0105co, prawda?<\/p>\n<p>Nie mogli\u015bmy si\u0119 oprze\u0107 tej pokusie i bazuj\u0105c na tym pomy\u015ble przygotowali\u015bmy stylow\u0105, kr\u00f3tk\u0105<b> puch\u00f3wk\u0119<\/b> o lekko rozszerzanym dole. Projekt &#8211; cho\u0107 o korzeniach wyra\u017anie retro &#8211; zyskuje nowoczesny charakter dzi\u0119ki wysokiemu ko\u0142nierzowi i wyrazistym suwakom na r\u0119kawach. To praktyczna miejska <b>kurtka puchowa<\/b>, kt\u00f3r\u0105 doskonale sprawdzi si\u0119 w rozmaitych kontekstach. Z powodzeniem mo\u017ce sta\u0107 si\u0119 integraln\u0105 cz\u0119\u015bci\u0105 zar\u00f3wno sportowych, swobodnych stylizacji, jak i uzupe\u0142nieniem bardziej formalnego, biurowego looku.<\/p>\n<p>Modelka ma 175 cm wzrostu i prezentuje rozmiar M.<\/p>\n","protected":false},"excerpt":{"rendered":"<p>Kurtka puchowa z rozszerzanym do\u0142em Projektuj\u0105c nasze polskie kurtki puchowe, staramy si\u0119 ci\u0105gle szuka\u0107 nowych rozwi\u0105za\u0144 i dopracowywa\u0107 detale, by oddawa\u0107 w r\u0119ce naszych klient\u00f3w niebanalne, oryginalne produkty. Inspiracj\u0105 dla nowej kolekcji kapsu\u0142owej Fluff by\u0142y kolorowe, nonszalanckie lata 70. wraz z charakterystycznymi dla ich stylistyki kolorami i fasonami. Nic chyba nie kojarzy si\u0119 z t\u0105 [&#8230;]\n","protected":false},"featured_media":79599,"comment_status":"open","ping_status":"closed","template":"","meta":{"_acf_changed":false},"product_brand":[],"product_cat":[365,382,1064],"product_tag":[1405],"class_list":{"0":"post-78900","1":"product","2":"type-product","3":"status-publish","4":"has-post-thumbnail","6":"product_cat-kurtki-pl","7":"product_cat-outlet-pl","8":"product_cat-kobieta-pl","9":"product_tag-wpla","11":"first","12":"instock","13":"sale","14":"shipping-taxable","15":"purchasable","16":"product-type-variable"},"acf":[],"yoast_head":"<!-- This site is optimized with the Yoast SEO plugin v27.0 - https:\/\/yoast.com\/product\/yoast-seo-wordpress\/ -->\n<title>Kurtka Campana Marron Glace - Fluff<\/title>\n<meta name=\"description\" content=\"Kr\u00f3tka puchowa kurtka z wysokim ko\u0142nierzem, wygodnymi kieszeniami i suwakami na r\u0119kawach. Wyr\u00f3\u017cnia j\u0105 oryginalny fason - rozszerzany ku do\u0142owi.\" \/>\n<meta name=\"robots\" content=\"index, follow, max-snippet:-1, max-image-preview:large, max-video-preview:-1\" \/>\n<link rel=\"canonical\" href=\"https:\/\/fluffouterwear.com\/pl\/produkt\/kurtka-campana-marron-glace\/\" \/>\n<meta property=\"og:locale\" content=\"pl_PL\" \/>\n<meta property=\"og:type\" content=\"article\" \/>\n<meta property=\"og:title\" content=\"Kurtka Campana Marron Glace - Fluff\" \/>\n<meta property=\"og:description\" content=\"Kr\u00f3tka puchowa kurtka z wysokim ko\u0142nierzem, wygodnymi kieszeniami i suwakami na r\u0119kawach. Wyr\u00f3\u017cnia j\u0105 oryginalny fason - rozszerzany ku do\u0142owi.\" \/>\n<meta property=\"og:url\" content=\"https:\/\/fluffouterwear.com\/pl\/produkt\/kurtka-campana-marron-glace\/\" \/>\n<meta property=\"og:site_name\" content=\"Fluff\" \/>\n<meta property=\"article:modified_time\" content=\"2026-04-08T10:58:47+00:00\" \/>\n<meta property=\"og:image\" content=\"https:\/\/fluffouterwear.com\/wp-content\/uploads\/2023\/08\/damska-kurtka-puchowa-campana-marron-3.jpg\" \/>\n\t<meta property=\"og:image:width\" content=\"1185\" \/>\n\t<meta property=\"og:image:height\" content=\"1310\" \/>\n\t<meta property=\"og:image:type\" content=\"image\/jpeg\" \/>\n<meta name=\"twitter:card\" content=\"summary_large_image\" \/>\n<meta name=\"twitter:label1\" content=\"Szacowany czas czytania\" \/>\n\t<meta name=\"twitter:data1\" content=\"1 minuta\" \/>\n<script type=\"application\/ld+json\" class=\"yoast-schema-graph\">{\"@context\":\"https:\/\/schema.org\",\"@graph\":[{\"@type\":\"WebPage\",\"@id\":\"https:\/\/fluffouterwear.com\/pl\/produkt\/kurtka-campana-marron-glace\/\",\"url\":\"https:\/\/fluffouterwear.com\/pl\/produkt\/kurtka-campana-marron-glace\/\",\"name\":\"Kurtka Campana Marron Glace - Fluff\",\"isPartOf\":{\"@id\":\"https:\/\/fluffouterwear.com\/pl\/#website\"},\"primaryImageOfPage\":{\"@id\":\"https:\/\/fluffouterwear.com\/pl\/produkt\/kurtka-campana-marron-glace\/#primaryimage\"},\"image\":{\"@id\":\"https:\/\/fluffouterwear.com\/pl\/produkt\/kurtka-campana-marron-glace\/#primaryimage\"},\"thumbnailUrl\":\"https:\/\/fluffouterwear.com\/wp-content\/uploads\/2023\/08\/damska-kurtka-puchowa-campana-marron-3.jpg\",\"datePublished\":\"2023-08-14T12:13:54+00:00\",\"dateModified\":\"2026-04-08T10:58:47+00:00\",\"description\":\"Kr\u00f3tka puchowa kurtka z wysokim ko\u0142nierzem, wygodnymi kieszeniami i suwakami na r\u0119kawach. Wyr\u00f3\u017cnia j\u0105 oryginalny fason - rozszerzany ku do\u0142owi.\",\"breadcrumb\":{\"@id\":\"https:\/\/fluffouterwear.com\/pl\/produkt\/kurtka-campana-marron-glace\/#breadcrumb\"},\"inLanguage\":\"pl-PL\",\"potentialAction\":[{\"@type\":\"ReadAction\",\"target\":[\"https:\/\/fluffouterwear.com\/pl\/produkt\/kurtka-campana-marron-glace\/\"]}]},{\"@type\":\"ImageObject\",\"inLanguage\":\"pl-PL\",\"@id\":\"https:\/\/fluffouterwear.com\/pl\/produkt\/kurtka-campana-marron-glace\/#primaryimage\",\"url\":\"https:\/\/fluffouterwear.com\/wp-content\/uploads\/2023\/08\/damska-kurtka-puchowa-campana-marron-3.jpg\",\"contentUrl\":\"https:\/\/fluffouterwear.com\/wp-content\/uploads\/2023\/08\/damska-kurtka-puchowa-campana-marron-3.jpg\",\"width\":1185,\"height\":1310,\"caption\":\"Down jacket in a cool shade of greyish brown with a slight sheen, high collar, convenient pockets and zips on the sleeves. This down jacket expands downwards like the iconic bell bottoms.\"},{\"@type\":\"BreadcrumbList\",\"@id\":\"https:\/\/fluffouterwear.com\/pl\/produkt\/kurtka-campana-marron-glace\/#breadcrumb\",\"itemListElement\":[{\"@type\":\"ListItem\",\"position\":1,\"name\":\"Strona g\u0142\u00f3wna\",\"item\":\"https:\/\/fluffouterwear.com\/pl\/\"},{\"@type\":\"ListItem\",\"position\":2,\"name\":\"Sklep\",\"item\":\"https:\/\/fluffouterwear.com\/pl\/sklep\/\"},{\"@type\":\"ListItem\",\"position\":3,\"name\":\"Kurtka Campana Marron Glace\"}]},{\"@type\":\"WebSite\",\"@id\":\"https:\/\/fluffouterwear.com\/pl\/#website\",\"url\":\"https:\/\/fluffouterwear.com\/pl\/\",\"name\":\"Fluff\",\"description\":\"\",\"potentialAction\":[{\"@type\":\"SearchAction\",\"target\":{\"@type\":\"EntryPoint\",\"urlTemplate\":\"https:\/\/fluffouterwear.com\/pl\/?s={search_term_string}\"},\"query-input\":{\"@type\":\"PropertyValueSpecification\",\"valueRequired\":true,\"valueName\":\"search_term_string\"}}],\"inLanguage\":\"pl-PL\"}]}<\/script>\n<!-- \/ Yoast SEO plugin. -->","yoast_head_json":{"title":"Kurtka Campana Marron Glace - Fluff","description":"Kr\u00f3tka puchowa kurtka z wysokim ko\u0142nierzem, wygodnymi kieszeniami i suwakami na r\u0119kawach. Wyr\u00f3\u017cnia j\u0105 oryginalny fason - rozszerzany ku do\u0142owi.","robots":{"index":"index","follow":"follow","max-snippet":"max-snippet:-1","max-image-preview":"max-image-preview:large","max-video-preview":"max-video-preview:-1"},"canonical":"https:\/\/fluffouterwear.com\/pl\/produkt\/kurtka-campana-marron-glace\/","og_locale":"pl_PL","og_type":"article","og_title":"Kurtka Campana Marron Glace - Fluff","og_description":"Kr\u00f3tka puchowa kurtka z wysokim ko\u0142nierzem, wygodnymi kieszeniami i suwakami na r\u0119kawach. Wyr\u00f3\u017cnia j\u0105 oryginalny fason - rozszerzany ku do\u0142owi.","og_url":"https:\/\/fluffouterwear.com\/pl\/produkt\/kurtka-campana-marron-glace\/","og_site_name":"Fluff","article_modified_time":"2026-04-08T10:58:47+00:00","og_image":[{"width":1185,"height":1310,"url":"https:\/\/fluffouterwear.com\/wp-content\/uploads\/2023\/08\/damska-kurtka-puchowa-campana-marron-3.jpg","type":"image\/jpeg"}],"twitter_card":"summary_large_image","twitter_misc":{"Szacowany czas czytania":"1 minuta"},"schema":{"@context":"https:\/\/schema.org","@graph":[{"@type":"WebPage","@id":"https:\/\/fluffouterwear.com\/pl\/produkt\/kurtka-campana-marron-glace\/","url":"https:\/\/fluffouterwear.com\/pl\/produkt\/kurtka-campana-marron-glace\/","name":"Kurtka Campana Marron Glace - Fluff","isPartOf":{"@id":"https:\/\/fluffouterwear.com\/pl\/#website"},"primaryImageOfPage":{"@id":"https:\/\/fluffouterwear.com\/pl\/produkt\/kurtka-campana-marron-glace\/#primaryimage"},"image":{"@id":"https:\/\/fluffouterwear.com\/pl\/produkt\/kurtka-campana-marron-glace\/#primaryimage"},"thumbnailUrl":"https:\/\/fluffouterwear.com\/wp-content\/uploads\/2023\/08\/damska-kurtka-puchowa-campana-marron-3.jpg","datePublished":"2023-08-14T12:13:54+00:00","dateModified":"2026-04-08T10:58:47+00:00","description":"Kr\u00f3tka puchowa kurtka z wysokim ko\u0142nierzem, wygodnymi kieszeniami i suwakami na r\u0119kawach. Wyr\u00f3\u017cnia j\u0105 oryginalny fason - rozszerzany ku do\u0142owi.","breadcrumb":{"@id":"https:\/\/fluffouterwear.com\/pl\/produkt\/kurtka-campana-marron-glace\/#breadcrumb"},"inLanguage":"pl-PL","potentialAction":[{"@type":"ReadAction","target":["https:\/\/fluffouterwear.com\/pl\/produkt\/kurtka-campana-marron-glace\/"]}]},{"@type":"ImageObject","inLanguage":"pl-PL","@id":"https:\/\/fluffouterwear.com\/pl\/produkt\/kurtka-campana-marron-glace\/#primaryimage","url":"https:\/\/fluffouterwear.com\/wp-content\/uploads\/2023\/08\/damska-kurtka-puchowa-campana-marron-3.jpg","contentUrl":"https:\/\/fluffouterwear.com\/wp-content\/uploads\/2023\/08\/damska-kurtka-puchowa-campana-marron-3.jpg","width":1185,"height":1310,"caption":"Down jacket in a cool shade of greyish brown with a slight sheen, high collar, convenient pockets and zips on the sleeves. This down jacket expands downwards like the iconic bell bottoms."},{"@type":"BreadcrumbList","@id":"https:\/\/fluffouterwear.com\/pl\/produkt\/kurtka-campana-marron-glace\/#breadcrumb","itemListElement":[{"@type":"ListItem","position":1,"name":"Strona g\u0142\u00f3wna","item":"https:\/\/fluffouterwear.com\/pl\/"},{"@type":"ListItem","position":2,"name":"Sklep","item":"https:\/\/fluffouterwear.com\/pl\/sklep\/"},{"@type":"ListItem","position":3,"name":"Kurtka Campana Marron Glace"}]},{"@type":"WebSite","@id":"https:\/\/fluffouterwear.com\/pl\/#website","url":"https:\/\/fluffouterwear.com\/pl\/","name":"Fluff","description":"","potentialAction":[{"@type":"SearchAction","target":{"@type":"EntryPoint","urlTemplate":"https:\/\/fluffouterwear.com\/pl\/?s={search_term_string}"},"query-input":{"@type":"PropertyValueSpecification","valueRequired":true,"valueName":"search_term_string"}}],"inLanguage":"pl-PL"}]}},"_links":{"self":[{"href":"https:\/\/fluffouterwear.com\/pl\/wp-json\/wp\/v2\/product\/78900","targetHints":{"allow":["GET"]}}],"collection":[{"href":"https:\/\/fluffouterwear.com\/pl\/wp-json\/wp\/v2\/product"}],"about":[{"href":"https:\/\/fluffouterwear.com\/pl\/wp-json\/wp\/v2\/types\/product"}],"replies":[{"embeddable":true,"href":"https:\/\/fluffouterwear.com\/pl\/wp-json\/wp\/v2\/comments?post=78900"}],"wp:featuredmedia":[{"embeddable":true,"href":"https:\/\/fluffouterwear.com\/pl\/wp-json\/wp\/v2\/media\/79599"}],"wp:attachment":[{"href":"https:\/\/fluffouterwear.com\/pl\/wp-json\/wp\/v2\/media?parent=78900"}],"wp:term":[{"taxonomy":"product_brand","embeddable":true,"href":"https:\/\/fluffouterwear.com\/pl\/wp-json\/wp\/v2\/product_brand?post=78900"},{"taxonomy":"product_cat","embeddable":true,"href":"https:\/\/fluffouterwear.com\/pl\/wp-json\/wp\/v2\/product_cat?post=78900"},{"taxonomy":"product_tag","embeddable":true,"href":"https:\/\/fluffouterwear.com\/pl\/wp-json\/wp\/v2\/product_tag?post=78900"}],"curies":[{"name":"wp","href":"https:\/\/api.w.org\/{rel}","templated":true}]}}