{"id":79070,"date":"2023-09-06T14:46:54","date_gmt":"2023-09-06T12:46:54","guid":{"rendered":"https:\/\/fluffouterwear.com\/?post_type=product&#038;p=79070"},"modified":"2026-04-20T20:24:48","modified_gmt":"2026-04-20T18:24:48","slug":"kurtka-military-black-coffee","status":"publish","type":"product","link":"https:\/\/fluffouterwear.com\/pl\/produkt\/kurtka-military-black-coffee\/","title":{"rendered":"Kurtka Military Black"},"content":{"rendered":"<h4><strong>D\u0142uga kurtka puchowa z regulacj\u0105 w talii<\/strong><\/h4>\n<p><strong>D\u0142uga kurtka puchowa<\/strong> z du\u017cymi kieszeniami i obszernym kapturem, nawi\u0105zuj\u0105ca do stylu militarnego w ciep\u0142ym, czekoladowym odcieniu mokka. G\u0142\u0119boka czer\u0144 wszystkich element\u00f3w dodatkowych &#8211; jak podkre\u015blaj\u0105cy sylwetk\u0119 \u015bci\u0105gacz z logo Fluff w talii czy zamki &#8211; przykuwa wzrok i dodaje ca\u0142o\u015bci wyrazistego charakteru.<\/p>\n<p>Uniwersalny, przed\u0142u\u017cony fason z podkre\u015blaj\u0105cym sylwetk\u0119 \u015bci\u0105gaczem z logo Fluff w talii zgrabnie wpisuje si\u0119 w aktualne trendy i w r\u00f3\u017cne konteksty &#8211; od typowo miejskich codziennych stylizacji po zestawy na aktywne wyjazdy i zimowe aktywno\u015bci na \u0142onie natury. Gwarantujemy komfort do -25 stopni mrozu.<\/p>\n<p>Modelka prezentuje rozmiar M. <span class=\"Y2IQFc\" lang=\"pl\">Sprawd\u017a tabel\u0119 rozmiar\u00f3w, aby upewni\u0107 si\u0119, jaki rozmiar wybra\u0107.<\/span><\/p>\n","protected":false},"excerpt":{"rendered":"<p>D\u0142uga kurtka puchowa z regulacj\u0105 w talii D\u0142uga kurtka puchowa z du\u017cymi kieszeniami i obszernym kapturem, nawi\u0105zuj\u0105ca do stylu militarnego w ciep\u0142ym, czekoladowym odcieniu mokka. G\u0142\u0119boka czer\u0144 wszystkich element\u00f3w dodatkowych &#8211; jak podkre\u015blaj\u0105cy sylwetk\u0119 \u015bci\u0105gacz z logo Fluff w talii czy zamki &#8211; przykuwa wzrok i dodaje ca\u0142o\u015bci wyrazistego charakteru. Uniwersalny, przed\u0142u\u017cony fason z podkre\u015blaj\u0105cym [&#8230;]\n","protected":false},"featured_media":79605,"comment_status":"open","ping_status":"closed","template":"","meta":{"_acf_changed":false},"product_brand":[],"product_cat":[365,382,1064],"product_tag":[1405],"class_list":{"0":"post-79070","1":"product","2":"type-product","3":"status-publish","4":"has-post-thumbnail","6":"product_cat-kurtki-pl","7":"product_cat-outlet-pl","8":"product_cat-kobieta-pl","9":"product_tag-wpla","11":"first","12":"instock","13":"sale","14":"shipping-taxable","15":"purchasable","16":"product-type-variable"},"acf":[],"yoast_head":"<!-- This site is optimized with the Yoast SEO plugin v27.0 - https:\/\/yoast.com\/product\/yoast-seo-wordpress\/ -->\n<title>Kurtka Military Black - Fluff<\/title>\n<meta name=\"description\" content=\"D\u0142uga kurtka puchowa z du\u017cymi kieszeniami i obszernym kapturem, nawi\u0105zuj\u0105ca do stylu militarnego w klasycznym czarnym kolorze. Komfort do -25 stopni mrozu.\" \/>\n<meta name=\"robots\" content=\"index, follow, max-snippet:-1, max-image-preview:large, max-video-preview:-1\" \/>\n<link rel=\"canonical\" href=\"https:\/\/fluffouterwear.com\/pl\/produkt\/kurtka-military-black-coffee\/\" \/>\n<meta property=\"og:locale\" content=\"pl_PL\" \/>\n<meta property=\"og:type\" content=\"article\" \/>\n<meta property=\"og:title\" content=\"Kurtka Military Black - Fluff\" \/>\n<meta property=\"og:description\" content=\"D\u0142uga kurtka puchowa z du\u017cymi kieszeniami i obszernym kapturem, nawi\u0105zuj\u0105ca do stylu militarnego w klasycznym czarnym kolorze. Komfort do -25 stopni mrozu.\" \/>\n<meta property=\"og:url\" content=\"https:\/\/fluffouterwear.com\/pl\/produkt\/kurtka-military-black-coffee\/\" \/>\n<meta property=\"og:site_name\" content=\"Fluff\" \/>\n<meta property=\"article:modified_time\" content=\"2026-04-20T18:24:48+00:00\" \/>\n<meta property=\"og:image\" content=\"https:\/\/fluffouterwear.com\/wp-content\/uploads\/2023\/08\/damska-kurtka-puchowa-military-czarna-3.jpg\" \/>\n\t<meta property=\"og:image:width\" content=\"1185\" \/>\n\t<meta property=\"og:image:height\" content=\"1310\" \/>\n\t<meta property=\"og:image:type\" content=\"image\/jpeg\" \/>\n<meta name=\"twitter:card\" content=\"summary_large_image\" \/>\n<meta name=\"twitter:label1\" content=\"Szacowany czas czytania\" \/>\n\t<meta name=\"twitter:data1\" content=\"1 minuta\" \/>\n<script type=\"application\/ld+json\" class=\"yoast-schema-graph\">{\"@context\":\"https:\/\/schema.org\",\"@graph\":[{\"@type\":\"WebPage\",\"@id\":\"https:\/\/fluffouterwear.com\/pl\/produkt\/kurtka-military-black-coffee\/\",\"url\":\"https:\/\/fluffouterwear.com\/pl\/produkt\/kurtka-military-black-coffee\/\",\"name\":\"Kurtka Military Black - Fluff\",\"isPartOf\":{\"@id\":\"https:\/\/fluffouterwear.com\/pl\/#website\"},\"primaryImageOfPage\":{\"@id\":\"https:\/\/fluffouterwear.com\/pl\/produkt\/kurtka-military-black-coffee\/#primaryimage\"},\"image\":{\"@id\":\"https:\/\/fluffouterwear.com\/pl\/produkt\/kurtka-military-black-coffee\/#primaryimage\"},\"thumbnailUrl\":\"https:\/\/fluffouterwear.com\/wp-content\/uploads\/2023\/08\/damska-kurtka-puchowa-military-czarna-3.jpg\",\"datePublished\":\"2023-09-06T12:46:54+00:00\",\"dateModified\":\"2026-04-20T18:24:48+00:00\",\"description\":\"D\u0142uga kurtka puchowa z du\u017cymi kieszeniami i obszernym kapturem, nawi\u0105zuj\u0105ca do stylu militarnego w klasycznym czarnym kolorze. Komfort do -25 stopni mrozu.\",\"breadcrumb\":{\"@id\":\"https:\/\/fluffouterwear.com\/pl\/produkt\/kurtka-military-black-coffee\/#breadcrumb\"},\"inLanguage\":\"pl-PL\",\"potentialAction\":[{\"@type\":\"ReadAction\",\"target\":[\"https:\/\/fluffouterwear.com\/pl\/produkt\/kurtka-military-black-coffee\/\"]}]},{\"@type\":\"ImageObject\",\"inLanguage\":\"pl-PL\",\"@id\":\"https:\/\/fluffouterwear.com\/pl\/produkt\/kurtka-military-black-coffee\/#primaryimage\",\"url\":\"https:\/\/fluffouterwear.com\/wp-content\/uploads\/2023\/08\/damska-kurtka-puchowa-military-czarna-3.jpg\",\"contentUrl\":\"https:\/\/fluffouterwear.com\/wp-content\/uploads\/2023\/08\/damska-kurtka-puchowa-military-czarna-3.jpg\",\"width\":1185,\"height\":1310,\"caption\":\"Damska kurtka puchowa ze \u015bci\u0105gaczem w talii; fason oversize. Kurtka z kapturem, zapinana na suwak. Wype\u0142niona naturalnym puchem g\u0119sim, bardzo ciep\u0142a i lekka.\"},{\"@type\":\"BreadcrumbList\",\"@id\":\"https:\/\/fluffouterwear.com\/pl\/produkt\/kurtka-military-black-coffee\/#breadcrumb\",\"itemListElement\":[{\"@type\":\"ListItem\",\"position\":1,\"name\":\"Strona g\u0142\u00f3wna\",\"item\":\"https:\/\/fluffouterwear.com\/pl\/\"},{\"@type\":\"ListItem\",\"position\":2,\"name\":\"Sklep\",\"item\":\"https:\/\/fluffouterwear.com\/pl\/sklep\/\"},{\"@type\":\"ListItem\",\"position\":3,\"name\":\"Kurtka Military Black\"}]},{\"@type\":\"WebSite\",\"@id\":\"https:\/\/fluffouterwear.com\/pl\/#website\",\"url\":\"https:\/\/fluffouterwear.com\/pl\/\",\"name\":\"Fluff\",\"description\":\"\",\"potentialAction\":[{\"@type\":\"SearchAction\",\"target\":{\"@type\":\"EntryPoint\",\"urlTemplate\":\"https:\/\/fluffouterwear.com\/pl\/?s={search_term_string}\"},\"query-input\":{\"@type\":\"PropertyValueSpecification\",\"valueRequired\":true,\"valueName\":\"search_term_string\"}}],\"inLanguage\":\"pl-PL\"}]}<\/script>\n<!-- \/ Yoast SEO plugin. -->","yoast_head_json":{"title":"Kurtka Military Black - Fluff","description":"D\u0142uga kurtka puchowa z du\u017cymi kieszeniami i obszernym kapturem, nawi\u0105zuj\u0105ca do stylu militarnego w klasycznym czarnym kolorze. Komfort do -25 stopni mrozu.","robots":{"index":"index","follow":"follow","max-snippet":"max-snippet:-1","max-image-preview":"max-image-preview:large","max-video-preview":"max-video-preview:-1"},"canonical":"https:\/\/fluffouterwear.com\/pl\/produkt\/kurtka-military-black-coffee\/","og_locale":"pl_PL","og_type":"article","og_title":"Kurtka Military Black - Fluff","og_description":"D\u0142uga kurtka puchowa z du\u017cymi kieszeniami i obszernym kapturem, nawi\u0105zuj\u0105ca do stylu militarnego w klasycznym czarnym kolorze. Komfort do -25 stopni mrozu.","og_url":"https:\/\/fluffouterwear.com\/pl\/produkt\/kurtka-military-black-coffee\/","og_site_name":"Fluff","article_modified_time":"2026-04-20T18:24:48+00:00","og_image":[{"width":1185,"height":1310,"url":"https:\/\/fluffouterwear.com\/wp-content\/uploads\/2023\/08\/damska-kurtka-puchowa-military-czarna-3.jpg","type":"image\/jpeg"}],"twitter_card":"summary_large_image","twitter_misc":{"Szacowany czas czytania":"1 minuta"},"schema":{"@context":"https:\/\/schema.org","@graph":[{"@type":"WebPage","@id":"https:\/\/fluffouterwear.com\/pl\/produkt\/kurtka-military-black-coffee\/","url":"https:\/\/fluffouterwear.com\/pl\/produkt\/kurtka-military-black-coffee\/","name":"Kurtka Military Black - Fluff","isPartOf":{"@id":"https:\/\/fluffouterwear.com\/pl\/#website"},"primaryImageOfPage":{"@id":"https:\/\/fluffouterwear.com\/pl\/produkt\/kurtka-military-black-coffee\/#primaryimage"},"image":{"@id":"https:\/\/fluffouterwear.com\/pl\/produkt\/kurtka-military-black-coffee\/#primaryimage"},"thumbnailUrl":"https:\/\/fluffouterwear.com\/wp-content\/uploads\/2023\/08\/damska-kurtka-puchowa-military-czarna-3.jpg","datePublished":"2023-09-06T12:46:54+00:00","dateModified":"2026-04-20T18:24:48+00:00","description":"D\u0142uga kurtka puchowa z du\u017cymi kieszeniami i obszernym kapturem, nawi\u0105zuj\u0105ca do stylu militarnego w klasycznym czarnym kolorze. Komfort do -25 stopni mrozu.","breadcrumb":{"@id":"https:\/\/fluffouterwear.com\/pl\/produkt\/kurtka-military-black-coffee\/#breadcrumb"},"inLanguage":"pl-PL","potentialAction":[{"@type":"ReadAction","target":["https:\/\/fluffouterwear.com\/pl\/produkt\/kurtka-military-black-coffee\/"]}]},{"@type":"ImageObject","inLanguage":"pl-PL","@id":"https:\/\/fluffouterwear.com\/pl\/produkt\/kurtka-military-black-coffee\/#primaryimage","url":"https:\/\/fluffouterwear.com\/wp-content\/uploads\/2023\/08\/damska-kurtka-puchowa-military-czarna-3.jpg","contentUrl":"https:\/\/fluffouterwear.com\/wp-content\/uploads\/2023\/08\/damska-kurtka-puchowa-military-czarna-3.jpg","width":1185,"height":1310,"caption":"Damska kurtka puchowa ze \u015bci\u0105gaczem w talii; fason oversize. Kurtka z kapturem, zapinana na suwak. Wype\u0142niona naturalnym puchem g\u0119sim, bardzo ciep\u0142a i lekka."},{"@type":"BreadcrumbList","@id":"https:\/\/fluffouterwear.com\/pl\/produkt\/kurtka-military-black-coffee\/#breadcrumb","itemListElement":[{"@type":"ListItem","position":1,"name":"Strona g\u0142\u00f3wna","item":"https:\/\/fluffouterwear.com\/pl\/"},{"@type":"ListItem","position":2,"name":"Sklep","item":"https:\/\/fluffouterwear.com\/pl\/sklep\/"},{"@type":"ListItem","position":3,"name":"Kurtka Military Black"}]},{"@type":"WebSite","@id":"https:\/\/fluffouterwear.com\/pl\/#website","url":"https:\/\/fluffouterwear.com\/pl\/","name":"Fluff","description":"","potentialAction":[{"@type":"SearchAction","target":{"@type":"EntryPoint","urlTemplate":"https:\/\/fluffouterwear.com\/pl\/?s={search_term_string}"},"query-input":{"@type":"PropertyValueSpecification","valueRequired":true,"valueName":"search_term_string"}}],"inLanguage":"pl-PL"}]}},"_links":{"self":[{"href":"https:\/\/fluffouterwear.com\/pl\/wp-json\/wp\/v2\/product\/79070","targetHints":{"allow":["GET"]}}],"collection":[{"href":"https:\/\/fluffouterwear.com\/pl\/wp-json\/wp\/v2\/product"}],"about":[{"href":"https:\/\/fluffouterwear.com\/pl\/wp-json\/wp\/v2\/types\/product"}],"replies":[{"embeddable":true,"href":"https:\/\/fluffouterwear.com\/pl\/wp-json\/wp\/v2\/comments?post=79070"}],"wp:featuredmedia":[{"embeddable":true,"href":"https:\/\/fluffouterwear.com\/pl\/wp-json\/wp\/v2\/media\/79605"}],"wp:attachment":[{"href":"https:\/\/fluffouterwear.com\/pl\/wp-json\/wp\/v2\/media?parent=79070"}],"wp:term":[{"taxonomy":"product_brand","embeddable":true,"href":"https:\/\/fluffouterwear.com\/pl\/wp-json\/wp\/v2\/product_brand?post=79070"},{"taxonomy":"product_cat","embeddable":true,"href":"https:\/\/fluffouterwear.com\/pl\/wp-json\/wp\/v2\/product_cat?post=79070"},{"taxonomy":"product_tag","embeddable":true,"href":"https:\/\/fluffouterwear.com\/pl\/wp-json\/wp\/v2\/product_tag?post=79070"}],"curies":[{"name":"wp","href":"https:\/\/api.w.org\/{rel}","templated":true}]}}