{"id":79154,"date":"2023-09-06T14:46:47","date_gmt":"2023-09-06T12:46:47","guid":{"rendered":"https:\/\/fluffouterwear.com\/?post_type=product&#038;p=79154"},"modified":"2026-04-21T22:17:19","modified_gmt":"2026-04-21T20:17:19","slug":"ponczo-puchowe-checkered-brown","status":"publish","type":"product","link":"https:\/\/fluffouterwear.com\/pl\/produkt\/ponczo-puchowe-checkered-brown\/","title":{"rendered":"Ponczo wodoodporne Checkered Brown"},"content":{"rendered":"<p>Elegancka <strong>wodoodporna peleryna o kroju ponczo<\/strong> w drobn\u0105 br\u0105zow\u0105 krateczk\u0119. Idealne, by narzuci\u0107 je jako dodatkow\u0105 warstw\u0119 na ulubion\u0105 puch\u00f3wk\u0119. Zapinana na du\u017ce, szylkretowe guziki umo\u017cliwiaj\u0105ce regulacj\u0119 szeroko\u015bci. Szeroki kaptur i wysoki ko\u0142nierz peleryny zapewniaj\u0105 dodatkow\u0105 ochron\u0119 przed wiatrem i zacinaj\u0105cym deszczem.<\/p>\n<p><b>Przeciwdeszczowe ponczo Fluff <\/b>to jeden z tych projekt\u00f3w, kt\u00f3re w wyj\u0105tkowo harmonijny spos\u00f3b \u0142\u0105cz\u0105 nienachaln\u0105 klasyczn\u0105 elegancj\u0119 z nowoczesnymi trendami i codziennym pragmatyzmem. To lekkie okrycie, kt\u00f3re nie zajmuje du\u017co miejsca, dzi\u0119ki czemu bez problemu mo\u017cna zabra\u0107 je ze sob\u0105 na wyj\u015bcie w niepewn\u0105, zmienn\u0105 pogod\u0119 czy na weekendowy rodzinny wyjazd. Zapi\u0119cie na guziki pozwala na regulacj\u0119 szeroko\u015bci w zale\u017cno\u015bci od Twoich potrzeb i preferencji. Wygodny, obszerny kaptur, dwie spore kieszenie, a tak\u017ce wysoki ko\u0142nierz z pewno\u015bci\u0105 za\u015b oka\u017c\u0105 si\u0119 szczeg\u00f3lnie praktyczne w ch\u0142odniejsze, bardziej wietrzne dni.<\/p>\n<p>Rozmiar uniwersalny.<\/p>\n","protected":false},"excerpt":{"rendered":"<div style=\"background-color: #000; color: #fff; padding: 4px 12px; border-radius: 4px; display: inline-block; font-weight: bold; font-size: 12px; letter-spacing: 1px;\">ONE SIZE<\/div>\n","protected":false},"featured_media":79683,"comment_status":"open","ping_status":"closed","template":"","meta":{"_acf_changed":false},"product_brand":[],"product_cat":[382,1064],"product_tag":[1405],"class_list":{"0":"post-79154","1":"product","2":"type-product","3":"status-publish","4":"has-post-thumbnail","6":"product_cat-outlet-pl","7":"product_cat-kobieta-pl","8":"product_tag-wpla","10":"first","11":"instock","12":"sale","13":"shipping-taxable","14":"purchasable","15":"product-type-simple"},"acf":[],"yoast_head":"<!-- This site is optimized with the Yoast SEO plugin v27.0 - https:\/\/yoast.com\/product\/yoast-seo-wordpress\/ -->\n<title>Ponczo wodoodporne Checkered Brown - Fluff<\/title>\n<meta name=\"description\" content=\"Przeciwdeszczowe, regulowane ponczo wodoodporne to propozycja na sezon jesienno-zimowy, gdy pogoda lubi by\u0107 bardzo kapry\u015bna. Idealne na kurtk\u0119 lub trencz.\" \/>\n<meta name=\"robots\" content=\"index, follow, max-snippet:-1, max-image-preview:large, max-video-preview:-1\" \/>\n<link rel=\"canonical\" href=\"https:\/\/fluffouterwear.com\/pl\/produkt\/ponczo-puchowe-checkered-brown\/\" \/>\n<meta property=\"og:locale\" content=\"pl_PL\" \/>\n<meta property=\"og:type\" content=\"article\" \/>\n<meta property=\"og:title\" content=\"Ponczo wodoodporne Checkered Brown - Fluff\" \/>\n<meta property=\"og:description\" content=\"Przeciwdeszczowe, regulowane ponczo wodoodporne to propozycja na sezon jesienno-zimowy, gdy pogoda lubi by\u0107 bardzo kapry\u015bna. Idealne na kurtk\u0119 lub trencz.\" \/>\n<meta property=\"og:url\" content=\"https:\/\/fluffouterwear.com\/pl\/produkt\/ponczo-puchowe-checkered-brown\/\" \/>\n<meta property=\"og:site_name\" content=\"Fluff\" \/>\n<meta property=\"article:modified_time\" content=\"2026-04-21T20:17:19+00:00\" \/>\n<meta property=\"og:image\" content=\"https:\/\/fluffouterwear.com\/wp-content\/uploads\/2023\/08\/damska-peleryna-przeciwdeszczowa-poncho-3.jpg\" \/>\n\t<meta property=\"og:image:width\" content=\"1185\" \/>\n\t<meta property=\"og:image:height\" content=\"1310\" \/>\n\t<meta property=\"og:image:type\" content=\"image\/jpeg\" \/>\n<meta name=\"twitter:card\" content=\"summary_large_image\" \/>\n<meta name=\"twitter:label1\" content=\"Szacowany czas czytania\" \/>\n\t<meta name=\"twitter:data1\" content=\"1 minuta\" \/>\n<script type=\"application\/ld+json\" class=\"yoast-schema-graph\">{\"@context\":\"https:\/\/schema.org\",\"@graph\":[{\"@type\":\"WebPage\",\"@id\":\"https:\/\/fluffouterwear.com\/pl\/produkt\/ponczo-puchowe-checkered-brown\/\",\"url\":\"https:\/\/fluffouterwear.com\/pl\/produkt\/ponczo-puchowe-checkered-brown\/\",\"name\":\"Ponczo wodoodporne Checkered Brown - Fluff\",\"isPartOf\":{\"@id\":\"https:\/\/fluffouterwear.com\/pl\/#website\"},\"primaryImageOfPage\":{\"@id\":\"https:\/\/fluffouterwear.com\/pl\/produkt\/ponczo-puchowe-checkered-brown\/#primaryimage\"},\"image\":{\"@id\":\"https:\/\/fluffouterwear.com\/pl\/produkt\/ponczo-puchowe-checkered-brown\/#primaryimage\"},\"thumbnailUrl\":\"https:\/\/fluffouterwear.com\/wp-content\/uploads\/2023\/08\/damska-peleryna-przeciwdeszczowa-poncho-3.jpg\",\"datePublished\":\"2023-09-06T12:46:47+00:00\",\"dateModified\":\"2026-04-21T20:17:19+00:00\",\"description\":\"Przeciwdeszczowe, regulowane ponczo wodoodporne to propozycja na sezon jesienno-zimowy, gdy pogoda lubi by\u0107 bardzo kapry\u015bna. Idealne na kurtk\u0119 lub trencz.\",\"breadcrumb\":{\"@id\":\"https:\/\/fluffouterwear.com\/pl\/produkt\/ponczo-puchowe-checkered-brown\/#breadcrumb\"},\"inLanguage\":\"pl-PL\",\"potentialAction\":[{\"@type\":\"ReadAction\",\"target\":[\"https:\/\/fluffouterwear.com\/pl\/produkt\/ponczo-puchowe-checkered-brown\/\"]}]},{\"@type\":\"ImageObject\",\"inLanguage\":\"pl-PL\",\"@id\":\"https:\/\/fluffouterwear.com\/pl\/produkt\/ponczo-puchowe-checkered-brown\/#primaryimage\",\"url\":\"https:\/\/fluffouterwear.com\/wp-content\/uploads\/2023\/08\/damska-peleryna-przeciwdeszczowa-poncho-3.jpg\",\"contentUrl\":\"https:\/\/fluffouterwear.com\/wp-content\/uploads\/2023\/08\/damska-peleryna-przeciwdeszczowa-poncho-3.jpg\",\"width\":1185,\"height\":1310,\"caption\":\"Damskie ponczo przeciwdeszczowe, z kapturem, w kratk\u0119. Tkanina wodoodporna, regulacja na guziki.\"},{\"@type\":\"BreadcrumbList\",\"@id\":\"https:\/\/fluffouterwear.com\/pl\/produkt\/ponczo-puchowe-checkered-brown\/#breadcrumb\",\"itemListElement\":[{\"@type\":\"ListItem\",\"position\":1,\"name\":\"Strona g\u0142\u00f3wna\",\"item\":\"https:\/\/fluffouterwear.com\/pl\/\"},{\"@type\":\"ListItem\",\"position\":2,\"name\":\"Sklep\",\"item\":\"https:\/\/fluffouterwear.com\/pl\/sklep\/\"},{\"@type\":\"ListItem\",\"position\":3,\"name\":\"Ponczo wodoodporne Checkered Brown\"}]},{\"@type\":\"WebSite\",\"@id\":\"https:\/\/fluffouterwear.com\/pl\/#website\",\"url\":\"https:\/\/fluffouterwear.com\/pl\/\",\"name\":\"Fluff\",\"description\":\"\",\"potentialAction\":[{\"@type\":\"SearchAction\",\"target\":{\"@type\":\"EntryPoint\",\"urlTemplate\":\"https:\/\/fluffouterwear.com\/pl\/?s={search_term_string}\"},\"query-input\":{\"@type\":\"PropertyValueSpecification\",\"valueRequired\":true,\"valueName\":\"search_term_string\"}}],\"inLanguage\":\"pl-PL\"}]}<\/script>\n<!-- \/ Yoast SEO plugin. -->","yoast_head_json":{"title":"Ponczo wodoodporne Checkered Brown - Fluff","description":"Przeciwdeszczowe, regulowane ponczo wodoodporne to propozycja na sezon jesienno-zimowy, gdy pogoda lubi by\u0107 bardzo kapry\u015bna. Idealne na kurtk\u0119 lub trencz.","robots":{"index":"index","follow":"follow","max-snippet":"max-snippet:-1","max-image-preview":"max-image-preview:large","max-video-preview":"max-video-preview:-1"},"canonical":"https:\/\/fluffouterwear.com\/pl\/produkt\/ponczo-puchowe-checkered-brown\/","og_locale":"pl_PL","og_type":"article","og_title":"Ponczo wodoodporne Checkered Brown - Fluff","og_description":"Przeciwdeszczowe, regulowane ponczo wodoodporne to propozycja na sezon jesienno-zimowy, gdy pogoda lubi by\u0107 bardzo kapry\u015bna. Idealne na kurtk\u0119 lub trencz.","og_url":"https:\/\/fluffouterwear.com\/pl\/produkt\/ponczo-puchowe-checkered-brown\/","og_site_name":"Fluff","article_modified_time":"2026-04-21T20:17:19+00:00","og_image":[{"width":1185,"height":1310,"url":"https:\/\/fluffouterwear.com\/wp-content\/uploads\/2023\/08\/damska-peleryna-przeciwdeszczowa-poncho-3.jpg","type":"image\/jpeg"}],"twitter_card":"summary_large_image","twitter_misc":{"Szacowany czas czytania":"1 minuta"},"schema":{"@context":"https:\/\/schema.org","@graph":[{"@type":"WebPage","@id":"https:\/\/fluffouterwear.com\/pl\/produkt\/ponczo-puchowe-checkered-brown\/","url":"https:\/\/fluffouterwear.com\/pl\/produkt\/ponczo-puchowe-checkered-brown\/","name":"Ponczo wodoodporne Checkered Brown - Fluff","isPartOf":{"@id":"https:\/\/fluffouterwear.com\/pl\/#website"},"primaryImageOfPage":{"@id":"https:\/\/fluffouterwear.com\/pl\/produkt\/ponczo-puchowe-checkered-brown\/#primaryimage"},"image":{"@id":"https:\/\/fluffouterwear.com\/pl\/produkt\/ponczo-puchowe-checkered-brown\/#primaryimage"},"thumbnailUrl":"https:\/\/fluffouterwear.com\/wp-content\/uploads\/2023\/08\/damska-peleryna-przeciwdeszczowa-poncho-3.jpg","datePublished":"2023-09-06T12:46:47+00:00","dateModified":"2026-04-21T20:17:19+00:00","description":"Przeciwdeszczowe, regulowane ponczo wodoodporne to propozycja na sezon jesienno-zimowy, gdy pogoda lubi by\u0107 bardzo kapry\u015bna. Idealne na kurtk\u0119 lub trencz.","breadcrumb":{"@id":"https:\/\/fluffouterwear.com\/pl\/produkt\/ponczo-puchowe-checkered-brown\/#breadcrumb"},"inLanguage":"pl-PL","potentialAction":[{"@type":"ReadAction","target":["https:\/\/fluffouterwear.com\/pl\/produkt\/ponczo-puchowe-checkered-brown\/"]}]},{"@type":"ImageObject","inLanguage":"pl-PL","@id":"https:\/\/fluffouterwear.com\/pl\/produkt\/ponczo-puchowe-checkered-brown\/#primaryimage","url":"https:\/\/fluffouterwear.com\/wp-content\/uploads\/2023\/08\/damska-peleryna-przeciwdeszczowa-poncho-3.jpg","contentUrl":"https:\/\/fluffouterwear.com\/wp-content\/uploads\/2023\/08\/damska-peleryna-przeciwdeszczowa-poncho-3.jpg","width":1185,"height":1310,"caption":"Damskie ponczo przeciwdeszczowe, z kapturem, w kratk\u0119. Tkanina wodoodporna, regulacja na guziki."},{"@type":"BreadcrumbList","@id":"https:\/\/fluffouterwear.com\/pl\/produkt\/ponczo-puchowe-checkered-brown\/#breadcrumb","itemListElement":[{"@type":"ListItem","position":1,"name":"Strona g\u0142\u00f3wna","item":"https:\/\/fluffouterwear.com\/pl\/"},{"@type":"ListItem","position":2,"name":"Sklep","item":"https:\/\/fluffouterwear.com\/pl\/sklep\/"},{"@type":"ListItem","position":3,"name":"Ponczo wodoodporne Checkered Brown"}]},{"@type":"WebSite","@id":"https:\/\/fluffouterwear.com\/pl\/#website","url":"https:\/\/fluffouterwear.com\/pl\/","name":"Fluff","description":"","potentialAction":[{"@type":"SearchAction","target":{"@type":"EntryPoint","urlTemplate":"https:\/\/fluffouterwear.com\/pl\/?s={search_term_string}"},"query-input":{"@type":"PropertyValueSpecification","valueRequired":true,"valueName":"search_term_string"}}],"inLanguage":"pl-PL"}]}},"_links":{"self":[{"href":"https:\/\/fluffouterwear.com\/pl\/wp-json\/wp\/v2\/product\/79154","targetHints":{"allow":["GET"]}}],"collection":[{"href":"https:\/\/fluffouterwear.com\/pl\/wp-json\/wp\/v2\/product"}],"about":[{"href":"https:\/\/fluffouterwear.com\/pl\/wp-json\/wp\/v2\/types\/product"}],"replies":[{"embeddable":true,"href":"https:\/\/fluffouterwear.com\/pl\/wp-json\/wp\/v2\/comments?post=79154"}],"wp:featuredmedia":[{"embeddable":true,"href":"https:\/\/fluffouterwear.com\/pl\/wp-json\/wp\/v2\/media\/79683"}],"wp:attachment":[{"href":"https:\/\/fluffouterwear.com\/pl\/wp-json\/wp\/v2\/media?parent=79154"}],"wp:term":[{"taxonomy":"product_brand","embeddable":true,"href":"https:\/\/fluffouterwear.com\/pl\/wp-json\/wp\/v2\/product_brand?post=79154"},{"taxonomy":"product_cat","embeddable":true,"href":"https:\/\/fluffouterwear.com\/pl\/wp-json\/wp\/v2\/product_cat?post=79154"},{"taxonomy":"product_tag","embeddable":true,"href":"https:\/\/fluffouterwear.com\/pl\/wp-json\/wp\/v2\/product_tag?post=79154"}],"curies":[{"name":"wp","href":"https:\/\/api.w.org\/{rel}","templated":true}]}}