{"id":79184,"date":"2023-08-18T15:43:44","date_gmt":"2023-08-18T13:43:44","guid":{"rendered":"https:\/\/fluffouterwear.com\/?post_type=product&#038;p=79184"},"modified":"2026-03-30T21:12:53","modified_gmt":"2026-03-30T19:12:53","slug":"komin-z-welny-merino-caramel","status":"publish","type":"product","link":"https:\/\/fluffouterwear.com\/pl\/produkt\/komin-z-welny-merino-caramel\/","title":{"rendered":"Komin z we\u0142ny merino Caramel"},"content":{"rendered":"<h3 class=\"tw-data-text tw-text-large tw-ta\" dir=\"ltr\" data-placeholder=\"T\u0142umaczenie\">Mi\u0119kki i ciep\u0142y komin z we\u0142ny merino<\/h3>\n<p>Wygodny i stylowy <b>komin z 100% we\u0142ny merynos\u00f3w<\/b> FLUFF bez w\u0105tpienia stanie si\u0119 jednym z ulubionych zimowych dodatk\u00f3w Twojego dziecka. Ze wzgl\u0119du na nieprzeci\u0119tn\u0105 mi\u0119kko\u015b\u0107 i delikatno\u015b\u0107 materia\u0142u, z kt\u00f3rego zosta\u0142 wykonany, noszenie go to czysta przyjemno\u015b\u0107. Naturalna we\u0142na merynos\u00f3w nie \u201cdrapie\u201d i nie podra\u017cnia sk\u00f3ry, a wr\u0119cz przeciwnie &#8211; troskliwie otula j\u0105, zapewniaj\u0105c pe\u0142en komfort u\u017cytkowania.<\/p>\n<p>Akcesoria i dodatki z naturalnej we\u0142ny merynos\u00f3w to idealny wyb\u00f3r na zim\u0119 i sezon przej\u015bciowy. Tym, co wyr\u00f3\u017cnia we\u0142n\u0119 merino na tle innych materia\u0142\u00f3w, s\u0105 bez w\u0105tpienia jej doskona\u0142e w\u0142a\u015bciwo\u015bci termoregulacyjne. W naprawd\u0119 mro\u017ane dni nasz<b> komin z we\u0142ny merino<\/b> zatrzymuje ciep\u0142o i doskonale izoluje, gwarantuj\u0105c ochron\u0119 przed ch\u0142odem i optymaln\u0105 temperatur\u0119 cia\u0142a, za\u015b kiedy robi si\u0119 nieco cieplej, odprowadza wilgo\u0107 i zapobiega przegrzaniu. Dzi\u0119ki temu ma charakter mi\u0119dzysezonowy &#8211; mo\u017cna go nosi\u0107 zar\u00f3wno zim\u0105, jak i w okresach przej\u015bciowych.<\/p>\n<p><span class=\"Y2IQFc\" lang=\"pl\">Wysoka jako\u015b\u0107 materia\u0142u oraz wykonania, wygodny kr\u00f3j, a tak\u017ce uniwersalny rozmiar one size sprawi\u0105, \u017ce <b>komin merino FLUFF<\/b> z powodzeniem pos\u0142u\u017cy Twojemu maluchowi co najmniej przez kilka sezon\u00f3w. Prosty, g\u0142adki splot oraz stonowana kolorystyka <b>komina merino<\/b> czyni z niego wszechstronny dodatek, kt\u00f3ry \u015bwietnie wkomponuje si\u0119 w codzienne dzieci\u0119ce stylizacje, b\u0119d\u0105c idealnym uzupe\u0142nieniem dla puchowej kurtki, p\u0142aszcza czy kombinezonu. Dobierz do niego mi\u0119ciutk\u0105 czapk\u0119 z we\u0142ny merynos\u00f3w w tym samym kolorze, by stworzy\u0107 niezast\u0105piony, wyj\u0105tkowy duet na mro\u017ane i \u015bnie\u017cne dni!<\/span><\/p>\n","protected":false},"excerpt":{"rendered":"<p>Mi\u0119kki i ciep\u0142y komin z we\u0142ny merino Wygodny i stylowy komin z 100% we\u0142ny merynos\u00f3w FLUFF bez w\u0105tpienia stanie si\u0119 jednym z ulubionych zimowych dodatk\u00f3w Twojego dziecka. Ze wzgl\u0119du na nieprzeci\u0119tn\u0105 mi\u0119kko\u015b\u0107 i delikatno\u015b\u0107 materia\u0142u, z kt\u00f3rego zosta\u0142 wykonany, noszenie go to czysta przyjemno\u015b\u0107. Naturalna we\u0142na merynos\u00f3w nie \u201cdrapie\u201d i nie podra\u017cnia sk\u00f3ry, a wr\u0119cz [&#8230;]\n","protected":false},"featured_media":80733,"comment_status":"open","ping_status":"closed","template":"","meta":{"_acf_changed":false},"product_brand":[],"product_cat":[1055,382,1062],"product_tag":[1407],"class_list":{"0":"post-79184","1":"product","2":"type-product","3":"status-publish","4":"has-post-thumbnail","6":"product_cat-akcesoria-pl-2","7":"product_cat-outlet-pl","8":"product_cat-dzieci","9":"product_tag-kpla","11":"first","12":"outofstock","13":"sale","14":"shipping-taxable","15":"purchasable","16":"product-type-simple"},"acf":[],"yoast_head":"<!-- This site is optimized with the Yoast SEO plugin v27.0 - https:\/\/yoast.com\/product\/yoast-seo-wordpress\/ -->\n<title>Komin z we\u0142ny merino Caramel - Fluff<\/title>\n<meta name=\"description\" content=\"Mi\u0119kki i ciep\u0142y komin wykonany w 100% z we\u0142ny merynos\u00f3w o szczeg\u00f3lnych w\u0142a\u015bciwo\u015bciach termicznych sprawi, \u017ce zima stanie si\u0119 Twoj\u0105 ulubion\u0105 pora roku.\" \/>\n<meta name=\"robots\" content=\"index, follow, max-snippet:-1, max-image-preview:large, max-video-preview:-1\" \/>\n<link rel=\"canonical\" href=\"https:\/\/fluffouterwear.com\/pl\/produkt\/komin-z-welny-merino-caramel\/\" \/>\n<meta property=\"og:locale\" content=\"pl_PL\" \/>\n<meta property=\"og:type\" content=\"article\" \/>\n<meta property=\"og:title\" content=\"Komin z we\u0142ny merino Caramel - Fluff\" \/>\n<meta property=\"og:description\" content=\"Mi\u0119kki i ciep\u0142y komin wykonany w 100% z we\u0142ny merynos\u00f3w o szczeg\u00f3lnych w\u0142a\u015bciwo\u015bciach termicznych sprawi, \u017ce zima stanie si\u0119 Twoj\u0105 ulubion\u0105 pora roku.\" \/>\n<meta property=\"og:url\" content=\"https:\/\/fluffouterwear.com\/pl\/produkt\/komin-z-welny-merino-caramel\/\" \/>\n<meta property=\"og:site_name\" content=\"Fluff\" \/>\n<meta property=\"article:modified_time\" content=\"2026-03-30T19:12:53+00:00\" \/>\n<meta property=\"og:image\" content=\"https:\/\/fluffouterwear.com\/wp-content\/uploads\/2023\/08\/Komin_merino_caramel.jpg\" \/>\n\t<meta property=\"og:image:width\" content=\"1185\" \/>\n\t<meta property=\"og:image:height\" content=\"1310\" \/>\n\t<meta property=\"og:image:type\" content=\"image\/jpeg\" \/>\n<meta name=\"twitter:card\" content=\"summary_large_image\" \/>\n<meta name=\"twitter:label1\" content=\"Szacowany czas czytania\" \/>\n\t<meta name=\"twitter:data1\" content=\"2 minuty\" \/>\n<script type=\"application\/ld+json\" class=\"yoast-schema-graph\">{\"@context\":\"https:\/\/schema.org\",\"@graph\":[{\"@type\":\"WebPage\",\"@id\":\"https:\/\/fluffouterwear.com\/pl\/produkt\/komin-z-welny-merino-caramel\/\",\"url\":\"https:\/\/fluffouterwear.com\/pl\/produkt\/komin-z-welny-merino-caramel\/\",\"name\":\"Komin z we\u0142ny merino Caramel - Fluff\",\"isPartOf\":{\"@id\":\"https:\/\/fluffouterwear.com\/pl\/#website\"},\"primaryImageOfPage\":{\"@id\":\"https:\/\/fluffouterwear.com\/pl\/produkt\/komin-z-welny-merino-caramel\/#primaryimage\"},\"image\":{\"@id\":\"https:\/\/fluffouterwear.com\/pl\/produkt\/komin-z-welny-merino-caramel\/#primaryimage\"},\"thumbnailUrl\":\"https:\/\/fluffouterwear.com\/wp-content\/uploads\/2023\/08\/Komin_merino_caramel.jpg\",\"datePublished\":\"2023-08-18T13:43:44+00:00\",\"dateModified\":\"2026-03-30T19:12:53+00:00\",\"description\":\"Mi\u0119kki i ciep\u0142y komin wykonany w 100% z we\u0142ny merynos\u00f3w o szczeg\u00f3lnych w\u0142a\u015bciwo\u015bciach termicznych sprawi, \u017ce zima stanie si\u0119 Twoj\u0105 ulubion\u0105 pora roku.\",\"breadcrumb\":{\"@id\":\"https:\/\/fluffouterwear.com\/pl\/produkt\/komin-z-welny-merino-caramel\/#breadcrumb\"},\"inLanguage\":\"pl-PL\",\"potentialAction\":[{\"@type\":\"ReadAction\",\"target\":[\"https:\/\/fluffouterwear.com\/pl\/produkt\/komin-z-welny-merino-caramel\/\"]}]},{\"@type\":\"ImageObject\",\"inLanguage\":\"pl-PL\",\"@id\":\"https:\/\/fluffouterwear.com\/pl\/produkt\/komin-z-welny-merino-caramel\/#primaryimage\",\"url\":\"https:\/\/fluffouterwear.com\/wp-content\/uploads\/2023\/08\/Komin_merino_caramel.jpg\",\"contentUrl\":\"https:\/\/fluffouterwear.com\/wp-content\/uploads\/2023\/08\/Komin_merino_caramel.jpg\",\"width\":1185,\"height\":1310,\"caption\":\"Mi\u0119kki komin z naturalnej we\u0142ny merynosa z haftowanym logo fluff w kontrastuj\u0105cym kolorze\"},{\"@type\":\"BreadcrumbList\",\"@id\":\"https:\/\/fluffouterwear.com\/pl\/produkt\/komin-z-welny-merino-caramel\/#breadcrumb\",\"itemListElement\":[{\"@type\":\"ListItem\",\"position\":1,\"name\":\"Strona g\u0142\u00f3wna\",\"item\":\"https:\/\/fluffouterwear.com\/pl\/\"},{\"@type\":\"ListItem\",\"position\":2,\"name\":\"Sklep\",\"item\":\"https:\/\/fluffouterwear.com\/pl\/sklep\/\"},{\"@type\":\"ListItem\",\"position\":3,\"name\":\"Komin z we\u0142ny merino Caramel\"}]},{\"@type\":\"WebSite\",\"@id\":\"https:\/\/fluffouterwear.com\/pl\/#website\",\"url\":\"https:\/\/fluffouterwear.com\/pl\/\",\"name\":\"Fluff\",\"description\":\"\",\"potentialAction\":[{\"@type\":\"SearchAction\",\"target\":{\"@type\":\"EntryPoint\",\"urlTemplate\":\"https:\/\/fluffouterwear.com\/pl\/?s={search_term_string}\"},\"query-input\":{\"@type\":\"PropertyValueSpecification\",\"valueRequired\":true,\"valueName\":\"search_term_string\"}}],\"inLanguage\":\"pl-PL\"}]}<\/script>\n<!-- \/ Yoast SEO plugin. -->","yoast_head_json":{"title":"Komin z we\u0142ny merino Caramel - Fluff","description":"Mi\u0119kki i ciep\u0142y komin wykonany w 100% z we\u0142ny merynos\u00f3w o szczeg\u00f3lnych w\u0142a\u015bciwo\u015bciach termicznych sprawi, \u017ce zima stanie si\u0119 Twoj\u0105 ulubion\u0105 pora roku.","robots":{"index":"index","follow":"follow","max-snippet":"max-snippet:-1","max-image-preview":"max-image-preview:large","max-video-preview":"max-video-preview:-1"},"canonical":"https:\/\/fluffouterwear.com\/pl\/produkt\/komin-z-welny-merino-caramel\/","og_locale":"pl_PL","og_type":"article","og_title":"Komin z we\u0142ny merino Caramel - Fluff","og_description":"Mi\u0119kki i ciep\u0142y komin wykonany w 100% z we\u0142ny merynos\u00f3w o szczeg\u00f3lnych w\u0142a\u015bciwo\u015bciach termicznych sprawi, \u017ce zima stanie si\u0119 Twoj\u0105 ulubion\u0105 pora roku.","og_url":"https:\/\/fluffouterwear.com\/pl\/produkt\/komin-z-welny-merino-caramel\/","og_site_name":"Fluff","article_modified_time":"2026-03-30T19:12:53+00:00","og_image":[{"width":1185,"height":1310,"url":"https:\/\/fluffouterwear.com\/wp-content\/uploads\/2023\/08\/Komin_merino_caramel.jpg","type":"image\/jpeg"}],"twitter_card":"summary_large_image","twitter_misc":{"Szacowany czas czytania":"2 minuty"},"schema":{"@context":"https:\/\/schema.org","@graph":[{"@type":"WebPage","@id":"https:\/\/fluffouterwear.com\/pl\/produkt\/komin-z-welny-merino-caramel\/","url":"https:\/\/fluffouterwear.com\/pl\/produkt\/komin-z-welny-merino-caramel\/","name":"Komin z we\u0142ny merino Caramel - Fluff","isPartOf":{"@id":"https:\/\/fluffouterwear.com\/pl\/#website"},"primaryImageOfPage":{"@id":"https:\/\/fluffouterwear.com\/pl\/produkt\/komin-z-welny-merino-caramel\/#primaryimage"},"image":{"@id":"https:\/\/fluffouterwear.com\/pl\/produkt\/komin-z-welny-merino-caramel\/#primaryimage"},"thumbnailUrl":"https:\/\/fluffouterwear.com\/wp-content\/uploads\/2023\/08\/Komin_merino_caramel.jpg","datePublished":"2023-08-18T13:43:44+00:00","dateModified":"2026-03-30T19:12:53+00:00","description":"Mi\u0119kki i ciep\u0142y komin wykonany w 100% z we\u0142ny merynos\u00f3w o szczeg\u00f3lnych w\u0142a\u015bciwo\u015bciach termicznych sprawi, \u017ce zima stanie si\u0119 Twoj\u0105 ulubion\u0105 pora roku.","breadcrumb":{"@id":"https:\/\/fluffouterwear.com\/pl\/produkt\/komin-z-welny-merino-caramel\/#breadcrumb"},"inLanguage":"pl-PL","potentialAction":[{"@type":"ReadAction","target":["https:\/\/fluffouterwear.com\/pl\/produkt\/komin-z-welny-merino-caramel\/"]}]},{"@type":"ImageObject","inLanguage":"pl-PL","@id":"https:\/\/fluffouterwear.com\/pl\/produkt\/komin-z-welny-merino-caramel\/#primaryimage","url":"https:\/\/fluffouterwear.com\/wp-content\/uploads\/2023\/08\/Komin_merino_caramel.jpg","contentUrl":"https:\/\/fluffouterwear.com\/wp-content\/uploads\/2023\/08\/Komin_merino_caramel.jpg","width":1185,"height":1310,"caption":"Mi\u0119kki komin z naturalnej we\u0142ny merynosa z haftowanym logo fluff w kontrastuj\u0105cym kolorze"},{"@type":"BreadcrumbList","@id":"https:\/\/fluffouterwear.com\/pl\/produkt\/komin-z-welny-merino-caramel\/#breadcrumb","itemListElement":[{"@type":"ListItem","position":1,"name":"Strona g\u0142\u00f3wna","item":"https:\/\/fluffouterwear.com\/pl\/"},{"@type":"ListItem","position":2,"name":"Sklep","item":"https:\/\/fluffouterwear.com\/pl\/sklep\/"},{"@type":"ListItem","position":3,"name":"Komin z we\u0142ny merino Caramel"}]},{"@type":"WebSite","@id":"https:\/\/fluffouterwear.com\/pl\/#website","url":"https:\/\/fluffouterwear.com\/pl\/","name":"Fluff","description":"","potentialAction":[{"@type":"SearchAction","target":{"@type":"EntryPoint","urlTemplate":"https:\/\/fluffouterwear.com\/pl\/?s={search_term_string}"},"query-input":{"@type":"PropertyValueSpecification","valueRequired":true,"valueName":"search_term_string"}}],"inLanguage":"pl-PL"}]}},"_links":{"self":[{"href":"https:\/\/fluffouterwear.com\/pl\/wp-json\/wp\/v2\/product\/79184","targetHints":{"allow":["GET"]}}],"collection":[{"href":"https:\/\/fluffouterwear.com\/pl\/wp-json\/wp\/v2\/product"}],"about":[{"href":"https:\/\/fluffouterwear.com\/pl\/wp-json\/wp\/v2\/types\/product"}],"replies":[{"embeddable":true,"href":"https:\/\/fluffouterwear.com\/pl\/wp-json\/wp\/v2\/comments?post=79184"}],"wp:featuredmedia":[{"embeddable":true,"href":"https:\/\/fluffouterwear.com\/pl\/wp-json\/wp\/v2\/media\/80733"}],"wp:attachment":[{"href":"https:\/\/fluffouterwear.com\/pl\/wp-json\/wp\/v2\/media?parent=79184"}],"wp:term":[{"taxonomy":"product_brand","embeddable":true,"href":"https:\/\/fluffouterwear.com\/pl\/wp-json\/wp\/v2\/product_brand?post=79184"},{"taxonomy":"product_cat","embeddable":true,"href":"https:\/\/fluffouterwear.com\/pl\/wp-json\/wp\/v2\/product_cat?post=79184"},{"taxonomy":"product_tag","embeddable":true,"href":"https:\/\/fluffouterwear.com\/pl\/wp-json\/wp\/v2\/product_tag?post=79184"}],"curies":[{"name":"wp","href":"https:\/\/api.w.org\/{rel}","templated":true}]}}