{"id":79295,"date":"2023-09-06T14:57:16","date_gmt":"2023-09-06T12:57:16","guid":{"rendered":"https:\/\/fluffouterwear.com\/?post_type=product&#038;p=79295"},"modified":"2026-02-03T15:55:15","modified_gmt":"2026-02-03T14:55:15","slug":"kurtka-puchowa-dla-psa-bordeaux","status":"publish","type":"product","link":"https:\/\/fluffouterwear.com\/pl\/produkt\/kurtka-puchowa-dla-psa-bordeaux\/","title":{"rendered":"Kurtka puchowa dla psa Bordeaux"},"content":{"rendered":"<h4><strong>Puchowa kurtka dla psa w kolorze bordowym<\/strong><\/h4>\n<p>Tw\u00f3j czworono\u017cny przyjaciel zas\u0142uguje na wszystko, co najlepsze. W ch\u0142odnym okresie jesienno-zimowym warto sprawi\u0107 mu wi\u0119c najwy\u017cszej jako\u015bci <b>odzie\u017c dla psa<\/b>. Specjalnie z my\u015bl\u0105 o potrzebach podopiecznych naszych Klientek stworzyli\u015bmy <b>puchow\u0105 kurtk\u0119 dla psa<\/b>, kt\u00f3ry uchroni Twojego pupila przed zimnem, wilgoci\u0105 i przeszywaj\u0105cym wiatrem. Projektuj\u0105c ten elegancki<b> p\u0142aszcz dla psa<\/b>, wykorzystali\u015bmy te same materia\u0142y, z kt\u00f3rych szyjemy nasze puchowe kurtki i kombinezony dla dzieci i doros\u0142ych &#8211; tak, by zapewni\u0107 pe\u0142en komfort ka\u017cdemu cz\u0142onkowi rodziny. Je\u015bli tylko masz na to ochot\u0119, mo\u017cesz wi\u0119c bez trudu skomponowa\u0107 dla siebie i swojego pieska wyj\u0105tkow\u0105 stylizacj\u0119 typu matchy matchy, w kt\u00f3rej razem zadacie nie lada szyku na d\u0142ugich spacerach po osiedlu!<\/p>\n<p>Nasz <b>pikowany kubraczek dla psa<\/b> odznacza si\u0119 sprawdzonym przez nas w wielu innych projektach wype\u0142nieniem (90% puch, 10% pierze, spr\u0119\u017cysto\u015b\u0107 750 cuin), kt\u00f3re zapewnia optymaln\u0105 ochron\u0119 przed warunkami zewn\u0119trznymi. Dla wygody Twojego futrzaka zastosowali\u015bmy zapi\u0119cie na napy oraz praktyczne \u015bci\u0105gacze, dzi\u0119ki kt\u00f3rym b\u0119dziesz w stanie odpowiednio dopasowa\u0107 ubranko do w\u0142a\u015bciwego rozmiaru. Ca\u0142o\u015b\u0107 jest wiatroszczelna i wodoszczelna, a jednocze\u015bnie bardzo lekka. W \u017cadnym stopniu nie ograniczy wi\u0119c swobody ruch\u00f3w Twojego psiaka i pozwoli mu hasa\u0107 r\u00f3wnie beztrosko, co do tej pory, w tym samym czasie chroni\u0105c przed potencjalnymi przykrymi skutkami przemarzni\u0119cia, takimi jak os\u0142abienie czy nawet infekcje.<\/p>\n<p><b>Pikowany, puchowy ubranko zimowe dla psa<\/b> ograniczy te\u017c do minimum Twoje wysi\u0142ki po spacerze w \u015bnie\u017cny czy deszczowy dzie\u0144. To <b>modne ubranie dla psa<\/b> os\u0142oni bowiem futro Twojego zwierzaka przed zmokni\u0119ciem &#8211; po spacerze w takich niezbyt sprzyjaj\u0105cych okoliczno\u015bciach przyrody pozostanie Ci wi\u0119c tylko wytrze\u0107 psie \u0142apki, \u0142ebek i ogonek.<\/p>\n","protected":false},"excerpt":{"rendered":"<p>Puchowa kurtka dla psa w kolorze bordowym Tw\u00f3j czworono\u017cny przyjaciel zas\u0142uguje na wszystko, co najlepsze. W ch\u0142odnym okresie jesienno-zimowym warto sprawi\u0107 mu wi\u0119c najwy\u017cszej jako\u015bci odzie\u017c dla psa. Specjalnie z my\u015bl\u0105 o potrzebach podopiecznych naszych Klientek stworzyli\u015bmy puchow\u0105 kurtk\u0119 dla psa, kt\u00f3ry uchroni Twojego pupila przed zimnem, wilgoci\u0105 i przeszywaj\u0105cym wiatrem. Projektuj\u0105c ten elegancki p\u0142aszcz [&#8230;]\n","protected":false},"featured_media":79729,"comment_status":"open","ping_status":"closed","template":"","meta":{"_acf_changed":false},"product_brand":[],"product_cat":[870],"product_tag":[],"class_list":{"0":"post-79295","1":"product","2":"type-product","3":"status-publish","4":"has-post-thumbnail","6":"product_cat-kurtki-dla-psow","8":"first","9":"instock","10":"shipping-taxable","11":"purchasable","12":"product-type-variable"},"acf":[],"yoast_head":"<!-- This site is optimized with the Yoast SEO plugin v27.0 - https:\/\/yoast.com\/product\/yoast-seo-wordpress\/ -->\n<title>Kurtka puchowa dla psa Bordeaux - Fluff<\/title>\n<meta name=\"description\" content=\"Pikowana puchowa kurteczka dla psa w sam raz na ch\u0142odne jesienne i zimowe dni. Wiatroszczelny i wodoszczelny materia\u0142, wype\u0142niony g\u0119sim puchem. Kurtka dla whippeta, ubranie zimowe dla chart\u00f3w.\" \/>\n<meta name=\"robots\" content=\"index, follow, max-snippet:-1, max-image-preview:large, max-video-preview:-1\" \/>\n<link rel=\"canonical\" href=\"https:\/\/fluffouterwear.com\/pl\/produkt\/kurtka-puchowa-dla-psa-bordeaux\/\" \/>\n<meta property=\"og:locale\" content=\"pl_PL\" \/>\n<meta property=\"og:type\" content=\"article\" \/>\n<meta property=\"og:title\" content=\"Kurtka puchowa dla psa Bordeaux - Fluff\" \/>\n<meta property=\"og:description\" content=\"Pikowana puchowa kurteczka dla psa w sam raz na ch\u0142odne jesienne i zimowe dni. Wiatroszczelny i wodoszczelny materia\u0142, wype\u0142niony g\u0119sim puchem. Kurtka dla whippeta, ubranie zimowe dla chart\u00f3w.\" \/>\n<meta property=\"og:url\" content=\"https:\/\/fluffouterwear.com\/pl\/produkt\/kurtka-puchowa-dla-psa-bordeaux\/\" \/>\n<meta property=\"og:site_name\" content=\"Fluff\" \/>\n<meta property=\"article:modified_time\" content=\"2026-02-03T14:55:15+00:00\" \/>\n<meta property=\"og:image\" content=\"https:\/\/fluffouterwear.com\/wp-content\/uploads\/2023\/08\/kurtka-dla-psa-bordeaux-3.jpg\" \/>\n\t<meta property=\"og:image:width\" content=\"1185\" \/>\n\t<meta property=\"og:image:height\" content=\"1310\" \/>\n\t<meta property=\"og:image:type\" content=\"image\/jpeg\" \/>\n<meta name=\"twitter:card\" content=\"summary_large_image\" \/>\n<meta name=\"twitter:label1\" content=\"Szacowany czas czytania\" \/>\n\t<meta name=\"twitter:data1\" content=\"2 minuty\" \/>\n<script type=\"application\/ld+json\" class=\"yoast-schema-graph\">{\"@context\":\"https:\/\/schema.org\",\"@graph\":[{\"@type\":\"WebPage\",\"@id\":\"https:\/\/fluffouterwear.com\/pl\/produkt\/kurtka-puchowa-dla-psa-bordeaux\/\",\"url\":\"https:\/\/fluffouterwear.com\/pl\/produkt\/kurtka-puchowa-dla-psa-bordeaux\/\",\"name\":\"Kurtka puchowa dla psa Bordeaux - Fluff\",\"isPartOf\":{\"@id\":\"https:\/\/fluffouterwear.com\/pl\/#website\"},\"primaryImageOfPage\":{\"@id\":\"https:\/\/fluffouterwear.com\/pl\/produkt\/kurtka-puchowa-dla-psa-bordeaux\/#primaryimage\"},\"image\":{\"@id\":\"https:\/\/fluffouterwear.com\/pl\/produkt\/kurtka-puchowa-dla-psa-bordeaux\/#primaryimage\"},\"thumbnailUrl\":\"https:\/\/fluffouterwear.com\/wp-content\/uploads\/2023\/08\/kurtka-dla-psa-bordeaux-3.jpg\",\"datePublished\":\"2023-09-06T12:57:16+00:00\",\"dateModified\":\"2026-02-03T14:55:15+00:00\",\"description\":\"Pikowana puchowa kurteczka dla psa w sam raz na ch\u0142odne jesienne i zimowe dni. Wiatroszczelny i wodoszczelny materia\u0142, wype\u0142niony g\u0119sim puchem. Kurtka dla whippeta, ubranie zimowe dla chart\u00f3w.\",\"breadcrumb\":{\"@id\":\"https:\/\/fluffouterwear.com\/pl\/produkt\/kurtka-puchowa-dla-psa-bordeaux\/#breadcrumb\"},\"inLanguage\":\"pl-PL\",\"potentialAction\":[{\"@type\":\"ReadAction\",\"target\":[\"https:\/\/fluffouterwear.com\/pl\/produkt\/kurtka-puchowa-dla-psa-bordeaux\/\"]}]},{\"@type\":\"ImageObject\",\"inLanguage\":\"pl-PL\",\"@id\":\"https:\/\/fluffouterwear.com\/pl\/produkt\/kurtka-puchowa-dla-psa-bordeaux\/#primaryimage\",\"url\":\"https:\/\/fluffouterwear.com\/wp-content\/uploads\/2023\/08\/kurtka-dla-psa-bordeaux-3.jpg\",\"contentUrl\":\"https:\/\/fluffouterwear.com\/wp-content\/uploads\/2023\/08\/kurtka-dla-psa-bordeaux-3.jpg\",\"width\":1185,\"height\":1310,\"caption\":\"kurtka zimowa dla psa, wdzianko dla ps\u00f3w, kurtka dla whippeta, puchowa, burgundowa, Bordeaux\"},{\"@type\":\"BreadcrumbList\",\"@id\":\"https:\/\/fluffouterwear.com\/pl\/produkt\/kurtka-puchowa-dla-psa-bordeaux\/#breadcrumb\",\"itemListElement\":[{\"@type\":\"ListItem\",\"position\":1,\"name\":\"Strona g\u0142\u00f3wna\",\"item\":\"https:\/\/fluffouterwear.com\/pl\/\"},{\"@type\":\"ListItem\",\"position\":2,\"name\":\"Sklep\",\"item\":\"https:\/\/fluffouterwear.com\/pl\/sklep\/\"},{\"@type\":\"ListItem\",\"position\":3,\"name\":\"Kurtka puchowa dla psa Bordeaux\"}]},{\"@type\":\"WebSite\",\"@id\":\"https:\/\/fluffouterwear.com\/pl\/#website\",\"url\":\"https:\/\/fluffouterwear.com\/pl\/\",\"name\":\"Fluff\",\"description\":\"\",\"potentialAction\":[{\"@type\":\"SearchAction\",\"target\":{\"@type\":\"EntryPoint\",\"urlTemplate\":\"https:\/\/fluffouterwear.com\/pl\/?s={search_term_string}\"},\"query-input\":{\"@type\":\"PropertyValueSpecification\",\"valueRequired\":true,\"valueName\":\"search_term_string\"}}],\"inLanguage\":\"pl-PL\"}]}<\/script>\n<!-- \/ Yoast SEO plugin. -->","yoast_head_json":{"title":"Kurtka puchowa dla psa Bordeaux - Fluff","description":"Pikowana puchowa kurteczka dla psa w sam raz na ch\u0142odne jesienne i zimowe dni. Wiatroszczelny i wodoszczelny materia\u0142, wype\u0142niony g\u0119sim puchem. Kurtka dla whippeta, ubranie zimowe dla chart\u00f3w.","robots":{"index":"index","follow":"follow","max-snippet":"max-snippet:-1","max-image-preview":"max-image-preview:large","max-video-preview":"max-video-preview:-1"},"canonical":"https:\/\/fluffouterwear.com\/pl\/produkt\/kurtka-puchowa-dla-psa-bordeaux\/","og_locale":"pl_PL","og_type":"article","og_title":"Kurtka puchowa dla psa Bordeaux - Fluff","og_description":"Pikowana puchowa kurteczka dla psa w sam raz na ch\u0142odne jesienne i zimowe dni. Wiatroszczelny i wodoszczelny materia\u0142, wype\u0142niony g\u0119sim puchem. Kurtka dla whippeta, ubranie zimowe dla chart\u00f3w.","og_url":"https:\/\/fluffouterwear.com\/pl\/produkt\/kurtka-puchowa-dla-psa-bordeaux\/","og_site_name":"Fluff","article_modified_time":"2026-02-03T14:55:15+00:00","og_image":[{"width":1185,"height":1310,"url":"https:\/\/fluffouterwear.com\/wp-content\/uploads\/2023\/08\/kurtka-dla-psa-bordeaux-3.jpg","type":"image\/jpeg"}],"twitter_card":"summary_large_image","twitter_misc":{"Szacowany czas czytania":"2 minuty"},"schema":{"@context":"https:\/\/schema.org","@graph":[{"@type":"WebPage","@id":"https:\/\/fluffouterwear.com\/pl\/produkt\/kurtka-puchowa-dla-psa-bordeaux\/","url":"https:\/\/fluffouterwear.com\/pl\/produkt\/kurtka-puchowa-dla-psa-bordeaux\/","name":"Kurtka puchowa dla psa Bordeaux - Fluff","isPartOf":{"@id":"https:\/\/fluffouterwear.com\/pl\/#website"},"primaryImageOfPage":{"@id":"https:\/\/fluffouterwear.com\/pl\/produkt\/kurtka-puchowa-dla-psa-bordeaux\/#primaryimage"},"image":{"@id":"https:\/\/fluffouterwear.com\/pl\/produkt\/kurtka-puchowa-dla-psa-bordeaux\/#primaryimage"},"thumbnailUrl":"https:\/\/fluffouterwear.com\/wp-content\/uploads\/2023\/08\/kurtka-dla-psa-bordeaux-3.jpg","datePublished":"2023-09-06T12:57:16+00:00","dateModified":"2026-02-03T14:55:15+00:00","description":"Pikowana puchowa kurteczka dla psa w sam raz na ch\u0142odne jesienne i zimowe dni. Wiatroszczelny i wodoszczelny materia\u0142, wype\u0142niony g\u0119sim puchem. Kurtka dla whippeta, ubranie zimowe dla chart\u00f3w.","breadcrumb":{"@id":"https:\/\/fluffouterwear.com\/pl\/produkt\/kurtka-puchowa-dla-psa-bordeaux\/#breadcrumb"},"inLanguage":"pl-PL","potentialAction":[{"@type":"ReadAction","target":["https:\/\/fluffouterwear.com\/pl\/produkt\/kurtka-puchowa-dla-psa-bordeaux\/"]}]},{"@type":"ImageObject","inLanguage":"pl-PL","@id":"https:\/\/fluffouterwear.com\/pl\/produkt\/kurtka-puchowa-dla-psa-bordeaux\/#primaryimage","url":"https:\/\/fluffouterwear.com\/wp-content\/uploads\/2023\/08\/kurtka-dla-psa-bordeaux-3.jpg","contentUrl":"https:\/\/fluffouterwear.com\/wp-content\/uploads\/2023\/08\/kurtka-dla-psa-bordeaux-3.jpg","width":1185,"height":1310,"caption":"kurtka zimowa dla psa, wdzianko dla ps\u00f3w, kurtka dla whippeta, puchowa, burgundowa, Bordeaux"},{"@type":"BreadcrumbList","@id":"https:\/\/fluffouterwear.com\/pl\/produkt\/kurtka-puchowa-dla-psa-bordeaux\/#breadcrumb","itemListElement":[{"@type":"ListItem","position":1,"name":"Strona g\u0142\u00f3wna","item":"https:\/\/fluffouterwear.com\/pl\/"},{"@type":"ListItem","position":2,"name":"Sklep","item":"https:\/\/fluffouterwear.com\/pl\/sklep\/"},{"@type":"ListItem","position":3,"name":"Kurtka puchowa dla psa Bordeaux"}]},{"@type":"WebSite","@id":"https:\/\/fluffouterwear.com\/pl\/#website","url":"https:\/\/fluffouterwear.com\/pl\/","name":"Fluff","description":"","potentialAction":[{"@type":"SearchAction","target":{"@type":"EntryPoint","urlTemplate":"https:\/\/fluffouterwear.com\/pl\/?s={search_term_string}"},"query-input":{"@type":"PropertyValueSpecification","valueRequired":true,"valueName":"search_term_string"}}],"inLanguage":"pl-PL"}]}},"_links":{"self":[{"href":"https:\/\/fluffouterwear.com\/pl\/wp-json\/wp\/v2\/product\/79295","targetHints":{"allow":["GET"]}}],"collection":[{"href":"https:\/\/fluffouterwear.com\/pl\/wp-json\/wp\/v2\/product"}],"about":[{"href":"https:\/\/fluffouterwear.com\/pl\/wp-json\/wp\/v2\/types\/product"}],"replies":[{"embeddable":true,"href":"https:\/\/fluffouterwear.com\/pl\/wp-json\/wp\/v2\/comments?post=79295"}],"wp:featuredmedia":[{"embeddable":true,"href":"https:\/\/fluffouterwear.com\/pl\/wp-json\/wp\/v2\/media\/79729"}],"wp:attachment":[{"href":"https:\/\/fluffouterwear.com\/pl\/wp-json\/wp\/v2\/media?parent=79295"}],"wp:term":[{"taxonomy":"product_brand","embeddable":true,"href":"https:\/\/fluffouterwear.com\/pl\/wp-json\/wp\/v2\/product_brand?post=79295"},{"taxonomy":"product_cat","embeddable":true,"href":"https:\/\/fluffouterwear.com\/pl\/wp-json\/wp\/v2\/product_cat?post=79295"},{"taxonomy":"product_tag","embeddable":true,"href":"https:\/\/fluffouterwear.com\/pl\/wp-json\/wp\/v2\/product_tag?post=79295"}],"curies":[{"name":"wp","href":"https:\/\/api.w.org\/{rel}","templated":true}]}}