{"id":79301,"date":"2023-08-25T15:38:50","date_gmt":"2023-08-25T13:38:50","guid":{"rendered":"https:\/\/fluffouterwear.com\/?post_type=product&#038;p=79301"},"modified":"2026-02-19T12:01:48","modified_gmt":"2026-02-19T11:01:48","slug":"kurtka-puchowa-dla-psa-latte","status":"publish","type":"product","link":"https:\/\/fluffouterwear.com\/pl\/produkt\/kurtka-puchowa-dla-psa-latte\/","title":{"rendered":"Kurtka puchowa dla psa Latte"},"content":{"rendered":"<h4><strong>Puchowa kurtka dla psa w kolorze be\u017cowym<\/strong><\/h4>\n<p>Tw\u00f3j uroczy pupil bez w\u0105tpienia zas\u0142uguje na wszystko, co najlepsze. W trudnym dla niego okresie jesienno-zimowym warto wi\u0119c zaopatrzy\u0107 go w najwy\u017cszej jako\u015bci <b>odzie\u017c dla psa<\/b>. Bior\u0105c pod uwag\u0119 potrzeby czworono\u017cnych przyjaci\u00f3\u0142 naszych Klientek, zaprojektowali\u015bmy <b>puchowy kubraczek dla psa<\/b>, kt\u00f3ry zapewni Twojemu zwierzakowi pe\u0142n\u0105 ochron\u0119 przed ch\u0142odem, wilgoci\u0105 i nieprzyjemnym, zimnym wiatrem. By stworzy\u0107 ten stylowy <b>p\u0142aszcz dla psa<\/b>, si\u0119gn\u0119li\u015bmy po te same materia\u0142y, z kt\u00f3rych zwykle szyjemy nasze puchowe kurtki i kombinezony dla dzieci i doros\u0142ych &#8211; wszystko po to, \u017ceby zagwarantowa\u0107 pe\u0142en komfort ka\u017cdemu cz\u0142onkowi rodziny. Je\u015bli tylko zechcesz, mo\u017cesz wi\u0119c bez problemu skomponowa\u0107 dla siebie i swojego pieska niezwyk\u0142\u0105 stylizacj\u0119 typu matchy matchy &#8211; pomy\u015bl tylko, jak elegancko b\u0119dziecie wygl\u0105da\u0107 razem podczas d\u0142ugich spacer\u00f3w po osiedlu!<\/p>\n<p><b>Pikowany kubraczek dla psa Fluff<\/b> charakteryzuje si\u0119 sprawdzonym przez nas wcze\u015bniej w licznych innych projektach wype\u0142nieniem (90% puch, 10% pierze, spr\u0119\u017cysto\u015b\u0107 750 cuin). Zapewnia ono najwy\u017csz\u0105 ochron\u0119 przed niekorzystnymi warunkami zewn\u0119trznymi. Dla komfortu Twojego pupila zdecydowali\u015bmy si\u0119 na zapi\u0119cie na napy oraz praktyczne \u015bci\u0105gacze, kt\u00f3re pozwol\u0105 Ci odpowiednio dostosowa\u0107 ubranko do w\u0142a\u015bciwego rozmiaru. Ca\u0142y kubraczek dla psa jest wiatroszczelny i wodoszczelny, a przy tym bardzo lekki. Nie b\u0119dzie wi\u0119c ani troch\u0119 ogranicza\u0107 swobody ruch\u00f3w Twojego pieska &#8211; b\u0119dzie m\u00f3g\u0142 hasa\u0107 r\u00f3wnie beztrosko, co do tej pory. Ubranko skutecznie ochroni go przy tym przed potencjalnymi przykrymi skutkami przemarzni\u0119cia.<\/p>\n<p><b>Pikowana, puchowa kurtka dla psa<\/b> ograniczy te\u017c do niezb\u0119dnego minimum Twoje wysi\u0142ki po spacerze w deszczowy czy \u015bnie\u017cny dzie\u0144. To <b>modne ubranie dla psa<\/b> os\u0142oni bowiem futerko Twojego podopiecznego przed zmokni\u0119ciem. Po spacerze w niesprzyjaj\u0105cych warunkach atmosferycznych b\u0119dziesz musia\u0142a wi\u0119c tylko wytrze\u0107 psie \u0142apki, \u0142ebek i ogonek.<\/p>\n","protected":false},"excerpt":{"rendered":"<p>Puchowa kurtka dla psa w kolorze be\u017cowym Tw\u00f3j uroczy pupil bez w\u0105tpienia zas\u0142uguje na wszystko, co najlepsze. W trudnym dla niego okresie jesienno-zimowym warto wi\u0119c zaopatrzy\u0107 go w najwy\u017cszej jako\u015bci odzie\u017c dla psa. Bior\u0105c pod uwag\u0119 potrzeby czworono\u017cnych przyjaci\u00f3\u0142 naszych Klientek, zaprojektowali\u015bmy puchowy kubraczek dla psa, kt\u00f3ry zapewni Twojemu zwierzakowi pe\u0142n\u0105 ochron\u0119 przed ch\u0142odem, wilgoci\u0105 [&#8230;]\n","protected":false},"featured_media":79629,"comment_status":"open","ping_status":"closed","template":"","meta":{"_acf_changed":false},"product_brand":[],"product_cat":[870],"product_tag":[],"class_list":{"0":"post-79301","1":"product","2":"type-product","3":"status-publish","4":"has-post-thumbnail","6":"product_cat-kurtki-dla-psow","8":"first","9":"instock","10":"shipping-taxable","11":"purchasable","12":"product-type-variable"},"acf":[],"yoast_head":"<!-- This site is optimized with the Yoast SEO plugin v27.0 - https:\/\/yoast.com\/product\/yoast-seo-wordpress\/ -->\n<title>Kurtka puchowa dla psa Latte - Fluff<\/title>\n<meta name=\"description\" content=\"Pikowana puchowa kurteczka dla psa w sam raz na ch\u0142odne jesienne i zimowe dni. Wiatroszczelny i wodoszczelny materia\u0142, wype\u0142niony g\u0119sim puchem. Kurtka dla whippeta, ubranie zimowe dla chart\u00f3w.\" \/>\n<meta name=\"robots\" content=\"index, follow, max-snippet:-1, max-image-preview:large, max-video-preview:-1\" \/>\n<link rel=\"canonical\" href=\"https:\/\/fluffouterwear.com\/pl\/produkt\/kurtka-puchowa-dla-psa-latte\/\" \/>\n<meta property=\"og:locale\" content=\"pl_PL\" \/>\n<meta property=\"og:type\" content=\"article\" \/>\n<meta property=\"og:title\" content=\"Kurtka puchowa dla psa Latte - Fluff\" \/>\n<meta property=\"og:description\" content=\"Pikowana puchowa kurteczka dla psa w sam raz na ch\u0142odne jesienne i zimowe dni. Wiatroszczelny i wodoszczelny materia\u0142, wype\u0142niony g\u0119sim puchem. Kurtka dla whippeta, ubranie zimowe dla chart\u00f3w.\" \/>\n<meta property=\"og:url\" content=\"https:\/\/fluffouterwear.com\/pl\/produkt\/kurtka-puchowa-dla-psa-latte\/\" \/>\n<meta property=\"og:site_name\" content=\"Fluff\" \/>\n<meta property=\"article:modified_time\" content=\"2026-02-19T11:01:48+00:00\" \/>\n<meta property=\"og:image\" content=\"https:\/\/fluffouterwear.com\/wp-content\/uploads\/2023\/08\/kurtka-dla-psa-latte-3.jpg\" \/>\n\t<meta property=\"og:image:width\" content=\"1185\" \/>\n\t<meta property=\"og:image:height\" content=\"1310\" \/>\n\t<meta property=\"og:image:type\" content=\"image\/jpeg\" \/>\n<meta name=\"twitter:card\" content=\"summary_large_image\" \/>\n<meta name=\"twitter:label1\" content=\"Szacowany czas czytania\" \/>\n\t<meta name=\"twitter:data1\" content=\"2 minuty\" \/>\n<script type=\"application\/ld+json\" class=\"yoast-schema-graph\">{\"@context\":\"https:\/\/schema.org\",\"@graph\":[{\"@type\":\"WebPage\",\"@id\":\"https:\/\/fluffouterwear.com\/pl\/produkt\/kurtka-puchowa-dla-psa-latte\/\",\"url\":\"https:\/\/fluffouterwear.com\/pl\/produkt\/kurtka-puchowa-dla-psa-latte\/\",\"name\":\"Kurtka puchowa dla psa Latte - Fluff\",\"isPartOf\":{\"@id\":\"https:\/\/fluffouterwear.com\/pl\/#website\"},\"primaryImageOfPage\":{\"@id\":\"https:\/\/fluffouterwear.com\/pl\/produkt\/kurtka-puchowa-dla-psa-latte\/#primaryimage\"},\"image\":{\"@id\":\"https:\/\/fluffouterwear.com\/pl\/produkt\/kurtka-puchowa-dla-psa-latte\/#primaryimage\"},\"thumbnailUrl\":\"https:\/\/fluffouterwear.com\/wp-content\/uploads\/2023\/08\/kurtka-dla-psa-latte-3.jpg\",\"datePublished\":\"2023-08-25T13:38:50+00:00\",\"dateModified\":\"2026-02-19T11:01:48+00:00\",\"description\":\"Pikowana puchowa kurteczka dla psa w sam raz na ch\u0142odne jesienne i zimowe dni. Wiatroszczelny i wodoszczelny materia\u0142, wype\u0142niony g\u0119sim puchem. Kurtka dla whippeta, ubranie zimowe dla chart\u00f3w.\",\"breadcrumb\":{\"@id\":\"https:\/\/fluffouterwear.com\/pl\/produkt\/kurtka-puchowa-dla-psa-latte\/#breadcrumb\"},\"inLanguage\":\"pl-PL\",\"potentialAction\":[{\"@type\":\"ReadAction\",\"target\":[\"https:\/\/fluffouterwear.com\/pl\/produkt\/kurtka-puchowa-dla-psa-latte\/\"]}]},{\"@type\":\"ImageObject\",\"inLanguage\":\"pl-PL\",\"@id\":\"https:\/\/fluffouterwear.com\/pl\/produkt\/kurtka-puchowa-dla-psa-latte\/#primaryimage\",\"url\":\"https:\/\/fluffouterwear.com\/wp-content\/uploads\/2023\/08\/kurtka-dla-psa-latte-3.jpg\",\"contentUrl\":\"https:\/\/fluffouterwear.com\/wp-content\/uploads\/2023\/08\/kurtka-dla-psa-latte-3.jpg\",\"width\":1185,\"height\":1310,\"caption\":\"kurtka zimowa dla psa, wdzianko dla ps\u00f3w, kurtka dla whippeta, puchowa, be\u017cowa Latte\"},{\"@type\":\"BreadcrumbList\",\"@id\":\"https:\/\/fluffouterwear.com\/pl\/produkt\/kurtka-puchowa-dla-psa-latte\/#breadcrumb\",\"itemListElement\":[{\"@type\":\"ListItem\",\"position\":1,\"name\":\"Strona g\u0142\u00f3wna\",\"item\":\"https:\/\/fluffouterwear.com\/pl\/\"},{\"@type\":\"ListItem\",\"position\":2,\"name\":\"Sklep\",\"item\":\"https:\/\/fluffouterwear.com\/pl\/sklep\/\"},{\"@type\":\"ListItem\",\"position\":3,\"name\":\"Kurtka puchowa dla psa Latte\"}]},{\"@type\":\"WebSite\",\"@id\":\"https:\/\/fluffouterwear.com\/pl\/#website\",\"url\":\"https:\/\/fluffouterwear.com\/pl\/\",\"name\":\"Fluff\",\"description\":\"\",\"potentialAction\":[{\"@type\":\"SearchAction\",\"target\":{\"@type\":\"EntryPoint\",\"urlTemplate\":\"https:\/\/fluffouterwear.com\/pl\/?s={search_term_string}\"},\"query-input\":{\"@type\":\"PropertyValueSpecification\",\"valueRequired\":true,\"valueName\":\"search_term_string\"}}],\"inLanguage\":\"pl-PL\"}]}<\/script>\n<!-- \/ Yoast SEO plugin. -->","yoast_head_json":{"title":"Kurtka puchowa dla psa Latte - Fluff","description":"Pikowana puchowa kurteczka dla psa w sam raz na ch\u0142odne jesienne i zimowe dni. Wiatroszczelny i wodoszczelny materia\u0142, wype\u0142niony g\u0119sim puchem. Kurtka dla whippeta, ubranie zimowe dla chart\u00f3w.","robots":{"index":"index","follow":"follow","max-snippet":"max-snippet:-1","max-image-preview":"max-image-preview:large","max-video-preview":"max-video-preview:-1"},"canonical":"https:\/\/fluffouterwear.com\/pl\/produkt\/kurtka-puchowa-dla-psa-latte\/","og_locale":"pl_PL","og_type":"article","og_title":"Kurtka puchowa dla psa Latte - Fluff","og_description":"Pikowana puchowa kurteczka dla psa w sam raz na ch\u0142odne jesienne i zimowe dni. Wiatroszczelny i wodoszczelny materia\u0142, wype\u0142niony g\u0119sim puchem. Kurtka dla whippeta, ubranie zimowe dla chart\u00f3w.","og_url":"https:\/\/fluffouterwear.com\/pl\/produkt\/kurtka-puchowa-dla-psa-latte\/","og_site_name":"Fluff","article_modified_time":"2026-02-19T11:01:48+00:00","og_image":[{"width":1185,"height":1310,"url":"https:\/\/fluffouterwear.com\/wp-content\/uploads\/2023\/08\/kurtka-dla-psa-latte-3.jpg","type":"image\/jpeg"}],"twitter_card":"summary_large_image","twitter_misc":{"Szacowany czas czytania":"2 minuty"},"schema":{"@context":"https:\/\/schema.org","@graph":[{"@type":"WebPage","@id":"https:\/\/fluffouterwear.com\/pl\/produkt\/kurtka-puchowa-dla-psa-latte\/","url":"https:\/\/fluffouterwear.com\/pl\/produkt\/kurtka-puchowa-dla-psa-latte\/","name":"Kurtka puchowa dla psa Latte - Fluff","isPartOf":{"@id":"https:\/\/fluffouterwear.com\/pl\/#website"},"primaryImageOfPage":{"@id":"https:\/\/fluffouterwear.com\/pl\/produkt\/kurtka-puchowa-dla-psa-latte\/#primaryimage"},"image":{"@id":"https:\/\/fluffouterwear.com\/pl\/produkt\/kurtka-puchowa-dla-psa-latte\/#primaryimage"},"thumbnailUrl":"https:\/\/fluffouterwear.com\/wp-content\/uploads\/2023\/08\/kurtka-dla-psa-latte-3.jpg","datePublished":"2023-08-25T13:38:50+00:00","dateModified":"2026-02-19T11:01:48+00:00","description":"Pikowana puchowa kurteczka dla psa w sam raz na ch\u0142odne jesienne i zimowe dni. Wiatroszczelny i wodoszczelny materia\u0142, wype\u0142niony g\u0119sim puchem. Kurtka dla whippeta, ubranie zimowe dla chart\u00f3w.","breadcrumb":{"@id":"https:\/\/fluffouterwear.com\/pl\/produkt\/kurtka-puchowa-dla-psa-latte\/#breadcrumb"},"inLanguage":"pl-PL","potentialAction":[{"@type":"ReadAction","target":["https:\/\/fluffouterwear.com\/pl\/produkt\/kurtka-puchowa-dla-psa-latte\/"]}]},{"@type":"ImageObject","inLanguage":"pl-PL","@id":"https:\/\/fluffouterwear.com\/pl\/produkt\/kurtka-puchowa-dla-psa-latte\/#primaryimage","url":"https:\/\/fluffouterwear.com\/wp-content\/uploads\/2023\/08\/kurtka-dla-psa-latte-3.jpg","contentUrl":"https:\/\/fluffouterwear.com\/wp-content\/uploads\/2023\/08\/kurtka-dla-psa-latte-3.jpg","width":1185,"height":1310,"caption":"kurtka zimowa dla psa, wdzianko dla ps\u00f3w, kurtka dla whippeta, puchowa, be\u017cowa Latte"},{"@type":"BreadcrumbList","@id":"https:\/\/fluffouterwear.com\/pl\/produkt\/kurtka-puchowa-dla-psa-latte\/#breadcrumb","itemListElement":[{"@type":"ListItem","position":1,"name":"Strona g\u0142\u00f3wna","item":"https:\/\/fluffouterwear.com\/pl\/"},{"@type":"ListItem","position":2,"name":"Sklep","item":"https:\/\/fluffouterwear.com\/pl\/sklep\/"},{"@type":"ListItem","position":3,"name":"Kurtka puchowa dla psa Latte"}]},{"@type":"WebSite","@id":"https:\/\/fluffouterwear.com\/pl\/#website","url":"https:\/\/fluffouterwear.com\/pl\/","name":"Fluff","description":"","potentialAction":[{"@type":"SearchAction","target":{"@type":"EntryPoint","urlTemplate":"https:\/\/fluffouterwear.com\/pl\/?s={search_term_string}"},"query-input":{"@type":"PropertyValueSpecification","valueRequired":true,"valueName":"search_term_string"}}],"inLanguage":"pl-PL"}]}},"_links":{"self":[{"href":"https:\/\/fluffouterwear.com\/pl\/wp-json\/wp\/v2\/product\/79301","targetHints":{"allow":["GET"]}}],"collection":[{"href":"https:\/\/fluffouterwear.com\/pl\/wp-json\/wp\/v2\/product"}],"about":[{"href":"https:\/\/fluffouterwear.com\/pl\/wp-json\/wp\/v2\/types\/product"}],"replies":[{"embeddable":true,"href":"https:\/\/fluffouterwear.com\/pl\/wp-json\/wp\/v2\/comments?post=79301"}],"wp:featuredmedia":[{"embeddable":true,"href":"https:\/\/fluffouterwear.com\/pl\/wp-json\/wp\/v2\/media\/79629"}],"wp:attachment":[{"href":"https:\/\/fluffouterwear.com\/pl\/wp-json\/wp\/v2\/media?parent=79301"}],"wp:term":[{"taxonomy":"product_brand","embeddable":true,"href":"https:\/\/fluffouterwear.com\/pl\/wp-json\/wp\/v2\/product_brand?post=79301"},{"taxonomy":"product_cat","embeddable":true,"href":"https:\/\/fluffouterwear.com\/pl\/wp-json\/wp\/v2\/product_cat?post=79301"},{"taxonomy":"product_tag","embeddable":true,"href":"https:\/\/fluffouterwear.com\/pl\/wp-json\/wp\/v2\/product_tag?post=79301"}],"curies":[{"name":"wp","href":"https:\/\/api.w.org\/{rel}","templated":true}]}}