{"id":79313,"date":"2023-08-25T15:39:06","date_gmt":"2023-08-25T13:39:06","guid":{"rendered":"https:\/\/fluffouterwear.com\/?post_type=product&#038;p=79313"},"modified":"2026-02-06T14:46:42","modified_gmt":"2026-02-06T13:46:42","slug":"kurtka-puchowa-dla-psa-black-coffee","status":"publish","type":"product","link":"https:\/\/fluffouterwear.com\/pl\/produkt\/kurtka-puchowa-dla-psa-black-coffee\/","title":{"rendered":"Kurtka puchowa dla psa Black"},"content":{"rendered":"<h4><strong>Puchowa kurtka dla psa w kolorze czarnym<\/strong><\/h4>\n<p>Dla swojego czworono\u017cnego pupila z pewno\u015bci\u0105 chcesz wszystkiego, co najlepsze. Okres jesienno-zimowy mo\u017ce okaza\u0107 si\u0119 dla niego sporym wyzwaniem &#8211; koniecznie wi\u0119c wyposa\u017c go w najwy\u017cszej jako\u015bci <b>odzie\u017c dla psa<\/b>. Maj\u0105c na uwadze potrzeby podopiecznych naszych Klientek, zaprojektowali\u015bmy <b>puchowy kubraczek dla psa<\/b>, kt\u00f3ry skutecznie uchroni Twojego milusi\u0144skiego przed wilgoci\u0105, ch\u0142odem i ostrym wiatrem. Projektuj\u0105c ten modny <b>p\u0142aszcz dla psa<\/b>, zdecydowali\u015bmy si\u0119 na u\u017cycie tych samych materia\u0142\u00f3w, z kt\u00f3rych zwykle tworzymy nasze puchowe kurtki i kombinezony dla dzieci i doros\u0142ych. Wszak ka\u017cdy cz\u0142onek rodziny zas\u0142uguje na pe\u0142en komfort, prawda? Dzi\u0119ki takiemu rozwi\u0105zaniu masz mo\u017cliwo\u015b\u0107 skomponowania dla siebie i swojego pieska niezwyk\u0142ej stylizacji typu matchy matchy &#8211; pomy\u015bl tylko, jak stylowo b\u0119dziecie prezentowa\u0107 si\u0119 razem podczas d\u0142ugich spacer\u00f3w po osiedlu.<\/p>\n<p><b>Pikowany kubraczek dla psa Fluff<\/b> wyr\u00f3\u017cnia si\u0119 sprawdzonym przez nas wcze\u015bniej w naszych bestsellerowych modelach wype\u0142nieniem (90% puch, 10% pierze, spr\u0119\u017cysto\u015b\u0107 750 cuin). Gwarantuje ono najwy\u017cszy stopie\u0144 ochrony przed trudnymi warunkami atmosferycznymi. By Twojemu pupilowi by\u0142o naprawd\u0119 wygodnie, w tym projekcie si\u0119gn\u0119li\u015bmy po na zapi\u0119cie na napy oraz praktyczne \u015bci\u0105gacze, kt\u00f3re pozwol\u0105 Ci dostosowa\u0107 ubranko do potrzebnego rozmiaru. Ca\u0142y <b>kubraczek dla psa<\/b> jest wiatroszczelny i wodoszczelny, a przy tym niezwykle lekki. Nie musisz si\u0119 wi\u0119c obawia\u0107, \u017ce b\u0119dzie ogranicza\u0107 swobod\u0119 ruch\u00f3w Twojego psa &#8211; b\u0119dzie m\u00f3g\u0142 biega\u0107 i szale\u0107 r\u00f3wnie beztrosko, co do tej pory. Kubraczek skutecznie ochroni go przy tym przed potencjalnymi przykrymi skutkami przemarzni\u0119cia.<\/p>\n<p><b>Pikowany, puchowy kubraczek dla psa<\/b> pomo\u017ce te\u017c ograniczy\u0107 do niezb\u0119dnego minimum Twoje obowi\u0105zki po spacerze w deszczowy czy \u015bnie\u017cny dzie\u0144. To <b>modne ubranie dla psa<\/b> os\u0142oni bowiem futerko Twojego podopiecznego przed zmokni\u0119ciem. Po spacerze w deszczu czy szale\u0144stwach na \u015bniegu b\u0119dziesz musia\u0142a wi\u0119c tylko wytrze\u0107 psie \u0142apki, \u0142ebek i ogonek.<\/p>\n","protected":false},"excerpt":{"rendered":"<p>Puchowa kurtka dla psa w kolorze czarnym Dla swojego czworono\u017cnego pupila z pewno\u015bci\u0105 chcesz wszystkiego, co najlepsze. Okres jesienno-zimowy mo\u017ce okaza\u0107 si\u0119 dla niego sporym wyzwaniem &#8211; koniecznie wi\u0119c wyposa\u017c go w najwy\u017cszej jako\u015bci odzie\u017c dla psa. Maj\u0105c na uwadze potrzeby podopiecznych naszych Klientek, zaprojektowali\u015bmy puchowy kubraczek dla psa, kt\u00f3ry skutecznie uchroni Twojego milusi\u0144skiego przed [&#8230;]\n","protected":false},"featured_media":79727,"comment_status":"open","ping_status":"closed","template":"","meta":{"_acf_changed":false},"product_brand":[],"product_cat":[870],"product_tag":[],"class_list":{"0":"post-79313","1":"product","2":"type-product","3":"status-publish","4":"has-post-thumbnail","6":"product_cat-kurtki-dla-psow","8":"first","9":"instock","10":"shipping-taxable","11":"purchasable","12":"product-type-variable"},"acf":[],"yoast_head":"<!-- This site is optimized with the Yoast SEO plugin v27.0 - https:\/\/yoast.com\/product\/yoast-seo-wordpress\/ -->\n<title>Kurtka puchowa dla psa Black - Fluff<\/title>\n<meta name=\"description\" content=\"Pikowana puchowa kurteczka dla psa w sam raz na ch\u0142odne jesienne i zimowe dni. Wiatroszczelny i wodoszczelny materia\u0142, wype\u0142niony g\u0119sim puchem. Kurtka dla whippeta, ubranie zimowe dla chart\u00f3w.\" \/>\n<meta name=\"robots\" content=\"index, follow, max-snippet:-1, max-image-preview:large, max-video-preview:-1\" \/>\n<link rel=\"canonical\" href=\"https:\/\/fluffouterwear.com\/pl\/produkt\/kurtka-puchowa-dla-psa-black-coffee\/\" \/>\n<meta property=\"og:locale\" content=\"pl_PL\" \/>\n<meta property=\"og:type\" content=\"article\" \/>\n<meta property=\"og:title\" content=\"Kurtka puchowa dla psa Black - Fluff\" \/>\n<meta property=\"og:description\" content=\"Pikowana puchowa kurteczka dla psa w sam raz na ch\u0142odne jesienne i zimowe dni. Wiatroszczelny i wodoszczelny materia\u0142, wype\u0142niony g\u0119sim puchem. Kurtka dla whippeta, ubranie zimowe dla chart\u00f3w.\" \/>\n<meta property=\"og:url\" content=\"https:\/\/fluffouterwear.com\/pl\/produkt\/kurtka-puchowa-dla-psa-black-coffee\/\" \/>\n<meta property=\"og:site_name\" content=\"Fluff\" \/>\n<meta property=\"article:modified_time\" content=\"2026-02-06T13:46:42+00:00\" \/>\n<meta property=\"og:image\" content=\"https:\/\/fluffouterwear.com\/wp-content\/uploads\/2023\/08\/kurtka-dla-psa-black-3.jpg\" \/>\n\t<meta property=\"og:image:width\" content=\"1185\" \/>\n\t<meta property=\"og:image:height\" content=\"1310\" \/>\n\t<meta property=\"og:image:type\" content=\"image\/jpeg\" \/>\n<meta name=\"twitter:card\" content=\"summary_large_image\" \/>\n<meta name=\"twitter:label1\" content=\"Szacowany czas czytania\" \/>\n\t<meta name=\"twitter:data1\" content=\"2 minuty\" \/>\n<script type=\"application\/ld+json\" class=\"yoast-schema-graph\">{\"@context\":\"https:\/\/schema.org\",\"@graph\":[{\"@type\":\"WebPage\",\"@id\":\"https:\/\/fluffouterwear.com\/pl\/produkt\/kurtka-puchowa-dla-psa-black-coffee\/\",\"url\":\"https:\/\/fluffouterwear.com\/pl\/produkt\/kurtka-puchowa-dla-psa-black-coffee\/\",\"name\":\"Kurtka puchowa dla psa Black - Fluff\",\"isPartOf\":{\"@id\":\"https:\/\/fluffouterwear.com\/pl\/#website\"},\"primaryImageOfPage\":{\"@id\":\"https:\/\/fluffouterwear.com\/pl\/produkt\/kurtka-puchowa-dla-psa-black-coffee\/#primaryimage\"},\"image\":{\"@id\":\"https:\/\/fluffouterwear.com\/pl\/produkt\/kurtka-puchowa-dla-psa-black-coffee\/#primaryimage\"},\"thumbnailUrl\":\"https:\/\/fluffouterwear.com\/wp-content\/uploads\/2023\/08\/kurtka-dla-psa-black-3.jpg\",\"datePublished\":\"2023-08-25T13:39:06+00:00\",\"dateModified\":\"2026-02-06T13:46:42+00:00\",\"description\":\"Pikowana puchowa kurteczka dla psa w sam raz na ch\u0142odne jesienne i zimowe dni. Wiatroszczelny i wodoszczelny materia\u0142, wype\u0142niony g\u0119sim puchem. Kurtka dla whippeta, ubranie zimowe dla chart\u00f3w.\",\"breadcrumb\":{\"@id\":\"https:\/\/fluffouterwear.com\/pl\/produkt\/kurtka-puchowa-dla-psa-black-coffee\/#breadcrumb\"},\"inLanguage\":\"pl-PL\",\"potentialAction\":[{\"@type\":\"ReadAction\",\"target\":[\"https:\/\/fluffouterwear.com\/pl\/produkt\/kurtka-puchowa-dla-psa-black-coffee\/\"]}]},{\"@type\":\"ImageObject\",\"inLanguage\":\"pl-PL\",\"@id\":\"https:\/\/fluffouterwear.com\/pl\/produkt\/kurtka-puchowa-dla-psa-black-coffee\/#primaryimage\",\"url\":\"https:\/\/fluffouterwear.com\/wp-content\/uploads\/2023\/08\/kurtka-dla-psa-black-3.jpg\",\"contentUrl\":\"https:\/\/fluffouterwear.com\/wp-content\/uploads\/2023\/08\/kurtka-dla-psa-black-3.jpg\",\"width\":1185,\"height\":1310,\"caption\":\"kurtka zimowa dla psa, wdzianko dla ps\u00f3w, kurtka dla whippeta, puchowa, czarna Black Coffee\"},{\"@type\":\"BreadcrumbList\",\"@id\":\"https:\/\/fluffouterwear.com\/pl\/produkt\/kurtka-puchowa-dla-psa-black-coffee\/#breadcrumb\",\"itemListElement\":[{\"@type\":\"ListItem\",\"position\":1,\"name\":\"Strona g\u0142\u00f3wna\",\"item\":\"https:\/\/fluffouterwear.com\/pl\/\"},{\"@type\":\"ListItem\",\"position\":2,\"name\":\"Sklep\",\"item\":\"https:\/\/fluffouterwear.com\/pl\/sklep\/\"},{\"@type\":\"ListItem\",\"position\":3,\"name\":\"Kurtka puchowa dla psa Black\"}]},{\"@type\":\"WebSite\",\"@id\":\"https:\/\/fluffouterwear.com\/pl\/#website\",\"url\":\"https:\/\/fluffouterwear.com\/pl\/\",\"name\":\"Fluff\",\"description\":\"\",\"potentialAction\":[{\"@type\":\"SearchAction\",\"target\":{\"@type\":\"EntryPoint\",\"urlTemplate\":\"https:\/\/fluffouterwear.com\/pl\/?s={search_term_string}\"},\"query-input\":{\"@type\":\"PropertyValueSpecification\",\"valueRequired\":true,\"valueName\":\"search_term_string\"}}],\"inLanguage\":\"pl-PL\"}]}<\/script>\n<!-- \/ Yoast SEO plugin. -->","yoast_head_json":{"title":"Kurtka puchowa dla psa Black - Fluff","description":"Pikowana puchowa kurteczka dla psa w sam raz na ch\u0142odne jesienne i zimowe dni. Wiatroszczelny i wodoszczelny materia\u0142, wype\u0142niony g\u0119sim puchem. Kurtka dla whippeta, ubranie zimowe dla chart\u00f3w.","robots":{"index":"index","follow":"follow","max-snippet":"max-snippet:-1","max-image-preview":"max-image-preview:large","max-video-preview":"max-video-preview:-1"},"canonical":"https:\/\/fluffouterwear.com\/pl\/produkt\/kurtka-puchowa-dla-psa-black-coffee\/","og_locale":"pl_PL","og_type":"article","og_title":"Kurtka puchowa dla psa Black - Fluff","og_description":"Pikowana puchowa kurteczka dla psa w sam raz na ch\u0142odne jesienne i zimowe dni. Wiatroszczelny i wodoszczelny materia\u0142, wype\u0142niony g\u0119sim puchem. Kurtka dla whippeta, ubranie zimowe dla chart\u00f3w.","og_url":"https:\/\/fluffouterwear.com\/pl\/produkt\/kurtka-puchowa-dla-psa-black-coffee\/","og_site_name":"Fluff","article_modified_time":"2026-02-06T13:46:42+00:00","og_image":[{"width":1185,"height":1310,"url":"https:\/\/fluffouterwear.com\/wp-content\/uploads\/2023\/08\/kurtka-dla-psa-black-3.jpg","type":"image\/jpeg"}],"twitter_card":"summary_large_image","twitter_misc":{"Szacowany czas czytania":"2 minuty"},"schema":{"@context":"https:\/\/schema.org","@graph":[{"@type":"WebPage","@id":"https:\/\/fluffouterwear.com\/pl\/produkt\/kurtka-puchowa-dla-psa-black-coffee\/","url":"https:\/\/fluffouterwear.com\/pl\/produkt\/kurtka-puchowa-dla-psa-black-coffee\/","name":"Kurtka puchowa dla psa Black - Fluff","isPartOf":{"@id":"https:\/\/fluffouterwear.com\/pl\/#website"},"primaryImageOfPage":{"@id":"https:\/\/fluffouterwear.com\/pl\/produkt\/kurtka-puchowa-dla-psa-black-coffee\/#primaryimage"},"image":{"@id":"https:\/\/fluffouterwear.com\/pl\/produkt\/kurtka-puchowa-dla-psa-black-coffee\/#primaryimage"},"thumbnailUrl":"https:\/\/fluffouterwear.com\/wp-content\/uploads\/2023\/08\/kurtka-dla-psa-black-3.jpg","datePublished":"2023-08-25T13:39:06+00:00","dateModified":"2026-02-06T13:46:42+00:00","description":"Pikowana puchowa kurteczka dla psa w sam raz na ch\u0142odne jesienne i zimowe dni. Wiatroszczelny i wodoszczelny materia\u0142, wype\u0142niony g\u0119sim puchem. Kurtka dla whippeta, ubranie zimowe dla chart\u00f3w.","breadcrumb":{"@id":"https:\/\/fluffouterwear.com\/pl\/produkt\/kurtka-puchowa-dla-psa-black-coffee\/#breadcrumb"},"inLanguage":"pl-PL","potentialAction":[{"@type":"ReadAction","target":["https:\/\/fluffouterwear.com\/pl\/produkt\/kurtka-puchowa-dla-psa-black-coffee\/"]}]},{"@type":"ImageObject","inLanguage":"pl-PL","@id":"https:\/\/fluffouterwear.com\/pl\/produkt\/kurtka-puchowa-dla-psa-black-coffee\/#primaryimage","url":"https:\/\/fluffouterwear.com\/wp-content\/uploads\/2023\/08\/kurtka-dla-psa-black-3.jpg","contentUrl":"https:\/\/fluffouterwear.com\/wp-content\/uploads\/2023\/08\/kurtka-dla-psa-black-3.jpg","width":1185,"height":1310,"caption":"kurtka zimowa dla psa, wdzianko dla ps\u00f3w, kurtka dla whippeta, puchowa, czarna Black Coffee"},{"@type":"BreadcrumbList","@id":"https:\/\/fluffouterwear.com\/pl\/produkt\/kurtka-puchowa-dla-psa-black-coffee\/#breadcrumb","itemListElement":[{"@type":"ListItem","position":1,"name":"Strona g\u0142\u00f3wna","item":"https:\/\/fluffouterwear.com\/pl\/"},{"@type":"ListItem","position":2,"name":"Sklep","item":"https:\/\/fluffouterwear.com\/pl\/sklep\/"},{"@type":"ListItem","position":3,"name":"Kurtka puchowa dla psa Black"}]},{"@type":"WebSite","@id":"https:\/\/fluffouterwear.com\/pl\/#website","url":"https:\/\/fluffouterwear.com\/pl\/","name":"Fluff","description":"","potentialAction":[{"@type":"SearchAction","target":{"@type":"EntryPoint","urlTemplate":"https:\/\/fluffouterwear.com\/pl\/?s={search_term_string}"},"query-input":{"@type":"PropertyValueSpecification","valueRequired":true,"valueName":"search_term_string"}}],"inLanguage":"pl-PL"}]}},"_links":{"self":[{"href":"https:\/\/fluffouterwear.com\/pl\/wp-json\/wp\/v2\/product\/79313","targetHints":{"allow":["GET"]}}],"collection":[{"href":"https:\/\/fluffouterwear.com\/pl\/wp-json\/wp\/v2\/product"}],"about":[{"href":"https:\/\/fluffouterwear.com\/pl\/wp-json\/wp\/v2\/types\/product"}],"replies":[{"embeddable":true,"href":"https:\/\/fluffouterwear.com\/pl\/wp-json\/wp\/v2\/comments?post=79313"}],"wp:featuredmedia":[{"embeddable":true,"href":"https:\/\/fluffouterwear.com\/pl\/wp-json\/wp\/v2\/media\/79727"}],"wp:attachment":[{"href":"https:\/\/fluffouterwear.com\/pl\/wp-json\/wp\/v2\/media?parent=79313"}],"wp:term":[{"taxonomy":"product_brand","embeddable":true,"href":"https:\/\/fluffouterwear.com\/pl\/wp-json\/wp\/v2\/product_brand?post=79313"},{"taxonomy":"product_cat","embeddable":true,"href":"https:\/\/fluffouterwear.com\/pl\/wp-json\/wp\/v2\/product_cat?post=79313"},{"taxonomy":"product_tag","embeddable":true,"href":"https:\/\/fluffouterwear.com\/pl\/wp-json\/wp\/v2\/product_tag?post=79313"}],"curies":[{"name":"wp","href":"https:\/\/api.w.org\/{rel}","templated":true}]}}