{"id":82929,"date":"2023-10-25T15:19:34","date_gmt":"2023-10-25T13:19:34","guid":{"rendered":"https:\/\/fluffouterwear.com\/?post_type=product&#038;p=82929"},"modified":"2025-11-18T21:18:12","modified_gmt":"2025-11-18T20:18:12","slug":"steamery-ekologiczny-plyn-do-prania-delikatynch-tkanin","status":"publish","type":"product","link":"https:\/\/fluffouterwear.com\/pl\/produkt\/steamery-ekologiczny-plyn-do-prania-delikatynch-tkanin\/","title":{"rendered":"STEAMERY Ekologiczny p\u0142yn do prania Delicate"},"content":{"rendered":"<h4 class=\"tw-data-text tw-text-large tw-ta\" dir=\"ltr\" data-placeholder=\"T\u0142umaczenie\"><strong><span class=\"Y2IQFc\" lang=\"pl\">Ekologiczny p\u0142yn do prania tkanin delikatnych (STEAMERY STOCKHOLM) &#8211; 750 ml <\/span><\/strong><\/h4>\n<p><span class=\"Y2IQFc\" lang=\"pl\">Ten wysokowydajny p\u0142yn do prania delikatnych tkanin zosta\u0142 opracowany specjalnie do konserwacji i piel\u0119gnacji, by d\u0142u\u017cej pozosta\u0142y wyraziste.<\/span><span class=\"Y2IQFc\" lang=\"pl\"><br \/>\n<\/span><\/p>\n<p>Ten p\u0142yn przeznaczony jest do prania tkanin delikatnych, takich jak we\u0142na i jedwab.<\/p>\n<p><strong>Nie jest przeznaczony do puchu!<\/strong><\/p>\n","protected":false},"excerpt":{"rendered":"<p>Ekologiczny p\u0142yn do prania tkanin delikatnych (STEAMERY STOCKHOLM) &#8211; 750 ml Ten wysokowydajny p\u0142yn do prania delikatnych tkanin zosta\u0142 opracowany specjalnie do konserwacji i piel\u0119gnacji, by d\u0142u\u017cej pozosta\u0142y wyraziste. Ten p\u0142yn przeznaczony jest do prania tkanin delikatnych, takich jak we\u0142na i jedwab. Nie jest przeznaczony do puchu!<\/p>\n","protected":false},"featured_media":82986,"comment_status":"open","ping_status":"closed","template":"","meta":{"_acf_changed":false},"product_brand":[],"product_cat":[821],"product_tag":[1319],"class_list":{"0":"post-82929","1":"product","2":"type-product","3":"status-publish","4":"has-post-thumbnail","6":"product_cat-pielegnacja","7":"product_tag-one","9":"first","10":"outofstock","11":"shipping-taxable","12":"purchasable","13":"product-type-simple"},"acf":[],"yoast_head":"<!-- This site is optimized with the Yoast SEO plugin v27.0 - https:\/\/yoast.com\/product\/yoast-seo-wordpress\/ -->\n<title>STEAMERY Ekologiczny p\u0142yn do prania Delicate - Fluff<\/title>\n<meta name=\"description\" content=\"Ten wysokowydajny p\u0142yn do prania delikatnych tkanin zosta\u0142 opracowany specjalnie by czy\u015bci\u0107 i piel\u0119gnowa\u0107 ubrania z we\u0142ny i jedwabiu. Biodegradowalny.\" \/>\n<meta name=\"robots\" content=\"index, follow, max-snippet:-1, max-image-preview:large, max-video-preview:-1\" \/>\n<link rel=\"canonical\" href=\"https:\/\/fluffouterwear.com\/pl\/produkt\/steamery-ekologiczny-plyn-do-prania-delikatynch-tkanin\/\" \/>\n<meta property=\"og:locale\" content=\"pl_PL\" \/>\n<meta property=\"og:type\" content=\"article\" \/>\n<meta property=\"og:title\" content=\"STEAMERY Ekologiczny p\u0142yn do prania Delicate - Fluff\" \/>\n<meta property=\"og:description\" content=\"Ten wysokowydajny p\u0142yn do prania delikatnych tkanin zosta\u0142 opracowany specjalnie by czy\u015bci\u0107 i piel\u0119gnowa\u0107 ubrania z we\u0142ny i jedwabiu. Biodegradowalny.\" \/>\n<meta property=\"og:url\" content=\"https:\/\/fluffouterwear.com\/pl\/produkt\/steamery-ekologiczny-plyn-do-prania-delikatynch-tkanin\/\" \/>\n<meta property=\"og:site_name\" content=\"Fluff\" \/>\n<meta property=\"article:modified_time\" content=\"2025-11-18T20:18:12+00:00\" \/>\n<meta property=\"og:image\" content=\"https:\/\/fluffouterwear.com\/wp-content\/uploads\/2023\/10\/white_packshot-delicate.jpg\" \/>\n\t<meta property=\"og:image:width\" content=\"1185\" \/>\n\t<meta property=\"og:image:height\" content=\"1310\" \/>\n\t<meta property=\"og:image:type\" content=\"image\/jpeg\" \/>\n<meta name=\"twitter:card\" content=\"summary_large_image\" \/>\n<meta name=\"twitter:label1\" content=\"Szacowany czas czytania\" \/>\n\t<meta name=\"twitter:data1\" content=\"1 minuta\" \/>\n<script type=\"application\/ld+json\" class=\"yoast-schema-graph\">{\"@context\":\"https:\/\/schema.org\",\"@graph\":[{\"@type\":\"WebPage\",\"@id\":\"https:\/\/fluffouterwear.com\/pl\/produkt\/steamery-ekologiczny-plyn-do-prania-delikatynch-tkanin\/\",\"url\":\"https:\/\/fluffouterwear.com\/pl\/produkt\/steamery-ekologiczny-plyn-do-prania-delikatynch-tkanin\/\",\"name\":\"STEAMERY Ekologiczny p\u0142yn do prania Delicate - Fluff\",\"isPartOf\":{\"@id\":\"https:\/\/fluffouterwear.com\/pl\/#website\"},\"primaryImageOfPage\":{\"@id\":\"https:\/\/fluffouterwear.com\/pl\/produkt\/steamery-ekologiczny-plyn-do-prania-delikatynch-tkanin\/#primaryimage\"},\"image\":{\"@id\":\"https:\/\/fluffouterwear.com\/pl\/produkt\/steamery-ekologiczny-plyn-do-prania-delikatynch-tkanin\/#primaryimage\"},\"thumbnailUrl\":\"https:\/\/fluffouterwear.com\/wp-content\/uploads\/2023\/10\/white_packshot-delicate.jpg\",\"datePublished\":\"2023-10-25T13:19:34+00:00\",\"dateModified\":\"2025-11-18T20:18:12+00:00\",\"description\":\"Ten wysokowydajny p\u0142yn do prania delikatnych tkanin zosta\u0142 opracowany specjalnie by czy\u015bci\u0107 i piel\u0119gnowa\u0107 ubrania z we\u0142ny i jedwabiu. Biodegradowalny.\",\"breadcrumb\":{\"@id\":\"https:\/\/fluffouterwear.com\/pl\/produkt\/steamery-ekologiczny-plyn-do-prania-delikatynch-tkanin\/#breadcrumb\"},\"inLanguage\":\"pl-PL\",\"potentialAction\":[{\"@type\":\"ReadAction\",\"target\":[\"https:\/\/fluffouterwear.com\/pl\/produkt\/steamery-ekologiczny-plyn-do-prania-delikatynch-tkanin\/\"]}]},{\"@type\":\"ImageObject\",\"inLanguage\":\"pl-PL\",\"@id\":\"https:\/\/fluffouterwear.com\/pl\/produkt\/steamery-ekologiczny-plyn-do-prania-delikatynch-tkanin\/#primaryimage\",\"url\":\"https:\/\/fluffouterwear.com\/wp-content\/uploads\/2023\/10\/white_packshot-delicate.jpg\",\"contentUrl\":\"https:\/\/fluffouterwear.com\/wp-content\/uploads\/2023\/10\/white_packshot-delicate.jpg\",\"width\":1185,\"height\":1310},{\"@type\":\"BreadcrumbList\",\"@id\":\"https:\/\/fluffouterwear.com\/pl\/produkt\/steamery-ekologiczny-plyn-do-prania-delikatynch-tkanin\/#breadcrumb\",\"itemListElement\":[{\"@type\":\"ListItem\",\"position\":1,\"name\":\"Strona g\u0142\u00f3wna\",\"item\":\"https:\/\/fluffouterwear.com\/pl\/\"},{\"@type\":\"ListItem\",\"position\":2,\"name\":\"Sklep\",\"item\":\"https:\/\/fluffouterwear.com\/pl\/sklep\/\"},{\"@type\":\"ListItem\",\"position\":3,\"name\":\"STEAMERY Ekologiczny p\u0142yn do prania Delicate\"}]},{\"@type\":\"WebSite\",\"@id\":\"https:\/\/fluffouterwear.com\/pl\/#website\",\"url\":\"https:\/\/fluffouterwear.com\/pl\/\",\"name\":\"Fluff\",\"description\":\"\",\"potentialAction\":[{\"@type\":\"SearchAction\",\"target\":{\"@type\":\"EntryPoint\",\"urlTemplate\":\"https:\/\/fluffouterwear.com\/pl\/?s={search_term_string}\"},\"query-input\":{\"@type\":\"PropertyValueSpecification\",\"valueRequired\":true,\"valueName\":\"search_term_string\"}}],\"inLanguage\":\"pl-PL\"}]}<\/script>\n<!-- \/ Yoast SEO plugin. -->","yoast_head_json":{"title":"STEAMERY Ekologiczny p\u0142yn do prania Delicate - Fluff","description":"Ten wysokowydajny p\u0142yn do prania delikatnych tkanin zosta\u0142 opracowany specjalnie by czy\u015bci\u0107 i piel\u0119gnowa\u0107 ubrania z we\u0142ny i jedwabiu. Biodegradowalny.","robots":{"index":"index","follow":"follow","max-snippet":"max-snippet:-1","max-image-preview":"max-image-preview:large","max-video-preview":"max-video-preview:-1"},"canonical":"https:\/\/fluffouterwear.com\/pl\/produkt\/steamery-ekologiczny-plyn-do-prania-delikatynch-tkanin\/","og_locale":"pl_PL","og_type":"article","og_title":"STEAMERY Ekologiczny p\u0142yn do prania Delicate - Fluff","og_description":"Ten wysokowydajny p\u0142yn do prania delikatnych tkanin zosta\u0142 opracowany specjalnie by czy\u015bci\u0107 i piel\u0119gnowa\u0107 ubrania z we\u0142ny i jedwabiu. Biodegradowalny.","og_url":"https:\/\/fluffouterwear.com\/pl\/produkt\/steamery-ekologiczny-plyn-do-prania-delikatynch-tkanin\/","og_site_name":"Fluff","article_modified_time":"2025-11-18T20:18:12+00:00","og_image":[{"width":1185,"height":1310,"url":"https:\/\/fluffouterwear.com\/wp-content\/uploads\/2023\/10\/white_packshot-delicate.jpg","type":"image\/jpeg"}],"twitter_card":"summary_large_image","twitter_misc":{"Szacowany czas czytania":"1 minuta"},"schema":{"@context":"https:\/\/schema.org","@graph":[{"@type":"WebPage","@id":"https:\/\/fluffouterwear.com\/pl\/produkt\/steamery-ekologiczny-plyn-do-prania-delikatynch-tkanin\/","url":"https:\/\/fluffouterwear.com\/pl\/produkt\/steamery-ekologiczny-plyn-do-prania-delikatynch-tkanin\/","name":"STEAMERY Ekologiczny p\u0142yn do prania Delicate - Fluff","isPartOf":{"@id":"https:\/\/fluffouterwear.com\/pl\/#website"},"primaryImageOfPage":{"@id":"https:\/\/fluffouterwear.com\/pl\/produkt\/steamery-ekologiczny-plyn-do-prania-delikatynch-tkanin\/#primaryimage"},"image":{"@id":"https:\/\/fluffouterwear.com\/pl\/produkt\/steamery-ekologiczny-plyn-do-prania-delikatynch-tkanin\/#primaryimage"},"thumbnailUrl":"https:\/\/fluffouterwear.com\/wp-content\/uploads\/2023\/10\/white_packshot-delicate.jpg","datePublished":"2023-10-25T13:19:34+00:00","dateModified":"2025-11-18T20:18:12+00:00","description":"Ten wysokowydajny p\u0142yn do prania delikatnych tkanin zosta\u0142 opracowany specjalnie by czy\u015bci\u0107 i piel\u0119gnowa\u0107 ubrania z we\u0142ny i jedwabiu. Biodegradowalny.","breadcrumb":{"@id":"https:\/\/fluffouterwear.com\/pl\/produkt\/steamery-ekologiczny-plyn-do-prania-delikatynch-tkanin\/#breadcrumb"},"inLanguage":"pl-PL","potentialAction":[{"@type":"ReadAction","target":["https:\/\/fluffouterwear.com\/pl\/produkt\/steamery-ekologiczny-plyn-do-prania-delikatynch-tkanin\/"]}]},{"@type":"ImageObject","inLanguage":"pl-PL","@id":"https:\/\/fluffouterwear.com\/pl\/produkt\/steamery-ekologiczny-plyn-do-prania-delikatynch-tkanin\/#primaryimage","url":"https:\/\/fluffouterwear.com\/wp-content\/uploads\/2023\/10\/white_packshot-delicate.jpg","contentUrl":"https:\/\/fluffouterwear.com\/wp-content\/uploads\/2023\/10\/white_packshot-delicate.jpg","width":1185,"height":1310},{"@type":"BreadcrumbList","@id":"https:\/\/fluffouterwear.com\/pl\/produkt\/steamery-ekologiczny-plyn-do-prania-delikatynch-tkanin\/#breadcrumb","itemListElement":[{"@type":"ListItem","position":1,"name":"Strona g\u0142\u00f3wna","item":"https:\/\/fluffouterwear.com\/pl\/"},{"@type":"ListItem","position":2,"name":"Sklep","item":"https:\/\/fluffouterwear.com\/pl\/sklep\/"},{"@type":"ListItem","position":3,"name":"STEAMERY Ekologiczny p\u0142yn do prania Delicate"}]},{"@type":"WebSite","@id":"https:\/\/fluffouterwear.com\/pl\/#website","url":"https:\/\/fluffouterwear.com\/pl\/","name":"Fluff","description":"","potentialAction":[{"@type":"SearchAction","target":{"@type":"EntryPoint","urlTemplate":"https:\/\/fluffouterwear.com\/pl\/?s={search_term_string}"},"query-input":{"@type":"PropertyValueSpecification","valueRequired":true,"valueName":"search_term_string"}}],"inLanguage":"pl-PL"}]}},"_links":{"self":[{"href":"https:\/\/fluffouterwear.com\/pl\/wp-json\/wp\/v2\/product\/82929","targetHints":{"allow":["GET"]}}],"collection":[{"href":"https:\/\/fluffouterwear.com\/pl\/wp-json\/wp\/v2\/product"}],"about":[{"href":"https:\/\/fluffouterwear.com\/pl\/wp-json\/wp\/v2\/types\/product"}],"replies":[{"embeddable":true,"href":"https:\/\/fluffouterwear.com\/pl\/wp-json\/wp\/v2\/comments?post=82929"}],"wp:featuredmedia":[{"embeddable":true,"href":"https:\/\/fluffouterwear.com\/pl\/wp-json\/wp\/v2\/media\/82986"}],"wp:attachment":[{"href":"https:\/\/fluffouterwear.com\/pl\/wp-json\/wp\/v2\/media?parent=82929"}],"wp:term":[{"taxonomy":"product_brand","embeddable":true,"href":"https:\/\/fluffouterwear.com\/pl\/wp-json\/wp\/v2\/product_brand?post=82929"},{"taxonomy":"product_cat","embeddable":true,"href":"https:\/\/fluffouterwear.com\/pl\/wp-json\/wp\/v2\/product_cat?post=82929"},{"taxonomy":"product_tag","embeddable":true,"href":"https:\/\/fluffouterwear.com\/pl\/wp-json\/wp\/v2\/product_tag?post=82929"}],"curies":[{"name":"wp","href":"https:\/\/api.w.org\/{rel}","templated":true}]}}