{"id":83043,"date":"2023-10-27T18:11:36","date_gmt":"2023-10-27T16:11:36","guid":{"rendered":"https:\/\/fluffouterwear.com\/?post_type=product&#038;p=83043"},"modified":"2026-03-19T23:05:57","modified_gmt":"2026-03-19T22:05:57","slug":"steamery-kulki-do-suszarki-bebnowej","status":"publish","type":"product","link":"https:\/\/fluffouterwear.com\/pl\/produkt\/steamery-kulki-do-suszarki-bebnowej\/","title":{"rendered":"STEAMERY Kulki do suszarki b\u0119bnowej"},"content":{"rendered":"<h3 id=\"tw-target-text\" class=\"tw-data-text tw-text-large tw-ta\" dir=\"ltr\" data-placeholder=\"T\u0142umaczenie\"><\/h3>\n<h4 id=\"tw-target-text\" class=\"tw-data-text tw-text-large tw-ta\" dir=\"ltr\" data-placeholder=\"T\u0142umaczenie\" data-ved=\"2ahUKEwiQh6rl0JaCAxWDKRAIHa_dCqsQ3ewLegQIBhAP\"><strong><span class=\"Y2IQFc\" lang=\"pl\">Steamery We\u0142niane kulki do suszarki b\u0119bnowej <\/span><\/strong><\/h4>\n<p class=\"tw-data-text tw-text-large tw-ta\" dir=\"ltr\" data-placeholder=\"T\u0142umaczenie\" data-ved=\"2ahUKEwiQh6rl0JaCAxWDKRAIHa_dCqsQ3ewLegQIBhAP\"><span class=\"Y2IQFc\" lang=\"pl\">Te naturalne pi\u0142eczki do suszarki s\u0105 pomocn\u0105, op\u0142acaln\u0105 i zr\u00f3wnowa\u017con\u0105 alternatyw\u0105 dla zmi\u0119kczaczy tkanin i kulek plastikowych. <\/span><\/p>\n<p class=\"tw-data-text tw-text-large tw-ta\" dir=\"ltr\" data-placeholder=\"T\u0142umaczenie\" data-ved=\"2ahUKEwiQh6rl0JaCAxWDKRAIHa_dCqsQ3ewLegQIBhAP\"><span class=\"Y2IQFc\" lang=\"pl\">Kulki do suszarki skracaj\u0105 czas suszenia w suszarce i usuwaj\u0105 \u0142adunki elektrostatyczne. Nie ma potrzeby stosowania dodatkowego p\u0142ynu zmi\u0119kczaj\u0105cego do tkanin. <\/span><\/p>\n<h4 class=\"tw-data-text tw-text-large tw-ta\" dir=\"ltr\" data-placeholder=\"T\u0142umaczenie\" data-ved=\"2ahUKEwiQh6rl0JaCAxWDKRAIHa_dCqsQ3ewLegQIBhAP\"><strong><span class=\"Y2IQFc\" lang=\"pl\">W zestawie otrzymasz: <\/span><\/strong><\/h4>\n<ul>\n<li class=\"tw-data-text tw-text-large tw-ta\" dir=\"ltr\" data-placeholder=\"T\u0142umaczenie\" data-ved=\"2ahUKEwiQh6rl0JaCAxWDKRAIHa_dCqsQ3ewLegQIBhAP\"><span class=\"Y2IQFc\" lang=\"pl\">4 kulki do suszarki b\u0119bnowej <\/span><\/li>\n<li class=\"tw-data-text tw-text-large tw-ta\" dir=\"ltr\" data-placeholder=\"T\u0142umaczenie\" data-ved=\"2ahUKEwiQh6rl0JaCAxWDKRAIHa_dCqsQ3ewLegQIBhAP\"><span class=\"Y2IQFc\" lang=\"pl\">Mi\u0119kk\u0105 torb\u0119 do przechowywania <\/span><\/li>\n<\/ul>\n<p dir=\"ltr\" data-placeholder=\"T\u0142umaczenie\" data-ved=\"2ahUKEwiQh6rl0JaCAxWDKRAIHa_dCqsQ3ewLegQIBhAP\">\n<p>&nbsp;<\/p>\n","protected":false},"excerpt":{"rendered":"<p class=\"tw-data-text tw-text-large tw-ta\" dir=\"ltr\" data-placeholder=\"T\u0142umaczenie\" data-ved=\"2ahUKEwiQh6rl0JaCAxWDKRAIHa_dCqsQ3ewLegQIBhAP\">\n<p id=\"tw-target-text\" class=\"tw-data-text tw-text-large tw-ta\" dir=\"ltr\" data-placeholder=\"T\u0142umaczenie\" data-ved=\"2ahUKEwiQh6rl0JaCAxWDKRAIHa_dCqsQ3ewLegQIBhAP\"><span class=\"Y2IQFc\" lang=\"pl\">\u00a0<\/span><\/p>\n","protected":false},"featured_media":83036,"comment_status":"open","ping_status":"closed","template":"","meta":{"_acf_changed":false},"product_brand":[],"product_cat":[821],"product_tag":[],"class_list":{"0":"post-83043","1":"product","2":"type-product","3":"status-publish","4":"has-post-thumbnail","6":"product_cat-pielegnacja","8":"first","9":"outofstock","10":"shipping-taxable","11":"purchasable","12":"product-type-simple"},"acf":[],"yoast_head":"<!-- This site is optimized with the Yoast SEO plugin v27.0 - https:\/\/yoast.com\/product\/yoast-seo-wordpress\/ -->\n<title>STEAMERY Kulki do suszarki b\u0119bnowej - Fluff<\/title>\n<meta name=\"description\" content=\"Ten wysokowydajny p\u0142yn do prania delikatnych tkanin zosta\u0142 opracowany specjalnie by czy\u015bci\u0107 i piel\u0119gnowa\u0107 ubrania z we\u0142ny i jedwabiu. Biodegradowalny.\" \/>\n<meta name=\"robots\" content=\"index, follow, max-snippet:-1, max-image-preview:large, max-video-preview:-1\" \/>\n<link rel=\"canonical\" href=\"https:\/\/fluffouterwear.com\/pl\/produkt\/steamery-kulki-do-suszarki-bebnowej\/\" \/>\n<meta property=\"og:locale\" content=\"pl_PL\" \/>\n<meta property=\"og:type\" content=\"article\" \/>\n<meta property=\"og:title\" content=\"STEAMERY Kulki do suszarki b\u0119bnowej - Fluff\" \/>\n<meta property=\"og:description\" content=\"Ten wysokowydajny p\u0142yn do prania delikatnych tkanin zosta\u0142 opracowany specjalnie by czy\u015bci\u0107 i piel\u0119gnowa\u0107 ubrania z we\u0142ny i jedwabiu. Biodegradowalny.\" \/>\n<meta property=\"og:url\" content=\"https:\/\/fluffouterwear.com\/pl\/produkt\/steamery-kulki-do-suszarki-bebnowej\/\" \/>\n<meta property=\"og:site_name\" content=\"Fluff\" \/>\n<meta property=\"article:modified_time\" content=\"2026-03-19T22:05:57+00:00\" \/>\n<meta property=\"og:image\" content=\"https:\/\/fluffouterwear.com\/wp-content\/uploads\/2023\/10\/Tumble_Dryer_Balls_Bag.jpg\" \/>\n\t<meta property=\"og:image:width\" content=\"1185\" \/>\n\t<meta property=\"og:image:height\" content=\"1310\" \/>\n\t<meta property=\"og:image:type\" content=\"image\/jpeg\" \/>\n<meta name=\"twitter:card\" content=\"summary_large_image\" \/>\n<meta name=\"twitter:label1\" content=\"Szacowany czas czytania\" \/>\n\t<meta name=\"twitter:data1\" content=\"1 minuta\" \/>\n<script type=\"application\/ld+json\" class=\"yoast-schema-graph\">{\"@context\":\"https:\/\/schema.org\",\"@graph\":[{\"@type\":\"WebPage\",\"@id\":\"https:\/\/fluffouterwear.com\/pl\/produkt\/steamery-kulki-do-suszarki-bebnowej\/\",\"url\":\"https:\/\/fluffouterwear.com\/pl\/produkt\/steamery-kulki-do-suszarki-bebnowej\/\",\"name\":\"STEAMERY Kulki do suszarki b\u0119bnowej - Fluff\",\"isPartOf\":{\"@id\":\"https:\/\/fluffouterwear.com\/pl\/#website\"},\"primaryImageOfPage\":{\"@id\":\"https:\/\/fluffouterwear.com\/pl\/produkt\/steamery-kulki-do-suszarki-bebnowej\/#primaryimage\"},\"image\":{\"@id\":\"https:\/\/fluffouterwear.com\/pl\/produkt\/steamery-kulki-do-suszarki-bebnowej\/#primaryimage\"},\"thumbnailUrl\":\"https:\/\/fluffouterwear.com\/wp-content\/uploads\/2023\/10\/Tumble_Dryer_Balls_Bag.jpg\",\"datePublished\":\"2023-10-27T16:11:36+00:00\",\"dateModified\":\"2026-03-19T22:05:57+00:00\",\"description\":\"Ten wysokowydajny p\u0142yn do prania delikatnych tkanin zosta\u0142 opracowany specjalnie by czy\u015bci\u0107 i piel\u0119gnowa\u0107 ubrania z we\u0142ny i jedwabiu. Biodegradowalny.\",\"breadcrumb\":{\"@id\":\"https:\/\/fluffouterwear.com\/pl\/produkt\/steamery-kulki-do-suszarki-bebnowej\/#breadcrumb\"},\"inLanguage\":\"pl-PL\",\"potentialAction\":[{\"@type\":\"ReadAction\",\"target\":[\"https:\/\/fluffouterwear.com\/pl\/produkt\/steamery-kulki-do-suszarki-bebnowej\/\"]}]},{\"@type\":\"ImageObject\",\"inLanguage\":\"pl-PL\",\"@id\":\"https:\/\/fluffouterwear.com\/pl\/produkt\/steamery-kulki-do-suszarki-bebnowej\/#primaryimage\",\"url\":\"https:\/\/fluffouterwear.com\/wp-content\/uploads\/2023\/10\/Tumble_Dryer_Balls_Bag.jpg\",\"contentUrl\":\"https:\/\/fluffouterwear.com\/wp-content\/uploads\/2023\/10\/Tumble_Dryer_Balls_Bag.jpg\",\"width\":1185,\"height\":1310,\"caption\":\"Kulki do suszarki b\u0119bnowej, ekologiczne, we\u0142niane.\"},{\"@type\":\"BreadcrumbList\",\"@id\":\"https:\/\/fluffouterwear.com\/pl\/produkt\/steamery-kulki-do-suszarki-bebnowej\/#breadcrumb\",\"itemListElement\":[{\"@type\":\"ListItem\",\"position\":1,\"name\":\"Strona g\u0142\u00f3wna\",\"item\":\"https:\/\/fluffouterwear.com\/pl\/\"},{\"@type\":\"ListItem\",\"position\":2,\"name\":\"Sklep\",\"item\":\"https:\/\/fluffouterwear.com\/pl\/sklep\/\"},{\"@type\":\"ListItem\",\"position\":3,\"name\":\"STEAMERY Kulki do suszarki b\u0119bnowej\"}]},{\"@type\":\"WebSite\",\"@id\":\"https:\/\/fluffouterwear.com\/pl\/#website\",\"url\":\"https:\/\/fluffouterwear.com\/pl\/\",\"name\":\"Fluff\",\"description\":\"\",\"potentialAction\":[{\"@type\":\"SearchAction\",\"target\":{\"@type\":\"EntryPoint\",\"urlTemplate\":\"https:\/\/fluffouterwear.com\/pl\/?s={search_term_string}\"},\"query-input\":{\"@type\":\"PropertyValueSpecification\",\"valueRequired\":true,\"valueName\":\"search_term_string\"}}],\"inLanguage\":\"pl-PL\"}]}<\/script>\n<!-- \/ Yoast SEO plugin. -->","yoast_head_json":{"title":"STEAMERY Kulki do suszarki b\u0119bnowej - Fluff","description":"Ten wysokowydajny p\u0142yn do prania delikatnych tkanin zosta\u0142 opracowany specjalnie by czy\u015bci\u0107 i piel\u0119gnowa\u0107 ubrania z we\u0142ny i jedwabiu. Biodegradowalny.","robots":{"index":"index","follow":"follow","max-snippet":"max-snippet:-1","max-image-preview":"max-image-preview:large","max-video-preview":"max-video-preview:-1"},"canonical":"https:\/\/fluffouterwear.com\/pl\/produkt\/steamery-kulki-do-suszarki-bebnowej\/","og_locale":"pl_PL","og_type":"article","og_title":"STEAMERY Kulki do suszarki b\u0119bnowej - Fluff","og_description":"Ten wysokowydajny p\u0142yn do prania delikatnych tkanin zosta\u0142 opracowany specjalnie by czy\u015bci\u0107 i piel\u0119gnowa\u0107 ubrania z we\u0142ny i jedwabiu. Biodegradowalny.","og_url":"https:\/\/fluffouterwear.com\/pl\/produkt\/steamery-kulki-do-suszarki-bebnowej\/","og_site_name":"Fluff","article_modified_time":"2026-03-19T22:05:57+00:00","og_image":[{"width":1185,"height":1310,"url":"https:\/\/fluffouterwear.com\/wp-content\/uploads\/2023\/10\/Tumble_Dryer_Balls_Bag.jpg","type":"image\/jpeg"}],"twitter_card":"summary_large_image","twitter_misc":{"Szacowany czas czytania":"1 minuta"},"schema":{"@context":"https:\/\/schema.org","@graph":[{"@type":"WebPage","@id":"https:\/\/fluffouterwear.com\/pl\/produkt\/steamery-kulki-do-suszarki-bebnowej\/","url":"https:\/\/fluffouterwear.com\/pl\/produkt\/steamery-kulki-do-suszarki-bebnowej\/","name":"STEAMERY Kulki do suszarki b\u0119bnowej - Fluff","isPartOf":{"@id":"https:\/\/fluffouterwear.com\/pl\/#website"},"primaryImageOfPage":{"@id":"https:\/\/fluffouterwear.com\/pl\/produkt\/steamery-kulki-do-suszarki-bebnowej\/#primaryimage"},"image":{"@id":"https:\/\/fluffouterwear.com\/pl\/produkt\/steamery-kulki-do-suszarki-bebnowej\/#primaryimage"},"thumbnailUrl":"https:\/\/fluffouterwear.com\/wp-content\/uploads\/2023\/10\/Tumble_Dryer_Balls_Bag.jpg","datePublished":"2023-10-27T16:11:36+00:00","dateModified":"2026-03-19T22:05:57+00:00","description":"Ten wysokowydajny p\u0142yn do prania delikatnych tkanin zosta\u0142 opracowany specjalnie by czy\u015bci\u0107 i piel\u0119gnowa\u0107 ubrania z we\u0142ny i jedwabiu. Biodegradowalny.","breadcrumb":{"@id":"https:\/\/fluffouterwear.com\/pl\/produkt\/steamery-kulki-do-suszarki-bebnowej\/#breadcrumb"},"inLanguage":"pl-PL","potentialAction":[{"@type":"ReadAction","target":["https:\/\/fluffouterwear.com\/pl\/produkt\/steamery-kulki-do-suszarki-bebnowej\/"]}]},{"@type":"ImageObject","inLanguage":"pl-PL","@id":"https:\/\/fluffouterwear.com\/pl\/produkt\/steamery-kulki-do-suszarki-bebnowej\/#primaryimage","url":"https:\/\/fluffouterwear.com\/wp-content\/uploads\/2023\/10\/Tumble_Dryer_Balls_Bag.jpg","contentUrl":"https:\/\/fluffouterwear.com\/wp-content\/uploads\/2023\/10\/Tumble_Dryer_Balls_Bag.jpg","width":1185,"height":1310,"caption":"Kulki do suszarki b\u0119bnowej, ekologiczne, we\u0142niane."},{"@type":"BreadcrumbList","@id":"https:\/\/fluffouterwear.com\/pl\/produkt\/steamery-kulki-do-suszarki-bebnowej\/#breadcrumb","itemListElement":[{"@type":"ListItem","position":1,"name":"Strona g\u0142\u00f3wna","item":"https:\/\/fluffouterwear.com\/pl\/"},{"@type":"ListItem","position":2,"name":"Sklep","item":"https:\/\/fluffouterwear.com\/pl\/sklep\/"},{"@type":"ListItem","position":3,"name":"STEAMERY Kulki do suszarki b\u0119bnowej"}]},{"@type":"WebSite","@id":"https:\/\/fluffouterwear.com\/pl\/#website","url":"https:\/\/fluffouterwear.com\/pl\/","name":"Fluff","description":"","potentialAction":[{"@type":"SearchAction","target":{"@type":"EntryPoint","urlTemplate":"https:\/\/fluffouterwear.com\/pl\/?s={search_term_string}"},"query-input":{"@type":"PropertyValueSpecification","valueRequired":true,"valueName":"search_term_string"}}],"inLanguage":"pl-PL"}]}},"_links":{"self":[{"href":"https:\/\/fluffouterwear.com\/pl\/wp-json\/wp\/v2\/product\/83043","targetHints":{"allow":["GET"]}}],"collection":[{"href":"https:\/\/fluffouterwear.com\/pl\/wp-json\/wp\/v2\/product"}],"about":[{"href":"https:\/\/fluffouterwear.com\/pl\/wp-json\/wp\/v2\/types\/product"}],"replies":[{"embeddable":true,"href":"https:\/\/fluffouterwear.com\/pl\/wp-json\/wp\/v2\/comments?post=83043"}],"wp:featuredmedia":[{"embeddable":true,"href":"https:\/\/fluffouterwear.com\/pl\/wp-json\/wp\/v2\/media\/83036"}],"wp:attachment":[{"href":"https:\/\/fluffouterwear.com\/pl\/wp-json\/wp\/v2\/media?parent=83043"}],"wp:term":[{"taxonomy":"product_brand","embeddable":true,"href":"https:\/\/fluffouterwear.com\/pl\/wp-json\/wp\/v2\/product_brand?post=83043"},{"taxonomy":"product_cat","embeddable":true,"href":"https:\/\/fluffouterwear.com\/pl\/wp-json\/wp\/v2\/product_cat?post=83043"},{"taxonomy":"product_tag","embeddable":true,"href":"https:\/\/fluffouterwear.com\/pl\/wp-json\/wp\/v2\/product_tag?post=83043"}],"curies":[{"name":"wp","href":"https:\/\/api.w.org\/{rel}","templated":true}]}}