{"id":83238,"date":"2023-10-31T14:33:51","date_gmt":"2023-10-31T13:33:51","guid":{"rendered":"https:\/\/fluffouterwear.com\/?post_type=product&#038;p=83238"},"modified":"2025-01-22T10:44:19","modified_gmt":"2025-01-22T09:44:19","slug":"karta-upominkowa-900","status":"publish","type":"product","link":"https:\/\/fluffouterwear.com\/pl\/produkt\/karta-upominkowa-900\/","title":{"rendered":"Karta upominkowa"},"content":{"rendered":"","protected":false},"excerpt":{"rendered":"<p class=\"p1\"><span class=\"s1\">Karta Upominkowa to bezpieczny prezent, gdy nie wiesz, kt\u00f3ry produkt podarowa\u0107 bliskiej osobie lub chcesz sprawi\u0107 jej wyj\u0105tkow\u0105 niespodziank\u0119. <\/span><span class=\"s1\">Karta zawiera unikalny kod, kt\u00f3ry jest wa\u017cny w sklepie internetowym i stacjonarnym Fluff do ko\u0144ca grudnia 2025. <\/span><\/p>\n<p class=\"p1\"><span class=\"s1\">To fizyczny produkt, kt\u00f3ry mo\u017cesz wr\u0119czy\u0107 obdarowywanej osobie.<br \/>\n<\/span><\/p>\n<p>Zakupiona karta z kodem zostanie wys\u0142ana kurierem, ba podany w zam\u00f3wieniu adres, lub mailowo &#8211; w komentarzu do zam\u00f3wienia daj nam zna\u0107, w jakiej wersji &#8211; fizycznej czy elektronicznej &#8211; chcesz otrzyma\u0107 swoj\u0105 Kart\u0119.<\/p>\n","protected":false},"featured_media":83230,"comment_status":"open","ping_status":"closed","template":"","meta":{"_acf_changed":false},"product_brand":[],"product_cat":[871],"product_tag":[1319],"class_list":{"0":"post-83238","1":"product","2":"type-product","3":"status-publish","4":"has-post-thumbnail","6":"product_cat-karty-upominkowe","7":"product_tag-one","9":"first","10":"instock","11":"shipping-taxable","12":"purchasable","13":"product-type-simple"},"acf":[],"yoast_head":"<!-- This site is optimized with the Yoast SEO plugin v27.0 - https:\/\/yoast.com\/product\/yoast-seo-wordpress\/ -->\n<title>Karta upominkowa - Fluff<\/title>\n<meta name=\"robots\" content=\"index, follow, max-snippet:-1, max-image-preview:large, max-video-preview:-1\" \/>\n<link rel=\"canonical\" href=\"https:\/\/fluffouterwear.com\/pl\/produkt\/karta-upominkowa-900\/\" \/>\n<meta property=\"og:locale\" content=\"pl_PL\" \/>\n<meta property=\"og:type\" content=\"article\" \/>\n<meta property=\"og:title\" content=\"Karta upominkowa - Fluff\" \/>\n<meta property=\"og:description\" content=\"Karta Upominkowa to bezpieczny prezent, gdy nie wiesz, kt\u00f3ry produkt podarowa\u0107 bliskiej osobie lub chcesz sprawi\u0107 jej wyj\u0105tkow\u0105 niespodziank\u0119. Karta zawiera unikalny kod, kt\u00f3ry jest wa\u017cny w sklepie internetowym i stacjonarnym Fluff do ko\u0144ca grudnia 2025.  To fizyczny produkt, kt\u00f3ry mo\u017cesz wr\u0119czy\u0107 obdarowywanej osobie.  Zakupiona karta z kodem zostanie wys\u0142ana kurierem, ba podany w zam\u00f3wieniu adres, lub mailowo - w komentarzu do zam\u00f3wienia daj nam zna\u0107, w jakiej wersji - fizycznej czy elektronicznej - chcesz otrzyma\u0107 swoj\u0105 Kart\u0119.\" \/>\n<meta property=\"og:url\" content=\"https:\/\/fluffouterwear.com\/pl\/produkt\/karta-upominkowa-900\/\" \/>\n<meta property=\"og:site_name\" content=\"Fluff\" \/>\n<meta property=\"article:modified_time\" content=\"2025-01-22T09:44:19+00:00\" \/>\n<meta property=\"og:image\" content=\"https:\/\/fluffouterwear.com\/wp-content\/uploads\/2023\/10\/gift_card_900.png\" \/>\n\t<meta property=\"og:image:width\" content=\"1739\" \/>\n\t<meta property=\"og:image:height\" content=\"1004\" \/>\n\t<meta property=\"og:image:type\" content=\"image\/png\" \/>\n<meta name=\"twitter:card\" content=\"summary_large_image\" \/>\n<meta name=\"twitter:label1\" content=\"Szacowany czas czytania\" \/>\n\t<meta name=\"twitter:data1\" content=\"1 minuta\" \/>\n<script type=\"application\/ld+json\" class=\"yoast-schema-graph\">{\"@context\":\"https:\/\/schema.org\",\"@graph\":[{\"@type\":\"WebPage\",\"@id\":\"https:\/\/fluffouterwear.com\/pl\/produkt\/karta-upominkowa-900\/\",\"url\":\"https:\/\/fluffouterwear.com\/pl\/produkt\/karta-upominkowa-900\/\",\"name\":\"Karta upominkowa - Fluff\",\"isPartOf\":{\"@id\":\"https:\/\/fluffouterwear.com\/pl\/#website\"},\"primaryImageOfPage\":{\"@id\":\"https:\/\/fluffouterwear.com\/pl\/produkt\/karta-upominkowa-900\/#primaryimage\"},\"image\":{\"@id\":\"https:\/\/fluffouterwear.com\/pl\/produkt\/karta-upominkowa-900\/#primaryimage\"},\"thumbnailUrl\":\"https:\/\/fluffouterwear.com\/wp-content\/uploads\/2023\/10\/gift_card_900.png\",\"datePublished\":\"2023-10-31T13:33:51+00:00\",\"dateModified\":\"2025-01-22T09:44:19+00:00\",\"breadcrumb\":{\"@id\":\"https:\/\/fluffouterwear.com\/pl\/produkt\/karta-upominkowa-900\/#breadcrumb\"},\"inLanguage\":\"pl-PL\",\"potentialAction\":[{\"@type\":\"ReadAction\",\"target\":[\"https:\/\/fluffouterwear.com\/pl\/produkt\/karta-upominkowa-900\/\"]}]},{\"@type\":\"ImageObject\",\"inLanguage\":\"pl-PL\",\"@id\":\"https:\/\/fluffouterwear.com\/pl\/produkt\/karta-upominkowa-900\/#primaryimage\",\"url\":\"https:\/\/fluffouterwear.com\/wp-content\/uploads\/2023\/10\/gift_card_900.png\",\"contentUrl\":\"https:\/\/fluffouterwear.com\/wp-content\/uploads\/2023\/10\/gift_card_900.png\",\"width\":1739,\"height\":1004},{\"@type\":\"BreadcrumbList\",\"@id\":\"https:\/\/fluffouterwear.com\/pl\/produkt\/karta-upominkowa-900\/#breadcrumb\",\"itemListElement\":[{\"@type\":\"ListItem\",\"position\":1,\"name\":\"Strona g\u0142\u00f3wna\",\"item\":\"https:\/\/fluffouterwear.com\/pl\/\"},{\"@type\":\"ListItem\",\"position\":2,\"name\":\"Sklep\",\"item\":\"https:\/\/fluffouterwear.com\/pl\/sklep\/\"},{\"@type\":\"ListItem\",\"position\":3,\"name\":\"Karta upominkowa\"}]},{\"@type\":\"WebSite\",\"@id\":\"https:\/\/fluffouterwear.com\/pl\/#website\",\"url\":\"https:\/\/fluffouterwear.com\/pl\/\",\"name\":\"Fluff\",\"description\":\"\",\"potentialAction\":[{\"@type\":\"SearchAction\",\"target\":{\"@type\":\"EntryPoint\",\"urlTemplate\":\"https:\/\/fluffouterwear.com\/pl\/?s={search_term_string}\"},\"query-input\":{\"@type\":\"PropertyValueSpecification\",\"valueRequired\":true,\"valueName\":\"search_term_string\"}}],\"inLanguage\":\"pl-PL\"}]}<\/script>\n<!-- \/ Yoast SEO plugin. -->","yoast_head_json":{"title":"Karta upominkowa - Fluff","robots":{"index":"index","follow":"follow","max-snippet":"max-snippet:-1","max-image-preview":"max-image-preview:large","max-video-preview":"max-video-preview:-1"},"canonical":"https:\/\/fluffouterwear.com\/pl\/produkt\/karta-upominkowa-900\/","og_locale":"pl_PL","og_type":"article","og_title":"Karta upominkowa - Fluff","og_description":"Karta Upominkowa to bezpieczny prezent, gdy nie wiesz, kt\u00f3ry produkt podarowa\u0107 bliskiej osobie lub chcesz sprawi\u0107 jej wyj\u0105tkow\u0105 niespodziank\u0119. Karta zawiera unikalny kod, kt\u00f3ry jest wa\u017cny w sklepie internetowym i stacjonarnym Fluff do ko\u0144ca grudnia 2025.  To fizyczny produkt, kt\u00f3ry mo\u017cesz wr\u0119czy\u0107 obdarowywanej osobie.  Zakupiona karta z kodem zostanie wys\u0142ana kurierem, ba podany w zam\u00f3wieniu adres, lub mailowo - w komentarzu do zam\u00f3wienia daj nam zna\u0107, w jakiej wersji - fizycznej czy elektronicznej - chcesz otrzyma\u0107 swoj\u0105 Kart\u0119.","og_url":"https:\/\/fluffouterwear.com\/pl\/produkt\/karta-upominkowa-900\/","og_site_name":"Fluff","article_modified_time":"2025-01-22T09:44:19+00:00","og_image":[{"width":1739,"height":1004,"url":"https:\/\/fluffouterwear.com\/wp-content\/uploads\/2023\/10\/gift_card_900.png","type":"image\/png"}],"twitter_card":"summary_large_image","twitter_misc":{"Szacowany czas czytania":"1 minuta"},"schema":{"@context":"https:\/\/schema.org","@graph":[{"@type":"WebPage","@id":"https:\/\/fluffouterwear.com\/pl\/produkt\/karta-upominkowa-900\/","url":"https:\/\/fluffouterwear.com\/pl\/produkt\/karta-upominkowa-900\/","name":"Karta upominkowa - Fluff","isPartOf":{"@id":"https:\/\/fluffouterwear.com\/pl\/#website"},"primaryImageOfPage":{"@id":"https:\/\/fluffouterwear.com\/pl\/produkt\/karta-upominkowa-900\/#primaryimage"},"image":{"@id":"https:\/\/fluffouterwear.com\/pl\/produkt\/karta-upominkowa-900\/#primaryimage"},"thumbnailUrl":"https:\/\/fluffouterwear.com\/wp-content\/uploads\/2023\/10\/gift_card_900.png","datePublished":"2023-10-31T13:33:51+00:00","dateModified":"2025-01-22T09:44:19+00:00","breadcrumb":{"@id":"https:\/\/fluffouterwear.com\/pl\/produkt\/karta-upominkowa-900\/#breadcrumb"},"inLanguage":"pl-PL","potentialAction":[{"@type":"ReadAction","target":["https:\/\/fluffouterwear.com\/pl\/produkt\/karta-upominkowa-900\/"]}]},{"@type":"ImageObject","inLanguage":"pl-PL","@id":"https:\/\/fluffouterwear.com\/pl\/produkt\/karta-upominkowa-900\/#primaryimage","url":"https:\/\/fluffouterwear.com\/wp-content\/uploads\/2023\/10\/gift_card_900.png","contentUrl":"https:\/\/fluffouterwear.com\/wp-content\/uploads\/2023\/10\/gift_card_900.png","width":1739,"height":1004},{"@type":"BreadcrumbList","@id":"https:\/\/fluffouterwear.com\/pl\/produkt\/karta-upominkowa-900\/#breadcrumb","itemListElement":[{"@type":"ListItem","position":1,"name":"Strona g\u0142\u00f3wna","item":"https:\/\/fluffouterwear.com\/pl\/"},{"@type":"ListItem","position":2,"name":"Sklep","item":"https:\/\/fluffouterwear.com\/pl\/sklep\/"},{"@type":"ListItem","position":3,"name":"Karta upominkowa"}]},{"@type":"WebSite","@id":"https:\/\/fluffouterwear.com\/pl\/#website","url":"https:\/\/fluffouterwear.com\/pl\/","name":"Fluff","description":"","potentialAction":[{"@type":"SearchAction","target":{"@type":"EntryPoint","urlTemplate":"https:\/\/fluffouterwear.com\/pl\/?s={search_term_string}"},"query-input":{"@type":"PropertyValueSpecification","valueRequired":true,"valueName":"search_term_string"}}],"inLanguage":"pl-PL"}]}},"_links":{"self":[{"href":"https:\/\/fluffouterwear.com\/pl\/wp-json\/wp\/v2\/product\/83238","targetHints":{"allow":["GET"]}}],"collection":[{"href":"https:\/\/fluffouterwear.com\/pl\/wp-json\/wp\/v2\/product"}],"about":[{"href":"https:\/\/fluffouterwear.com\/pl\/wp-json\/wp\/v2\/types\/product"}],"replies":[{"embeddable":true,"href":"https:\/\/fluffouterwear.com\/pl\/wp-json\/wp\/v2\/comments?post=83238"}],"wp:featuredmedia":[{"embeddable":true,"href":"https:\/\/fluffouterwear.com\/pl\/wp-json\/wp\/v2\/media\/83230"}],"wp:attachment":[{"href":"https:\/\/fluffouterwear.com\/pl\/wp-json\/wp\/v2\/media?parent=83238"}],"wp:term":[{"taxonomy":"product_brand","embeddable":true,"href":"https:\/\/fluffouterwear.com\/pl\/wp-json\/wp\/v2\/product_brand?post=83238"},{"taxonomy":"product_cat","embeddable":true,"href":"https:\/\/fluffouterwear.com\/pl\/wp-json\/wp\/v2\/product_cat?post=83238"},{"taxonomy":"product_tag","embeddable":true,"href":"https:\/\/fluffouterwear.com\/pl\/wp-json\/wp\/v2\/product_tag?post=83238"}],"curies":[{"name":"wp","href":"https:\/\/api.w.org\/{rel}","templated":true}]}}