{"id":84181,"date":"2023-11-23T13:17:22","date_gmt":"2023-11-23T12:17:22","guid":{"rendered":"https:\/\/fluffouterwear.com\/?post_type=product&#038;p=84181"},"modified":"2026-04-17T11:43:47","modified_gmt":"2026-04-17T09:43:47","slug":"puchowa-chusta-black-coffee","status":"publish","type":"product","link":"https:\/\/fluffouterwear.com\/pl\/produkt\/puchowa-chusta-black-coffee\/","title":{"rendered":"Puchowa chusta Marron Glace"},"content":{"rendered":"<h4><strong>Puchowy kapturek<\/strong><\/h4>\n<p><span class=\"Y2IQFc\" lang=\"pl\">Ciep\u0142a <strong>chusta zimowa<\/strong>, wype\u0142niona naturalnym puchem to idealny dodatek, kt\u00f3ry ogrzeje g\u0142ow\u0119 i ochroni w\u0142osy. B\u0119dzie idealnym uzpe\u0142nieniem kurtek i p\u0142aszczy, kt\u00f3re nie posiadaj\u0105 kaptura. Dost\u0119pna w 3 kolorach.<\/span><\/p>\n","protected":false},"excerpt":{"rendered":"<p><strong>Rozmiar uniwersalny (one size)<\/strong><\/p>\n","protected":false},"featured_media":84257,"comment_status":"open","ping_status":"closed","template":"","meta":{"_acf_changed":false},"product_brand":[],"product_cat":[1055,382,1064],"product_tag":[1319,1405],"class_list":{"0":"post-84181","1":"product","2":"type-product","3":"status-publish","4":"has-post-thumbnail","6":"product_cat-akcesoria-pl-2","7":"product_cat-outlet-pl","8":"product_cat-kobieta-pl","9":"product_tag-one","10":"product_tag-wpla","12":"first","13":"outofstock","14":"sale","15":"shipping-taxable","16":"purchasable","17":"product-type-simple"},"acf":[],"yoast_head":"<!-- This site is optimized with the Yoast SEO plugin v27.0 - https:\/\/yoast.com\/product\/yoast-seo-wordpress\/ -->\n<title>Puchowa chusta Marron Glace - Fluff<\/title>\n<meta name=\"description\" content=\"Lekka chusta zimowa, wype\u0142niona naturalnym puchem to idealny dodatek, kt\u00f3ry ogrzeje g\u0142ow\u0119 i ochroni w\u0142osy. 90% puch g\u0119si, 10% pierze.\" \/>\n<meta name=\"robots\" content=\"index, follow, max-snippet:-1, max-image-preview:large, max-video-preview:-1\" \/>\n<link rel=\"canonical\" href=\"https:\/\/fluffouterwear.com\/pl\/produkt\/puchowa-chusta-black-coffee\/\" \/>\n<meta property=\"og:locale\" content=\"pl_PL\" \/>\n<meta property=\"og:type\" content=\"article\" \/>\n<meta property=\"og:title\" content=\"Puchowa chusta Marron Glace - Fluff\" \/>\n<meta property=\"og:description\" content=\"Lekka chusta zimowa, wype\u0142niona naturalnym puchem to idealny dodatek, kt\u00f3ry ogrzeje g\u0142ow\u0119 i ochroni w\u0142osy. 90% puch g\u0119si, 10% pierze.\" \/>\n<meta property=\"og:url\" content=\"https:\/\/fluffouterwear.com\/pl\/produkt\/puchowa-chusta-black-coffee\/\" \/>\n<meta property=\"og:site_name\" content=\"Fluff\" \/>\n<meta property=\"article:modified_time\" content=\"2026-04-17T09:43:47+00:00\" \/>\n<meta property=\"og:image\" content=\"https:\/\/fluffouterwear.com\/wp-content\/uploads\/2023\/11\/fluff_23-11-24_chusta_001.jpg\" \/>\n\t<meta property=\"og:image:width\" content=\"1185\" \/>\n\t<meta property=\"og:image:height\" content=\"1310\" \/>\n\t<meta property=\"og:image:type\" content=\"image\/jpeg\" \/>\n<meta name=\"twitter:card\" content=\"summary_large_image\" \/>\n<meta name=\"twitter:label1\" content=\"Szacowany czas czytania\" \/>\n\t<meta name=\"twitter:data1\" content=\"1 minuta\" \/>\n<script type=\"application\/ld+json\" class=\"yoast-schema-graph\">{\"@context\":\"https:\/\/schema.org\",\"@graph\":[{\"@type\":\"WebPage\",\"@id\":\"https:\/\/fluffouterwear.com\/pl\/produkt\/puchowa-chusta-black-coffee\/\",\"url\":\"https:\/\/fluffouterwear.com\/pl\/produkt\/puchowa-chusta-black-coffee\/\",\"name\":\"Puchowa chusta Marron Glace - Fluff\",\"isPartOf\":{\"@id\":\"https:\/\/fluffouterwear.com\/pl\/#website\"},\"primaryImageOfPage\":{\"@id\":\"https:\/\/fluffouterwear.com\/pl\/produkt\/puchowa-chusta-black-coffee\/#primaryimage\"},\"image\":{\"@id\":\"https:\/\/fluffouterwear.com\/pl\/produkt\/puchowa-chusta-black-coffee\/#primaryimage\"},\"thumbnailUrl\":\"https:\/\/fluffouterwear.com\/wp-content\/uploads\/2023\/11\/fluff_23-11-24_chusta_001.jpg\",\"datePublished\":\"2023-11-23T12:17:22+00:00\",\"dateModified\":\"2026-04-17T09:43:47+00:00\",\"description\":\"Lekka chusta zimowa, wype\u0142niona naturalnym puchem to idealny dodatek, kt\u00f3ry ogrzeje g\u0142ow\u0119 i ochroni w\u0142osy. 90% puch g\u0119si, 10% pierze.\",\"breadcrumb\":{\"@id\":\"https:\/\/fluffouterwear.com\/pl\/produkt\/puchowa-chusta-black-coffee\/#breadcrumb\"},\"inLanguage\":\"pl-PL\",\"potentialAction\":[{\"@type\":\"ReadAction\",\"target\":[\"https:\/\/fluffouterwear.com\/pl\/produkt\/puchowa-chusta-black-coffee\/\"]}]},{\"@type\":\"ImageObject\",\"inLanguage\":\"pl-PL\",\"@id\":\"https:\/\/fluffouterwear.com\/pl\/produkt\/puchowa-chusta-black-coffee\/#primaryimage\",\"url\":\"https:\/\/fluffouterwear.com\/wp-content\/uploads\/2023\/11\/fluff_23-11-24_chusta_001.jpg\",\"contentUrl\":\"https:\/\/fluffouterwear.com\/wp-content\/uploads\/2023\/11\/fluff_23-11-24_chusta_001.jpg\",\"width\":1185,\"height\":1310,\"caption\":\"Chusta puchowa, nakrycie g\u0142owy, kolor br\u0105zowy, wi\u0105zana\"},{\"@type\":\"BreadcrumbList\",\"@id\":\"https:\/\/fluffouterwear.com\/pl\/produkt\/puchowa-chusta-black-coffee\/#breadcrumb\",\"itemListElement\":[{\"@type\":\"ListItem\",\"position\":1,\"name\":\"Strona g\u0142\u00f3wna\",\"item\":\"https:\/\/fluffouterwear.com\/pl\/\"},{\"@type\":\"ListItem\",\"position\":2,\"name\":\"Sklep\",\"item\":\"https:\/\/fluffouterwear.com\/pl\/sklep\/\"},{\"@type\":\"ListItem\",\"position\":3,\"name\":\"Puchowa chusta Marron Glace\"}]},{\"@type\":\"WebSite\",\"@id\":\"https:\/\/fluffouterwear.com\/pl\/#website\",\"url\":\"https:\/\/fluffouterwear.com\/pl\/\",\"name\":\"Fluff\",\"description\":\"\",\"potentialAction\":[{\"@type\":\"SearchAction\",\"target\":{\"@type\":\"EntryPoint\",\"urlTemplate\":\"https:\/\/fluffouterwear.com\/pl\/?s={search_term_string}\"},\"query-input\":{\"@type\":\"PropertyValueSpecification\",\"valueRequired\":true,\"valueName\":\"search_term_string\"}}],\"inLanguage\":\"pl-PL\"}]}<\/script>\n<!-- \/ Yoast SEO plugin. -->","yoast_head_json":{"title":"Puchowa chusta Marron Glace - Fluff","description":"Lekka chusta zimowa, wype\u0142niona naturalnym puchem to idealny dodatek, kt\u00f3ry ogrzeje g\u0142ow\u0119 i ochroni w\u0142osy. 90% puch g\u0119si, 10% pierze.","robots":{"index":"index","follow":"follow","max-snippet":"max-snippet:-1","max-image-preview":"max-image-preview:large","max-video-preview":"max-video-preview:-1"},"canonical":"https:\/\/fluffouterwear.com\/pl\/produkt\/puchowa-chusta-black-coffee\/","og_locale":"pl_PL","og_type":"article","og_title":"Puchowa chusta Marron Glace - Fluff","og_description":"Lekka chusta zimowa, wype\u0142niona naturalnym puchem to idealny dodatek, kt\u00f3ry ogrzeje g\u0142ow\u0119 i ochroni w\u0142osy. 90% puch g\u0119si, 10% pierze.","og_url":"https:\/\/fluffouterwear.com\/pl\/produkt\/puchowa-chusta-black-coffee\/","og_site_name":"Fluff","article_modified_time":"2026-04-17T09:43:47+00:00","og_image":[{"width":1185,"height":1310,"url":"https:\/\/fluffouterwear.com\/wp-content\/uploads\/2023\/11\/fluff_23-11-24_chusta_001.jpg","type":"image\/jpeg"}],"twitter_card":"summary_large_image","twitter_misc":{"Szacowany czas czytania":"1 minuta"},"schema":{"@context":"https:\/\/schema.org","@graph":[{"@type":"WebPage","@id":"https:\/\/fluffouterwear.com\/pl\/produkt\/puchowa-chusta-black-coffee\/","url":"https:\/\/fluffouterwear.com\/pl\/produkt\/puchowa-chusta-black-coffee\/","name":"Puchowa chusta Marron Glace - Fluff","isPartOf":{"@id":"https:\/\/fluffouterwear.com\/pl\/#website"},"primaryImageOfPage":{"@id":"https:\/\/fluffouterwear.com\/pl\/produkt\/puchowa-chusta-black-coffee\/#primaryimage"},"image":{"@id":"https:\/\/fluffouterwear.com\/pl\/produkt\/puchowa-chusta-black-coffee\/#primaryimage"},"thumbnailUrl":"https:\/\/fluffouterwear.com\/wp-content\/uploads\/2023\/11\/fluff_23-11-24_chusta_001.jpg","datePublished":"2023-11-23T12:17:22+00:00","dateModified":"2026-04-17T09:43:47+00:00","description":"Lekka chusta zimowa, wype\u0142niona naturalnym puchem to idealny dodatek, kt\u00f3ry ogrzeje g\u0142ow\u0119 i ochroni w\u0142osy. 90% puch g\u0119si, 10% pierze.","breadcrumb":{"@id":"https:\/\/fluffouterwear.com\/pl\/produkt\/puchowa-chusta-black-coffee\/#breadcrumb"},"inLanguage":"pl-PL","potentialAction":[{"@type":"ReadAction","target":["https:\/\/fluffouterwear.com\/pl\/produkt\/puchowa-chusta-black-coffee\/"]}]},{"@type":"ImageObject","inLanguage":"pl-PL","@id":"https:\/\/fluffouterwear.com\/pl\/produkt\/puchowa-chusta-black-coffee\/#primaryimage","url":"https:\/\/fluffouterwear.com\/wp-content\/uploads\/2023\/11\/fluff_23-11-24_chusta_001.jpg","contentUrl":"https:\/\/fluffouterwear.com\/wp-content\/uploads\/2023\/11\/fluff_23-11-24_chusta_001.jpg","width":1185,"height":1310,"caption":"Chusta puchowa, nakrycie g\u0142owy, kolor br\u0105zowy, wi\u0105zana"},{"@type":"BreadcrumbList","@id":"https:\/\/fluffouterwear.com\/pl\/produkt\/puchowa-chusta-black-coffee\/#breadcrumb","itemListElement":[{"@type":"ListItem","position":1,"name":"Strona g\u0142\u00f3wna","item":"https:\/\/fluffouterwear.com\/pl\/"},{"@type":"ListItem","position":2,"name":"Sklep","item":"https:\/\/fluffouterwear.com\/pl\/sklep\/"},{"@type":"ListItem","position":3,"name":"Puchowa chusta Marron Glace"}]},{"@type":"WebSite","@id":"https:\/\/fluffouterwear.com\/pl\/#website","url":"https:\/\/fluffouterwear.com\/pl\/","name":"Fluff","description":"","potentialAction":[{"@type":"SearchAction","target":{"@type":"EntryPoint","urlTemplate":"https:\/\/fluffouterwear.com\/pl\/?s={search_term_string}"},"query-input":{"@type":"PropertyValueSpecification","valueRequired":true,"valueName":"search_term_string"}}],"inLanguage":"pl-PL"}]}},"_links":{"self":[{"href":"https:\/\/fluffouterwear.com\/pl\/wp-json\/wp\/v2\/product\/84181","targetHints":{"allow":["GET"]}}],"collection":[{"href":"https:\/\/fluffouterwear.com\/pl\/wp-json\/wp\/v2\/product"}],"about":[{"href":"https:\/\/fluffouterwear.com\/pl\/wp-json\/wp\/v2\/types\/product"}],"replies":[{"embeddable":true,"href":"https:\/\/fluffouterwear.com\/pl\/wp-json\/wp\/v2\/comments?post=84181"}],"wp:featuredmedia":[{"embeddable":true,"href":"https:\/\/fluffouterwear.com\/pl\/wp-json\/wp\/v2\/media\/84257"}],"wp:attachment":[{"href":"https:\/\/fluffouterwear.com\/pl\/wp-json\/wp\/v2\/media?parent=84181"}],"wp:term":[{"taxonomy":"product_brand","embeddable":true,"href":"https:\/\/fluffouterwear.com\/pl\/wp-json\/wp\/v2\/product_brand?post=84181"},{"taxonomy":"product_cat","embeddable":true,"href":"https:\/\/fluffouterwear.com\/pl\/wp-json\/wp\/v2\/product_cat?post=84181"},{"taxonomy":"product_tag","embeddable":true,"href":"https:\/\/fluffouterwear.com\/pl\/wp-json\/wp\/v2\/product_tag?post=84181"}],"curies":[{"name":"wp","href":"https:\/\/api.w.org\/{rel}","templated":true}]}}