{"id":85415,"date":"2023-12-14T17:11:04","date_gmt":"2023-12-14T16:11:04","guid":{"rendered":"https:\/\/fluffouterwear.com\/?post_type=product&#038;p=85415"},"modified":"2026-04-03T00:09:07","modified_gmt":"2026-04-02T22:09:07","slug":"damski-kombinezon-marron","status":"publish","type":"product","link":"https:\/\/fluffouterwear.com\/pl\/produkt\/damski-kombinezon-marron\/","title":{"rendered":"Damski kombinezon Marron Glace"},"content":{"rendered":"<h4><strong>Puchowy kombinezon zimowy dla kobiet<\/strong><\/h4>\n<p>Marzy Ci si\u0119 zimowa stylizacja inspirowana mod\u0105 lat 80., jak z filmu &#8220;Dom Gucci&#8221; lub niczym z kultowego ju\u017c teledysku Wham! do \u201cLast Christmas\u201d? A mo\u017ce po prostu szukasz harmonijnego po\u0142\u0105czenia komfortu i wygody z przykuwaj\u0105cym uwag\u0119 krojem w sam raz na <b>sezon zimowy<\/b>? W obu przypadkach stylowy, czarny<b> damski kombinezon <\/b>FLUFF z pewno\u015bci\u0105 sprosta Twoim oczekiwaniom.<\/p>\n<p>By\u0107 mo\u017ce do tej pory <b>kombinezon zimowy<\/b> kojarzy\u0142 Ci si\u0119 raczej z odzie\u017c\u0105 dzieci\u0119c\u0105 lub z cz\u0119\u015bci\u0105 garderoby o typowo sportowym przeznaczeniu. Obalmy wsp\u00f3lnie ten stereotyp &#8211; <b>damski kombinezon puchowy FLUFF <\/b>sprawdzi si\u0119 nie tylko na stoku. To praktyczne, zapewniaj\u0105ce ciep\u0142o i wygod\u0119 w najch\u0142odniejsze dni rozwi\u0105zanie, \u015bwietnie wpisuj\u0105ce si\u0119 w codzienn\u0105 mod\u0119 miejsk\u0105 i nie tylko. Prosty kr\u00f3j z lekkim wci\u0119ciem w talii gwarantuje pe\u0142n\u0105 swobod\u0119 ruch\u00f3w, jednocze\u015bnie idealnie eksponuj\u0105c walory Twojej sylwetki. Wygodnie zlokalizowane, na pierwszy rzut oka niewidoczne najwy\u017cszej jako\u015bci kryte zamki YKK sprawiaj\u0105, \u017ce ten wyj\u0105tkowy <b>kombinezon ocieplany<\/b> za\u0142o\u017cysz i zdejmiesz w kilka chwil, szybko i bezproblemowo.<\/p>\n<p>Niezale\u017cnie od tego, czy kochasz <b>sezon zimowy<\/b> i przebywanie na zewn\u0105trz zwyczajnie sprawia Ci przyjemno\u015b\u0107, czy po prostu los sprawia, \u017ce musisz czasem sp\u0119dzi\u0107 wi\u0119cej czasu na mrozie, <b>damski kombinezon zimowy FLUFF<\/b> umo\u017cliwi Ci przer\u00f3\u017cne outdoorowe aktywno\u015bci nie tylko w najlepszym stylu, ale i w najbardziej komfortowych warunkach, gwarantujemy ochron\u0119 przed mrozem nawet wtedy, gdy temperatury za oknem spadaj\u0105 do -25 st. C.<\/p>\n","protected":false},"excerpt":{"rendered":"<p>Puchowy kombinezon zimowy dla kobiet Marzy Ci si\u0119 zimowa stylizacja inspirowana mod\u0105 lat 80., jak z filmu &#8220;Dom Gucci&#8221; lub niczym z kultowego ju\u017c teledysku Wham! do \u201cLast Christmas\u201d? A mo\u017ce po prostu szukasz harmonijnego po\u0142\u0105czenia komfortu i wygody z przykuwaj\u0105cym uwag\u0119 krojem w sam raz na sezon zimowy? W obu przypadkach stylowy, czarny damski [&#8230;]\n","protected":false},"featured_media":85855,"comment_status":"open","ping_status":"closed","template":"","meta":{"_acf_changed":false},"product_brand":[],"product_cat":[305,371,382,1064],"product_tag":[1405],"class_list":{"0":"post-85415","1":"product","2":"type-product","3":"status-publish","4":"has-post-thumbnail","6":"product_cat-kobieta","7":"product_cat-plaszcze-pl","8":"product_cat-outlet-pl","9":"product_cat-kobieta-pl","10":"product_tag-wpla","12":"first","13":"outofstock","14":"sale","15":"shipping-taxable","16":"purchasable","17":"product-type-variable"},"acf":[],"yoast_head":"<!-- This site is optimized with the Yoast SEO plugin v27.0 - https:\/\/yoast.com\/product\/yoast-seo-wordpress\/ -->\n<title>Damski kombinezon Marron Glace - Fluff<\/title>\n<meta name=\"description\" content=\"Damski kombinezon zimowy w kolorze czarnym, nawi\u0105zuj\u0105cy do stylu lat 80., to idealna propozycja dla kobiet, kt\u00f3re chc\u0105 w pe\u0142ni korzysta\u0107 z urok\u00f3w zimy!\" \/>\n<meta name=\"robots\" content=\"index, follow, max-snippet:-1, max-image-preview:large, max-video-preview:-1\" \/>\n<link rel=\"canonical\" href=\"https:\/\/fluffouterwear.com\/pl\/produkt\/damski-kombinezon-marron\/\" \/>\n<meta property=\"og:locale\" content=\"pl_PL\" \/>\n<meta property=\"og:type\" content=\"article\" \/>\n<meta property=\"og:title\" content=\"Damski kombinezon Marron Glace - Fluff\" \/>\n<meta property=\"og:description\" content=\"Damski kombinezon zimowy w kolorze czarnym, nawi\u0105zuj\u0105cy do stylu lat 80., to idealna propozycja dla kobiet, kt\u00f3re chc\u0105 w pe\u0142ni korzysta\u0107 z urok\u00f3w zimy!\" \/>\n<meta property=\"og:url\" content=\"https:\/\/fluffouterwear.com\/pl\/produkt\/damski-kombinezon-marron\/\" \/>\n<meta property=\"og:site_name\" content=\"Fluff\" \/>\n<meta property=\"article:modified_time\" content=\"2026-04-02T22:09:07+00:00\" \/>\n<meta property=\"og:image\" content=\"https:\/\/fluffouterwear.com\/wp-content\/uploads\/2024\/01\/damski-kombinezon-zimowy-brazowy-2.jpg\" \/>\n\t<meta property=\"og:image:width\" content=\"1185\" \/>\n\t<meta property=\"og:image:height\" content=\"1310\" \/>\n\t<meta property=\"og:image:type\" content=\"image\/jpeg\" \/>\n<meta name=\"twitter:card\" content=\"summary_large_image\" \/>\n<meta name=\"twitter:label1\" content=\"Szacowany czas czytania\" \/>\n\t<meta name=\"twitter:data1\" content=\"2 minuty\" \/>\n<script type=\"application\/ld+json\" class=\"yoast-schema-graph\">{\"@context\":\"https:\/\/schema.org\",\"@graph\":[{\"@type\":\"WebPage\",\"@id\":\"https:\/\/fluffouterwear.com\/pl\/produkt\/damski-kombinezon-marron\/\",\"url\":\"https:\/\/fluffouterwear.com\/pl\/produkt\/damski-kombinezon-marron\/\",\"name\":\"Damski kombinezon Marron Glace - Fluff\",\"isPartOf\":{\"@id\":\"https:\/\/fluffouterwear.com\/pl\/#website\"},\"primaryImageOfPage\":{\"@id\":\"https:\/\/fluffouterwear.com\/pl\/produkt\/damski-kombinezon-marron\/#primaryimage\"},\"image\":{\"@id\":\"https:\/\/fluffouterwear.com\/pl\/produkt\/damski-kombinezon-marron\/#primaryimage\"},\"thumbnailUrl\":\"https:\/\/fluffouterwear.com\/wp-content\/uploads\/2024\/01\/damski-kombinezon-zimowy-brazowy-2.jpg\",\"datePublished\":\"2023-12-14T16:11:04+00:00\",\"dateModified\":\"2026-04-02T22:09:07+00:00\",\"description\":\"Damski kombinezon zimowy w kolorze czarnym, nawi\u0105zuj\u0105cy do stylu lat 80., to idealna propozycja dla kobiet, kt\u00f3re chc\u0105 w pe\u0142ni korzysta\u0107 z urok\u00f3w zimy!\",\"breadcrumb\":{\"@id\":\"https:\/\/fluffouterwear.com\/pl\/produkt\/damski-kombinezon-marron\/#breadcrumb\"},\"inLanguage\":\"pl-PL\",\"potentialAction\":[{\"@type\":\"ReadAction\",\"target\":[\"https:\/\/fluffouterwear.com\/pl\/produkt\/damski-kombinezon-marron\/\"]}]},{\"@type\":\"ImageObject\",\"inLanguage\":\"pl-PL\",\"@id\":\"https:\/\/fluffouterwear.com\/pl\/produkt\/damski-kombinezon-marron\/#primaryimage\",\"url\":\"https:\/\/fluffouterwear.com\/wp-content\/uploads\/2024\/01\/damski-kombinezon-zimowy-brazowy-2.jpg\",\"contentUrl\":\"https:\/\/fluffouterwear.com\/wp-content\/uploads\/2024\/01\/damski-kombinezon-zimowy-brazowy-2.jpg\",\"width\":1185,\"height\":1310,\"caption\":\"Damski kombinezon zimowy br\u0105zowy, z kapturem i \u015bci\u0105gaczem w talii, puch g\u0119si\"},{\"@type\":\"BreadcrumbList\",\"@id\":\"https:\/\/fluffouterwear.com\/pl\/produkt\/damski-kombinezon-marron\/#breadcrumb\",\"itemListElement\":[{\"@type\":\"ListItem\",\"position\":1,\"name\":\"Strona g\u0142\u00f3wna\",\"item\":\"https:\/\/fluffouterwear.com\/pl\/\"},{\"@type\":\"ListItem\",\"position\":2,\"name\":\"Sklep\",\"item\":\"https:\/\/fluffouterwear.com\/pl\/sklep\/\"},{\"@type\":\"ListItem\",\"position\":3,\"name\":\"Damski kombinezon Marron Glace\"}]},{\"@type\":\"WebSite\",\"@id\":\"https:\/\/fluffouterwear.com\/pl\/#website\",\"url\":\"https:\/\/fluffouterwear.com\/pl\/\",\"name\":\"Fluff\",\"description\":\"\",\"potentialAction\":[{\"@type\":\"SearchAction\",\"target\":{\"@type\":\"EntryPoint\",\"urlTemplate\":\"https:\/\/fluffouterwear.com\/pl\/?s={search_term_string}\"},\"query-input\":{\"@type\":\"PropertyValueSpecification\",\"valueRequired\":true,\"valueName\":\"search_term_string\"}}],\"inLanguage\":\"pl-PL\"}]}<\/script>\n<!-- \/ Yoast SEO plugin. -->","yoast_head_json":{"title":"Damski kombinezon Marron Glace - Fluff","description":"Damski kombinezon zimowy w kolorze czarnym, nawi\u0105zuj\u0105cy do stylu lat 80., to idealna propozycja dla kobiet, kt\u00f3re chc\u0105 w pe\u0142ni korzysta\u0107 z urok\u00f3w zimy!","robots":{"index":"index","follow":"follow","max-snippet":"max-snippet:-1","max-image-preview":"max-image-preview:large","max-video-preview":"max-video-preview:-1"},"canonical":"https:\/\/fluffouterwear.com\/pl\/produkt\/damski-kombinezon-marron\/","og_locale":"pl_PL","og_type":"article","og_title":"Damski kombinezon Marron Glace - Fluff","og_description":"Damski kombinezon zimowy w kolorze czarnym, nawi\u0105zuj\u0105cy do stylu lat 80., to idealna propozycja dla kobiet, kt\u00f3re chc\u0105 w pe\u0142ni korzysta\u0107 z urok\u00f3w zimy!","og_url":"https:\/\/fluffouterwear.com\/pl\/produkt\/damski-kombinezon-marron\/","og_site_name":"Fluff","article_modified_time":"2026-04-02T22:09:07+00:00","og_image":[{"width":1185,"height":1310,"url":"https:\/\/fluffouterwear.com\/wp-content\/uploads\/2024\/01\/damski-kombinezon-zimowy-brazowy-2.jpg","type":"image\/jpeg"}],"twitter_card":"summary_large_image","twitter_misc":{"Szacowany czas czytania":"2 minuty"},"schema":{"@context":"https:\/\/schema.org","@graph":[{"@type":"WebPage","@id":"https:\/\/fluffouterwear.com\/pl\/produkt\/damski-kombinezon-marron\/","url":"https:\/\/fluffouterwear.com\/pl\/produkt\/damski-kombinezon-marron\/","name":"Damski kombinezon Marron Glace - Fluff","isPartOf":{"@id":"https:\/\/fluffouterwear.com\/pl\/#website"},"primaryImageOfPage":{"@id":"https:\/\/fluffouterwear.com\/pl\/produkt\/damski-kombinezon-marron\/#primaryimage"},"image":{"@id":"https:\/\/fluffouterwear.com\/pl\/produkt\/damski-kombinezon-marron\/#primaryimage"},"thumbnailUrl":"https:\/\/fluffouterwear.com\/wp-content\/uploads\/2024\/01\/damski-kombinezon-zimowy-brazowy-2.jpg","datePublished":"2023-12-14T16:11:04+00:00","dateModified":"2026-04-02T22:09:07+00:00","description":"Damski kombinezon zimowy w kolorze czarnym, nawi\u0105zuj\u0105cy do stylu lat 80., to idealna propozycja dla kobiet, kt\u00f3re chc\u0105 w pe\u0142ni korzysta\u0107 z urok\u00f3w zimy!","breadcrumb":{"@id":"https:\/\/fluffouterwear.com\/pl\/produkt\/damski-kombinezon-marron\/#breadcrumb"},"inLanguage":"pl-PL","potentialAction":[{"@type":"ReadAction","target":["https:\/\/fluffouterwear.com\/pl\/produkt\/damski-kombinezon-marron\/"]}]},{"@type":"ImageObject","inLanguage":"pl-PL","@id":"https:\/\/fluffouterwear.com\/pl\/produkt\/damski-kombinezon-marron\/#primaryimage","url":"https:\/\/fluffouterwear.com\/wp-content\/uploads\/2024\/01\/damski-kombinezon-zimowy-brazowy-2.jpg","contentUrl":"https:\/\/fluffouterwear.com\/wp-content\/uploads\/2024\/01\/damski-kombinezon-zimowy-brazowy-2.jpg","width":1185,"height":1310,"caption":"Damski kombinezon zimowy br\u0105zowy, z kapturem i \u015bci\u0105gaczem w talii, puch g\u0119si"},{"@type":"BreadcrumbList","@id":"https:\/\/fluffouterwear.com\/pl\/produkt\/damski-kombinezon-marron\/#breadcrumb","itemListElement":[{"@type":"ListItem","position":1,"name":"Strona g\u0142\u00f3wna","item":"https:\/\/fluffouterwear.com\/pl\/"},{"@type":"ListItem","position":2,"name":"Sklep","item":"https:\/\/fluffouterwear.com\/pl\/sklep\/"},{"@type":"ListItem","position":3,"name":"Damski kombinezon Marron Glace"}]},{"@type":"WebSite","@id":"https:\/\/fluffouterwear.com\/pl\/#website","url":"https:\/\/fluffouterwear.com\/pl\/","name":"Fluff","description":"","potentialAction":[{"@type":"SearchAction","target":{"@type":"EntryPoint","urlTemplate":"https:\/\/fluffouterwear.com\/pl\/?s={search_term_string}"},"query-input":{"@type":"PropertyValueSpecification","valueRequired":true,"valueName":"search_term_string"}}],"inLanguage":"pl-PL"}]}},"_links":{"self":[{"href":"https:\/\/fluffouterwear.com\/pl\/wp-json\/wp\/v2\/product\/85415","targetHints":{"allow":["GET"]}}],"collection":[{"href":"https:\/\/fluffouterwear.com\/pl\/wp-json\/wp\/v2\/product"}],"about":[{"href":"https:\/\/fluffouterwear.com\/pl\/wp-json\/wp\/v2\/types\/product"}],"replies":[{"embeddable":true,"href":"https:\/\/fluffouterwear.com\/pl\/wp-json\/wp\/v2\/comments?post=85415"}],"wp:featuredmedia":[{"embeddable":true,"href":"https:\/\/fluffouterwear.com\/pl\/wp-json\/wp\/v2\/media\/85855"}],"wp:attachment":[{"href":"https:\/\/fluffouterwear.com\/pl\/wp-json\/wp\/v2\/media?parent=85415"}],"wp:term":[{"taxonomy":"product_brand","embeddable":true,"href":"https:\/\/fluffouterwear.com\/pl\/wp-json\/wp\/v2\/product_brand?post=85415"},{"taxonomy":"product_cat","embeddable":true,"href":"https:\/\/fluffouterwear.com\/pl\/wp-json\/wp\/v2\/product_cat?post=85415"},{"taxonomy":"product_tag","embeddable":true,"href":"https:\/\/fluffouterwear.com\/pl\/wp-json\/wp\/v2\/product_tag?post=85415"}],"curies":[{"name":"wp","href":"https:\/\/api.w.org\/{rel}","templated":true}]}}