{"id":85546,"date":"2023-12-18T17:34:03","date_gmt":"2023-12-18T16:34:03","guid":{"rendered":"https:\/\/fluffouterwear.com\/?post_type=product&#038;p=85546"},"modified":"2026-02-18T21:07:07","modified_gmt":"2026-02-18T20:07:07","slug":"black-coffee-kombinezon-dzieciecy-puffer","status":"publish","type":"product","link":"https:\/\/fluffouterwear.com\/pl\/produkt\/black-coffee-kombinezon-dzieciecy-puffer\/","title":{"rendered":"Black kombinezon dzieci\u0119cy big puffer"},"content":{"rendered":"<h4><strong>Puchowy kombinezon zimowy dla dziewczynki i ch\u0142opca<\/strong><\/h4>\n<p><b>Dzieci\u0119cy kombinezon zimowy<\/b> to nie bez powodu jeden z bestseller\u00f3w FLUFF. Do\u0142o\u017cyli\u015bmy stara\u0144, by zaprojektowa\u0107 go w spos\u00f3b, kt\u00f3ry zagwarantuje maluchom maksymaln\u0105 ochron\u0119 nawet w najbardziej mro\u017ane dni, jednocze\u015bnie nie kr\u0119puj\u0105c ich ruch\u00f3w i pozwalaj\u0105c na pe\u0142n\u0105 beztrosk\u0119 podczas zabaw na \u015bniegu.<\/p>\n<p>Nasz <b>kombinezon dla dzieci<\/b> doskonale izoluje i trzyma ciep\u0142o dzi\u0119ki sprawdzonemu przez nas w wielu projektach naturalnemu, antyalergicznemu wype\u0142nienie z puchu g\u0119siego o optymalnym sk\u0142adzie (90% puch g\u0119si, 10% pierze, spr\u0119\u017cysto\u015b\u0107 na poziomie 750 cuin). Takie parametry sprawiaj\u0105. \u017ce <b>dzieci\u0119cy kombinezon zimowy FLUFF<\/b> niezawodnie chroni przed zimnem w temperaturach nawet do -20 stopni mrozu, b\u0119d\u0105c przy tym okryciem lekkim i przyjaznym dla wra\u017cliwego dzieci\u0119cego cia\u0142a.<\/p>\n<p><strong>Wybierz rozmiar najbli\u017cszy wzrostu dziecka &#8211; nie zawy\u017caj<\/strong>. Kombinezony szyjemy &#8220;z zapasem&#8221;, wi\u0119c rozmiar\u00f3wka wypada na wi\u0119ksz\u0105.<\/p>\n","protected":false},"excerpt":{"rendered":"<p>Puchowy kombinezon zimowy dla dziewczynki i ch\u0142opca Dzieci\u0119cy kombinezon zimowy to nie bez powodu jeden z bestseller\u00f3w FLUFF. Do\u0142o\u017cyli\u015bmy stara\u0144, by zaprojektowa\u0107 go w spos\u00f3b, kt\u00f3ry zagwarantuje maluchom maksymaln\u0105 ochron\u0119 nawet w najbardziej mro\u017ane dni, jednocze\u015bnie nie kr\u0119puj\u0105c ich ruch\u00f3w i pozwalaj\u0105c na pe\u0142n\u0105 beztrosk\u0119 podczas zabaw na \u015bniegu. Nasz kombinezon dla dzieci doskonale izoluje [&#8230;]\n","protected":false},"featured_media":85566,"comment_status":"open","ping_status":"closed","template":"","meta":{"_acf_changed":false},"product_brand":[],"product_cat":[303,333],"product_tag":[1407],"class_list":{"0":"post-85546","1":"product","2":"type-product","3":"status-publish","4":"has-post-thumbnail","6":"product_cat-chlopiec-i-dziewczynka","7":"product_cat-kombinezony","8":"product_tag-kpla","10":"first","11":"instock","12":"shipping-taxable","13":"purchasable","14":"product-type-variable"},"acf":[],"yoast_head":"<!-- This site is optimized with the Yoast SEO plugin v27.0 - https:\/\/yoast.com\/product\/yoast-seo-wordpress\/ -->\n<title>Black kombinezon dzieci\u0119cy big puffer - Fluff<\/title>\n<meta name=\"description\" content=\"Zimowy kombinezon puchowy dla dzieci, wype\u0142niony naturalnym puchem. 90% puch, 10% pierze. Kombinezon z kapturem i zapi\u0119tkami. Wyprodukowano w Polsce.\" \/>\n<meta name=\"robots\" content=\"index, follow, max-snippet:-1, max-image-preview:large, max-video-preview:-1\" \/>\n<link rel=\"canonical\" href=\"https:\/\/fluffouterwear.com\/pl\/produkt\/black-coffee-kombinezon-dzieciecy-puffer\/\" \/>\n<meta property=\"og:locale\" content=\"pl_PL\" \/>\n<meta property=\"og:type\" content=\"article\" \/>\n<meta property=\"og:title\" content=\"Black kombinezon dzieci\u0119cy big puffer - Fluff\" \/>\n<meta property=\"og:description\" content=\"Zimowy kombinezon puchowy dla dzieci, wype\u0142niony naturalnym puchem. 90% puch, 10% pierze. Kombinezon z kapturem i zapi\u0119tkami. Wyprodukowano w Polsce.\" \/>\n<meta property=\"og:url\" content=\"https:\/\/fluffouterwear.com\/pl\/produkt\/black-coffee-kombinezon-dzieciecy-puffer\/\" \/>\n<meta property=\"og:site_name\" content=\"Fluff\" \/>\n<meta property=\"article:modified_time\" content=\"2026-02-18T20:07:07+00:00\" \/>\n<meta property=\"og:image\" content=\"https:\/\/fluffouterwear.com\/wp-content\/uploads\/2023\/12\/dzieciecy-kombinezon-puchowy-puffer-czarny-.jpg3_.jpg\" \/>\n\t<meta property=\"og:image:width\" content=\"1185\" \/>\n\t<meta property=\"og:image:height\" content=\"1310\" \/>\n\t<meta property=\"og:image:type\" content=\"image\/jpeg\" \/>\n<meta name=\"twitter:card\" content=\"summary_large_image\" \/>\n<meta name=\"twitter:label1\" content=\"Szacowany czas czytania\" \/>\n\t<meta name=\"twitter:data1\" content=\"1 minuta\" \/>\n<script type=\"application\/ld+json\" class=\"yoast-schema-graph\">{\"@context\":\"https:\/\/schema.org\",\"@graph\":[{\"@type\":\"WebPage\",\"@id\":\"https:\/\/fluffouterwear.com\/pl\/produkt\/black-coffee-kombinezon-dzieciecy-puffer\/\",\"url\":\"https:\/\/fluffouterwear.com\/pl\/produkt\/black-coffee-kombinezon-dzieciecy-puffer\/\",\"name\":\"Black kombinezon dzieci\u0119cy big puffer - Fluff\",\"isPartOf\":{\"@id\":\"https:\/\/fluffouterwear.com\/pl\/#website\"},\"primaryImageOfPage\":{\"@id\":\"https:\/\/fluffouterwear.com\/pl\/produkt\/black-coffee-kombinezon-dzieciecy-puffer\/#primaryimage\"},\"image\":{\"@id\":\"https:\/\/fluffouterwear.com\/pl\/produkt\/black-coffee-kombinezon-dzieciecy-puffer\/#primaryimage\"},\"thumbnailUrl\":\"https:\/\/fluffouterwear.com\/wp-content\/uploads\/2023\/12\/dzieciecy-kombinezon-puchowy-puffer-czarny-.jpg3_.jpg\",\"datePublished\":\"2023-12-18T16:34:03+00:00\",\"dateModified\":\"2026-02-18T20:07:07+00:00\",\"description\":\"Zimowy kombinezon puchowy dla dzieci, wype\u0142niony naturalnym puchem. 90% puch, 10% pierze. Kombinezon z kapturem i zapi\u0119tkami. Wyprodukowano w Polsce.\",\"breadcrumb\":{\"@id\":\"https:\/\/fluffouterwear.com\/pl\/produkt\/black-coffee-kombinezon-dzieciecy-puffer\/#breadcrumb\"},\"inLanguage\":\"pl-PL\",\"potentialAction\":[{\"@type\":\"ReadAction\",\"target\":[\"https:\/\/fluffouterwear.com\/pl\/produkt\/black-coffee-kombinezon-dzieciecy-puffer\/\"]}]},{\"@type\":\"ImageObject\",\"inLanguage\":\"pl-PL\",\"@id\":\"https:\/\/fluffouterwear.com\/pl\/produkt\/black-coffee-kombinezon-dzieciecy-puffer\/#primaryimage\",\"url\":\"https:\/\/fluffouterwear.com\/wp-content\/uploads\/2023\/12\/dzieciecy-kombinezon-puchowy-puffer-czarny-.jpg3_.jpg\",\"contentUrl\":\"https:\/\/fluffouterwear.com\/wp-content\/uploads\/2023\/12\/dzieciecy-kombinezon-puchowy-puffer-czarny-.jpg3_.jpg\",\"width\":1185,\"height\":1310,\"caption\":\"kombinezon zimowy dzieciecy z kapturem, czarny - prz\u00f3d\"},{\"@type\":\"BreadcrumbList\",\"@id\":\"https:\/\/fluffouterwear.com\/pl\/produkt\/black-coffee-kombinezon-dzieciecy-puffer\/#breadcrumb\",\"itemListElement\":[{\"@type\":\"ListItem\",\"position\":1,\"name\":\"Strona g\u0142\u00f3wna\",\"item\":\"https:\/\/fluffouterwear.com\/pl\/\"},{\"@type\":\"ListItem\",\"position\":2,\"name\":\"Sklep\",\"item\":\"https:\/\/fluffouterwear.com\/pl\/sklep\/\"},{\"@type\":\"ListItem\",\"position\":3,\"name\":\"Black kombinezon dzieci\u0119cy big puffer\"}]},{\"@type\":\"WebSite\",\"@id\":\"https:\/\/fluffouterwear.com\/pl\/#website\",\"url\":\"https:\/\/fluffouterwear.com\/pl\/\",\"name\":\"Fluff\",\"description\":\"\",\"potentialAction\":[{\"@type\":\"SearchAction\",\"target\":{\"@type\":\"EntryPoint\",\"urlTemplate\":\"https:\/\/fluffouterwear.com\/pl\/?s={search_term_string}\"},\"query-input\":{\"@type\":\"PropertyValueSpecification\",\"valueRequired\":true,\"valueName\":\"search_term_string\"}}],\"inLanguage\":\"pl-PL\"}]}<\/script>\n<!-- \/ Yoast SEO plugin. -->","yoast_head_json":{"title":"Black kombinezon dzieci\u0119cy big puffer - Fluff","description":"Zimowy kombinezon puchowy dla dzieci, wype\u0142niony naturalnym puchem. 90% puch, 10% pierze. Kombinezon z kapturem i zapi\u0119tkami. Wyprodukowano w Polsce.","robots":{"index":"index","follow":"follow","max-snippet":"max-snippet:-1","max-image-preview":"max-image-preview:large","max-video-preview":"max-video-preview:-1"},"canonical":"https:\/\/fluffouterwear.com\/pl\/produkt\/black-coffee-kombinezon-dzieciecy-puffer\/","og_locale":"pl_PL","og_type":"article","og_title":"Black kombinezon dzieci\u0119cy big puffer - Fluff","og_description":"Zimowy kombinezon puchowy dla dzieci, wype\u0142niony naturalnym puchem. 90% puch, 10% pierze. Kombinezon z kapturem i zapi\u0119tkami. Wyprodukowano w Polsce.","og_url":"https:\/\/fluffouterwear.com\/pl\/produkt\/black-coffee-kombinezon-dzieciecy-puffer\/","og_site_name":"Fluff","article_modified_time":"2026-02-18T20:07:07+00:00","og_image":[{"width":1185,"height":1310,"url":"https:\/\/fluffouterwear.com\/wp-content\/uploads\/2023\/12\/dzieciecy-kombinezon-puchowy-puffer-czarny-.jpg3_.jpg","type":"image\/jpeg"}],"twitter_card":"summary_large_image","twitter_misc":{"Szacowany czas czytania":"1 minuta"},"schema":{"@context":"https:\/\/schema.org","@graph":[{"@type":"WebPage","@id":"https:\/\/fluffouterwear.com\/pl\/produkt\/black-coffee-kombinezon-dzieciecy-puffer\/","url":"https:\/\/fluffouterwear.com\/pl\/produkt\/black-coffee-kombinezon-dzieciecy-puffer\/","name":"Black kombinezon dzieci\u0119cy big puffer - Fluff","isPartOf":{"@id":"https:\/\/fluffouterwear.com\/pl\/#website"},"primaryImageOfPage":{"@id":"https:\/\/fluffouterwear.com\/pl\/produkt\/black-coffee-kombinezon-dzieciecy-puffer\/#primaryimage"},"image":{"@id":"https:\/\/fluffouterwear.com\/pl\/produkt\/black-coffee-kombinezon-dzieciecy-puffer\/#primaryimage"},"thumbnailUrl":"https:\/\/fluffouterwear.com\/wp-content\/uploads\/2023\/12\/dzieciecy-kombinezon-puchowy-puffer-czarny-.jpg3_.jpg","datePublished":"2023-12-18T16:34:03+00:00","dateModified":"2026-02-18T20:07:07+00:00","description":"Zimowy kombinezon puchowy dla dzieci, wype\u0142niony naturalnym puchem. 90% puch, 10% pierze. Kombinezon z kapturem i zapi\u0119tkami. Wyprodukowano w Polsce.","breadcrumb":{"@id":"https:\/\/fluffouterwear.com\/pl\/produkt\/black-coffee-kombinezon-dzieciecy-puffer\/#breadcrumb"},"inLanguage":"pl-PL","potentialAction":[{"@type":"ReadAction","target":["https:\/\/fluffouterwear.com\/pl\/produkt\/black-coffee-kombinezon-dzieciecy-puffer\/"]}]},{"@type":"ImageObject","inLanguage":"pl-PL","@id":"https:\/\/fluffouterwear.com\/pl\/produkt\/black-coffee-kombinezon-dzieciecy-puffer\/#primaryimage","url":"https:\/\/fluffouterwear.com\/wp-content\/uploads\/2023\/12\/dzieciecy-kombinezon-puchowy-puffer-czarny-.jpg3_.jpg","contentUrl":"https:\/\/fluffouterwear.com\/wp-content\/uploads\/2023\/12\/dzieciecy-kombinezon-puchowy-puffer-czarny-.jpg3_.jpg","width":1185,"height":1310,"caption":"kombinezon zimowy dzieciecy z kapturem, czarny - prz\u00f3d"},{"@type":"BreadcrumbList","@id":"https:\/\/fluffouterwear.com\/pl\/produkt\/black-coffee-kombinezon-dzieciecy-puffer\/#breadcrumb","itemListElement":[{"@type":"ListItem","position":1,"name":"Strona g\u0142\u00f3wna","item":"https:\/\/fluffouterwear.com\/pl\/"},{"@type":"ListItem","position":2,"name":"Sklep","item":"https:\/\/fluffouterwear.com\/pl\/sklep\/"},{"@type":"ListItem","position":3,"name":"Black kombinezon dzieci\u0119cy big puffer"}]},{"@type":"WebSite","@id":"https:\/\/fluffouterwear.com\/pl\/#website","url":"https:\/\/fluffouterwear.com\/pl\/","name":"Fluff","description":"","potentialAction":[{"@type":"SearchAction","target":{"@type":"EntryPoint","urlTemplate":"https:\/\/fluffouterwear.com\/pl\/?s={search_term_string}"},"query-input":{"@type":"PropertyValueSpecification","valueRequired":true,"valueName":"search_term_string"}}],"inLanguage":"pl-PL"}]}},"_links":{"self":[{"href":"https:\/\/fluffouterwear.com\/pl\/wp-json\/wp\/v2\/product\/85546","targetHints":{"allow":["GET"]}}],"collection":[{"href":"https:\/\/fluffouterwear.com\/pl\/wp-json\/wp\/v2\/product"}],"about":[{"href":"https:\/\/fluffouterwear.com\/pl\/wp-json\/wp\/v2\/types\/product"}],"replies":[{"embeddable":true,"href":"https:\/\/fluffouterwear.com\/pl\/wp-json\/wp\/v2\/comments?post=85546"}],"wp:featuredmedia":[{"embeddable":true,"href":"https:\/\/fluffouterwear.com\/pl\/wp-json\/wp\/v2\/media\/85566"}],"wp:attachment":[{"href":"https:\/\/fluffouterwear.com\/pl\/wp-json\/wp\/v2\/media?parent=85546"}],"wp:term":[{"taxonomy":"product_brand","embeddable":true,"href":"https:\/\/fluffouterwear.com\/pl\/wp-json\/wp\/v2\/product_brand?post=85546"},{"taxonomy":"product_cat","embeddable":true,"href":"https:\/\/fluffouterwear.com\/pl\/wp-json\/wp\/v2\/product_cat?post=85546"},{"taxonomy":"product_tag","embeddable":true,"href":"https:\/\/fluffouterwear.com\/pl\/wp-json\/wp\/v2\/product_tag?post=85546"}],"curies":[{"name":"wp","href":"https:\/\/api.w.org\/{rel}","templated":true}]}}