{"id":88721,"date":"2024-03-07T11:30:17","date_gmt":"2024-03-07T10:30:17","guid":{"rendered":"https:\/\/fluffouterwear.com\/?post_type=product&#038;p=88721"},"modified":"2026-04-03T06:53:28","modified_gmt":"2026-04-03T04:53:28","slug":"kamizelka-boyfriend-lilac","status":"publish","type":"product","link":"https:\/\/fluffouterwear.com\/pl\/produkt\/kamizelka-boyfriend-lilac\/","title":{"rendered":"Kamizelka Boyfriend Lilac"},"content":{"rendered":"<h4><strong>Kamizelka wiosenna o garniturowym kroju<\/strong><\/h4>\n<p><strong>Lekka kamizelka damska<\/strong> o modnym kroju boyfriend vest doda nieco nonszalanckiego uroku ka\u017cdej Twojej stylizacji w okresie przej\u015bciowym. Nazwa nie jest tu przypadkowa. Prosty fason tego zapinanego na napy bezr\u0119kawnika &#8211; bez ko\u0142nierza, z przednimi kieszeniami z patk\u0105 &#8211; zosta\u0142 bowiem jak najbardziej\u00a0 \u201cpo\u017cyczony od ch\u0142opaka\u201d, wyra\u017anie nawi\u0105zuj\u0105c do stylu klasycznych <strong>m\u0119skich kamizelek garniturowych<\/strong>. Ta modna <strong>damska kamizelka<\/strong> stanowi\u0107 b\u0119dzie \u015bwietne uzupe\u0142nienie Twojej garderoby w okresie na styku p\u00f3r roku, kiedy pogoda jest wci\u0105\u017c niepewna i zmienia si\u0119 jak w kalejdoskopie.<\/p>\n<p>Modelka prezentuje rozmiar XS\/S.<\/p>\n","protected":false},"excerpt":{"rendered":"<p><span data-text-color=\"success\">Najni\u017csza cena z ostatnich 30 dni: 659,40 z\u0142<\/span><\/p>\n","protected":false},"featured_media":89455,"comment_status":"open","ping_status":"closed","template":"","meta":{"_acf_changed":false},"product_brand":[],"product_cat":[382,1064],"product_tag":[],"class_list":{"0":"post-88721","1":"product","2":"type-product","3":"status-publish","4":"has-post-thumbnail","6":"product_cat-outlet-pl","7":"product_cat-kobieta-pl","9":"first","10":"outofstock","11":"sale","12":"shipping-taxable","13":"purchasable","14":"product-type-variable"},"acf":[],"yoast_head":"<!-- This site is optimized with the Yoast SEO plugin v27.0 - https:\/\/yoast.com\/product\/yoast-seo-wordpress\/ -->\n<title>Kamizelka Boyfriend Lilac - Fluff<\/title>\n<meta name=\"description\" content=\"Lu\u017any, prosty fason tego zapinanego na napy bezr\u0119kawnika wyra\u017anie nawi\u0105zuje do stylu klasycznych m\u0119skich kamizelek garniturowych.\" \/>\n<meta name=\"robots\" content=\"index, follow, max-snippet:-1, max-image-preview:large, max-video-preview:-1\" \/>\n<link rel=\"canonical\" href=\"https:\/\/fluffouterwear.com\/pl\/produkt\/kamizelka-boyfriend-lilac\/\" \/>\n<meta property=\"og:locale\" content=\"pl_PL\" \/>\n<meta property=\"og:type\" content=\"article\" \/>\n<meta property=\"og:title\" content=\"Kamizelka Boyfriend Lilac - Fluff\" \/>\n<meta property=\"og:description\" content=\"Lu\u017any, prosty fason tego zapinanego na napy bezr\u0119kawnika wyra\u017anie nawi\u0105zuje do stylu klasycznych m\u0119skich kamizelek garniturowych.\" \/>\n<meta property=\"og:url\" content=\"https:\/\/fluffouterwear.com\/pl\/produkt\/kamizelka-boyfriend-lilac\/\" \/>\n<meta property=\"og:site_name\" content=\"Fluff\" \/>\n<meta property=\"article:modified_time\" content=\"2026-04-03T04:53:28+00:00\" \/>\n<meta property=\"og:image\" content=\"https:\/\/fluffouterwear.com\/wp-content\/uploads\/2024\/03\/damska-kamizelka-garniturowa-lilac-1.jpg\" \/>\n\t<meta property=\"og:image:width\" content=\"1185\" \/>\n\t<meta property=\"og:image:height\" content=\"1310\" \/>\n\t<meta property=\"og:image:type\" content=\"image\/jpeg\" \/>\n<meta name=\"twitter:card\" content=\"summary_large_image\" \/>\n<meta name=\"twitter:label1\" content=\"Szacowany czas czytania\" \/>\n\t<meta name=\"twitter:data1\" content=\"1 minuta\" \/>\n<script type=\"application\/ld+json\" class=\"yoast-schema-graph\">{\"@context\":\"https:\/\/schema.org\",\"@graph\":[{\"@type\":\"WebPage\",\"@id\":\"https:\/\/fluffouterwear.com\/pl\/produkt\/kamizelka-boyfriend-lilac\/\",\"url\":\"https:\/\/fluffouterwear.com\/pl\/produkt\/kamizelka-boyfriend-lilac\/\",\"name\":\"Kamizelka Boyfriend Lilac - Fluff\",\"isPartOf\":{\"@id\":\"https:\/\/fluffouterwear.com\/pl\/#website\"},\"primaryImageOfPage\":{\"@id\":\"https:\/\/fluffouterwear.com\/pl\/produkt\/kamizelka-boyfriend-lilac\/#primaryimage\"},\"image\":{\"@id\":\"https:\/\/fluffouterwear.com\/pl\/produkt\/kamizelka-boyfriend-lilac\/#primaryimage\"},\"thumbnailUrl\":\"https:\/\/fluffouterwear.com\/wp-content\/uploads\/2024\/03\/damska-kamizelka-garniturowa-lilac-1.jpg\",\"datePublished\":\"2024-03-07T10:30:17+00:00\",\"dateModified\":\"2026-04-03T04:53:28+00:00\",\"description\":\"Lu\u017any, prosty fason tego zapinanego na napy bezr\u0119kawnika wyra\u017anie nawi\u0105zuje do stylu klasycznych m\u0119skich kamizelek garniturowych.\",\"breadcrumb\":{\"@id\":\"https:\/\/fluffouterwear.com\/pl\/produkt\/kamizelka-boyfriend-lilac\/#breadcrumb\"},\"inLanguage\":\"pl-PL\",\"potentialAction\":[{\"@type\":\"ReadAction\",\"target\":[\"https:\/\/fluffouterwear.com\/pl\/produkt\/kamizelka-boyfriend-lilac\/\"]}]},{\"@type\":\"ImageObject\",\"inLanguage\":\"pl-PL\",\"@id\":\"https:\/\/fluffouterwear.com\/pl\/produkt\/kamizelka-boyfriend-lilac\/#primaryimage\",\"url\":\"https:\/\/fluffouterwear.com\/wp-content\/uploads\/2024\/03\/damska-kamizelka-garniturowa-lilac-1.jpg\",\"contentUrl\":\"https:\/\/fluffouterwear.com\/wp-content\/uploads\/2024\/03\/damska-kamizelka-garniturowa-lilac-1.jpg\",\"width\":1185,\"height\":1310,\"caption\":\"Kamizelka inspirowana kamizelkami garniturowymi; zapinana na 3 napy, posiada patki na kieszeniach zwen\u0119trznych. Dekolt w kszta\u0142cie litery V, wype\u0142niona puchem naturalnym\"},{\"@type\":\"BreadcrumbList\",\"@id\":\"https:\/\/fluffouterwear.com\/pl\/produkt\/kamizelka-boyfriend-lilac\/#breadcrumb\",\"itemListElement\":[{\"@type\":\"ListItem\",\"position\":1,\"name\":\"Strona g\u0142\u00f3wna\",\"item\":\"https:\/\/fluffouterwear.com\/pl\/\"},{\"@type\":\"ListItem\",\"position\":2,\"name\":\"Sklep\",\"item\":\"https:\/\/fluffouterwear.com\/pl\/sklep\/\"},{\"@type\":\"ListItem\",\"position\":3,\"name\":\"Kamizelka Boyfriend Lilac\"}]},{\"@type\":\"WebSite\",\"@id\":\"https:\/\/fluffouterwear.com\/pl\/#website\",\"url\":\"https:\/\/fluffouterwear.com\/pl\/\",\"name\":\"Fluff\",\"description\":\"\",\"potentialAction\":[{\"@type\":\"SearchAction\",\"target\":{\"@type\":\"EntryPoint\",\"urlTemplate\":\"https:\/\/fluffouterwear.com\/pl\/?s={search_term_string}\"},\"query-input\":{\"@type\":\"PropertyValueSpecification\",\"valueRequired\":true,\"valueName\":\"search_term_string\"}}],\"inLanguage\":\"pl-PL\"}]}<\/script>\n<!-- \/ Yoast SEO plugin. -->","yoast_head_json":{"title":"Kamizelka Boyfriend Lilac - Fluff","description":"Lu\u017any, prosty fason tego zapinanego na napy bezr\u0119kawnika wyra\u017anie nawi\u0105zuje do stylu klasycznych m\u0119skich kamizelek garniturowych.","robots":{"index":"index","follow":"follow","max-snippet":"max-snippet:-1","max-image-preview":"max-image-preview:large","max-video-preview":"max-video-preview:-1"},"canonical":"https:\/\/fluffouterwear.com\/pl\/produkt\/kamizelka-boyfriend-lilac\/","og_locale":"pl_PL","og_type":"article","og_title":"Kamizelka Boyfriend Lilac - Fluff","og_description":"Lu\u017any, prosty fason tego zapinanego na napy bezr\u0119kawnika wyra\u017anie nawi\u0105zuje do stylu klasycznych m\u0119skich kamizelek garniturowych.","og_url":"https:\/\/fluffouterwear.com\/pl\/produkt\/kamizelka-boyfriend-lilac\/","og_site_name":"Fluff","article_modified_time":"2026-04-03T04:53:28+00:00","og_image":[{"width":1185,"height":1310,"url":"https:\/\/fluffouterwear.com\/wp-content\/uploads\/2024\/03\/damska-kamizelka-garniturowa-lilac-1.jpg","type":"image\/jpeg"}],"twitter_card":"summary_large_image","twitter_misc":{"Szacowany czas czytania":"1 minuta"},"schema":{"@context":"https:\/\/schema.org","@graph":[{"@type":"WebPage","@id":"https:\/\/fluffouterwear.com\/pl\/produkt\/kamizelka-boyfriend-lilac\/","url":"https:\/\/fluffouterwear.com\/pl\/produkt\/kamizelka-boyfriend-lilac\/","name":"Kamizelka Boyfriend Lilac - Fluff","isPartOf":{"@id":"https:\/\/fluffouterwear.com\/pl\/#website"},"primaryImageOfPage":{"@id":"https:\/\/fluffouterwear.com\/pl\/produkt\/kamizelka-boyfriend-lilac\/#primaryimage"},"image":{"@id":"https:\/\/fluffouterwear.com\/pl\/produkt\/kamizelka-boyfriend-lilac\/#primaryimage"},"thumbnailUrl":"https:\/\/fluffouterwear.com\/wp-content\/uploads\/2024\/03\/damska-kamizelka-garniturowa-lilac-1.jpg","datePublished":"2024-03-07T10:30:17+00:00","dateModified":"2026-04-03T04:53:28+00:00","description":"Lu\u017any, prosty fason tego zapinanego na napy bezr\u0119kawnika wyra\u017anie nawi\u0105zuje do stylu klasycznych m\u0119skich kamizelek garniturowych.","breadcrumb":{"@id":"https:\/\/fluffouterwear.com\/pl\/produkt\/kamizelka-boyfriend-lilac\/#breadcrumb"},"inLanguage":"pl-PL","potentialAction":[{"@type":"ReadAction","target":["https:\/\/fluffouterwear.com\/pl\/produkt\/kamizelka-boyfriend-lilac\/"]}]},{"@type":"ImageObject","inLanguage":"pl-PL","@id":"https:\/\/fluffouterwear.com\/pl\/produkt\/kamizelka-boyfriend-lilac\/#primaryimage","url":"https:\/\/fluffouterwear.com\/wp-content\/uploads\/2024\/03\/damska-kamizelka-garniturowa-lilac-1.jpg","contentUrl":"https:\/\/fluffouterwear.com\/wp-content\/uploads\/2024\/03\/damska-kamizelka-garniturowa-lilac-1.jpg","width":1185,"height":1310,"caption":"Kamizelka inspirowana kamizelkami garniturowymi; zapinana na 3 napy, posiada patki na kieszeniach zwen\u0119trznych. Dekolt w kszta\u0142cie litery V, wype\u0142niona puchem naturalnym"},{"@type":"BreadcrumbList","@id":"https:\/\/fluffouterwear.com\/pl\/produkt\/kamizelka-boyfriend-lilac\/#breadcrumb","itemListElement":[{"@type":"ListItem","position":1,"name":"Strona g\u0142\u00f3wna","item":"https:\/\/fluffouterwear.com\/pl\/"},{"@type":"ListItem","position":2,"name":"Sklep","item":"https:\/\/fluffouterwear.com\/pl\/sklep\/"},{"@type":"ListItem","position":3,"name":"Kamizelka Boyfriend Lilac"}]},{"@type":"WebSite","@id":"https:\/\/fluffouterwear.com\/pl\/#website","url":"https:\/\/fluffouterwear.com\/pl\/","name":"Fluff","description":"","potentialAction":[{"@type":"SearchAction","target":{"@type":"EntryPoint","urlTemplate":"https:\/\/fluffouterwear.com\/pl\/?s={search_term_string}"},"query-input":{"@type":"PropertyValueSpecification","valueRequired":true,"valueName":"search_term_string"}}],"inLanguage":"pl-PL"}]}},"_links":{"self":[{"href":"https:\/\/fluffouterwear.com\/pl\/wp-json\/wp\/v2\/product\/88721","targetHints":{"allow":["GET"]}}],"collection":[{"href":"https:\/\/fluffouterwear.com\/pl\/wp-json\/wp\/v2\/product"}],"about":[{"href":"https:\/\/fluffouterwear.com\/pl\/wp-json\/wp\/v2\/types\/product"}],"replies":[{"embeddable":true,"href":"https:\/\/fluffouterwear.com\/pl\/wp-json\/wp\/v2\/comments?post=88721"}],"wp:featuredmedia":[{"embeddable":true,"href":"https:\/\/fluffouterwear.com\/pl\/wp-json\/wp\/v2\/media\/89455"}],"wp:attachment":[{"href":"https:\/\/fluffouterwear.com\/pl\/wp-json\/wp\/v2\/media?parent=88721"}],"wp:term":[{"taxonomy":"product_brand","embeddable":true,"href":"https:\/\/fluffouterwear.com\/pl\/wp-json\/wp\/v2\/product_brand?post=88721"},{"taxonomy":"product_cat","embeddable":true,"href":"https:\/\/fluffouterwear.com\/pl\/wp-json\/wp\/v2\/product_cat?post=88721"},{"taxonomy":"product_tag","embeddable":true,"href":"https:\/\/fluffouterwear.com\/pl\/wp-json\/wp\/v2\/product_tag?post=88721"}],"curies":[{"name":"wp","href":"https:\/\/api.w.org\/{rel}","templated":true}]}}