{"id":89102,"date":"2024-03-05T15:00:02","date_gmt":"2024-03-05T14:00:02","guid":{"rendered":"https:\/\/fluffouterwear.com\/?post_type=product&#038;p=89102"},"modified":"2026-04-13T11:04:28","modified_gmt":"2026-04-13T09:04:28","slug":"lekka-kurtka-basic-black","status":"publish","type":"product","link":"https:\/\/fluffouterwear.com\/pl\/produkt\/lekka-kurtka-basic-black\/","title":{"rendered":"Lekka kurtka Basic Black"},"content":{"rendered":"<p><strong>Puchowa, lekka kurtka<\/strong>, wype\u0142niona naturalnym, antyalergicznym puchem g\u0119sim, zaprojektowana z my\u015bl\u0105 o dzieciach, posiada wygodny kaptur i praktyczne kieszenie i idealnie nadaje si\u0119 na przygody na \u015bwie\u017cym powietrzu, dni na pla\u017cy, w\u0119dr\u00f3wki lub wycieczki po mie\u015bcie.<\/p>\n<p>Lekkie wype\u0142nienie gwarantuje ca\u0142odniowy komfort, pozwalaj\u0105c maluchom czu\u0107 si\u0119 wygodnie i swobodnie podczas zabaw na zewn\u0105trz. Dodatkowo, mo\u017cliwo\u015b\u0107 prania w pralce u\u0142atwia piel\u0119gnacj\u0119, zapewniaj\u0105c trwa\u0142e u\u017cytkowanie. To l<strong>ekka, funkcjonalna kurtka<\/strong>, idealn\u0105 na ka\u017cd\u0105 przygod\u0119.<\/p>\n<p>Produkty lekkie z serii Ultralight dedykowane s\u0105 na temperatury +5 st. C.<\/p>\n","protected":false},"excerpt":{"rendered":"<p>Puchowa, lekka kurtka, wype\u0142niona naturalnym, antyalergicznym puchem g\u0119sim, zaprojektowana z my\u015bl\u0105 o dzieciach, posiada wygodny kaptur i praktyczne kieszenie i idealnie nadaje si\u0119 na przygody na \u015bwie\u017cym powietrzu, dni na pla\u017cy, w\u0119dr\u00f3wki lub wycieczki po mie\u015bcie. Lekkie wype\u0142nienie gwarantuje ca\u0142odniowy komfort, pozwalaj\u0105c maluchom czu\u0107 si\u0119 wygodnie i swobodnie podczas zabaw na zewn\u0105trz. Dodatkowo, mo\u017cliwo\u015b\u0107 prania [&#8230;]\n","protected":false},"featured_media":102249,"comment_status":"open","ping_status":"closed","template":"","meta":{"_acf_changed":false},"product_brand":[],"product_cat":[303,1049],"product_tag":[832,1722],"class_list":{"0":"post-89102","1":"product","2":"type-product","3":"status-publish","4":"has-post-thumbnail","6":"product_cat-chlopiec-i-dziewczynka","7":"product_cat-wiosna","8":"product_tag-spring-pl","9":"product_tag-ss26","11":"first","12":"instock","13":"sale","14":"shipping-taxable","15":"purchasable","16":"product-type-variable"},"acf":[],"yoast_head":"<!-- This site is optimized with the Yoast SEO plugin v27.0 - https:\/\/yoast.com\/product\/yoast-seo-wordpress\/ -->\n<title>Lekka kurtka Basic Black - Fluff<\/title>\n<meta name=\"description\" content=\"Wygodna i lekka kurtka przej\u015bciowa. Zapewni ciep\u0142o i komfort, dzi\u0119ki 100% naturalnemu wype\u0142nieniu z puchu g\u0119siego. Rekomendowane na temperatury od +5 st. C.\" \/>\n<meta name=\"robots\" content=\"index, follow, max-snippet:-1, max-image-preview:large, max-video-preview:-1\" \/>\n<link rel=\"canonical\" href=\"https:\/\/fluffouterwear.com\/pl\/produkt\/lekka-kurtka-basic-black\/\" \/>\n<meta property=\"og:locale\" content=\"pl_PL\" \/>\n<meta property=\"og:type\" content=\"article\" \/>\n<meta property=\"og:title\" content=\"Lekka kurtka Basic Black - Fluff\" \/>\n<meta property=\"og:description\" content=\"Wygodna i lekka kurtka przej\u015bciowa. Zapewni ciep\u0142o i komfort, dzi\u0119ki 100% naturalnemu wype\u0142nieniu z puchu g\u0119siego. Rekomendowane na temperatury od +5 st. C.\" \/>\n<meta property=\"og:url\" content=\"https:\/\/fluffouterwear.com\/pl\/produkt\/lekka-kurtka-basic-black\/\" \/>\n<meta property=\"og:site_name\" content=\"Fluff\" \/>\n<meta property=\"article:modified_time\" content=\"2026-04-13T09:04:28+00:00\" \/>\n<meta property=\"og:image\" content=\"https:\/\/fluffouterwear.com\/wp-content\/uploads\/2025\/03\/basic-light-jacket-black-3.jpg\" \/>\n\t<meta property=\"og:image:width\" content=\"873\" \/>\n\t<meta property=\"og:image:height\" content=\"1310\" \/>\n\t<meta property=\"og:image:type\" content=\"image\/jpeg\" \/>\n<meta name=\"twitter:card\" content=\"summary_large_image\" \/>\n<meta name=\"twitter:label1\" content=\"Szacowany czas czytania\" \/>\n\t<meta name=\"twitter:data1\" content=\"1 minuta\" \/>\n<script type=\"application\/ld+json\" class=\"yoast-schema-graph\">{\"@context\":\"https:\/\/schema.org\",\"@graph\":[{\"@type\":\"WebPage\",\"@id\":\"https:\/\/fluffouterwear.com\/pl\/produkt\/lekka-kurtka-basic-black\/\",\"url\":\"https:\/\/fluffouterwear.com\/pl\/produkt\/lekka-kurtka-basic-black\/\",\"name\":\"Lekka kurtka Basic Black - Fluff\",\"isPartOf\":{\"@id\":\"https:\/\/fluffouterwear.com\/pl\/#website\"},\"primaryImageOfPage\":{\"@id\":\"https:\/\/fluffouterwear.com\/pl\/produkt\/lekka-kurtka-basic-black\/#primaryimage\"},\"image\":{\"@id\":\"https:\/\/fluffouterwear.com\/pl\/produkt\/lekka-kurtka-basic-black\/#primaryimage\"},\"thumbnailUrl\":\"https:\/\/fluffouterwear.com\/wp-content\/uploads\/2025\/03\/basic-light-jacket-black-3.jpg\",\"datePublished\":\"2024-03-05T14:00:02+00:00\",\"dateModified\":\"2026-04-13T09:04:28+00:00\",\"description\":\"Wygodna i lekka kurtka przej\u015bciowa. Zapewni ciep\u0142o i komfort, dzi\u0119ki 100% naturalnemu wype\u0142nieniu z puchu g\u0119siego. Rekomendowane na temperatury od +5 st. C.\",\"breadcrumb\":{\"@id\":\"https:\/\/fluffouterwear.com\/pl\/produkt\/lekka-kurtka-basic-black\/#breadcrumb\"},\"inLanguage\":\"pl-PL\",\"potentialAction\":[{\"@type\":\"ReadAction\",\"target\":[\"https:\/\/fluffouterwear.com\/pl\/produkt\/lekka-kurtka-basic-black\/\"]}]},{\"@type\":\"ImageObject\",\"inLanguage\":\"pl-PL\",\"@id\":\"https:\/\/fluffouterwear.com\/pl\/produkt\/lekka-kurtka-basic-black\/#primaryimage\",\"url\":\"https:\/\/fluffouterwear.com\/wp-content\/uploads\/2025\/03\/basic-light-jacket-black-3.jpg\",\"contentUrl\":\"https:\/\/fluffouterwear.com\/wp-content\/uploads\/2025\/03\/basic-light-jacket-black-3.jpg\",\"width\":873,\"height\":1310,\"caption\":\"Light down jacket for kids, with hood and zipper, two pockets, black\"},{\"@type\":\"BreadcrumbList\",\"@id\":\"https:\/\/fluffouterwear.com\/pl\/produkt\/lekka-kurtka-basic-black\/#breadcrumb\",\"itemListElement\":[{\"@type\":\"ListItem\",\"position\":1,\"name\":\"Strona g\u0142\u00f3wna\",\"item\":\"https:\/\/fluffouterwear.com\/pl\/\"},{\"@type\":\"ListItem\",\"position\":2,\"name\":\"Sklep\",\"item\":\"https:\/\/fluffouterwear.com\/pl\/sklep\/\"},{\"@type\":\"ListItem\",\"position\":3,\"name\":\"Lekka kurtka Basic Black\"}]},{\"@type\":\"WebSite\",\"@id\":\"https:\/\/fluffouterwear.com\/pl\/#website\",\"url\":\"https:\/\/fluffouterwear.com\/pl\/\",\"name\":\"Fluff\",\"description\":\"\",\"potentialAction\":[{\"@type\":\"SearchAction\",\"target\":{\"@type\":\"EntryPoint\",\"urlTemplate\":\"https:\/\/fluffouterwear.com\/pl\/?s={search_term_string}\"},\"query-input\":{\"@type\":\"PropertyValueSpecification\",\"valueRequired\":true,\"valueName\":\"search_term_string\"}}],\"inLanguage\":\"pl-PL\"}]}<\/script>\n<!-- \/ Yoast SEO plugin. -->","yoast_head_json":{"title":"Lekka kurtka Basic Black - Fluff","description":"Wygodna i lekka kurtka przej\u015bciowa. Zapewni ciep\u0142o i komfort, dzi\u0119ki 100% naturalnemu wype\u0142nieniu z puchu g\u0119siego. Rekomendowane na temperatury od +5 st. C.","robots":{"index":"index","follow":"follow","max-snippet":"max-snippet:-1","max-image-preview":"max-image-preview:large","max-video-preview":"max-video-preview:-1"},"canonical":"https:\/\/fluffouterwear.com\/pl\/produkt\/lekka-kurtka-basic-black\/","og_locale":"pl_PL","og_type":"article","og_title":"Lekka kurtka Basic Black - Fluff","og_description":"Wygodna i lekka kurtka przej\u015bciowa. Zapewni ciep\u0142o i komfort, dzi\u0119ki 100% naturalnemu wype\u0142nieniu z puchu g\u0119siego. Rekomendowane na temperatury od +5 st. C.","og_url":"https:\/\/fluffouterwear.com\/pl\/produkt\/lekka-kurtka-basic-black\/","og_site_name":"Fluff","article_modified_time":"2026-04-13T09:04:28+00:00","og_image":[{"width":873,"height":1310,"url":"https:\/\/fluffouterwear.com\/wp-content\/uploads\/2025\/03\/basic-light-jacket-black-3.jpg","type":"image\/jpeg"}],"twitter_card":"summary_large_image","twitter_misc":{"Szacowany czas czytania":"1 minuta"},"schema":{"@context":"https:\/\/schema.org","@graph":[{"@type":"WebPage","@id":"https:\/\/fluffouterwear.com\/pl\/produkt\/lekka-kurtka-basic-black\/","url":"https:\/\/fluffouterwear.com\/pl\/produkt\/lekka-kurtka-basic-black\/","name":"Lekka kurtka Basic Black - Fluff","isPartOf":{"@id":"https:\/\/fluffouterwear.com\/pl\/#website"},"primaryImageOfPage":{"@id":"https:\/\/fluffouterwear.com\/pl\/produkt\/lekka-kurtka-basic-black\/#primaryimage"},"image":{"@id":"https:\/\/fluffouterwear.com\/pl\/produkt\/lekka-kurtka-basic-black\/#primaryimage"},"thumbnailUrl":"https:\/\/fluffouterwear.com\/wp-content\/uploads\/2025\/03\/basic-light-jacket-black-3.jpg","datePublished":"2024-03-05T14:00:02+00:00","dateModified":"2026-04-13T09:04:28+00:00","description":"Wygodna i lekka kurtka przej\u015bciowa. Zapewni ciep\u0142o i komfort, dzi\u0119ki 100% naturalnemu wype\u0142nieniu z puchu g\u0119siego. Rekomendowane na temperatury od +5 st. C.","breadcrumb":{"@id":"https:\/\/fluffouterwear.com\/pl\/produkt\/lekka-kurtka-basic-black\/#breadcrumb"},"inLanguage":"pl-PL","potentialAction":[{"@type":"ReadAction","target":["https:\/\/fluffouterwear.com\/pl\/produkt\/lekka-kurtka-basic-black\/"]}]},{"@type":"ImageObject","inLanguage":"pl-PL","@id":"https:\/\/fluffouterwear.com\/pl\/produkt\/lekka-kurtka-basic-black\/#primaryimage","url":"https:\/\/fluffouterwear.com\/wp-content\/uploads\/2025\/03\/basic-light-jacket-black-3.jpg","contentUrl":"https:\/\/fluffouterwear.com\/wp-content\/uploads\/2025\/03\/basic-light-jacket-black-3.jpg","width":873,"height":1310,"caption":"Light down jacket for kids, with hood and zipper, two pockets, black"},{"@type":"BreadcrumbList","@id":"https:\/\/fluffouterwear.com\/pl\/produkt\/lekka-kurtka-basic-black\/#breadcrumb","itemListElement":[{"@type":"ListItem","position":1,"name":"Strona g\u0142\u00f3wna","item":"https:\/\/fluffouterwear.com\/pl\/"},{"@type":"ListItem","position":2,"name":"Sklep","item":"https:\/\/fluffouterwear.com\/pl\/sklep\/"},{"@type":"ListItem","position":3,"name":"Lekka kurtka Basic Black"}]},{"@type":"WebSite","@id":"https:\/\/fluffouterwear.com\/pl\/#website","url":"https:\/\/fluffouterwear.com\/pl\/","name":"Fluff","description":"","potentialAction":[{"@type":"SearchAction","target":{"@type":"EntryPoint","urlTemplate":"https:\/\/fluffouterwear.com\/pl\/?s={search_term_string}"},"query-input":{"@type":"PropertyValueSpecification","valueRequired":true,"valueName":"search_term_string"}}],"inLanguage":"pl-PL"}]}},"_links":{"self":[{"href":"https:\/\/fluffouterwear.com\/pl\/wp-json\/wp\/v2\/product\/89102","targetHints":{"allow":["GET"]}}],"collection":[{"href":"https:\/\/fluffouterwear.com\/pl\/wp-json\/wp\/v2\/product"}],"about":[{"href":"https:\/\/fluffouterwear.com\/pl\/wp-json\/wp\/v2\/types\/product"}],"replies":[{"embeddable":true,"href":"https:\/\/fluffouterwear.com\/pl\/wp-json\/wp\/v2\/comments?post=89102"}],"wp:featuredmedia":[{"embeddable":true,"href":"https:\/\/fluffouterwear.com\/pl\/wp-json\/wp\/v2\/media\/102249"}],"wp:attachment":[{"href":"https:\/\/fluffouterwear.com\/pl\/wp-json\/wp\/v2\/media?parent=89102"}],"wp:term":[{"taxonomy":"product_brand","embeddable":true,"href":"https:\/\/fluffouterwear.com\/pl\/wp-json\/wp\/v2\/product_brand?post=89102"},{"taxonomy":"product_cat","embeddable":true,"href":"https:\/\/fluffouterwear.com\/pl\/wp-json\/wp\/v2\/product_cat?post=89102"},{"taxonomy":"product_tag","embeddable":true,"href":"https:\/\/fluffouterwear.com\/pl\/wp-json\/wp\/v2\/product_tag?post=89102"}],"curies":[{"name":"wp","href":"https:\/\/api.w.org\/{rel}","templated":true}]}}