{"id":89220,"date":"2024-03-05T16:03:07","date_gmt":"2024-03-05T15:03:07","guid":{"rendered":"https:\/\/fluffouterwear.com\/?post_type=product&#038;p=89220"},"modified":"2026-02-28T12:29:18","modified_gmt":"2026-02-28T11:29:18","slug":"lekka-kurtka-overshirt-sage","status":"publish","type":"product","link":"https:\/\/fluffouterwear.com\/pl\/produkt\/lekka-kurtka-overshirt-sage\/","title":{"rendered":"Lekka kurtka Overshirt Satin Sage"},"content":{"rendered":"<p><strong>Lekka kurtka puchowa<\/strong> o koszulowym, nieco przed\u0142u\u017conym z ty\u0142u fasonie typu <strong>overshirt<\/strong>, z urocz\u0105 lam\u00f3wk\u0105 w kontrastuj\u0105cym odcieniu z pewno\u015bci\u0105 wprowadzi do szafy Twojej pociechy powiew \u015bwie\u017co\u015bci i zapewni mu pe\u0142n\u0105 swobod\u0119 podczas zabaw na dworze wiosn\u0105 i jesieni\u0105.<\/p>\n<p>To <strong>puch\u00f3wka o przej\u015bciowym charakterze<\/strong>, stworzona z my\u015bl\u0105 o temperaturach od +5 stopni. Z powodzeniem wi\u0119c mo\u017cna nosi\u0107 j\u0105 zar\u00f3wno wiosn\u0105 i jesieni\u0105, a nawet w ch\u0142odniejsze letnie dni. Wygodne zapi\u0119cie na napy oraz dwie pojemne zewn\u0119trzne kieszenie na niezb\u0119dne drobiazgi czyni\u0105 z tej koszulowej kurtki idealne okrycie na d\u0142ugie spacery i d\u0142ugo wyczekiwane aktywno\u015bci na \u015bwie\u017cym powietrzu.<\/p>\n","protected":false},"excerpt":{"rendered":"<p>Lekka kurtka puchowa o koszulowym, nieco przed\u0142u\u017conym z ty\u0142u fasonie typu overshirt, z urocz\u0105 lam\u00f3wk\u0105 w kontrastuj\u0105cym odcieniu z pewno\u015bci\u0105 wprowadzi do szafy Twojej pociechy powiew \u015bwie\u017co\u015bci i zapewni mu pe\u0142n\u0105 swobod\u0119 podczas zabaw na dworze wiosn\u0105 i jesieni\u0105. To puch\u00f3wka o przej\u015bciowym charakterze, stworzona z my\u015bl\u0105 o temperaturach od +5 stopni. Z powodzeniem wi\u0119c [&#8230;]\n","protected":false},"featured_media":90600,"comment_status":"open","ping_status":"closed","template":"","meta":{"_acf_changed":false},"product_brand":[],"product_cat":[303,1049],"product_tag":[],"class_list":{"0":"post-89220","1":"product","2":"type-product","3":"status-publish","4":"has-post-thumbnail","6":"product_cat-chlopiec-i-dziewczynka","7":"product_cat-wiosna","9":"first","10":"instock","11":"sale","12":"shipping-taxable","13":"purchasable","14":"product-type-variable"},"acf":[],"yoast_head":"<!-- This site is optimized with the Yoast SEO plugin v27.0 - https:\/\/yoast.com\/product\/yoast-seo-wordpress\/ -->\n<title>Lekka kurtka Overshirt Satin Sage - Fluff<\/title>\n<meta name=\"description\" content=\"Lekka kurtka puchowa o koszulowym fasonie typu overshirt, z urocz\u0105 lam\u00f3wk\u0105 w kontrastuj\u0105cym odcieniu. To przej\u015bciowa kurtka, idealna od +5 stopni Celsjusza.\" \/>\n<meta name=\"robots\" content=\"index, follow, max-snippet:-1, max-image-preview:large, max-video-preview:-1\" \/>\n<link rel=\"canonical\" href=\"https:\/\/fluffouterwear.com\/pl\/produkt\/lekka-kurtka-overshirt-sage\/\" \/>\n<meta property=\"og:locale\" content=\"pl_PL\" \/>\n<meta property=\"og:type\" content=\"article\" \/>\n<meta property=\"og:title\" content=\"Lekka kurtka Overshirt Satin Sage - Fluff\" \/>\n<meta property=\"og:description\" content=\"Lekka kurtka puchowa o koszulowym fasonie typu overshirt, z urocz\u0105 lam\u00f3wk\u0105 w kontrastuj\u0105cym odcieniu. To przej\u015bciowa kurtka, idealna od +5 stopni Celsjusza.\" \/>\n<meta property=\"og:url\" content=\"https:\/\/fluffouterwear.com\/pl\/produkt\/lekka-kurtka-overshirt-sage\/\" \/>\n<meta property=\"og:site_name\" content=\"Fluff\" \/>\n<meta property=\"article:modified_time\" content=\"2026-02-28T11:29:18+00:00\" \/>\n<meta property=\"og:image\" content=\"https:\/\/fluffouterwear.com\/wp-content\/uploads\/2024\/03\/overshirt-jacket-sage-5.jpg\" \/>\n\t<meta property=\"og:image:width\" content=\"873\" \/>\n\t<meta property=\"og:image:height\" content=\"1310\" \/>\n\t<meta property=\"og:image:type\" content=\"image\/jpeg\" \/>\n<meta name=\"twitter:card\" content=\"summary_large_image\" \/>\n<meta name=\"twitter:label1\" content=\"Szacowany czas czytania\" \/>\n\t<meta name=\"twitter:data1\" content=\"1 minuta\" \/>\n<script type=\"application\/ld+json\" class=\"yoast-schema-graph\">{\"@context\":\"https:\/\/schema.org\",\"@graph\":[{\"@type\":\"WebPage\",\"@id\":\"https:\/\/fluffouterwear.com\/pl\/produkt\/lekka-kurtka-overshirt-sage\/\",\"url\":\"https:\/\/fluffouterwear.com\/pl\/produkt\/lekka-kurtka-overshirt-sage\/\",\"name\":\"Lekka kurtka Overshirt Satin Sage - Fluff\",\"isPartOf\":{\"@id\":\"https:\/\/fluffouterwear.com\/pl\/#website\"},\"primaryImageOfPage\":{\"@id\":\"https:\/\/fluffouterwear.com\/pl\/produkt\/lekka-kurtka-overshirt-sage\/#primaryimage\"},\"image\":{\"@id\":\"https:\/\/fluffouterwear.com\/pl\/produkt\/lekka-kurtka-overshirt-sage\/#primaryimage\"},\"thumbnailUrl\":\"https:\/\/fluffouterwear.com\/wp-content\/uploads\/2024\/03\/overshirt-jacket-sage-5.jpg\",\"datePublished\":\"2024-03-05T15:03:07+00:00\",\"dateModified\":\"2026-02-28T11:29:18+00:00\",\"description\":\"Lekka kurtka puchowa o koszulowym fasonie typu overshirt, z urocz\u0105 lam\u00f3wk\u0105 w kontrastuj\u0105cym odcieniu. To przej\u015bciowa kurtka, idealna od +5 stopni Celsjusza.\",\"breadcrumb\":{\"@id\":\"https:\/\/fluffouterwear.com\/pl\/produkt\/lekka-kurtka-overshirt-sage\/#breadcrumb\"},\"inLanguage\":\"pl-PL\",\"potentialAction\":[{\"@type\":\"ReadAction\",\"target\":[\"https:\/\/fluffouterwear.com\/pl\/produkt\/lekka-kurtka-overshirt-sage\/\"]}]},{\"@type\":\"ImageObject\",\"inLanguage\":\"pl-PL\",\"@id\":\"https:\/\/fluffouterwear.com\/pl\/produkt\/lekka-kurtka-overshirt-sage\/#primaryimage\",\"url\":\"https:\/\/fluffouterwear.com\/wp-content\/uploads\/2024\/03\/overshirt-jacket-sage-5.jpg\",\"contentUrl\":\"https:\/\/fluffouterwear.com\/wp-content\/uploads\/2024\/03\/overshirt-jacket-sage-5.jpg\",\"width\":873,\"height\":1310,\"caption\":\"Dziecieca, lekka kurtka przej\u015bciowa, puchowa, o kroju Overshirt, pastelowy zielony, z kieszeniami, zapinana na napy\"},{\"@type\":\"BreadcrumbList\",\"@id\":\"https:\/\/fluffouterwear.com\/pl\/produkt\/lekka-kurtka-overshirt-sage\/#breadcrumb\",\"itemListElement\":[{\"@type\":\"ListItem\",\"position\":1,\"name\":\"Strona g\u0142\u00f3wna\",\"item\":\"https:\/\/fluffouterwear.com\/pl\/\"},{\"@type\":\"ListItem\",\"position\":2,\"name\":\"Sklep\",\"item\":\"https:\/\/fluffouterwear.com\/pl\/sklep\/\"},{\"@type\":\"ListItem\",\"position\":3,\"name\":\"Lekka kurtka Overshirt Satin Sage\"}]},{\"@type\":\"WebSite\",\"@id\":\"https:\/\/fluffouterwear.com\/pl\/#website\",\"url\":\"https:\/\/fluffouterwear.com\/pl\/\",\"name\":\"Fluff\",\"description\":\"\",\"potentialAction\":[{\"@type\":\"SearchAction\",\"target\":{\"@type\":\"EntryPoint\",\"urlTemplate\":\"https:\/\/fluffouterwear.com\/pl\/?s={search_term_string}\"},\"query-input\":{\"@type\":\"PropertyValueSpecification\",\"valueRequired\":true,\"valueName\":\"search_term_string\"}}],\"inLanguage\":\"pl-PL\"}]}<\/script>\n<!-- \/ Yoast SEO plugin. -->","yoast_head_json":{"title":"Lekka kurtka Overshirt Satin Sage - Fluff","description":"Lekka kurtka puchowa o koszulowym fasonie typu overshirt, z urocz\u0105 lam\u00f3wk\u0105 w kontrastuj\u0105cym odcieniu. To przej\u015bciowa kurtka, idealna od +5 stopni Celsjusza.","robots":{"index":"index","follow":"follow","max-snippet":"max-snippet:-1","max-image-preview":"max-image-preview:large","max-video-preview":"max-video-preview:-1"},"canonical":"https:\/\/fluffouterwear.com\/pl\/produkt\/lekka-kurtka-overshirt-sage\/","og_locale":"pl_PL","og_type":"article","og_title":"Lekka kurtka Overshirt Satin Sage - Fluff","og_description":"Lekka kurtka puchowa o koszulowym fasonie typu overshirt, z urocz\u0105 lam\u00f3wk\u0105 w kontrastuj\u0105cym odcieniu. To przej\u015bciowa kurtka, idealna od +5 stopni Celsjusza.","og_url":"https:\/\/fluffouterwear.com\/pl\/produkt\/lekka-kurtka-overshirt-sage\/","og_site_name":"Fluff","article_modified_time":"2026-02-28T11:29:18+00:00","og_image":[{"width":873,"height":1310,"url":"https:\/\/fluffouterwear.com\/wp-content\/uploads\/2024\/03\/overshirt-jacket-sage-5.jpg","type":"image\/jpeg"}],"twitter_card":"summary_large_image","twitter_misc":{"Szacowany czas czytania":"1 minuta"},"schema":{"@context":"https:\/\/schema.org","@graph":[{"@type":"WebPage","@id":"https:\/\/fluffouterwear.com\/pl\/produkt\/lekka-kurtka-overshirt-sage\/","url":"https:\/\/fluffouterwear.com\/pl\/produkt\/lekka-kurtka-overshirt-sage\/","name":"Lekka kurtka Overshirt Satin Sage - Fluff","isPartOf":{"@id":"https:\/\/fluffouterwear.com\/pl\/#website"},"primaryImageOfPage":{"@id":"https:\/\/fluffouterwear.com\/pl\/produkt\/lekka-kurtka-overshirt-sage\/#primaryimage"},"image":{"@id":"https:\/\/fluffouterwear.com\/pl\/produkt\/lekka-kurtka-overshirt-sage\/#primaryimage"},"thumbnailUrl":"https:\/\/fluffouterwear.com\/wp-content\/uploads\/2024\/03\/overshirt-jacket-sage-5.jpg","datePublished":"2024-03-05T15:03:07+00:00","dateModified":"2026-02-28T11:29:18+00:00","description":"Lekka kurtka puchowa o koszulowym fasonie typu overshirt, z urocz\u0105 lam\u00f3wk\u0105 w kontrastuj\u0105cym odcieniu. To przej\u015bciowa kurtka, idealna od +5 stopni Celsjusza.","breadcrumb":{"@id":"https:\/\/fluffouterwear.com\/pl\/produkt\/lekka-kurtka-overshirt-sage\/#breadcrumb"},"inLanguage":"pl-PL","potentialAction":[{"@type":"ReadAction","target":["https:\/\/fluffouterwear.com\/pl\/produkt\/lekka-kurtka-overshirt-sage\/"]}]},{"@type":"ImageObject","inLanguage":"pl-PL","@id":"https:\/\/fluffouterwear.com\/pl\/produkt\/lekka-kurtka-overshirt-sage\/#primaryimage","url":"https:\/\/fluffouterwear.com\/wp-content\/uploads\/2024\/03\/overshirt-jacket-sage-5.jpg","contentUrl":"https:\/\/fluffouterwear.com\/wp-content\/uploads\/2024\/03\/overshirt-jacket-sage-5.jpg","width":873,"height":1310,"caption":"Dziecieca, lekka kurtka przej\u015bciowa, puchowa, o kroju Overshirt, pastelowy zielony, z kieszeniami, zapinana na napy"},{"@type":"BreadcrumbList","@id":"https:\/\/fluffouterwear.com\/pl\/produkt\/lekka-kurtka-overshirt-sage\/#breadcrumb","itemListElement":[{"@type":"ListItem","position":1,"name":"Strona g\u0142\u00f3wna","item":"https:\/\/fluffouterwear.com\/pl\/"},{"@type":"ListItem","position":2,"name":"Sklep","item":"https:\/\/fluffouterwear.com\/pl\/sklep\/"},{"@type":"ListItem","position":3,"name":"Lekka kurtka Overshirt Satin Sage"}]},{"@type":"WebSite","@id":"https:\/\/fluffouterwear.com\/pl\/#website","url":"https:\/\/fluffouterwear.com\/pl\/","name":"Fluff","description":"","potentialAction":[{"@type":"SearchAction","target":{"@type":"EntryPoint","urlTemplate":"https:\/\/fluffouterwear.com\/pl\/?s={search_term_string}"},"query-input":{"@type":"PropertyValueSpecification","valueRequired":true,"valueName":"search_term_string"}}],"inLanguage":"pl-PL"}]}},"_links":{"self":[{"href":"https:\/\/fluffouterwear.com\/pl\/wp-json\/wp\/v2\/product\/89220","targetHints":{"allow":["GET"]}}],"collection":[{"href":"https:\/\/fluffouterwear.com\/pl\/wp-json\/wp\/v2\/product"}],"about":[{"href":"https:\/\/fluffouterwear.com\/pl\/wp-json\/wp\/v2\/types\/product"}],"replies":[{"embeddable":true,"href":"https:\/\/fluffouterwear.com\/pl\/wp-json\/wp\/v2\/comments?post=89220"}],"wp:featuredmedia":[{"embeddable":true,"href":"https:\/\/fluffouterwear.com\/pl\/wp-json\/wp\/v2\/media\/90600"}],"wp:attachment":[{"href":"https:\/\/fluffouterwear.com\/pl\/wp-json\/wp\/v2\/media?parent=89220"}],"wp:term":[{"taxonomy":"product_brand","embeddable":true,"href":"https:\/\/fluffouterwear.com\/pl\/wp-json\/wp\/v2\/product_brand?post=89220"},{"taxonomy":"product_cat","embeddable":true,"href":"https:\/\/fluffouterwear.com\/pl\/wp-json\/wp\/v2\/product_cat?post=89220"},{"taxonomy":"product_tag","embeddable":true,"href":"https:\/\/fluffouterwear.com\/pl\/wp-json\/wp\/v2\/product_tag?post=89220"}],"curies":[{"name":"wp","href":"https:\/\/api.w.org\/{rel}","templated":true}]}}