{"id":89846,"date":"2024-03-07T12:41:24","date_gmt":"2024-03-07T11:41:24","guid":{"rendered":"https:\/\/fluffouterwear.com\/?post_type=product&#038;p=89846"},"modified":"2026-04-10T14:17:19","modified_gmt":"2026-04-10T12:17:19","slug":"meska-kamizelka-black","status":"publish","type":"product","link":"https:\/\/fluffouterwear.com\/pl\/produkt\/meska-kamizelka-black\/","title":{"rendered":"M\u0119ski bezr\u0119kawnik Black"},"content":{"rendered":"<h4><strong>Puchowy bezr\u0119kawnik pikowany<\/strong><\/h4>\n<p><strong>Ultralekka puchowa kamizelka m\u0119ska<\/strong> szybko stanie si\u0119 jednym z Twoich ulubionych dodatk\u00f3w, je\u015bli cenisz sobie wielofunkcyjne, praktyczne i wielosezonowe cz\u0119\u015bci garderoby, kt\u00f3re pasuj\u0105 niemal do wszystkiego.<\/p>\n<p>Ten lekki i uniwersalny <strong>bezr\u0119kawnik<\/strong> o prostym, klasycznym kroju oka\u017ce si\u0119 niezast\u0105piony nie tylko w ch\u0142odne i wietrzne dni od wiosny do jesieni. Ze wzgl\u0119du na sw\u00f3j kompaktowy charakter m\u0119ski puchowy bezr\u0119kawnik nie zawiedzie Ci\u0119 tak\u017ce w podr\u00f3\u017cy &#8211; nie zajmuje du\u017co miejsca, wi\u0119c bez problemu spakujesz go nawet do niewielkiego plecaka czy walizki.<\/p>\n<p>Model prezentuje rozmiar L.<\/p>\n","protected":false},"excerpt":{"rendered":"<p>Puchowy bezr\u0119kawnik pikowany Ultralekka puchowa kamizelka m\u0119ska szybko stanie si\u0119 jednym z Twoich ulubionych dodatk\u00f3w, je\u015bli cenisz sobie wielofunkcyjne, praktyczne i wielosezonowe cz\u0119\u015bci garderoby, kt\u00f3re pasuj\u0105 niemal do wszystkiego. Ten lekki i uniwersalny bezr\u0119kawnik o prostym, klasycznym kroju oka\u017ce si\u0119 niezast\u0105piony nie tylko w ch\u0142odne i wietrzne dni od wiosny do jesieni. Ze wzgl\u0119du na [&#8230;]\n","protected":false},"featured_media":89591,"comment_status":"open","ping_status":"closed","template":"","meta":{"_acf_changed":false},"product_brand":[],"product_cat":[304,1057,1402],"product_tag":[1722],"class_list":{"0":"post-89846","1":"product","2":"type-product","3":"status-publish","4":"has-post-thumbnail","6":"product_cat-mezczyzna","7":"product_cat-wiosna-pl-2","8":"product_cat-kamizelki-meskie","9":"product_tag-ss26","11":"first","12":"instock","13":"shipping-taxable","14":"purchasable","15":"product-type-variable"},"acf":[],"yoast_head":"<!-- This site is optimized with the Yoast SEO plugin v27.0 - https:\/\/yoast.com\/product\/yoast-seo-wordpress\/ -->\n<title>M\u0119ski bezr\u0119kawnik Black - Fluff<\/title>\n<meta name=\"description\" content=\"Ultralekka puchowa kamizelka b\u0119dzie ulubionym dodatkiem, je\u015bli cenisz sobie praktyczne i wielosezonowe cz\u0119\u015bci garderoby, kt\u00f3re pasuj\u0105 niemal do wszystkiego.\" \/>\n<meta name=\"robots\" content=\"index, follow, max-snippet:-1, max-image-preview:large, max-video-preview:-1\" \/>\n<link rel=\"canonical\" href=\"https:\/\/fluffouterwear.com\/pl\/produkt\/meska-kamizelka-black\/\" \/>\n<meta property=\"og:locale\" content=\"pl_PL\" \/>\n<meta property=\"og:type\" content=\"article\" \/>\n<meta property=\"og:title\" content=\"M\u0119ski bezr\u0119kawnik Black - Fluff\" \/>\n<meta property=\"og:description\" content=\"Ultralekka puchowa kamizelka b\u0119dzie ulubionym dodatkiem, je\u015bli cenisz sobie praktyczne i wielosezonowe cz\u0119\u015bci garderoby, kt\u00f3re pasuj\u0105 niemal do wszystkiego.\" \/>\n<meta property=\"og:url\" content=\"https:\/\/fluffouterwear.com\/pl\/produkt\/meska-kamizelka-black\/\" \/>\n<meta property=\"og:site_name\" content=\"Fluff\" \/>\n<meta property=\"article:modified_time\" content=\"2026-04-10T12:17:19+00:00\" \/>\n<meta property=\"og:image\" content=\"https:\/\/fluffouterwear.com\/wp-content\/uploads\/2024\/03\/meska-kamizelka-black1.jpg\" \/>\n\t<meta property=\"og:image:width\" content=\"1185\" \/>\n\t<meta property=\"og:image:height\" content=\"1310\" \/>\n\t<meta property=\"og:image:type\" content=\"image\/jpeg\" \/>\n<meta name=\"twitter:card\" content=\"summary_large_image\" \/>\n<meta name=\"twitter:label1\" content=\"Szacowany czas czytania\" \/>\n\t<meta name=\"twitter:data1\" content=\"1 minuta\" \/>\n<script type=\"application\/ld+json\" class=\"yoast-schema-graph\">{\"@context\":\"https:\/\/schema.org\",\"@graph\":[{\"@type\":\"WebPage\",\"@id\":\"https:\/\/fluffouterwear.com\/pl\/produkt\/meska-kamizelka-black\/\",\"url\":\"https:\/\/fluffouterwear.com\/pl\/produkt\/meska-kamizelka-black\/\",\"name\":\"M\u0119ski bezr\u0119kawnik Black - Fluff\",\"isPartOf\":{\"@id\":\"https:\/\/fluffouterwear.com\/pl\/#website\"},\"primaryImageOfPage\":{\"@id\":\"https:\/\/fluffouterwear.com\/pl\/produkt\/meska-kamizelka-black\/#primaryimage\"},\"image\":{\"@id\":\"https:\/\/fluffouterwear.com\/pl\/produkt\/meska-kamizelka-black\/#primaryimage\"},\"thumbnailUrl\":\"https:\/\/fluffouterwear.com\/wp-content\/uploads\/2024\/03\/meska-kamizelka-black1.jpg\",\"datePublished\":\"2024-03-07T11:41:24+00:00\",\"dateModified\":\"2026-04-10T12:17:19+00:00\",\"description\":\"Ultralekka puchowa kamizelka b\u0119dzie ulubionym dodatkiem, je\u015bli cenisz sobie praktyczne i wielosezonowe cz\u0119\u015bci garderoby, kt\u00f3re pasuj\u0105 niemal do wszystkiego.\",\"breadcrumb\":{\"@id\":\"https:\/\/fluffouterwear.com\/pl\/produkt\/meska-kamizelka-black\/#breadcrumb\"},\"inLanguage\":\"pl-PL\",\"potentialAction\":[{\"@type\":\"ReadAction\",\"target\":[\"https:\/\/fluffouterwear.com\/pl\/produkt\/meska-kamizelka-black\/\"]}]},{\"@type\":\"ImageObject\",\"inLanguage\":\"pl-PL\",\"@id\":\"https:\/\/fluffouterwear.com\/pl\/produkt\/meska-kamizelka-black\/#primaryimage\",\"url\":\"https:\/\/fluffouterwear.com\/wp-content\/uploads\/2024\/03\/meska-kamizelka-black1.jpg\",\"contentUrl\":\"https:\/\/fluffouterwear.com\/wp-content\/uploads\/2024\/03\/meska-kamizelka-black1.jpg\",\"width\":1185,\"height\":1310,\"caption\":\"Bezr\u0119kawnik meski z wype\u0142nieniem z puchu g\u0119siego, Pikowana kamizelka, bez kaptura. Dwie kieszenie zewn\u0119trzne, kompaktowy fason.\"},{\"@type\":\"BreadcrumbList\",\"@id\":\"https:\/\/fluffouterwear.com\/pl\/produkt\/meska-kamizelka-black\/#breadcrumb\",\"itemListElement\":[{\"@type\":\"ListItem\",\"position\":1,\"name\":\"Strona g\u0142\u00f3wna\",\"item\":\"https:\/\/fluffouterwear.com\/pl\/\"},{\"@type\":\"ListItem\",\"position\":2,\"name\":\"Sklep\",\"item\":\"https:\/\/fluffouterwear.com\/pl\/sklep\/\"},{\"@type\":\"ListItem\",\"position\":3,\"name\":\"M\u0119ski bezr\u0119kawnik Black\"}]},{\"@type\":\"WebSite\",\"@id\":\"https:\/\/fluffouterwear.com\/pl\/#website\",\"url\":\"https:\/\/fluffouterwear.com\/pl\/\",\"name\":\"Fluff\",\"description\":\"\",\"potentialAction\":[{\"@type\":\"SearchAction\",\"target\":{\"@type\":\"EntryPoint\",\"urlTemplate\":\"https:\/\/fluffouterwear.com\/pl\/?s={search_term_string}\"},\"query-input\":{\"@type\":\"PropertyValueSpecification\",\"valueRequired\":true,\"valueName\":\"search_term_string\"}}],\"inLanguage\":\"pl-PL\"}]}<\/script>\n<!-- \/ Yoast SEO plugin. -->","yoast_head_json":{"title":"M\u0119ski bezr\u0119kawnik Black - Fluff","description":"Ultralekka puchowa kamizelka b\u0119dzie ulubionym dodatkiem, je\u015bli cenisz sobie praktyczne i wielosezonowe cz\u0119\u015bci garderoby, kt\u00f3re pasuj\u0105 niemal do wszystkiego.","robots":{"index":"index","follow":"follow","max-snippet":"max-snippet:-1","max-image-preview":"max-image-preview:large","max-video-preview":"max-video-preview:-1"},"canonical":"https:\/\/fluffouterwear.com\/pl\/produkt\/meska-kamizelka-black\/","og_locale":"pl_PL","og_type":"article","og_title":"M\u0119ski bezr\u0119kawnik Black - Fluff","og_description":"Ultralekka puchowa kamizelka b\u0119dzie ulubionym dodatkiem, je\u015bli cenisz sobie praktyczne i wielosezonowe cz\u0119\u015bci garderoby, kt\u00f3re pasuj\u0105 niemal do wszystkiego.","og_url":"https:\/\/fluffouterwear.com\/pl\/produkt\/meska-kamizelka-black\/","og_site_name":"Fluff","article_modified_time":"2026-04-10T12:17:19+00:00","og_image":[{"width":1185,"height":1310,"url":"https:\/\/fluffouterwear.com\/wp-content\/uploads\/2024\/03\/meska-kamizelka-black1.jpg","type":"image\/jpeg"}],"twitter_card":"summary_large_image","twitter_misc":{"Szacowany czas czytania":"1 minuta"},"schema":{"@context":"https:\/\/schema.org","@graph":[{"@type":"WebPage","@id":"https:\/\/fluffouterwear.com\/pl\/produkt\/meska-kamizelka-black\/","url":"https:\/\/fluffouterwear.com\/pl\/produkt\/meska-kamizelka-black\/","name":"M\u0119ski bezr\u0119kawnik Black - Fluff","isPartOf":{"@id":"https:\/\/fluffouterwear.com\/pl\/#website"},"primaryImageOfPage":{"@id":"https:\/\/fluffouterwear.com\/pl\/produkt\/meska-kamizelka-black\/#primaryimage"},"image":{"@id":"https:\/\/fluffouterwear.com\/pl\/produkt\/meska-kamizelka-black\/#primaryimage"},"thumbnailUrl":"https:\/\/fluffouterwear.com\/wp-content\/uploads\/2024\/03\/meska-kamizelka-black1.jpg","datePublished":"2024-03-07T11:41:24+00:00","dateModified":"2026-04-10T12:17:19+00:00","description":"Ultralekka puchowa kamizelka b\u0119dzie ulubionym dodatkiem, je\u015bli cenisz sobie praktyczne i wielosezonowe cz\u0119\u015bci garderoby, kt\u00f3re pasuj\u0105 niemal do wszystkiego.","breadcrumb":{"@id":"https:\/\/fluffouterwear.com\/pl\/produkt\/meska-kamizelka-black\/#breadcrumb"},"inLanguage":"pl-PL","potentialAction":[{"@type":"ReadAction","target":["https:\/\/fluffouterwear.com\/pl\/produkt\/meska-kamizelka-black\/"]}]},{"@type":"ImageObject","inLanguage":"pl-PL","@id":"https:\/\/fluffouterwear.com\/pl\/produkt\/meska-kamizelka-black\/#primaryimage","url":"https:\/\/fluffouterwear.com\/wp-content\/uploads\/2024\/03\/meska-kamizelka-black1.jpg","contentUrl":"https:\/\/fluffouterwear.com\/wp-content\/uploads\/2024\/03\/meska-kamizelka-black1.jpg","width":1185,"height":1310,"caption":"Bezr\u0119kawnik meski z wype\u0142nieniem z puchu g\u0119siego, Pikowana kamizelka, bez kaptura. Dwie kieszenie zewn\u0119trzne, kompaktowy fason."},{"@type":"BreadcrumbList","@id":"https:\/\/fluffouterwear.com\/pl\/produkt\/meska-kamizelka-black\/#breadcrumb","itemListElement":[{"@type":"ListItem","position":1,"name":"Strona g\u0142\u00f3wna","item":"https:\/\/fluffouterwear.com\/pl\/"},{"@type":"ListItem","position":2,"name":"Sklep","item":"https:\/\/fluffouterwear.com\/pl\/sklep\/"},{"@type":"ListItem","position":3,"name":"M\u0119ski bezr\u0119kawnik Black"}]},{"@type":"WebSite","@id":"https:\/\/fluffouterwear.com\/pl\/#website","url":"https:\/\/fluffouterwear.com\/pl\/","name":"Fluff","description":"","potentialAction":[{"@type":"SearchAction","target":{"@type":"EntryPoint","urlTemplate":"https:\/\/fluffouterwear.com\/pl\/?s={search_term_string}"},"query-input":{"@type":"PropertyValueSpecification","valueRequired":true,"valueName":"search_term_string"}}],"inLanguage":"pl-PL"}]}},"_links":{"self":[{"href":"https:\/\/fluffouterwear.com\/pl\/wp-json\/wp\/v2\/product\/89846","targetHints":{"allow":["GET"]}}],"collection":[{"href":"https:\/\/fluffouterwear.com\/pl\/wp-json\/wp\/v2\/product"}],"about":[{"href":"https:\/\/fluffouterwear.com\/pl\/wp-json\/wp\/v2\/types\/product"}],"replies":[{"embeddable":true,"href":"https:\/\/fluffouterwear.com\/pl\/wp-json\/wp\/v2\/comments?post=89846"}],"wp:featuredmedia":[{"embeddable":true,"href":"https:\/\/fluffouterwear.com\/pl\/wp-json\/wp\/v2\/media\/89591"}],"wp:attachment":[{"href":"https:\/\/fluffouterwear.com\/pl\/wp-json\/wp\/v2\/media?parent=89846"}],"wp:term":[{"taxonomy":"product_brand","embeddable":true,"href":"https:\/\/fluffouterwear.com\/pl\/wp-json\/wp\/v2\/product_brand?post=89846"},{"taxonomy":"product_cat","embeddable":true,"href":"https:\/\/fluffouterwear.com\/pl\/wp-json\/wp\/v2\/product_cat?post=89846"},{"taxonomy":"product_tag","embeddable":true,"href":"https:\/\/fluffouterwear.com\/pl\/wp-json\/wp\/v2\/product_tag?post=89846"}],"curies":[{"name":"wp","href":"https:\/\/api.w.org\/{rel}","templated":true}]}}