{"id":89932,"date":"2024-03-07T14:05:54","date_gmt":"2024-03-07T13:05:54","guid":{"rendered":"https:\/\/fluffouterwear.com\/?post_type=product&#038;p=89932"},"modified":"2026-04-01T16:57:31","modified_gmt":"2026-04-01T14:57:31","slug":"kurtka-jeansowa-black-denim","status":"publish","type":"product","link":"https:\/\/fluffouterwear.com\/pl\/produkt\/kurtka-jeansowa-black-denim\/","title":{"rendered":"Kurtka jeansowa Washed-black denim"},"content":{"rendered":"<h4><strong>Kurtka z denimu z efektem sprania<\/strong><\/h4>\n<p>Wzboga\u0107 swoj\u0105 szaf\u0119 o wyj\u0105tkow\u0105<strong> kurtk\u0119 jeansow\u0105 z czarnego denimu z efektem sprania<\/strong>, kt\u00f3rej fason jest inspirowany najlepszymi stylizacjami lat 80. i 90. Bufiaste r\u0119kawy i poduszki podkre\u015bl\u0105 ramiona, a pas w talii zaznaczy Twoj\u0105 sylwetk\u0119. Pionowe przeszycia na plecach dodaj\u0105 unikalnego charakteru, dodatkowo zaznaczaj\u0105c oryginalny fason tej kurtki.<\/p>\n<p>Idealna do noszenia samodzielnie lub jako warstwa dodatkowa, ta <strong>jeansowa<\/strong> <strong>katana<\/strong> jest wszechstronna i bez wysi\u0142ku doda pazura i nonszalancji nie tylko codziennym stylizacjom. Denimowa obsesja dopiero si\u0119 rozkr\u0119ca, a z nasz\u0105 kurtk\u0105 b\u0119dziesz wyr\u00f3\u017cnia\u0107 si\u0119 w t\u0142umie z daleka!<\/p>\n<p>Modelka prezentuje rozm. M\/L.<\/p>\n","protected":false},"excerpt":{"rendered":"<p>Kurtka z denimu z efektem sprania Wzboga\u0107 swoj\u0105 szaf\u0119 o wyj\u0105tkow\u0105 kurtk\u0119 jeansow\u0105 z czarnego denimu z efektem sprania, kt\u00f3rej fason jest inspirowany najlepszymi stylizacjami lat 80. i 90. Bufiaste r\u0119kawy i poduszki podkre\u015bl\u0105 ramiona, a pas w talii zaznaczy Twoj\u0105 sylwetk\u0119. Pionowe przeszycia na plecach dodaj\u0105 unikalnego charakteru, dodatkowo zaznaczaj\u0105c oryginalny fason tej kurtki. [&#8230;]\n","protected":false},"featured_media":89491,"comment_status":"open","ping_status":"closed","template":"","meta":{"_acf_changed":false},"product_brand":[],"product_cat":[305,1051,868],"product_tag":[],"class_list":{"0":"post-89932","1":"product","2":"type-product","3":"status-publish","4":"has-post-thumbnail","6":"product_cat-kobieta","7":"product_cat-wiosna-pl","8":"product_cat-kolekcja-denimowa","10":"first","11":"instock","12":"shipping-taxable","13":"purchasable","14":"product-type-variable"},"acf":[],"yoast_head":"<!-- This site is optimized with the Yoast SEO plugin v27.0 - https:\/\/yoast.com\/product\/yoast-seo-wordpress\/ -->\n<title>Kurtka jeansowa Washed-black denim - Fluff<\/title>\n<meta name=\"description\" content=\"Kurtka jeansowa z czarnego denimu z efektem sprania. Bufiaste r\u0119kawy i poduszki podkre\u015bl\u0105 ramiona, a pas w talii zaznaczy Twoj\u0105 sylwetk\u0119.\" \/>\n<meta name=\"robots\" content=\"index, follow, max-snippet:-1, max-image-preview:large, max-video-preview:-1\" \/>\n<link rel=\"canonical\" href=\"https:\/\/fluffouterwear.com\/pl\/produkt\/kurtka-jeansowa-black-denim\/\" \/>\n<meta property=\"og:locale\" content=\"pl_PL\" \/>\n<meta property=\"og:type\" content=\"article\" \/>\n<meta property=\"og:title\" content=\"Kurtka jeansowa Washed-black denim - Fluff\" \/>\n<meta property=\"og:description\" content=\"Kurtka jeansowa z czarnego denimu z efektem sprania. Bufiaste r\u0119kawy i poduszki podkre\u015bl\u0105 ramiona, a pas w talii zaznaczy Twoj\u0105 sylwetk\u0119.\" \/>\n<meta property=\"og:url\" content=\"https:\/\/fluffouterwear.com\/pl\/produkt\/kurtka-jeansowa-black-denim\/\" \/>\n<meta property=\"og:site_name\" content=\"Fluff\" \/>\n<meta property=\"article:modified_time\" content=\"2026-04-01T14:57:31+00:00\" \/>\n<meta property=\"og:image\" content=\"https:\/\/fluffouterwear.com\/wp-content\/uploads\/2024\/03\/damska-kurtka-black-denim1.jpg\" \/>\n\t<meta property=\"og:image:width\" content=\"1185\" \/>\n\t<meta property=\"og:image:height\" content=\"1310\" \/>\n\t<meta property=\"og:image:type\" content=\"image\/jpeg\" \/>\n<meta name=\"twitter:card\" content=\"summary_large_image\" \/>\n<meta name=\"twitter:label1\" content=\"Szacowany czas czytania\" \/>\n\t<meta name=\"twitter:data1\" content=\"1 minuta\" \/>\n<script type=\"application\/ld+json\" class=\"yoast-schema-graph\">{\"@context\":\"https:\/\/schema.org\",\"@graph\":[{\"@type\":\"WebPage\",\"@id\":\"https:\/\/fluffouterwear.com\/pl\/produkt\/kurtka-jeansowa-black-denim\/\",\"url\":\"https:\/\/fluffouterwear.com\/pl\/produkt\/kurtka-jeansowa-black-denim\/\",\"name\":\"Kurtka jeansowa Washed-black denim - Fluff\",\"isPartOf\":{\"@id\":\"https:\/\/fluffouterwear.com\/pl\/#website\"},\"primaryImageOfPage\":{\"@id\":\"https:\/\/fluffouterwear.com\/pl\/produkt\/kurtka-jeansowa-black-denim\/#primaryimage\"},\"image\":{\"@id\":\"https:\/\/fluffouterwear.com\/pl\/produkt\/kurtka-jeansowa-black-denim\/#primaryimage\"},\"thumbnailUrl\":\"https:\/\/fluffouterwear.com\/wp-content\/uploads\/2024\/03\/damska-kurtka-black-denim1.jpg\",\"datePublished\":\"2024-03-07T13:05:54+00:00\",\"dateModified\":\"2026-04-01T14:57:31+00:00\",\"description\":\"Kurtka jeansowa z czarnego denimu z efektem sprania. Bufiaste r\u0119kawy i poduszki podkre\u015bl\u0105 ramiona, a pas w talii zaznaczy Twoj\u0105 sylwetk\u0119.\",\"breadcrumb\":{\"@id\":\"https:\/\/fluffouterwear.com\/pl\/produkt\/kurtka-jeansowa-black-denim\/#breadcrumb\"},\"inLanguage\":\"pl-PL\",\"potentialAction\":[{\"@type\":\"ReadAction\",\"target\":[\"https:\/\/fluffouterwear.com\/pl\/produkt\/kurtka-jeansowa-black-denim\/\"]}]},{\"@type\":\"ImageObject\",\"inLanguage\":\"pl-PL\",\"@id\":\"https:\/\/fluffouterwear.com\/pl\/produkt\/kurtka-jeansowa-black-denim\/#primaryimage\",\"url\":\"https:\/\/fluffouterwear.com\/wp-content\/uploads\/2024\/03\/damska-kurtka-black-denim1.jpg\",\"contentUrl\":\"https:\/\/fluffouterwear.com\/wp-content\/uploads\/2024\/03\/damska-kurtka-black-denim1.jpg\",\"width\":1185,\"height\":1310,\"caption\":\"Kurtka denim jacket z kieszeniami z przodu i szerokimi ramionami. Pas w talii, przednie guziki.\"},{\"@type\":\"BreadcrumbList\",\"@id\":\"https:\/\/fluffouterwear.com\/pl\/produkt\/kurtka-jeansowa-black-denim\/#breadcrumb\",\"itemListElement\":[{\"@type\":\"ListItem\",\"position\":1,\"name\":\"Strona g\u0142\u00f3wna\",\"item\":\"https:\/\/fluffouterwear.com\/pl\/\"},{\"@type\":\"ListItem\",\"position\":2,\"name\":\"Sklep\",\"item\":\"https:\/\/fluffouterwear.com\/pl\/sklep\/\"},{\"@type\":\"ListItem\",\"position\":3,\"name\":\"Kurtka jeansowa Washed-black denim\"}]},{\"@type\":\"WebSite\",\"@id\":\"https:\/\/fluffouterwear.com\/pl\/#website\",\"url\":\"https:\/\/fluffouterwear.com\/pl\/\",\"name\":\"Fluff\",\"description\":\"\",\"potentialAction\":[{\"@type\":\"SearchAction\",\"target\":{\"@type\":\"EntryPoint\",\"urlTemplate\":\"https:\/\/fluffouterwear.com\/pl\/?s={search_term_string}\"},\"query-input\":{\"@type\":\"PropertyValueSpecification\",\"valueRequired\":true,\"valueName\":\"search_term_string\"}}],\"inLanguage\":\"pl-PL\"}]}<\/script>\n<!-- \/ Yoast SEO plugin. -->","yoast_head_json":{"title":"Kurtka jeansowa Washed-black denim - Fluff","description":"Kurtka jeansowa z czarnego denimu z efektem sprania. Bufiaste r\u0119kawy i poduszki podkre\u015bl\u0105 ramiona, a pas w talii zaznaczy Twoj\u0105 sylwetk\u0119.","robots":{"index":"index","follow":"follow","max-snippet":"max-snippet:-1","max-image-preview":"max-image-preview:large","max-video-preview":"max-video-preview:-1"},"canonical":"https:\/\/fluffouterwear.com\/pl\/produkt\/kurtka-jeansowa-black-denim\/","og_locale":"pl_PL","og_type":"article","og_title":"Kurtka jeansowa Washed-black denim - Fluff","og_description":"Kurtka jeansowa z czarnego denimu z efektem sprania. Bufiaste r\u0119kawy i poduszki podkre\u015bl\u0105 ramiona, a pas w talii zaznaczy Twoj\u0105 sylwetk\u0119.","og_url":"https:\/\/fluffouterwear.com\/pl\/produkt\/kurtka-jeansowa-black-denim\/","og_site_name":"Fluff","article_modified_time":"2026-04-01T14:57:31+00:00","og_image":[{"width":1185,"height":1310,"url":"https:\/\/fluffouterwear.com\/wp-content\/uploads\/2024\/03\/damska-kurtka-black-denim1.jpg","type":"image\/jpeg"}],"twitter_card":"summary_large_image","twitter_misc":{"Szacowany czas czytania":"1 minuta"},"schema":{"@context":"https:\/\/schema.org","@graph":[{"@type":"WebPage","@id":"https:\/\/fluffouterwear.com\/pl\/produkt\/kurtka-jeansowa-black-denim\/","url":"https:\/\/fluffouterwear.com\/pl\/produkt\/kurtka-jeansowa-black-denim\/","name":"Kurtka jeansowa Washed-black denim - Fluff","isPartOf":{"@id":"https:\/\/fluffouterwear.com\/pl\/#website"},"primaryImageOfPage":{"@id":"https:\/\/fluffouterwear.com\/pl\/produkt\/kurtka-jeansowa-black-denim\/#primaryimage"},"image":{"@id":"https:\/\/fluffouterwear.com\/pl\/produkt\/kurtka-jeansowa-black-denim\/#primaryimage"},"thumbnailUrl":"https:\/\/fluffouterwear.com\/wp-content\/uploads\/2024\/03\/damska-kurtka-black-denim1.jpg","datePublished":"2024-03-07T13:05:54+00:00","dateModified":"2026-04-01T14:57:31+00:00","description":"Kurtka jeansowa z czarnego denimu z efektem sprania. Bufiaste r\u0119kawy i poduszki podkre\u015bl\u0105 ramiona, a pas w talii zaznaczy Twoj\u0105 sylwetk\u0119.","breadcrumb":{"@id":"https:\/\/fluffouterwear.com\/pl\/produkt\/kurtka-jeansowa-black-denim\/#breadcrumb"},"inLanguage":"pl-PL","potentialAction":[{"@type":"ReadAction","target":["https:\/\/fluffouterwear.com\/pl\/produkt\/kurtka-jeansowa-black-denim\/"]}]},{"@type":"ImageObject","inLanguage":"pl-PL","@id":"https:\/\/fluffouterwear.com\/pl\/produkt\/kurtka-jeansowa-black-denim\/#primaryimage","url":"https:\/\/fluffouterwear.com\/wp-content\/uploads\/2024\/03\/damska-kurtka-black-denim1.jpg","contentUrl":"https:\/\/fluffouterwear.com\/wp-content\/uploads\/2024\/03\/damska-kurtka-black-denim1.jpg","width":1185,"height":1310,"caption":"Kurtka denim jacket z kieszeniami z przodu i szerokimi ramionami. Pas w talii, przednie guziki."},{"@type":"BreadcrumbList","@id":"https:\/\/fluffouterwear.com\/pl\/produkt\/kurtka-jeansowa-black-denim\/#breadcrumb","itemListElement":[{"@type":"ListItem","position":1,"name":"Strona g\u0142\u00f3wna","item":"https:\/\/fluffouterwear.com\/pl\/"},{"@type":"ListItem","position":2,"name":"Sklep","item":"https:\/\/fluffouterwear.com\/pl\/sklep\/"},{"@type":"ListItem","position":3,"name":"Kurtka jeansowa Washed-black denim"}]},{"@type":"WebSite","@id":"https:\/\/fluffouterwear.com\/pl\/#website","url":"https:\/\/fluffouterwear.com\/pl\/","name":"Fluff","description":"","potentialAction":[{"@type":"SearchAction","target":{"@type":"EntryPoint","urlTemplate":"https:\/\/fluffouterwear.com\/pl\/?s={search_term_string}"},"query-input":{"@type":"PropertyValueSpecification","valueRequired":true,"valueName":"search_term_string"}}],"inLanguage":"pl-PL"}]}},"_links":{"self":[{"href":"https:\/\/fluffouterwear.com\/pl\/wp-json\/wp\/v2\/product\/89932","targetHints":{"allow":["GET"]}}],"collection":[{"href":"https:\/\/fluffouterwear.com\/pl\/wp-json\/wp\/v2\/product"}],"about":[{"href":"https:\/\/fluffouterwear.com\/pl\/wp-json\/wp\/v2\/types\/product"}],"replies":[{"embeddable":true,"href":"https:\/\/fluffouterwear.com\/pl\/wp-json\/wp\/v2\/comments?post=89932"}],"wp:featuredmedia":[{"embeddable":true,"href":"https:\/\/fluffouterwear.com\/pl\/wp-json\/wp\/v2\/media\/89491"}],"wp:attachment":[{"href":"https:\/\/fluffouterwear.com\/pl\/wp-json\/wp\/v2\/media?parent=89932"}],"wp:term":[{"taxonomy":"product_brand","embeddable":true,"href":"https:\/\/fluffouterwear.com\/pl\/wp-json\/wp\/v2\/product_brand?post=89932"},{"taxonomy":"product_cat","embeddable":true,"href":"https:\/\/fluffouterwear.com\/pl\/wp-json\/wp\/v2\/product_cat?post=89932"},{"taxonomy":"product_tag","embeddable":true,"href":"https:\/\/fluffouterwear.com\/pl\/wp-json\/wp\/v2\/product_tag?post=89932"}],"curies":[{"name":"wp","href":"https:\/\/api.w.org\/{rel}","templated":true}]}}