{"id":89940,"date":"2024-03-07T14:16:37","date_gmt":"2024-03-07T13:16:37","guid":{"rendered":"https:\/\/fluffouterwear.com\/?post_type=product&#038;p=89940"},"modified":"2026-03-19T21:18:57","modified_gmt":"2026-03-19T20:18:57","slug":"spodnie-washed-black-denim","status":"publish","type":"product","link":"https:\/\/fluffouterwear.com\/pl\/produkt\/spodnie-washed-black-denim\/","title":{"rendered":"Spodnie jeansowe Washed-black denim"},"content":{"rendered":"<p>Wzboga\u0107 swoj\u0105 szaf\u0119 o wyj\u0105tkowe<strong> spodnie z efektem spranego denimu<\/strong>, kt\u00f3rych fason jest inspirowany najlepszymi lookami z lat 80. i 90. Szerokie nogawki i mi\u0119kki, bawe\u0142niany denim zapewni\u0105 Ci komfort przez ca\u0142y dzie\u0144. Nie przegap powracaj\u0105cej popularno\u015bci tego fasonu &#8211; nasze szerokie spodnie s\u0105 bardzo wygodne i stworzysz z nimi wiele oryginalnych stylizacji.<\/p>\n<p>100% bawe\u0142na.<\/p>\n<p>Modelka prezentuje rozm. XS\/S<\/p>\n","protected":false},"excerpt":{"rendered":"<p>Wzboga\u0107 swoj\u0105 szaf\u0119 o wyj\u0105tkowe spodnie z efektem spranego denimu, kt\u00f3rych fason jest inspirowany najlepszymi lookami z lat 80. i 90. Szerokie nogawki i mi\u0119kki, bawe\u0142niany denim zapewni\u0105 Ci komfort przez ca\u0142y dzie\u0144. Nie przegap powracaj\u0105cej popularno\u015bci tego fasonu &#8211; nasze szerokie spodnie s\u0105 bardzo wygodne i stworzysz z nimi wiele oryginalnych stylizacji. 100% bawe\u0142na. [&#8230;]\n","protected":false},"featured_media":89533,"comment_status":"open","ping_status":"closed","template":"","meta":{"_acf_changed":false},"product_brand":[],"product_cat":[1512,305,868],"product_tag":[],"class_list":{"0":"post-89940","1":"product","2":"type-product","3":"status-publish","4":"has-post-thumbnail","6":"product_cat-spodnie-i-szorty","7":"product_cat-kobieta","8":"product_cat-kolekcja-denimowa","10":"first","11":"instock","12":"shipping-taxable","13":"purchasable","14":"product-type-variable"},"acf":[],"yoast_head":"<!-- This site is optimized with the Yoast SEO plugin v27.0 - https:\/\/yoast.com\/product\/yoast-seo-wordpress\/ -->\n<title>Spodnie jeansowe Washed-black denim - Fluff<\/title>\n<meta name=\"description\" content=\"Spodnie jeansowe z ciemnego denimu z efektem sprania. Wzboga\u0107 swoj\u0105 szaf\u0119 o wyj\u0105tkowe spodnie z efektem sprania. Fason inspirowany najlepszymi lookami z lat 80. i 90. Hayla Denim Pants Hayla the frankie shop Hayla jeans\" \/>\n<meta name=\"robots\" content=\"index, follow, max-snippet:-1, max-image-preview:large, max-video-preview:-1\" \/>\n<link rel=\"canonical\" href=\"https:\/\/fluffouterwear.com\/pl\/produkt\/spodnie-washed-black-denim\/\" \/>\n<meta property=\"og:locale\" content=\"pl_PL\" \/>\n<meta property=\"og:type\" content=\"article\" \/>\n<meta property=\"og:title\" content=\"Spodnie jeansowe Washed-black denim - Fluff\" \/>\n<meta property=\"og:description\" content=\"Spodnie jeansowe z ciemnego denimu z efektem sprania. Wzboga\u0107 swoj\u0105 szaf\u0119 o wyj\u0105tkowe spodnie z efektem sprania. Fason inspirowany najlepszymi lookami z lat 80. i 90. Hayla Denim Pants Hayla the frankie shop Hayla jeans\" \/>\n<meta property=\"og:url\" content=\"https:\/\/fluffouterwear.com\/pl\/produkt\/spodnie-washed-black-denim\/\" \/>\n<meta property=\"og:site_name\" content=\"Fluff\" \/>\n<meta property=\"article:modified_time\" content=\"2026-03-19T20:18:57+00:00\" \/>\n<meta property=\"og:image\" content=\"https:\/\/fluffouterwear.com\/wp-content\/uploads\/2024\/03\/damskie-spodnie-black-denim-1.jpg\" \/>\n\t<meta property=\"og:image:width\" content=\"1185\" \/>\n\t<meta property=\"og:image:height\" content=\"1310\" \/>\n\t<meta property=\"og:image:type\" content=\"image\/jpeg\" \/>\n<meta name=\"twitter:card\" content=\"summary_large_image\" \/>\n<meta name=\"twitter:label1\" content=\"Szacowany czas czytania\" \/>\n\t<meta name=\"twitter:data1\" content=\"1 minuta\" \/>\n<script type=\"application\/ld+json\" class=\"yoast-schema-graph\">{\"@context\":\"https:\/\/schema.org\",\"@graph\":[{\"@type\":\"WebPage\",\"@id\":\"https:\/\/fluffouterwear.com\/pl\/produkt\/spodnie-washed-black-denim\/\",\"url\":\"https:\/\/fluffouterwear.com\/pl\/produkt\/spodnie-washed-black-denim\/\",\"name\":\"Spodnie jeansowe Washed-black denim - Fluff\",\"isPartOf\":{\"@id\":\"https:\/\/fluffouterwear.com\/pl\/#website\"},\"primaryImageOfPage\":{\"@id\":\"https:\/\/fluffouterwear.com\/pl\/produkt\/spodnie-washed-black-denim\/#primaryimage\"},\"image\":{\"@id\":\"https:\/\/fluffouterwear.com\/pl\/produkt\/spodnie-washed-black-denim\/#primaryimage\"},\"thumbnailUrl\":\"https:\/\/fluffouterwear.com\/wp-content\/uploads\/2024\/03\/damskie-spodnie-black-denim-1.jpg\",\"datePublished\":\"2024-03-07T13:16:37+00:00\",\"dateModified\":\"2026-03-19T20:18:57+00:00\",\"description\":\"Spodnie jeansowe z ciemnego denimu z efektem sprania. Wzboga\u0107 swoj\u0105 szaf\u0119 o wyj\u0105tkowe spodnie z efektem sprania. Fason inspirowany najlepszymi lookami z lat 80. i 90. Hayla Denim Pants Hayla the frankie shop Hayla jeans\",\"breadcrumb\":{\"@id\":\"https:\/\/fluffouterwear.com\/pl\/produkt\/spodnie-washed-black-denim\/#breadcrumb\"},\"inLanguage\":\"pl-PL\",\"potentialAction\":[{\"@type\":\"ReadAction\",\"target\":[\"https:\/\/fluffouterwear.com\/pl\/produkt\/spodnie-washed-black-denim\/\"]}]},{\"@type\":\"ImageObject\",\"inLanguage\":\"pl-PL\",\"@id\":\"https:\/\/fluffouterwear.com\/pl\/produkt\/spodnie-washed-black-denim\/#primaryimage\",\"url\":\"https:\/\/fluffouterwear.com\/wp-content\/uploads\/2024\/03\/damskie-spodnie-black-denim-1.jpg\",\"contentUrl\":\"https:\/\/fluffouterwear.com\/wp-content\/uploads\/2024\/03\/damskie-spodnie-black-denim-1.jpg\",\"width\":1185,\"height\":1310,\"caption\":\"Spodnie denim trousers z mi\u0119kkiego bawe\u0142nianego denimu ze \u015brednim stanem. Dwie kieszenie z przodu i z ty\u0142u, regulacja w pasie, lu\u017ana szeroka nogawka.\"},{\"@type\":\"BreadcrumbList\",\"@id\":\"https:\/\/fluffouterwear.com\/pl\/produkt\/spodnie-washed-black-denim\/#breadcrumb\",\"itemListElement\":[{\"@type\":\"ListItem\",\"position\":1,\"name\":\"Strona g\u0142\u00f3wna\",\"item\":\"https:\/\/fluffouterwear.com\/pl\/\"},{\"@type\":\"ListItem\",\"position\":2,\"name\":\"Sklep\",\"item\":\"https:\/\/fluffouterwear.com\/pl\/sklep\/\"},{\"@type\":\"ListItem\",\"position\":3,\"name\":\"Spodnie jeansowe Washed-black denim\"}]},{\"@type\":\"WebSite\",\"@id\":\"https:\/\/fluffouterwear.com\/pl\/#website\",\"url\":\"https:\/\/fluffouterwear.com\/pl\/\",\"name\":\"Fluff\",\"description\":\"\",\"potentialAction\":[{\"@type\":\"SearchAction\",\"target\":{\"@type\":\"EntryPoint\",\"urlTemplate\":\"https:\/\/fluffouterwear.com\/pl\/?s={search_term_string}\"},\"query-input\":{\"@type\":\"PropertyValueSpecification\",\"valueRequired\":true,\"valueName\":\"search_term_string\"}}],\"inLanguage\":\"pl-PL\"}]}<\/script>\n<!-- \/ Yoast SEO plugin. -->","yoast_head_json":{"title":"Spodnie jeansowe Washed-black denim - Fluff","description":"Spodnie jeansowe z ciemnego denimu z efektem sprania. Wzboga\u0107 swoj\u0105 szaf\u0119 o wyj\u0105tkowe spodnie z efektem sprania. Fason inspirowany najlepszymi lookami z lat 80. i 90. Hayla Denim Pants Hayla the frankie shop Hayla jeans","robots":{"index":"index","follow":"follow","max-snippet":"max-snippet:-1","max-image-preview":"max-image-preview:large","max-video-preview":"max-video-preview:-1"},"canonical":"https:\/\/fluffouterwear.com\/pl\/produkt\/spodnie-washed-black-denim\/","og_locale":"pl_PL","og_type":"article","og_title":"Spodnie jeansowe Washed-black denim - Fluff","og_description":"Spodnie jeansowe z ciemnego denimu z efektem sprania. Wzboga\u0107 swoj\u0105 szaf\u0119 o wyj\u0105tkowe spodnie z efektem sprania. Fason inspirowany najlepszymi lookami z lat 80. i 90. Hayla Denim Pants Hayla the frankie shop Hayla jeans","og_url":"https:\/\/fluffouterwear.com\/pl\/produkt\/spodnie-washed-black-denim\/","og_site_name":"Fluff","article_modified_time":"2026-03-19T20:18:57+00:00","og_image":[{"width":1185,"height":1310,"url":"https:\/\/fluffouterwear.com\/wp-content\/uploads\/2024\/03\/damskie-spodnie-black-denim-1.jpg","type":"image\/jpeg"}],"twitter_card":"summary_large_image","twitter_misc":{"Szacowany czas czytania":"1 minuta"},"schema":{"@context":"https:\/\/schema.org","@graph":[{"@type":"WebPage","@id":"https:\/\/fluffouterwear.com\/pl\/produkt\/spodnie-washed-black-denim\/","url":"https:\/\/fluffouterwear.com\/pl\/produkt\/spodnie-washed-black-denim\/","name":"Spodnie jeansowe Washed-black denim - Fluff","isPartOf":{"@id":"https:\/\/fluffouterwear.com\/pl\/#website"},"primaryImageOfPage":{"@id":"https:\/\/fluffouterwear.com\/pl\/produkt\/spodnie-washed-black-denim\/#primaryimage"},"image":{"@id":"https:\/\/fluffouterwear.com\/pl\/produkt\/spodnie-washed-black-denim\/#primaryimage"},"thumbnailUrl":"https:\/\/fluffouterwear.com\/wp-content\/uploads\/2024\/03\/damskie-spodnie-black-denim-1.jpg","datePublished":"2024-03-07T13:16:37+00:00","dateModified":"2026-03-19T20:18:57+00:00","description":"Spodnie jeansowe z ciemnego denimu z efektem sprania. Wzboga\u0107 swoj\u0105 szaf\u0119 o wyj\u0105tkowe spodnie z efektem sprania. Fason inspirowany najlepszymi lookami z lat 80. i 90. Hayla Denim Pants Hayla the frankie shop Hayla jeans","breadcrumb":{"@id":"https:\/\/fluffouterwear.com\/pl\/produkt\/spodnie-washed-black-denim\/#breadcrumb"},"inLanguage":"pl-PL","potentialAction":[{"@type":"ReadAction","target":["https:\/\/fluffouterwear.com\/pl\/produkt\/spodnie-washed-black-denim\/"]}]},{"@type":"ImageObject","inLanguage":"pl-PL","@id":"https:\/\/fluffouterwear.com\/pl\/produkt\/spodnie-washed-black-denim\/#primaryimage","url":"https:\/\/fluffouterwear.com\/wp-content\/uploads\/2024\/03\/damskie-spodnie-black-denim-1.jpg","contentUrl":"https:\/\/fluffouterwear.com\/wp-content\/uploads\/2024\/03\/damskie-spodnie-black-denim-1.jpg","width":1185,"height":1310,"caption":"Spodnie denim trousers z mi\u0119kkiego bawe\u0142nianego denimu ze \u015brednim stanem. Dwie kieszenie z przodu i z ty\u0142u, regulacja w pasie, lu\u017ana szeroka nogawka."},{"@type":"BreadcrumbList","@id":"https:\/\/fluffouterwear.com\/pl\/produkt\/spodnie-washed-black-denim\/#breadcrumb","itemListElement":[{"@type":"ListItem","position":1,"name":"Strona g\u0142\u00f3wna","item":"https:\/\/fluffouterwear.com\/pl\/"},{"@type":"ListItem","position":2,"name":"Sklep","item":"https:\/\/fluffouterwear.com\/pl\/sklep\/"},{"@type":"ListItem","position":3,"name":"Spodnie jeansowe Washed-black denim"}]},{"@type":"WebSite","@id":"https:\/\/fluffouterwear.com\/pl\/#website","url":"https:\/\/fluffouterwear.com\/pl\/","name":"Fluff","description":"","potentialAction":[{"@type":"SearchAction","target":{"@type":"EntryPoint","urlTemplate":"https:\/\/fluffouterwear.com\/pl\/?s={search_term_string}"},"query-input":{"@type":"PropertyValueSpecification","valueRequired":true,"valueName":"search_term_string"}}],"inLanguage":"pl-PL"}]}},"_links":{"self":[{"href":"https:\/\/fluffouterwear.com\/pl\/wp-json\/wp\/v2\/product\/89940","targetHints":{"allow":["GET"]}}],"collection":[{"href":"https:\/\/fluffouterwear.com\/pl\/wp-json\/wp\/v2\/product"}],"about":[{"href":"https:\/\/fluffouterwear.com\/pl\/wp-json\/wp\/v2\/types\/product"}],"replies":[{"embeddable":true,"href":"https:\/\/fluffouterwear.com\/pl\/wp-json\/wp\/v2\/comments?post=89940"}],"wp:featuredmedia":[{"embeddable":true,"href":"https:\/\/fluffouterwear.com\/pl\/wp-json\/wp\/v2\/media\/89533"}],"wp:attachment":[{"href":"https:\/\/fluffouterwear.com\/pl\/wp-json\/wp\/v2\/media?parent=89940"}],"wp:term":[{"taxonomy":"product_brand","embeddable":true,"href":"https:\/\/fluffouterwear.com\/pl\/wp-json\/wp\/v2\/product_brand?post=89940"},{"taxonomy":"product_cat","embeddable":true,"href":"https:\/\/fluffouterwear.com\/pl\/wp-json\/wp\/v2\/product_cat?post=89940"},{"taxonomy":"product_tag","embeddable":true,"href":"https:\/\/fluffouterwear.com\/pl\/wp-json\/wp\/v2\/product_tag?post=89940"}],"curies":[{"name":"wp","href":"https:\/\/api.w.org\/{rel}","templated":true}]}}