{"id":92502,"date":"2024-04-24T14:37:06","date_gmt":"2024-04-24T12:37:06","guid":{"rendered":"https:\/\/fluffouterwear.com\/?post_type=product&#038;p=92502"},"modified":"2026-04-01T23:41:31","modified_gmt":"2026-04-01T21:41:31","slug":"sukienka-z-kieszeniami-washed-black-denim","status":"publish","type":"product","link":"https:\/\/fluffouterwear.com\/pl\/produkt\/sukienka-z-kieszeniami-washed-black-denim\/","title":{"rendered":"Sukienka z kieszeniami Washed-black denim"},"content":{"rendered":"<p>Nawi\u0105zuj\u0105ca do kultowej ery mody lat 90., ta <strong>d\u017cinsowa sukienka<\/strong> jest kwintesencj\u0105 luzu i nonszalancji. Wykonana z wysokiej jako\u015bci bawe\u0142nianego jeansu.<\/p>\n<p>Nasz\u0105 <strong>denimow\u0105 sukienk\u0119<\/strong> wyr\u00f3\u017cnia nie tylko wyj\u0105tkowy, wiosenno-letni odcie\u0144 spranego jeansu, ale tak\u017ce kieszenie w szwach bocznych. Mo\u017cesz stylizowa\u0107 j\u0105 na wiele sposob\u00f3w, czy to ze sneakersami (z \u0142atwo\u015bci\u0105 zmienisz j\u0105 w wieczorow\u0105 opcj\u0119 np. wybieraj\u0105c buty na obcasie.), czy wybieraj\u0105c popularny obecnie trend denim-on-denim &#8211; razem z nasz\u0105 kurtk\u0105 b\u0119d\u0105 wygl\u0105da\u0107 nietuzinkowo.<\/p>\n<p><strong>ROZMIAR UNIWERSALNY.<\/strong><\/p>\n","protected":false},"excerpt":{"rendered":"<div style=\"background-color: #000; color: #fff; padding: 4px 12px; border-radius: 4px; display: inline-block; font-weight: bold; font-size: 12px; letter-spacing: 1px;\">ROZM. UNIWERSALNY (ONE SIZE)<\/div>\n","protected":false},"featured_media":92902,"comment_status":"open","ping_status":"closed","template":"","meta":{"_acf_changed":false},"product_brand":[],"product_cat":[1510,382,1064],"product_tag":[],"class_list":{"0":"post-92502","1":"product","2":"type-product","3":"status-publish","4":"has-post-thumbnail","6":"product_cat-sukienki-i-spodnice","7":"product_cat-outlet-pl","8":"product_cat-kobieta-pl","10":"first","11":"outofstock","12":"sale","13":"shipping-taxable","14":"purchasable","15":"product-type-simple"},"acf":[],"yoast_head":"<!-- This site is optimized with the Yoast SEO plugin v27.0 - https:\/\/yoast.com\/product\/yoast-seo-wordpress\/ -->\n<title>Sukienka z kieszeniami Washed-black denim - Fluff<\/title>\n<meta name=\"description\" content=\"Nasz\u0105 denimow\u0105 sukienk\u0119 wyr\u00f3\u017cnia nie tylko wyj\u0105tkowy, wiosenno-letni odcie\u0144 spranego jeansu, ale tak\u017ce kieszenie w szwach bocznych. 100% bawe\u0142na.\" \/>\n<meta name=\"robots\" content=\"index, follow, max-snippet:-1, max-image-preview:large, max-video-preview:-1\" \/>\n<link rel=\"canonical\" href=\"https:\/\/fluffouterwear.com\/pl\/produkt\/sukienka-z-kieszeniami-washed-black-denim\/\" \/>\n<meta property=\"og:locale\" content=\"pl_PL\" \/>\n<meta property=\"og:type\" content=\"article\" \/>\n<meta property=\"og:title\" content=\"Sukienka z kieszeniami Washed-black denim - Fluff\" \/>\n<meta property=\"og:description\" content=\"Nasz\u0105 denimow\u0105 sukienk\u0119 wyr\u00f3\u017cnia nie tylko wyj\u0105tkowy, wiosenno-letni odcie\u0144 spranego jeansu, ale tak\u017ce kieszenie w szwach bocznych. 100% bawe\u0142na.\" \/>\n<meta property=\"og:url\" content=\"https:\/\/fluffouterwear.com\/pl\/produkt\/sukienka-z-kieszeniami-washed-black-denim\/\" \/>\n<meta property=\"og:site_name\" content=\"Fluff\" \/>\n<meta property=\"article:modified_time\" content=\"2026-04-01T21:41:31+00:00\" \/>\n<meta property=\"og:image\" content=\"https:\/\/fluffouterwear.com\/wp-content\/uploads\/2024\/05\/damska-sukienka-black-denim2.jpg\" \/>\n\t<meta property=\"og:image:width\" content=\"1185\" \/>\n\t<meta property=\"og:image:height\" content=\"1310\" \/>\n\t<meta property=\"og:image:type\" content=\"image\/jpeg\" \/>\n<meta name=\"twitter:card\" content=\"summary_large_image\" \/>\n<meta name=\"twitter:label1\" content=\"Szacowany czas czytania\" \/>\n\t<meta name=\"twitter:data1\" content=\"1 minuta\" \/>\n<script type=\"application\/ld+json\" class=\"yoast-schema-graph\">{\"@context\":\"https:\/\/schema.org\",\"@graph\":[{\"@type\":\"WebPage\",\"@id\":\"https:\/\/fluffouterwear.com\/pl\/produkt\/sukienka-z-kieszeniami-washed-black-denim\/\",\"url\":\"https:\/\/fluffouterwear.com\/pl\/produkt\/sukienka-z-kieszeniami-washed-black-denim\/\",\"name\":\"Sukienka z kieszeniami Washed-black denim - Fluff\",\"isPartOf\":{\"@id\":\"https:\/\/fluffouterwear.com\/pl\/#website\"},\"primaryImageOfPage\":{\"@id\":\"https:\/\/fluffouterwear.com\/pl\/produkt\/sukienka-z-kieszeniami-washed-black-denim\/#primaryimage\"},\"image\":{\"@id\":\"https:\/\/fluffouterwear.com\/pl\/produkt\/sukienka-z-kieszeniami-washed-black-denim\/#primaryimage\"},\"thumbnailUrl\":\"https:\/\/fluffouterwear.com\/wp-content\/uploads\/2024\/05\/damska-sukienka-black-denim2.jpg\",\"datePublished\":\"2024-04-24T12:37:06+00:00\",\"dateModified\":\"2026-04-01T21:41:31+00:00\",\"description\":\"Nasz\u0105 denimow\u0105 sukienk\u0119 wyr\u00f3\u017cnia nie tylko wyj\u0105tkowy, wiosenno-letni odcie\u0144 spranego jeansu, ale tak\u017ce kieszenie w szwach bocznych. 100% bawe\u0142na.\",\"breadcrumb\":{\"@id\":\"https:\/\/fluffouterwear.com\/pl\/produkt\/sukienka-z-kieszeniami-washed-black-denim\/#breadcrumb\"},\"inLanguage\":\"pl-PL\",\"potentialAction\":[{\"@type\":\"ReadAction\",\"target\":[\"https:\/\/fluffouterwear.com\/pl\/produkt\/sukienka-z-kieszeniami-washed-black-denim\/\"]}]},{\"@type\":\"ImageObject\",\"inLanguage\":\"pl-PL\",\"@id\":\"https:\/\/fluffouterwear.com\/pl\/produkt\/sukienka-z-kieszeniami-washed-black-denim\/#primaryimage\",\"url\":\"https:\/\/fluffouterwear.com\/wp-content\/uploads\/2024\/05\/damska-sukienka-black-denim2.jpg\",\"contentUrl\":\"https:\/\/fluffouterwear.com\/wp-content\/uploads\/2024\/05\/damska-sukienka-black-denim2.jpg\",\"width\":1185,\"height\":1310,\"caption\":\"Sukienka z mi\u0119kkiego, bawe\u0142nianego denimu z kieszeniami z przodu i ukrytymi kieszeniami w szwach. Zapinana na guziki, d\u0142ugi r\u0119kaw. Czarny jeans z efektem sprania\"},{\"@type\":\"BreadcrumbList\",\"@id\":\"https:\/\/fluffouterwear.com\/pl\/produkt\/sukienka-z-kieszeniami-washed-black-denim\/#breadcrumb\",\"itemListElement\":[{\"@type\":\"ListItem\",\"position\":1,\"name\":\"Strona g\u0142\u00f3wna\",\"item\":\"https:\/\/fluffouterwear.com\/pl\/\"},{\"@type\":\"ListItem\",\"position\":2,\"name\":\"Sklep\",\"item\":\"https:\/\/fluffouterwear.com\/pl\/sklep\/\"},{\"@type\":\"ListItem\",\"position\":3,\"name\":\"Sukienka z kieszeniami Washed-black denim\"}]},{\"@type\":\"WebSite\",\"@id\":\"https:\/\/fluffouterwear.com\/pl\/#website\",\"url\":\"https:\/\/fluffouterwear.com\/pl\/\",\"name\":\"Fluff\",\"description\":\"\",\"potentialAction\":[{\"@type\":\"SearchAction\",\"target\":{\"@type\":\"EntryPoint\",\"urlTemplate\":\"https:\/\/fluffouterwear.com\/pl\/?s={search_term_string}\"},\"query-input\":{\"@type\":\"PropertyValueSpecification\",\"valueRequired\":true,\"valueName\":\"search_term_string\"}}],\"inLanguage\":\"pl-PL\"}]}<\/script>\n<!-- \/ Yoast SEO plugin. -->","yoast_head_json":{"title":"Sukienka z kieszeniami Washed-black denim - Fluff","description":"Nasz\u0105 denimow\u0105 sukienk\u0119 wyr\u00f3\u017cnia nie tylko wyj\u0105tkowy, wiosenno-letni odcie\u0144 spranego jeansu, ale tak\u017ce kieszenie w szwach bocznych. 100% bawe\u0142na.","robots":{"index":"index","follow":"follow","max-snippet":"max-snippet:-1","max-image-preview":"max-image-preview:large","max-video-preview":"max-video-preview:-1"},"canonical":"https:\/\/fluffouterwear.com\/pl\/produkt\/sukienka-z-kieszeniami-washed-black-denim\/","og_locale":"pl_PL","og_type":"article","og_title":"Sukienka z kieszeniami Washed-black denim - Fluff","og_description":"Nasz\u0105 denimow\u0105 sukienk\u0119 wyr\u00f3\u017cnia nie tylko wyj\u0105tkowy, wiosenno-letni odcie\u0144 spranego jeansu, ale tak\u017ce kieszenie w szwach bocznych. 100% bawe\u0142na.","og_url":"https:\/\/fluffouterwear.com\/pl\/produkt\/sukienka-z-kieszeniami-washed-black-denim\/","og_site_name":"Fluff","article_modified_time":"2026-04-01T21:41:31+00:00","og_image":[{"width":1185,"height":1310,"url":"https:\/\/fluffouterwear.com\/wp-content\/uploads\/2024\/05\/damska-sukienka-black-denim2.jpg","type":"image\/jpeg"}],"twitter_card":"summary_large_image","twitter_misc":{"Szacowany czas czytania":"1 minuta"},"schema":{"@context":"https:\/\/schema.org","@graph":[{"@type":"WebPage","@id":"https:\/\/fluffouterwear.com\/pl\/produkt\/sukienka-z-kieszeniami-washed-black-denim\/","url":"https:\/\/fluffouterwear.com\/pl\/produkt\/sukienka-z-kieszeniami-washed-black-denim\/","name":"Sukienka z kieszeniami Washed-black denim - Fluff","isPartOf":{"@id":"https:\/\/fluffouterwear.com\/pl\/#website"},"primaryImageOfPage":{"@id":"https:\/\/fluffouterwear.com\/pl\/produkt\/sukienka-z-kieszeniami-washed-black-denim\/#primaryimage"},"image":{"@id":"https:\/\/fluffouterwear.com\/pl\/produkt\/sukienka-z-kieszeniami-washed-black-denim\/#primaryimage"},"thumbnailUrl":"https:\/\/fluffouterwear.com\/wp-content\/uploads\/2024\/05\/damska-sukienka-black-denim2.jpg","datePublished":"2024-04-24T12:37:06+00:00","dateModified":"2026-04-01T21:41:31+00:00","description":"Nasz\u0105 denimow\u0105 sukienk\u0119 wyr\u00f3\u017cnia nie tylko wyj\u0105tkowy, wiosenno-letni odcie\u0144 spranego jeansu, ale tak\u017ce kieszenie w szwach bocznych. 100% bawe\u0142na.","breadcrumb":{"@id":"https:\/\/fluffouterwear.com\/pl\/produkt\/sukienka-z-kieszeniami-washed-black-denim\/#breadcrumb"},"inLanguage":"pl-PL","potentialAction":[{"@type":"ReadAction","target":["https:\/\/fluffouterwear.com\/pl\/produkt\/sukienka-z-kieszeniami-washed-black-denim\/"]}]},{"@type":"ImageObject","inLanguage":"pl-PL","@id":"https:\/\/fluffouterwear.com\/pl\/produkt\/sukienka-z-kieszeniami-washed-black-denim\/#primaryimage","url":"https:\/\/fluffouterwear.com\/wp-content\/uploads\/2024\/05\/damska-sukienka-black-denim2.jpg","contentUrl":"https:\/\/fluffouterwear.com\/wp-content\/uploads\/2024\/05\/damska-sukienka-black-denim2.jpg","width":1185,"height":1310,"caption":"Sukienka z mi\u0119kkiego, bawe\u0142nianego denimu z kieszeniami z przodu i ukrytymi kieszeniami w szwach. Zapinana na guziki, d\u0142ugi r\u0119kaw. Czarny jeans z efektem sprania"},{"@type":"BreadcrumbList","@id":"https:\/\/fluffouterwear.com\/pl\/produkt\/sukienka-z-kieszeniami-washed-black-denim\/#breadcrumb","itemListElement":[{"@type":"ListItem","position":1,"name":"Strona g\u0142\u00f3wna","item":"https:\/\/fluffouterwear.com\/pl\/"},{"@type":"ListItem","position":2,"name":"Sklep","item":"https:\/\/fluffouterwear.com\/pl\/sklep\/"},{"@type":"ListItem","position":3,"name":"Sukienka z kieszeniami Washed-black denim"}]},{"@type":"WebSite","@id":"https:\/\/fluffouterwear.com\/pl\/#website","url":"https:\/\/fluffouterwear.com\/pl\/","name":"Fluff","description":"","potentialAction":[{"@type":"SearchAction","target":{"@type":"EntryPoint","urlTemplate":"https:\/\/fluffouterwear.com\/pl\/?s={search_term_string}"},"query-input":{"@type":"PropertyValueSpecification","valueRequired":true,"valueName":"search_term_string"}}],"inLanguage":"pl-PL"}]}},"_links":{"self":[{"href":"https:\/\/fluffouterwear.com\/pl\/wp-json\/wp\/v2\/product\/92502","targetHints":{"allow":["GET"]}}],"collection":[{"href":"https:\/\/fluffouterwear.com\/pl\/wp-json\/wp\/v2\/product"}],"about":[{"href":"https:\/\/fluffouterwear.com\/pl\/wp-json\/wp\/v2\/types\/product"}],"replies":[{"embeddable":true,"href":"https:\/\/fluffouterwear.com\/pl\/wp-json\/wp\/v2\/comments?post=92502"}],"wp:featuredmedia":[{"embeddable":true,"href":"https:\/\/fluffouterwear.com\/pl\/wp-json\/wp\/v2\/media\/92902"}],"wp:attachment":[{"href":"https:\/\/fluffouterwear.com\/pl\/wp-json\/wp\/v2\/media?parent=92502"}],"wp:term":[{"taxonomy":"product_brand","embeddable":true,"href":"https:\/\/fluffouterwear.com\/pl\/wp-json\/wp\/v2\/product_brand?post=92502"},{"taxonomy":"product_cat","embeddable":true,"href":"https:\/\/fluffouterwear.com\/pl\/wp-json\/wp\/v2\/product_cat?post=92502"},{"taxonomy":"product_tag","embeddable":true,"href":"https:\/\/fluffouterwear.com\/pl\/wp-json\/wp\/v2\/product_tag?post=92502"}],"curies":[{"name":"wp","href":"https:\/\/api.w.org\/{rel}","templated":true}]}}