{"id":92830,"date":"2024-05-09T15:33:08","date_gmt":"2024-05-09T13:33:08","guid":{"rendered":"https:\/\/fluffouterwear.com\/?post_type=product&#038;p=92830"},"modified":"2026-04-02T19:10:40","modified_gmt":"2026-04-02T17:10:40","slug":"longsleeve-merino-grafitowy","status":"publish","type":"product","link":"https:\/\/fluffouterwear.com\/pl\/produkt\/longsleeve-merino-grafitowy\/","title":{"rendered":"Bluza z we\u0142n\u0105 merynosa Graphite"},"content":{"rendered":"<h4><strong>Bluza z we\u0142ny merino z d\u0142ugim r\u0119kawem<\/strong><\/h4>\n<p>Ten <strong>prosty, klasyczny longsleeve<\/strong> z przykuwaj\u0105c\u0105 wzrok przedni\u0105 kieszonk\u0105 z patk\u0105, ozdobion\u0105 urocz\u0105 aplikacj\u0105 z motywem fali, doskonale sprawdzi si\u0119 jako podstawa Twoich stylizacji przez ca\u0142y rok. Materia\u0142, z kt\u00f3rego zosta\u0142 uszyty, to po\u0142\u0105czenie <strong>naturalnej we\u0142ny Merino i lyocellu<\/strong> &#8211; niezwykle mi\u0119kki, przyjemny w dotyku, a przy tym pozwalaj\u0105cy sk\u00f3rze swobodnie oddycha\u0107.<\/p>\n","protected":false},"excerpt":{"rendered":"<p>Bluza z we\u0142ny merino z d\u0142ugim r\u0119kawem Ten prosty, klasyczny longsleeve z przykuwaj\u0105c\u0105 wzrok przedni\u0105 kieszonk\u0105 z patk\u0105, ozdobion\u0105 urocz\u0105 aplikacj\u0105 z motywem fali, doskonale sprawdzi si\u0119 jako podstawa Twoich stylizacji przez ca\u0142y rok. Materia\u0142, z kt\u00f3rego zosta\u0142 uszyty, to po\u0142\u0105czenie naturalnej we\u0142ny Merino i lyocellu &#8211; niezwykle mi\u0119kki, przyjemny w dotyku, a przy tym [&#8230;]\n","protected":false},"featured_media":92910,"comment_status":"open","ping_status":"closed","template":"","meta":{"_acf_changed":false},"product_brand":[],"product_cat":[382,1064],"product_tag":[1319],"class_list":{"0":"post-92830","1":"product","2":"type-product","3":"status-publish","4":"has-post-thumbnail","6":"product_cat-outlet-pl","7":"product_cat-kobieta-pl","8":"product_tag-one","10":"first","11":"outofstock","12":"sale","13":"shipping-taxable","14":"purchasable","15":"product-type-variable"},"acf":[],"yoast_head":"<!-- This site is optimized with the Yoast SEO plugin v27.0 - https:\/\/yoast.com\/product\/yoast-seo-wordpress\/ -->\n<title>Bluza z we\u0142n\u0105 merynosa Graphite - Fluff<\/title>\n<meta name=\"description\" content=\"Ta lu\u017ana bluzka z okr\u0105g\u0142ym dekoltem i aplikacj\u0105, wykonana z przewiewnego materia\u0142u z merino, kt\u00f3ry pi\u0119knie uk\u0142ada si\u0119 na ka\u017cdej sylwetce.\" \/>\n<meta name=\"robots\" content=\"index, follow, max-snippet:-1, max-image-preview:large, max-video-preview:-1\" \/>\n<link rel=\"canonical\" href=\"https:\/\/fluffouterwear.com\/pl\/produkt\/longsleeve-merino-grafitowy\/\" \/>\n<meta property=\"og:locale\" content=\"pl_PL\" \/>\n<meta property=\"og:type\" content=\"article\" \/>\n<meta property=\"og:title\" content=\"Bluza z we\u0142n\u0105 merynosa Graphite - Fluff\" \/>\n<meta property=\"og:description\" content=\"Ta lu\u017ana bluzka z okr\u0105g\u0142ym dekoltem i aplikacj\u0105, wykonana z przewiewnego materia\u0142u z merino, kt\u00f3ry pi\u0119knie uk\u0142ada si\u0119 na ka\u017cdej sylwetce.\" \/>\n<meta property=\"og:url\" content=\"https:\/\/fluffouterwear.com\/pl\/produkt\/longsleeve-merino-grafitowy\/\" \/>\n<meta property=\"og:site_name\" content=\"Fluff\" \/>\n<meta property=\"article:modified_time\" content=\"2026-04-02T17:10:40+00:00\" \/>\n<meta property=\"og:image\" content=\"https:\/\/fluffouterwear.com\/wp-content\/uploads\/2024\/05\/damski-longsleeve-merino-graphite.jpg\" \/>\n\t<meta property=\"og:image:width\" content=\"1185\" \/>\n\t<meta property=\"og:image:height\" content=\"1310\" \/>\n\t<meta property=\"og:image:type\" content=\"image\/jpeg\" \/>\n<meta name=\"twitter:card\" content=\"summary_large_image\" \/>\n<meta name=\"twitter:label1\" content=\"Szacowany czas czytania\" \/>\n\t<meta name=\"twitter:data1\" content=\"1 minuta\" \/>\n<script type=\"application\/ld+json\" class=\"yoast-schema-graph\">{\"@context\":\"https:\/\/schema.org\",\"@graph\":[{\"@type\":\"WebPage\",\"@id\":\"https:\/\/fluffouterwear.com\/pl\/produkt\/longsleeve-merino-grafitowy\/\",\"url\":\"https:\/\/fluffouterwear.com\/pl\/produkt\/longsleeve-merino-grafitowy\/\",\"name\":\"Bluza z we\u0142n\u0105 merynosa Graphite - Fluff\",\"isPartOf\":{\"@id\":\"https:\/\/fluffouterwear.com\/pl\/#website\"},\"primaryImageOfPage\":{\"@id\":\"https:\/\/fluffouterwear.com\/pl\/produkt\/longsleeve-merino-grafitowy\/#primaryimage\"},\"image\":{\"@id\":\"https:\/\/fluffouterwear.com\/pl\/produkt\/longsleeve-merino-grafitowy\/#primaryimage\"},\"thumbnailUrl\":\"https:\/\/fluffouterwear.com\/wp-content\/uploads\/2024\/05\/damski-longsleeve-merino-graphite.jpg\",\"datePublished\":\"2024-05-09T13:33:08+00:00\",\"dateModified\":\"2026-04-02T17:10:40+00:00\",\"description\":\"Ta lu\u017ana bluzka z okr\u0105g\u0142ym dekoltem i aplikacj\u0105, wykonana z przewiewnego materia\u0142u z merino, kt\u00f3ry pi\u0119knie uk\u0142ada si\u0119 na ka\u017cdej sylwetce.\",\"breadcrumb\":{\"@id\":\"https:\/\/fluffouterwear.com\/pl\/produkt\/longsleeve-merino-grafitowy\/#breadcrumb\"},\"inLanguage\":\"pl-PL\",\"potentialAction\":[{\"@type\":\"ReadAction\",\"target\":[\"https:\/\/fluffouterwear.com\/pl\/produkt\/longsleeve-merino-grafitowy\/\"]}]},{\"@type\":\"ImageObject\",\"inLanguage\":\"pl-PL\",\"@id\":\"https:\/\/fluffouterwear.com\/pl\/produkt\/longsleeve-merino-grafitowy\/#primaryimage\",\"url\":\"https:\/\/fluffouterwear.com\/wp-content\/uploads\/2024\/05\/damski-longsleeve-merino-graphite.jpg\",\"contentUrl\":\"https:\/\/fluffouterwear.com\/wp-content\/uploads\/2024\/05\/damski-longsleeve-merino-graphite.jpg\",\"width\":1185,\"height\":1310,\"caption\":\"Bluzka z we\u0142ny merynosa z d\u0142ugim r\u0119kawem, grafitowa, z kieszonk\u0105, Graphite\"},{\"@type\":\"BreadcrumbList\",\"@id\":\"https:\/\/fluffouterwear.com\/pl\/produkt\/longsleeve-merino-grafitowy\/#breadcrumb\",\"itemListElement\":[{\"@type\":\"ListItem\",\"position\":1,\"name\":\"Strona g\u0142\u00f3wna\",\"item\":\"https:\/\/fluffouterwear.com\/pl\/\"},{\"@type\":\"ListItem\",\"position\":2,\"name\":\"Sklep\",\"item\":\"https:\/\/fluffouterwear.com\/pl\/sklep\/\"},{\"@type\":\"ListItem\",\"position\":3,\"name\":\"Bluza z we\u0142n\u0105 merynosa Graphite\"}]},{\"@type\":\"WebSite\",\"@id\":\"https:\/\/fluffouterwear.com\/pl\/#website\",\"url\":\"https:\/\/fluffouterwear.com\/pl\/\",\"name\":\"Fluff\",\"description\":\"\",\"potentialAction\":[{\"@type\":\"SearchAction\",\"target\":{\"@type\":\"EntryPoint\",\"urlTemplate\":\"https:\/\/fluffouterwear.com\/pl\/?s={search_term_string}\"},\"query-input\":{\"@type\":\"PropertyValueSpecification\",\"valueRequired\":true,\"valueName\":\"search_term_string\"}}],\"inLanguage\":\"pl-PL\"}]}<\/script>\n<!-- \/ Yoast SEO plugin. -->","yoast_head_json":{"title":"Bluza z we\u0142n\u0105 merynosa Graphite - Fluff","description":"Ta lu\u017ana bluzka z okr\u0105g\u0142ym dekoltem i aplikacj\u0105, wykonana z przewiewnego materia\u0142u z merino, kt\u00f3ry pi\u0119knie uk\u0142ada si\u0119 na ka\u017cdej sylwetce.","robots":{"index":"index","follow":"follow","max-snippet":"max-snippet:-1","max-image-preview":"max-image-preview:large","max-video-preview":"max-video-preview:-1"},"canonical":"https:\/\/fluffouterwear.com\/pl\/produkt\/longsleeve-merino-grafitowy\/","og_locale":"pl_PL","og_type":"article","og_title":"Bluza z we\u0142n\u0105 merynosa Graphite - Fluff","og_description":"Ta lu\u017ana bluzka z okr\u0105g\u0142ym dekoltem i aplikacj\u0105, wykonana z przewiewnego materia\u0142u z merino, kt\u00f3ry pi\u0119knie uk\u0142ada si\u0119 na ka\u017cdej sylwetce.","og_url":"https:\/\/fluffouterwear.com\/pl\/produkt\/longsleeve-merino-grafitowy\/","og_site_name":"Fluff","article_modified_time":"2026-04-02T17:10:40+00:00","og_image":[{"width":1185,"height":1310,"url":"https:\/\/fluffouterwear.com\/wp-content\/uploads\/2024\/05\/damski-longsleeve-merino-graphite.jpg","type":"image\/jpeg"}],"twitter_card":"summary_large_image","twitter_misc":{"Szacowany czas czytania":"1 minuta"},"schema":{"@context":"https:\/\/schema.org","@graph":[{"@type":"WebPage","@id":"https:\/\/fluffouterwear.com\/pl\/produkt\/longsleeve-merino-grafitowy\/","url":"https:\/\/fluffouterwear.com\/pl\/produkt\/longsleeve-merino-grafitowy\/","name":"Bluza z we\u0142n\u0105 merynosa Graphite - Fluff","isPartOf":{"@id":"https:\/\/fluffouterwear.com\/pl\/#website"},"primaryImageOfPage":{"@id":"https:\/\/fluffouterwear.com\/pl\/produkt\/longsleeve-merino-grafitowy\/#primaryimage"},"image":{"@id":"https:\/\/fluffouterwear.com\/pl\/produkt\/longsleeve-merino-grafitowy\/#primaryimage"},"thumbnailUrl":"https:\/\/fluffouterwear.com\/wp-content\/uploads\/2024\/05\/damski-longsleeve-merino-graphite.jpg","datePublished":"2024-05-09T13:33:08+00:00","dateModified":"2026-04-02T17:10:40+00:00","description":"Ta lu\u017ana bluzka z okr\u0105g\u0142ym dekoltem i aplikacj\u0105, wykonana z przewiewnego materia\u0142u z merino, kt\u00f3ry pi\u0119knie uk\u0142ada si\u0119 na ka\u017cdej sylwetce.","breadcrumb":{"@id":"https:\/\/fluffouterwear.com\/pl\/produkt\/longsleeve-merino-grafitowy\/#breadcrumb"},"inLanguage":"pl-PL","potentialAction":[{"@type":"ReadAction","target":["https:\/\/fluffouterwear.com\/pl\/produkt\/longsleeve-merino-grafitowy\/"]}]},{"@type":"ImageObject","inLanguage":"pl-PL","@id":"https:\/\/fluffouterwear.com\/pl\/produkt\/longsleeve-merino-grafitowy\/#primaryimage","url":"https:\/\/fluffouterwear.com\/wp-content\/uploads\/2024\/05\/damski-longsleeve-merino-graphite.jpg","contentUrl":"https:\/\/fluffouterwear.com\/wp-content\/uploads\/2024\/05\/damski-longsleeve-merino-graphite.jpg","width":1185,"height":1310,"caption":"Bluzka z we\u0142ny merynosa z d\u0142ugim r\u0119kawem, grafitowa, z kieszonk\u0105, Graphite"},{"@type":"BreadcrumbList","@id":"https:\/\/fluffouterwear.com\/pl\/produkt\/longsleeve-merino-grafitowy\/#breadcrumb","itemListElement":[{"@type":"ListItem","position":1,"name":"Strona g\u0142\u00f3wna","item":"https:\/\/fluffouterwear.com\/pl\/"},{"@type":"ListItem","position":2,"name":"Sklep","item":"https:\/\/fluffouterwear.com\/pl\/sklep\/"},{"@type":"ListItem","position":3,"name":"Bluza z we\u0142n\u0105 merynosa Graphite"}]},{"@type":"WebSite","@id":"https:\/\/fluffouterwear.com\/pl\/#website","url":"https:\/\/fluffouterwear.com\/pl\/","name":"Fluff","description":"","potentialAction":[{"@type":"SearchAction","target":{"@type":"EntryPoint","urlTemplate":"https:\/\/fluffouterwear.com\/pl\/?s={search_term_string}"},"query-input":{"@type":"PropertyValueSpecification","valueRequired":true,"valueName":"search_term_string"}}],"inLanguage":"pl-PL"}]}},"_links":{"self":[{"href":"https:\/\/fluffouterwear.com\/pl\/wp-json\/wp\/v2\/product\/92830","targetHints":{"allow":["GET"]}}],"collection":[{"href":"https:\/\/fluffouterwear.com\/pl\/wp-json\/wp\/v2\/product"}],"about":[{"href":"https:\/\/fluffouterwear.com\/pl\/wp-json\/wp\/v2\/types\/product"}],"replies":[{"embeddable":true,"href":"https:\/\/fluffouterwear.com\/pl\/wp-json\/wp\/v2\/comments?post=92830"}],"wp:featuredmedia":[{"embeddable":true,"href":"https:\/\/fluffouterwear.com\/pl\/wp-json\/wp\/v2\/media\/92910"}],"wp:attachment":[{"href":"https:\/\/fluffouterwear.com\/pl\/wp-json\/wp\/v2\/media?parent=92830"}],"wp:term":[{"taxonomy":"product_brand","embeddable":true,"href":"https:\/\/fluffouterwear.com\/pl\/wp-json\/wp\/v2\/product_brand?post=92830"},{"taxonomy":"product_cat","embeddable":true,"href":"https:\/\/fluffouterwear.com\/pl\/wp-json\/wp\/v2\/product_cat?post=92830"},{"taxonomy":"product_tag","embeddable":true,"href":"https:\/\/fluffouterwear.com\/pl\/wp-json\/wp\/v2\/product_tag?post=92830"}],"curies":[{"name":"wp","href":"https:\/\/api.w.org\/{rel}","templated":true}]}}