{"id":94041,"date":"2024-08-22T16:18:49","date_gmt":"2024-08-22T14:18:49","guid":{"rendered":"https:\/\/fluffouterwear.com\/?post_type=product&#038;p=94041"},"modified":"2026-04-03T11:32:01","modified_gmt":"2026-04-03T09:32:01","slug":"plaszcz-meski-montana-bezowy","status":"publish","type":"product","link":"https:\/\/fluffouterwear.com\/pl\/produkt\/plaszcz-meski-montana-bezowy\/","title":{"rendered":"P\u0142aszcz m\u0119ski Montana Beige"},"content":{"rendered":"<h4><strong>M\u0119ski p\u0142aszcz zimowy be\u017cowy<\/strong><\/h4>\n<p>Lekki <b>p\u0142aszcz puchowy m\u0119ski <\/b>Montana o klasycznym pikowaniu i wygodnej d\u0142ugo\u015bci do kolan oka\u017ce si\u0119 strza\u0142em w dziesi\u0105tk\u0119, je\u015bli szukasz praktycznego, wszechstronnego i trwa\u0142ego okrycia na zim\u0119. Co ma w sobie nowa propozycja FLUFF, \u017ce bije na g\u0142ow\u0119 inne <b>p\u0142aszcze zimowe m\u0119skie<\/b>?<\/p>\n<p>Przede wszystkim &#8211; jak wszystkie nasze <b>kurtki i p\u0142aszcze puchowe<\/b> &#8211; gwarantuje pe\u0142en komfort cieplny nawet w naprawd\u0119 niskich temperaturach. Ale to nie wszystko &#8211; sekret tkwi w szczeg\u00f3\u0142ach, takich jak dwie du\u017ce, bardzo pojemne przednie kieszenie zewn\u0119trzne, kt\u00f3re pomieszcz\u0105 wszystkie niezb\u0119dne gad\u017cety. Nasz nowy <b>p\u0142aszcz m\u0119ski zimowy<\/b> wyposa\u017cyli\u015bmy te\u017c w praktyczne rozwi\u0105zania dodatkowo chroni\u0105ce przed zimnem: g\u0142\u0119boki kaptur z ochron\u0105 podbr\u00f3dka, a tak\u017ce wewn\u0119trzne r\u0119kawki. Gwarantujemy ciep\u0142o do -25 stopni mrozu.<\/p>\n<p>Model ma 187 cm wzrostu i prezentuje rozmiar L.<\/p>\n","protected":false},"excerpt":{"rendered":"<p><span data-text-color=\"success\">Najni\u017csza cena z ostatnich 30 dni: 800 z\u0142<\/span><\/p>\n","protected":false},"featured_media":96037,"comment_status":"open","ping_status":"closed","template":"","meta":{"_acf_changed":false},"product_brand":[],"product_cat":[382,1063],"product_tag":[1406],"class_list":{"0":"post-94041","1":"product","2":"type-product","3":"status-publish","4":"has-post-thumbnail","6":"product_cat-outlet-pl","7":"product_cat-mezczyzna-pl","8":"product_tag-mpla","10":"first","11":"outofstock","12":"sale","13":"shipping-taxable","14":"purchasable","15":"product-type-variable"},"acf":[],"yoast_head":"<!-- This site is optimized with the Yoast SEO plugin v27.0 - https:\/\/yoast.com\/product\/yoast-seo-wordpress\/ -->\n<title>P\u0142aszcz m\u0119ski Montana Beige - Fluff<\/title>\n<meta name=\"description\" content=\"Komfort i ponadczasowy kr\u00f3j - to po\u0142\u0105czenie, kt\u00f3re sprawia, \u017ce lekka kurtka puchowa m\u0119ska z kapturem Montana to idealny wyb\u00f3r na sezon jesienno-zimowy.\" \/>\n<meta name=\"robots\" content=\"index, follow, max-snippet:-1, max-image-preview:large, max-video-preview:-1\" \/>\n<link rel=\"canonical\" href=\"https:\/\/fluffouterwear.com\/pl\/produkt\/plaszcz-meski-montana-bezowy\/\" \/>\n<meta property=\"og:locale\" content=\"pl_PL\" \/>\n<meta property=\"og:type\" content=\"article\" \/>\n<meta property=\"og:title\" content=\"P\u0142aszcz m\u0119ski Montana Beige - Fluff\" \/>\n<meta property=\"og:description\" content=\"Komfort i ponadczasowy kr\u00f3j - to po\u0142\u0105czenie, kt\u00f3re sprawia, \u017ce lekka kurtka puchowa m\u0119ska z kapturem Montana to idealny wyb\u00f3r na sezon jesienno-zimowy.\" \/>\n<meta property=\"og:url\" content=\"https:\/\/fluffouterwear.com\/pl\/produkt\/plaszcz-meski-montana-bezowy\/\" \/>\n<meta property=\"og:site_name\" content=\"Fluff\" \/>\n<meta property=\"article:modified_time\" content=\"2026-04-03T09:32:01+00:00\" \/>\n<meta property=\"og:image\" content=\"https:\/\/fluffouterwear.com\/wp-content\/uploads\/2024\/09\/meski-plaszcz-montana-beige-2.jpg\" \/>\n\t<meta property=\"og:image:width\" content=\"1185\" \/>\n\t<meta property=\"og:image:height\" content=\"1310\" \/>\n\t<meta property=\"og:image:type\" content=\"image\/jpeg\" \/>\n<meta name=\"twitter:card\" content=\"summary_large_image\" \/>\n<meta name=\"twitter:label1\" content=\"Szacowany czas czytania\" \/>\n\t<meta name=\"twitter:data1\" content=\"1 minuta\" \/>\n<script type=\"application\/ld+json\" class=\"yoast-schema-graph\">{\"@context\":\"https:\/\/schema.org\",\"@graph\":[{\"@type\":\"WebPage\",\"@id\":\"https:\/\/fluffouterwear.com\/pl\/produkt\/plaszcz-meski-montana-bezowy\/\",\"url\":\"https:\/\/fluffouterwear.com\/pl\/produkt\/plaszcz-meski-montana-bezowy\/\",\"name\":\"P\u0142aszcz m\u0119ski Montana Beige - Fluff\",\"isPartOf\":{\"@id\":\"https:\/\/fluffouterwear.com\/pl\/#website\"},\"primaryImageOfPage\":{\"@id\":\"https:\/\/fluffouterwear.com\/pl\/produkt\/plaszcz-meski-montana-bezowy\/#primaryimage\"},\"image\":{\"@id\":\"https:\/\/fluffouterwear.com\/pl\/produkt\/plaszcz-meski-montana-bezowy\/#primaryimage\"},\"thumbnailUrl\":\"https:\/\/fluffouterwear.com\/wp-content\/uploads\/2024\/09\/meski-plaszcz-montana-beige-2.jpg\",\"datePublished\":\"2024-08-22T14:18:49+00:00\",\"dateModified\":\"2026-04-03T09:32:01+00:00\",\"description\":\"Komfort i ponadczasowy kr\u00f3j - to po\u0142\u0105czenie, kt\u00f3re sprawia, \u017ce lekka kurtka puchowa m\u0119ska z kapturem Montana to idealny wyb\u00f3r na sezon jesienno-zimowy.\",\"breadcrumb\":{\"@id\":\"https:\/\/fluffouterwear.com\/pl\/produkt\/plaszcz-meski-montana-bezowy\/#breadcrumb\"},\"inLanguage\":\"pl-PL\",\"potentialAction\":[{\"@type\":\"ReadAction\",\"target\":[\"https:\/\/fluffouterwear.com\/pl\/produkt\/plaszcz-meski-montana-bezowy\/\"]}]},{\"@type\":\"ImageObject\",\"inLanguage\":\"pl-PL\",\"@id\":\"https:\/\/fluffouterwear.com\/pl\/produkt\/plaszcz-meski-montana-bezowy\/#primaryimage\",\"url\":\"https:\/\/fluffouterwear.com\/wp-content\/uploads\/2024\/09\/meski-plaszcz-montana-beige-2.jpg\",\"contentUrl\":\"https:\/\/fluffouterwear.com\/wp-content\/uploads\/2024\/09\/meski-plaszcz-montana-beige-2.jpg\",\"width\":1185,\"height\":1310,\"caption\":\"Long warm winter coat with front pockets. Puffer coat with removable hood.\"},{\"@type\":\"BreadcrumbList\",\"@id\":\"https:\/\/fluffouterwear.com\/pl\/produkt\/plaszcz-meski-montana-bezowy\/#breadcrumb\",\"itemListElement\":[{\"@type\":\"ListItem\",\"position\":1,\"name\":\"Strona g\u0142\u00f3wna\",\"item\":\"https:\/\/fluffouterwear.com\/pl\/\"},{\"@type\":\"ListItem\",\"position\":2,\"name\":\"Sklep\",\"item\":\"https:\/\/fluffouterwear.com\/pl\/sklep\/\"},{\"@type\":\"ListItem\",\"position\":3,\"name\":\"P\u0142aszcz m\u0119ski Montana Beige\"}]},{\"@type\":\"WebSite\",\"@id\":\"https:\/\/fluffouterwear.com\/pl\/#website\",\"url\":\"https:\/\/fluffouterwear.com\/pl\/\",\"name\":\"Fluff\",\"description\":\"\",\"potentialAction\":[{\"@type\":\"SearchAction\",\"target\":{\"@type\":\"EntryPoint\",\"urlTemplate\":\"https:\/\/fluffouterwear.com\/pl\/?s={search_term_string}\"},\"query-input\":{\"@type\":\"PropertyValueSpecification\",\"valueRequired\":true,\"valueName\":\"search_term_string\"}}],\"inLanguage\":\"pl-PL\"}]}<\/script>\n<!-- \/ Yoast SEO plugin. -->","yoast_head_json":{"title":"P\u0142aszcz m\u0119ski Montana Beige - Fluff","description":"Komfort i ponadczasowy kr\u00f3j - to po\u0142\u0105czenie, kt\u00f3re sprawia, \u017ce lekka kurtka puchowa m\u0119ska z kapturem Montana to idealny wyb\u00f3r na sezon jesienno-zimowy.","robots":{"index":"index","follow":"follow","max-snippet":"max-snippet:-1","max-image-preview":"max-image-preview:large","max-video-preview":"max-video-preview:-1"},"canonical":"https:\/\/fluffouterwear.com\/pl\/produkt\/plaszcz-meski-montana-bezowy\/","og_locale":"pl_PL","og_type":"article","og_title":"P\u0142aszcz m\u0119ski Montana Beige - Fluff","og_description":"Komfort i ponadczasowy kr\u00f3j - to po\u0142\u0105czenie, kt\u00f3re sprawia, \u017ce lekka kurtka puchowa m\u0119ska z kapturem Montana to idealny wyb\u00f3r na sezon jesienno-zimowy.","og_url":"https:\/\/fluffouterwear.com\/pl\/produkt\/plaszcz-meski-montana-bezowy\/","og_site_name":"Fluff","article_modified_time":"2026-04-03T09:32:01+00:00","og_image":[{"width":1185,"height":1310,"url":"https:\/\/fluffouterwear.com\/wp-content\/uploads\/2024\/09\/meski-plaszcz-montana-beige-2.jpg","type":"image\/jpeg"}],"twitter_card":"summary_large_image","twitter_misc":{"Szacowany czas czytania":"1 minuta"},"schema":{"@context":"https:\/\/schema.org","@graph":[{"@type":"WebPage","@id":"https:\/\/fluffouterwear.com\/pl\/produkt\/plaszcz-meski-montana-bezowy\/","url":"https:\/\/fluffouterwear.com\/pl\/produkt\/plaszcz-meski-montana-bezowy\/","name":"P\u0142aszcz m\u0119ski Montana Beige - Fluff","isPartOf":{"@id":"https:\/\/fluffouterwear.com\/pl\/#website"},"primaryImageOfPage":{"@id":"https:\/\/fluffouterwear.com\/pl\/produkt\/plaszcz-meski-montana-bezowy\/#primaryimage"},"image":{"@id":"https:\/\/fluffouterwear.com\/pl\/produkt\/plaszcz-meski-montana-bezowy\/#primaryimage"},"thumbnailUrl":"https:\/\/fluffouterwear.com\/wp-content\/uploads\/2024\/09\/meski-plaszcz-montana-beige-2.jpg","datePublished":"2024-08-22T14:18:49+00:00","dateModified":"2026-04-03T09:32:01+00:00","description":"Komfort i ponadczasowy kr\u00f3j - to po\u0142\u0105czenie, kt\u00f3re sprawia, \u017ce lekka kurtka puchowa m\u0119ska z kapturem Montana to idealny wyb\u00f3r na sezon jesienno-zimowy.","breadcrumb":{"@id":"https:\/\/fluffouterwear.com\/pl\/produkt\/plaszcz-meski-montana-bezowy\/#breadcrumb"},"inLanguage":"pl-PL","potentialAction":[{"@type":"ReadAction","target":["https:\/\/fluffouterwear.com\/pl\/produkt\/plaszcz-meski-montana-bezowy\/"]}]},{"@type":"ImageObject","inLanguage":"pl-PL","@id":"https:\/\/fluffouterwear.com\/pl\/produkt\/plaszcz-meski-montana-bezowy\/#primaryimage","url":"https:\/\/fluffouterwear.com\/wp-content\/uploads\/2024\/09\/meski-plaszcz-montana-beige-2.jpg","contentUrl":"https:\/\/fluffouterwear.com\/wp-content\/uploads\/2024\/09\/meski-plaszcz-montana-beige-2.jpg","width":1185,"height":1310,"caption":"Long warm winter coat with front pockets. Puffer coat with removable hood."},{"@type":"BreadcrumbList","@id":"https:\/\/fluffouterwear.com\/pl\/produkt\/plaszcz-meski-montana-bezowy\/#breadcrumb","itemListElement":[{"@type":"ListItem","position":1,"name":"Strona g\u0142\u00f3wna","item":"https:\/\/fluffouterwear.com\/pl\/"},{"@type":"ListItem","position":2,"name":"Sklep","item":"https:\/\/fluffouterwear.com\/pl\/sklep\/"},{"@type":"ListItem","position":3,"name":"P\u0142aszcz m\u0119ski Montana Beige"}]},{"@type":"WebSite","@id":"https:\/\/fluffouterwear.com\/pl\/#website","url":"https:\/\/fluffouterwear.com\/pl\/","name":"Fluff","description":"","potentialAction":[{"@type":"SearchAction","target":{"@type":"EntryPoint","urlTemplate":"https:\/\/fluffouterwear.com\/pl\/?s={search_term_string}"},"query-input":{"@type":"PropertyValueSpecification","valueRequired":true,"valueName":"search_term_string"}}],"inLanguage":"pl-PL"}]}},"_links":{"self":[{"href":"https:\/\/fluffouterwear.com\/pl\/wp-json\/wp\/v2\/product\/94041","targetHints":{"allow":["GET"]}}],"collection":[{"href":"https:\/\/fluffouterwear.com\/pl\/wp-json\/wp\/v2\/product"}],"about":[{"href":"https:\/\/fluffouterwear.com\/pl\/wp-json\/wp\/v2\/types\/product"}],"replies":[{"embeddable":true,"href":"https:\/\/fluffouterwear.com\/pl\/wp-json\/wp\/v2\/comments?post=94041"}],"wp:featuredmedia":[{"embeddable":true,"href":"https:\/\/fluffouterwear.com\/pl\/wp-json\/wp\/v2\/media\/96037"}],"wp:attachment":[{"href":"https:\/\/fluffouterwear.com\/pl\/wp-json\/wp\/v2\/media?parent=94041"}],"wp:term":[{"taxonomy":"product_brand","embeddable":true,"href":"https:\/\/fluffouterwear.com\/pl\/wp-json\/wp\/v2\/product_brand?post=94041"},{"taxonomy":"product_cat","embeddable":true,"href":"https:\/\/fluffouterwear.com\/pl\/wp-json\/wp\/v2\/product_cat?post=94041"},{"taxonomy":"product_tag","embeddable":true,"href":"https:\/\/fluffouterwear.com\/pl\/wp-json\/wp\/v2\/product_tag?post=94041"}],"curies":[{"name":"wp","href":"https:\/\/api.w.org\/{rel}","templated":true}]}}