{"id":94083,"date":"2024-08-23T12:55:59","date_gmt":"2024-08-23T10:55:59","guid":{"rendered":"https:\/\/fluffouterwear.com\/?post_type=product&#038;p=94083"},"modified":"2026-04-09T14:28:54","modified_gmt":"2026-04-09T12:28:54","slug":"kurtka-meska-montana-black","status":"publish","type":"product","link":"https:\/\/fluffouterwear.com\/pl\/produkt\/kurtka-meska-montana-black\/","title":{"rendered":"Kurtka m\u0119ska Montana Black"},"content":{"rendered":"<h4><strong>Zimowa m\u0119ska puch\u00f3wka czarna<br \/>\n<\/strong><\/h4>\n<p>Komfort, uniwersalno\u015b\u0107 i ponadczasowy kr\u00f3j &#8211; to po\u0142\u0105czenie, kt\u00f3re sprawia, \u017ce <strong>zimowa kurtka puchowa m\u0119ska <\/strong>z kapturem Montana to idealny wyb\u00f3r na sezon jesienno-zimowy. I to niejeden: najwy\u017csza jako\u015b\u0107 materia\u0142\u00f3w i wykonania gwarantuje bowiem, \u017ce ta wygodna kurtka zimowa m\u0119ska z powodzeniem pos\u0142u\u017cy Ci przez lata.<\/p>\n<p>W tym <strong>prostym fasonie<\/strong>, kt\u00f3ry nigdy nie wychodzi z mody, uwag\u0119 przykuwaj\u0105 przede wszystkim dwie du\u017ce, pojemne kieszenie zewn\u0119trzne z przodu, w kt\u00f3rych zmie\u015bci si\u0119 wszystko, co warto mie\u0107 zawsze pod r\u0119k\u0105. Niezwykle praktyczne i przyjemne w u\u017cytkowaniu okazuj\u0105 si\u0119 tak\u017ce wewn\u0119trzne r\u0119kawki, kt\u00f3re wraz z regulacj\u0105 r\u0119kawa na napy ochroni\u0105 Twoje d\u0142onie przed mrozem. Ta <strong>kurtka puchowa<\/strong> m\u0119ska sprawdzi si\u0119 w ka\u017cdej, nawet ekstremalnej zimowej sytuacji.<\/p>\n<p>Model ma 187 cm wzrostu i prezentuje rozmiar L.<\/p>\n","protected":false},"excerpt":{"rendered":"<p>Zimowa m\u0119ska puch\u00f3wka czarna Komfort, uniwersalno\u015b\u0107 i ponadczasowy kr\u00f3j &#8211; to po\u0142\u0105czenie, kt\u00f3re sprawia, \u017ce zimowa kurtka puchowa m\u0119ska z kapturem Montana to idealny wyb\u00f3r na sezon jesienno-zimowy. I to niejeden: najwy\u017csza jako\u015b\u0107 materia\u0142\u00f3w i wykonania gwarantuje bowiem, \u017ce ta wygodna kurtka zimowa m\u0119ska z powodzeniem pos\u0142u\u017cy Ci przez lata. W tym prostym fasonie, kt\u00f3ry [&#8230;]\n","protected":false},"featured_media":96025,"comment_status":"open","ping_status":"closed","template":"","meta":{"_acf_changed":false},"product_brand":[],"product_cat":[304,569,382,1063],"product_tag":[1406],"class_list":{"0":"post-94083","1":"product","2":"type-product","3":"status-publish","4":"has-post-thumbnail","6":"product_cat-mezczyzna","7":"product_cat-kurtki-meskie","8":"product_cat-outlet-pl","9":"product_cat-mezczyzna-pl","10":"product_tag-mpla","12":"first","13":"instock","14":"sale","15":"shipping-taxable","16":"purchasable","17":"product-type-variable"},"acf":[],"yoast_head":"<!-- This site is optimized with the Yoast SEO plugin v27.0 - https:\/\/yoast.com\/product\/yoast-seo-wordpress\/ -->\n<title>Kurtka m\u0119ska Montana Black - Fluff<\/title>\n<meta name=\"description\" content=\"Komfort i ponadczasowy kr\u00f3j - to po\u0142\u0105czenie, kt\u00f3re sprawia, \u017ce lekka kurtka puchowa m\u0119ska z kapturem Montana to idealny wyb\u00f3r na sezon jesienno-zimowy.\" \/>\n<meta name=\"robots\" content=\"index, follow, max-snippet:-1, max-image-preview:large, max-video-preview:-1\" \/>\n<link rel=\"canonical\" href=\"https:\/\/fluffouterwear.com\/pl\/produkt\/kurtka-meska-montana-black\/\" \/>\n<meta property=\"og:locale\" content=\"pl_PL\" \/>\n<meta property=\"og:type\" content=\"article\" \/>\n<meta property=\"og:title\" content=\"Kurtka m\u0119ska Montana Black - Fluff\" \/>\n<meta property=\"og:description\" content=\"Komfort i ponadczasowy kr\u00f3j - to po\u0142\u0105czenie, kt\u00f3re sprawia, \u017ce lekka kurtka puchowa m\u0119ska z kapturem Montana to idealny wyb\u00f3r na sezon jesienno-zimowy.\" \/>\n<meta property=\"og:url\" content=\"https:\/\/fluffouterwear.com\/pl\/produkt\/kurtka-meska-montana-black\/\" \/>\n<meta property=\"og:site_name\" content=\"Fluff\" \/>\n<meta property=\"article:modified_time\" content=\"2026-04-09T12:28:54+00:00\" \/>\n<meta property=\"og:image\" content=\"https:\/\/fluffouterwear.com\/wp-content\/uploads\/2024\/09\/meska-kurtka-montana-black-2.jpg\" \/>\n\t<meta property=\"og:image:width\" content=\"1185\" \/>\n\t<meta property=\"og:image:height\" content=\"1310\" \/>\n\t<meta property=\"og:image:type\" content=\"image\/jpeg\" \/>\n<meta name=\"twitter:card\" content=\"summary_large_image\" \/>\n<meta name=\"twitter:label1\" content=\"Szacowany czas czytania\" \/>\n\t<meta name=\"twitter:data1\" content=\"1 minuta\" \/>\n<script type=\"application\/ld+json\" class=\"yoast-schema-graph\">{\"@context\":\"https:\/\/schema.org\",\"@graph\":[{\"@type\":\"WebPage\",\"@id\":\"https:\/\/fluffouterwear.com\/pl\/produkt\/kurtka-meska-montana-black\/\",\"url\":\"https:\/\/fluffouterwear.com\/pl\/produkt\/kurtka-meska-montana-black\/\",\"name\":\"Kurtka m\u0119ska Montana Black - Fluff\",\"isPartOf\":{\"@id\":\"https:\/\/fluffouterwear.com\/pl\/#website\"},\"primaryImageOfPage\":{\"@id\":\"https:\/\/fluffouterwear.com\/pl\/produkt\/kurtka-meska-montana-black\/#primaryimage\"},\"image\":{\"@id\":\"https:\/\/fluffouterwear.com\/pl\/produkt\/kurtka-meska-montana-black\/#primaryimage\"},\"thumbnailUrl\":\"https:\/\/fluffouterwear.com\/wp-content\/uploads\/2024\/09\/meska-kurtka-montana-black-2.jpg\",\"datePublished\":\"2024-08-23T10:55:59+00:00\",\"dateModified\":\"2026-04-09T12:28:54+00:00\",\"description\":\"Komfort i ponadczasowy kr\u00f3j - to po\u0142\u0105czenie, kt\u00f3re sprawia, \u017ce lekka kurtka puchowa m\u0119ska z kapturem Montana to idealny wyb\u00f3r na sezon jesienno-zimowy.\",\"breadcrumb\":{\"@id\":\"https:\/\/fluffouterwear.com\/pl\/produkt\/kurtka-meska-montana-black\/#breadcrumb\"},\"inLanguage\":\"pl-PL\",\"potentialAction\":[{\"@type\":\"ReadAction\",\"target\":[\"https:\/\/fluffouterwear.com\/pl\/produkt\/kurtka-meska-montana-black\/\"]}]},{\"@type\":\"ImageObject\",\"inLanguage\":\"pl-PL\",\"@id\":\"https:\/\/fluffouterwear.com\/pl\/produkt\/kurtka-meska-montana-black\/#primaryimage\",\"url\":\"https:\/\/fluffouterwear.com\/wp-content\/uploads\/2024\/09\/meska-kurtka-montana-black-2.jpg\",\"contentUrl\":\"https:\/\/fluffouterwear.com\/wp-content\/uploads\/2024\/09\/meska-kurtka-montana-black-2.jpg\",\"width\":1185,\"height\":1310,\"caption\":\"Puffer winter jacket with natural down filling. Removable hood, front pockets. Wide quilting.\"},{\"@type\":\"BreadcrumbList\",\"@id\":\"https:\/\/fluffouterwear.com\/pl\/produkt\/kurtka-meska-montana-black\/#breadcrumb\",\"itemListElement\":[{\"@type\":\"ListItem\",\"position\":1,\"name\":\"Strona g\u0142\u00f3wna\",\"item\":\"https:\/\/fluffouterwear.com\/pl\/\"},{\"@type\":\"ListItem\",\"position\":2,\"name\":\"Sklep\",\"item\":\"https:\/\/fluffouterwear.com\/pl\/sklep\/\"},{\"@type\":\"ListItem\",\"position\":3,\"name\":\"Kurtka m\u0119ska Montana Black\"}]},{\"@type\":\"WebSite\",\"@id\":\"https:\/\/fluffouterwear.com\/pl\/#website\",\"url\":\"https:\/\/fluffouterwear.com\/pl\/\",\"name\":\"Fluff\",\"description\":\"\",\"potentialAction\":[{\"@type\":\"SearchAction\",\"target\":{\"@type\":\"EntryPoint\",\"urlTemplate\":\"https:\/\/fluffouterwear.com\/pl\/?s={search_term_string}\"},\"query-input\":{\"@type\":\"PropertyValueSpecification\",\"valueRequired\":true,\"valueName\":\"search_term_string\"}}],\"inLanguage\":\"pl-PL\"}]}<\/script>\n<!-- \/ Yoast SEO plugin. -->","yoast_head_json":{"title":"Kurtka m\u0119ska Montana Black - Fluff","description":"Komfort i ponadczasowy kr\u00f3j - to po\u0142\u0105czenie, kt\u00f3re sprawia, \u017ce lekka kurtka puchowa m\u0119ska z kapturem Montana to idealny wyb\u00f3r na sezon jesienno-zimowy.","robots":{"index":"index","follow":"follow","max-snippet":"max-snippet:-1","max-image-preview":"max-image-preview:large","max-video-preview":"max-video-preview:-1"},"canonical":"https:\/\/fluffouterwear.com\/pl\/produkt\/kurtka-meska-montana-black\/","og_locale":"pl_PL","og_type":"article","og_title":"Kurtka m\u0119ska Montana Black - Fluff","og_description":"Komfort i ponadczasowy kr\u00f3j - to po\u0142\u0105czenie, kt\u00f3re sprawia, \u017ce lekka kurtka puchowa m\u0119ska z kapturem Montana to idealny wyb\u00f3r na sezon jesienno-zimowy.","og_url":"https:\/\/fluffouterwear.com\/pl\/produkt\/kurtka-meska-montana-black\/","og_site_name":"Fluff","article_modified_time":"2026-04-09T12:28:54+00:00","og_image":[{"width":1185,"height":1310,"url":"https:\/\/fluffouterwear.com\/wp-content\/uploads\/2024\/09\/meska-kurtka-montana-black-2.jpg","type":"image\/jpeg"}],"twitter_card":"summary_large_image","twitter_misc":{"Szacowany czas czytania":"1 minuta"},"schema":{"@context":"https:\/\/schema.org","@graph":[{"@type":"WebPage","@id":"https:\/\/fluffouterwear.com\/pl\/produkt\/kurtka-meska-montana-black\/","url":"https:\/\/fluffouterwear.com\/pl\/produkt\/kurtka-meska-montana-black\/","name":"Kurtka m\u0119ska Montana Black - Fluff","isPartOf":{"@id":"https:\/\/fluffouterwear.com\/pl\/#website"},"primaryImageOfPage":{"@id":"https:\/\/fluffouterwear.com\/pl\/produkt\/kurtka-meska-montana-black\/#primaryimage"},"image":{"@id":"https:\/\/fluffouterwear.com\/pl\/produkt\/kurtka-meska-montana-black\/#primaryimage"},"thumbnailUrl":"https:\/\/fluffouterwear.com\/wp-content\/uploads\/2024\/09\/meska-kurtka-montana-black-2.jpg","datePublished":"2024-08-23T10:55:59+00:00","dateModified":"2026-04-09T12:28:54+00:00","description":"Komfort i ponadczasowy kr\u00f3j - to po\u0142\u0105czenie, kt\u00f3re sprawia, \u017ce lekka kurtka puchowa m\u0119ska z kapturem Montana to idealny wyb\u00f3r na sezon jesienno-zimowy.","breadcrumb":{"@id":"https:\/\/fluffouterwear.com\/pl\/produkt\/kurtka-meska-montana-black\/#breadcrumb"},"inLanguage":"pl-PL","potentialAction":[{"@type":"ReadAction","target":["https:\/\/fluffouterwear.com\/pl\/produkt\/kurtka-meska-montana-black\/"]}]},{"@type":"ImageObject","inLanguage":"pl-PL","@id":"https:\/\/fluffouterwear.com\/pl\/produkt\/kurtka-meska-montana-black\/#primaryimage","url":"https:\/\/fluffouterwear.com\/wp-content\/uploads\/2024\/09\/meska-kurtka-montana-black-2.jpg","contentUrl":"https:\/\/fluffouterwear.com\/wp-content\/uploads\/2024\/09\/meska-kurtka-montana-black-2.jpg","width":1185,"height":1310,"caption":"Puffer winter jacket with natural down filling. Removable hood, front pockets. Wide quilting."},{"@type":"BreadcrumbList","@id":"https:\/\/fluffouterwear.com\/pl\/produkt\/kurtka-meska-montana-black\/#breadcrumb","itemListElement":[{"@type":"ListItem","position":1,"name":"Strona g\u0142\u00f3wna","item":"https:\/\/fluffouterwear.com\/pl\/"},{"@type":"ListItem","position":2,"name":"Sklep","item":"https:\/\/fluffouterwear.com\/pl\/sklep\/"},{"@type":"ListItem","position":3,"name":"Kurtka m\u0119ska Montana Black"}]},{"@type":"WebSite","@id":"https:\/\/fluffouterwear.com\/pl\/#website","url":"https:\/\/fluffouterwear.com\/pl\/","name":"Fluff","description":"","potentialAction":[{"@type":"SearchAction","target":{"@type":"EntryPoint","urlTemplate":"https:\/\/fluffouterwear.com\/pl\/?s={search_term_string}"},"query-input":{"@type":"PropertyValueSpecification","valueRequired":true,"valueName":"search_term_string"}}],"inLanguage":"pl-PL"}]}},"_links":{"self":[{"href":"https:\/\/fluffouterwear.com\/pl\/wp-json\/wp\/v2\/product\/94083","targetHints":{"allow":["GET"]}}],"collection":[{"href":"https:\/\/fluffouterwear.com\/pl\/wp-json\/wp\/v2\/product"}],"about":[{"href":"https:\/\/fluffouterwear.com\/pl\/wp-json\/wp\/v2\/types\/product"}],"replies":[{"embeddable":true,"href":"https:\/\/fluffouterwear.com\/pl\/wp-json\/wp\/v2\/comments?post=94083"}],"wp:featuredmedia":[{"embeddable":true,"href":"https:\/\/fluffouterwear.com\/pl\/wp-json\/wp\/v2\/media\/96025"}],"wp:attachment":[{"href":"https:\/\/fluffouterwear.com\/pl\/wp-json\/wp\/v2\/media?parent=94083"}],"wp:term":[{"taxonomy":"product_brand","embeddable":true,"href":"https:\/\/fluffouterwear.com\/pl\/wp-json\/wp\/v2\/product_brand?post=94083"},{"taxonomy":"product_cat","embeddable":true,"href":"https:\/\/fluffouterwear.com\/pl\/wp-json\/wp\/v2\/product_cat?post=94083"},{"taxonomy":"product_tag","embeddable":true,"href":"https:\/\/fluffouterwear.com\/pl\/wp-json\/wp\/v2\/product_tag?post=94083"}],"curies":[{"name":"wp","href":"https:\/\/api.w.org\/{rel}","templated":true}]}}