{"id":94126,"date":"2024-09-20T09:48:24","date_gmt":"2024-09-20T07:48:24","guid":{"rendered":"https:\/\/fluffouterwear.com\/?post_type=product&#038;p=94126"},"modified":"2026-04-07T23:11:05","modified_gmt":"2026-04-07T21:11:05","slug":"plaszcz-3-lengths-black","status":"publish","type":"product","link":"https:\/\/fluffouterwear.com\/pl\/produkt\/plaszcz-3-lengths-black\/","title":{"rendered":"P\u0142aszcz 3-lengths Black"},"content":{"rendered":"<h4><strong>P\u0142aszcz puchowy o regulowanej 3-stopniowej d\u0142ugo\u015bci<\/strong><\/h4>\n<p>Kurtka kr\u00f3tka? \u015aredniej d\u0142ugo\u015bci? A mo\u017ce<b> d\u0142ugi p\u0142aszcz zimowy<\/b>? Dla niezdecydowanych mamy \u015bwietn\u0105 wiadomo\u015b\u0107 &#8211; ju\u017c nie musicie wybiera\u0107! W nowej kolekcji FLUFF przygotowali\u015bmy bowiem prawdziwy hit. To cieplutki, <b>puchowy p\u0142aszcz zimowy<\/b> typu 3 lengths, kt\u00f3ry &#8211; za spraw\u0105 paneli odpinanych na suwak z podszyt\u0105 listw\u0105 zapewniaj\u0105c\u0105 ochron\u0119 przed wiatrem &#8211; mo\u017ce mie\u0107 trzy r\u00f3\u017cne d\u0142ugo\u015bci:<\/p>\n<ul>\n<li aria-level=\"1\"><b>kr\u00f3tk\u0105 &#8211; <\/b>jak<b> kurtka zimowa<\/b> w typie bomberki<\/li>\n<li aria-level=\"1\"><b>\u015bredni\u0105 <\/b>&#8211; jak &#8220;standardowa&#8221;,<b> zimowa kurtka puchowa<\/b> \u015bredniej d\u0142ugo\u015bci<\/li>\n<li aria-level=\"1\">d\u0142ug\u0105 &#8211; tworz\u0105c <b>p\u0142aszcz zimowy damski<\/b> si\u0119gaj\u0105cy do po\u0142owy \u0142ydki.<\/li>\n<\/ul>\n<p>W cenie jednej kurtki otrzymujesz wi\u0119c trzy zupe\u0142nie r\u00f3\u017cne elementy garderoby &#8211; ka\u017cdy z nich z dwoma pojemnymi kieszeniami z przodu i wysokim ko\u0142nierzem &#8211; kt\u00f3re mo\u017cesz w kilka sekund dopasowa\u0107 do swoich aktualnych potrzeb i preferencji. Ciep\u0142o i komfort do -25 stopni mrozu.<\/p>\n<p>Modelka ma oko\u0142o 175 cm wzrostu i prezentuje rozmiar M.<\/p>\n","protected":false},"excerpt":{"rendered":"<p>P\u0142aszcz puchowy o regulowanej 3-stopniowej d\u0142ugo\u015bci Kurtka kr\u00f3tka? \u015aredniej d\u0142ugo\u015bci? A mo\u017ce d\u0142ugi p\u0142aszcz zimowy? Dla niezdecydowanych mamy \u015bwietn\u0105 wiadomo\u015b\u0107 &#8211; ju\u017c nie musicie wybiera\u0107! W nowej kolekcji FLUFF przygotowali\u015bmy bowiem prawdziwy hit. To cieplutki, puchowy p\u0142aszcz zimowy typu 3 lengths, kt\u00f3ry &#8211; za spraw\u0105 paneli odpinanych na suwak z podszyt\u0105 listw\u0105 zapewniaj\u0105c\u0105 ochron\u0119 przed [&#8230;]\n","protected":false},"featured_media":96055,"comment_status":"open","ping_status":"closed","template":"","meta":{"_acf_changed":false},"product_brand":[],"product_cat":[371,382,1064],"product_tag":[1405],"class_list":{"0":"post-94126","1":"product","2":"type-product","3":"status-publish","4":"has-post-thumbnail","6":"product_cat-plaszcze-pl","7":"product_cat-outlet-pl","8":"product_cat-kobieta-pl","9":"product_tag-wpla","11":"first","12":"outofstock","13":"sale","14":"shipping-taxable","15":"purchasable","16":"product-type-variable"},"acf":[],"yoast_head":"<!-- This site is optimized with the Yoast SEO plugin v27.0 - https:\/\/yoast.com\/product\/yoast-seo-wordpress\/ -->\n<title>P\u0142aszcz 3-lengths Black - Fluff<\/title>\n<meta name=\"robots\" content=\"index, follow, max-snippet:-1, max-image-preview:large, max-video-preview:-1\" \/>\n<link rel=\"canonical\" href=\"https:\/\/fluffouterwear.com\/pl\/produkt\/plaszcz-3-lengths-black\/\" \/>\n<meta property=\"og:locale\" content=\"pl_PL\" \/>\n<meta property=\"og:type\" content=\"article\" \/>\n<meta property=\"og:title\" content=\"P\u0142aszcz 3-lengths Black - Fluff\" \/>\n<meta property=\"og:description\" content=\"P\u0142aszcz puchowy o regulowanej 3-stopniowej d\u0142ugo\u015bci Kurtka kr\u00f3tka? \u015aredniej d\u0142ugo\u015bci? A mo\u017ce d\u0142ugi p\u0142aszcz zimowy? Dla niezdecydowanych mamy \u015bwietn\u0105 wiadomo\u015b\u0107 &#8211; ju\u017c nie musicie wybiera\u0107! W nowej kolekcji FLUFF przygotowali\u015bmy bowiem prawdziwy hit. To cieplutki, puchowy p\u0142aszcz zimowy typu 3 lengths, kt\u00f3ry &#8211; za spraw\u0105 paneli odpinanych na suwak z podszyt\u0105 listw\u0105 zapewniaj\u0105c\u0105 ochron\u0119 przed [...]\" \/>\n<meta property=\"og:url\" content=\"https:\/\/fluffouterwear.com\/pl\/produkt\/plaszcz-3-lengths-black\/\" \/>\n<meta property=\"og:site_name\" content=\"Fluff\" \/>\n<meta property=\"article:modified_time\" content=\"2026-04-07T21:11:05+00:00\" \/>\n<meta property=\"og:image\" content=\"https:\/\/fluffouterwear.com\/wp-content\/uploads\/2024\/09\/model_112_3_lenghts_coat_czarny_mat_front.jpg\" \/>\n\t<meta property=\"og:image:width\" content=\"1185\" \/>\n\t<meta property=\"og:image:height\" content=\"1310\" \/>\n\t<meta property=\"og:image:type\" content=\"image\/jpeg\" \/>\n<meta name=\"twitter:card\" content=\"summary_large_image\" \/>\n<meta name=\"twitter:label1\" content=\"Szacowany czas czytania\" \/>\n\t<meta name=\"twitter:data1\" content=\"1 minuta\" \/>\n<script type=\"application\/ld+json\" class=\"yoast-schema-graph\">{\"@context\":\"https:\/\/schema.org\",\"@graph\":[{\"@type\":\"WebPage\",\"@id\":\"https:\/\/fluffouterwear.com\/pl\/produkt\/plaszcz-3-lengths-black\/\",\"url\":\"https:\/\/fluffouterwear.com\/pl\/produkt\/plaszcz-3-lengths-black\/\",\"name\":\"P\u0142aszcz 3-lengths Black - Fluff\",\"isPartOf\":{\"@id\":\"https:\/\/fluffouterwear.com\/pl\/#website\"},\"primaryImageOfPage\":{\"@id\":\"https:\/\/fluffouterwear.com\/pl\/produkt\/plaszcz-3-lengths-black\/#primaryimage\"},\"image\":{\"@id\":\"https:\/\/fluffouterwear.com\/pl\/produkt\/plaszcz-3-lengths-black\/#primaryimage\"},\"thumbnailUrl\":\"https:\/\/fluffouterwear.com\/wp-content\/uploads\/2024\/09\/model_112_3_lenghts_coat_czarny_mat_front.jpg\",\"datePublished\":\"2024-09-20T07:48:24+00:00\",\"dateModified\":\"2026-04-07T21:11:05+00:00\",\"breadcrumb\":{\"@id\":\"https:\/\/fluffouterwear.com\/pl\/produkt\/plaszcz-3-lengths-black\/#breadcrumb\"},\"inLanguage\":\"pl-PL\",\"potentialAction\":[{\"@type\":\"ReadAction\",\"target\":[\"https:\/\/fluffouterwear.com\/pl\/produkt\/plaszcz-3-lengths-black\/\"]}]},{\"@type\":\"ImageObject\",\"inLanguage\":\"pl-PL\",\"@id\":\"https:\/\/fluffouterwear.com\/pl\/produkt\/plaszcz-3-lengths-black\/#primaryimage\",\"url\":\"https:\/\/fluffouterwear.com\/wp-content\/uploads\/2024\/09\/model_112_3_lenghts_coat_czarny_mat_front.jpg\",\"contentUrl\":\"https:\/\/fluffouterwear.com\/wp-content\/uploads\/2024\/09\/model_112_3_lenghts_coat_czarny_mat_front.jpg\",\"width\":1185,\"height\":1310},{\"@type\":\"BreadcrumbList\",\"@id\":\"https:\/\/fluffouterwear.com\/pl\/produkt\/plaszcz-3-lengths-black\/#breadcrumb\",\"itemListElement\":[{\"@type\":\"ListItem\",\"position\":1,\"name\":\"Strona g\u0142\u00f3wna\",\"item\":\"https:\/\/fluffouterwear.com\/pl\/\"},{\"@type\":\"ListItem\",\"position\":2,\"name\":\"Sklep\",\"item\":\"https:\/\/fluffouterwear.com\/pl\/sklep\/\"},{\"@type\":\"ListItem\",\"position\":3,\"name\":\"P\u0142aszcz 3-lengths Black\"}]},{\"@type\":\"WebSite\",\"@id\":\"https:\/\/fluffouterwear.com\/pl\/#website\",\"url\":\"https:\/\/fluffouterwear.com\/pl\/\",\"name\":\"Fluff\",\"description\":\"\",\"potentialAction\":[{\"@type\":\"SearchAction\",\"target\":{\"@type\":\"EntryPoint\",\"urlTemplate\":\"https:\/\/fluffouterwear.com\/pl\/?s={search_term_string}\"},\"query-input\":{\"@type\":\"PropertyValueSpecification\",\"valueRequired\":true,\"valueName\":\"search_term_string\"}}],\"inLanguage\":\"pl-PL\"}]}<\/script>\n<!-- \/ Yoast SEO plugin. -->","yoast_head_json":{"title":"P\u0142aszcz 3-lengths Black - Fluff","robots":{"index":"index","follow":"follow","max-snippet":"max-snippet:-1","max-image-preview":"max-image-preview:large","max-video-preview":"max-video-preview:-1"},"canonical":"https:\/\/fluffouterwear.com\/pl\/produkt\/plaszcz-3-lengths-black\/","og_locale":"pl_PL","og_type":"article","og_title":"P\u0142aszcz 3-lengths Black - Fluff","og_description":"P\u0142aszcz puchowy o regulowanej 3-stopniowej d\u0142ugo\u015bci Kurtka kr\u00f3tka? \u015aredniej d\u0142ugo\u015bci? A mo\u017ce d\u0142ugi p\u0142aszcz zimowy? Dla niezdecydowanych mamy \u015bwietn\u0105 wiadomo\u015b\u0107 &#8211; ju\u017c nie musicie wybiera\u0107! W nowej kolekcji FLUFF przygotowali\u015bmy bowiem prawdziwy hit. To cieplutki, puchowy p\u0142aszcz zimowy typu 3 lengths, kt\u00f3ry &#8211; za spraw\u0105 paneli odpinanych na suwak z podszyt\u0105 listw\u0105 zapewniaj\u0105c\u0105 ochron\u0119 przed [...]","og_url":"https:\/\/fluffouterwear.com\/pl\/produkt\/plaszcz-3-lengths-black\/","og_site_name":"Fluff","article_modified_time":"2026-04-07T21:11:05+00:00","og_image":[{"width":1185,"height":1310,"url":"https:\/\/fluffouterwear.com\/wp-content\/uploads\/2024\/09\/model_112_3_lenghts_coat_czarny_mat_front.jpg","type":"image\/jpeg"}],"twitter_card":"summary_large_image","twitter_misc":{"Szacowany czas czytania":"1 minuta"},"schema":{"@context":"https:\/\/schema.org","@graph":[{"@type":"WebPage","@id":"https:\/\/fluffouterwear.com\/pl\/produkt\/plaszcz-3-lengths-black\/","url":"https:\/\/fluffouterwear.com\/pl\/produkt\/plaszcz-3-lengths-black\/","name":"P\u0142aszcz 3-lengths Black - Fluff","isPartOf":{"@id":"https:\/\/fluffouterwear.com\/pl\/#website"},"primaryImageOfPage":{"@id":"https:\/\/fluffouterwear.com\/pl\/produkt\/plaszcz-3-lengths-black\/#primaryimage"},"image":{"@id":"https:\/\/fluffouterwear.com\/pl\/produkt\/plaszcz-3-lengths-black\/#primaryimage"},"thumbnailUrl":"https:\/\/fluffouterwear.com\/wp-content\/uploads\/2024\/09\/model_112_3_lenghts_coat_czarny_mat_front.jpg","datePublished":"2024-09-20T07:48:24+00:00","dateModified":"2026-04-07T21:11:05+00:00","breadcrumb":{"@id":"https:\/\/fluffouterwear.com\/pl\/produkt\/plaszcz-3-lengths-black\/#breadcrumb"},"inLanguage":"pl-PL","potentialAction":[{"@type":"ReadAction","target":["https:\/\/fluffouterwear.com\/pl\/produkt\/plaszcz-3-lengths-black\/"]}]},{"@type":"ImageObject","inLanguage":"pl-PL","@id":"https:\/\/fluffouterwear.com\/pl\/produkt\/plaszcz-3-lengths-black\/#primaryimage","url":"https:\/\/fluffouterwear.com\/wp-content\/uploads\/2024\/09\/model_112_3_lenghts_coat_czarny_mat_front.jpg","contentUrl":"https:\/\/fluffouterwear.com\/wp-content\/uploads\/2024\/09\/model_112_3_lenghts_coat_czarny_mat_front.jpg","width":1185,"height":1310},{"@type":"BreadcrumbList","@id":"https:\/\/fluffouterwear.com\/pl\/produkt\/plaszcz-3-lengths-black\/#breadcrumb","itemListElement":[{"@type":"ListItem","position":1,"name":"Strona g\u0142\u00f3wna","item":"https:\/\/fluffouterwear.com\/pl\/"},{"@type":"ListItem","position":2,"name":"Sklep","item":"https:\/\/fluffouterwear.com\/pl\/sklep\/"},{"@type":"ListItem","position":3,"name":"P\u0142aszcz 3-lengths Black"}]},{"@type":"WebSite","@id":"https:\/\/fluffouterwear.com\/pl\/#website","url":"https:\/\/fluffouterwear.com\/pl\/","name":"Fluff","description":"","potentialAction":[{"@type":"SearchAction","target":{"@type":"EntryPoint","urlTemplate":"https:\/\/fluffouterwear.com\/pl\/?s={search_term_string}"},"query-input":{"@type":"PropertyValueSpecification","valueRequired":true,"valueName":"search_term_string"}}],"inLanguage":"pl-PL"}]}},"_links":{"self":[{"href":"https:\/\/fluffouterwear.com\/pl\/wp-json\/wp\/v2\/product\/94126","targetHints":{"allow":["GET"]}}],"collection":[{"href":"https:\/\/fluffouterwear.com\/pl\/wp-json\/wp\/v2\/product"}],"about":[{"href":"https:\/\/fluffouterwear.com\/pl\/wp-json\/wp\/v2\/types\/product"}],"replies":[{"embeddable":true,"href":"https:\/\/fluffouterwear.com\/pl\/wp-json\/wp\/v2\/comments?post=94126"}],"wp:featuredmedia":[{"embeddable":true,"href":"https:\/\/fluffouterwear.com\/pl\/wp-json\/wp\/v2\/media\/96055"}],"wp:attachment":[{"href":"https:\/\/fluffouterwear.com\/pl\/wp-json\/wp\/v2\/media?parent=94126"}],"wp:term":[{"taxonomy":"product_brand","embeddable":true,"href":"https:\/\/fluffouterwear.com\/pl\/wp-json\/wp\/v2\/product_brand?post=94126"},{"taxonomy":"product_cat","embeddable":true,"href":"https:\/\/fluffouterwear.com\/pl\/wp-json\/wp\/v2\/product_cat?post=94126"},{"taxonomy":"product_tag","embeddable":true,"href":"https:\/\/fluffouterwear.com\/pl\/wp-json\/wp\/v2\/product_tag?post=94126"}],"curies":[{"name":"wp","href":"https:\/\/api.w.org\/{rel}","templated":true}]}}