{"id":94144,"date":"2024-08-23T14:13:16","date_gmt":"2024-08-23T12:13:16","guid":{"rendered":"https:\/\/fluffouterwear.com\/?post_type=product&#038;p=94144"},"modified":"2026-04-09T07:36:12","modified_gmt":"2026-04-09T05:36:12","slug":"spodnie-bojowki-cargo","status":"publish","type":"product","link":"https:\/\/fluffouterwear.com\/pl\/produkt\/spodnie-bojowki-cargo\/","title":{"rendered":"Spodnie cargo z szerok\u0105 nogawk\u0105"},"content":{"rendered":"<p><b>Spodnie boj\u00f3wki<\/b>, okre\u015blane te\u017c czasami jako<b> spodnie cargo <\/b>&#8211; bo to o nich mowa &#8211; wreszcie triumfalnie wracaj\u0105 z modowych peryferii wprost do g\u0142\u00f3wnego nurtu, w tym tak\u017ce oczywi\u015bcie do nowej kolekcji FLUFF.<\/p>\n<p>To niezwykle wygodne <b>spodnie z kieszeniami po bokach<\/b> w ciep\u0142ym be\u017cowym odcieniu, wykonane z wysokogatunkowej bawe\u0142ny i bardzo przyjemne w noszeniu. U do\u0142u ich szerokich nogawek ukryli\u015bmy suwaki: po ich rozpi\u0119ciu nogawki mo\u017cna dodatkowo podwin\u0105\u0107, je\u015bli tego potrzebujesz. Dzi\u0119ki temu nasze <b>spodnie w stylu militarnym<\/b> \u015bwietnie sprawdzaj\u0105 si\u0119 nie tylko na co dzie\u0144 w typowo miejskim \u015brodowisku, ale te\u017c w terenie, podczas pieszych w\u0119dr\u00f3wek czy wycieczek rowerowych.<\/p>\n<p>Modelka prezentuje rozm. S.<\/p>\n","protected":false},"excerpt":{"rendered":"<p><span data-text-color=\"success\">Najni\u017csza cena z ostatnich 30 dni: 629 z\u0142<\/span><\/p>\n","protected":false},"featured_media":99297,"comment_status":"open","ping_status":"closed","template":"","meta":{"_acf_changed":false},"product_brand":[],"product_cat":[382,1064],"product_tag":[],"class_list":{"0":"post-94144","1":"product","2":"type-product","3":"status-publish","4":"has-post-thumbnail","6":"product_cat-outlet-pl","7":"product_cat-kobieta-pl","9":"first","10":"instock","11":"sale","12":"shipping-taxable","13":"purchasable","14":"product-type-variable"},"acf":[],"yoast_head":"<!-- This site is optimized with the Yoast SEO plugin v27.0 - https:\/\/yoast.com\/product\/yoast-seo-wordpress\/ -->\n<title>Spodnie cargo z szerok\u0105 nogawk\u0105 - Fluff<\/title>\n<meta name=\"description\" content=\"To niezwykle wygodne spodnie z kieszeniami po bokach w ciep\u0142ym be\u017cowym odcieniu, wykonane z wysokogatunkowej bawe\u0142ny i bardzo przyjemne w noszeniu.\" \/>\n<meta name=\"robots\" content=\"index, follow, max-snippet:-1, max-image-preview:large, max-video-preview:-1\" \/>\n<link rel=\"canonical\" href=\"https:\/\/fluffouterwear.com\/pl\/produkt\/spodnie-bojowki-cargo\/\" \/>\n<meta property=\"og:locale\" content=\"pl_PL\" \/>\n<meta property=\"og:type\" content=\"article\" \/>\n<meta property=\"og:title\" content=\"Spodnie cargo z szerok\u0105 nogawk\u0105 - Fluff\" \/>\n<meta property=\"og:description\" content=\"To niezwykle wygodne spodnie z kieszeniami po bokach w ciep\u0142ym be\u017cowym odcieniu, wykonane z wysokogatunkowej bawe\u0142ny i bardzo przyjemne w noszeniu.\" \/>\n<meta property=\"og:url\" content=\"https:\/\/fluffouterwear.com\/pl\/produkt\/spodnie-bojowki-cargo\/\" \/>\n<meta property=\"og:site_name\" content=\"Fluff\" \/>\n<meta property=\"article:modified_time\" content=\"2026-04-09T05:36:12+00:00\" \/>\n<meta property=\"og:image\" content=\"https:\/\/fluffouterwear.com\/wp-content\/uploads\/2024\/09\/damskie-spodnie-cargo-1.jpg\" \/>\n\t<meta property=\"og:image:width\" content=\"1185\" \/>\n\t<meta property=\"og:image:height\" content=\"1448\" \/>\n\t<meta property=\"og:image:type\" content=\"image\/jpeg\" \/>\n<meta name=\"twitter:card\" content=\"summary_large_image\" \/>\n<meta name=\"twitter:label1\" content=\"Szacowany czas czytania\" \/>\n\t<meta name=\"twitter:data1\" content=\"1 minuta\" \/>\n<script type=\"application\/ld+json\" class=\"yoast-schema-graph\">{\"@context\":\"https:\/\/schema.org\",\"@graph\":[{\"@type\":\"WebPage\",\"@id\":\"https:\/\/fluffouterwear.com\/pl\/produkt\/spodnie-bojowki-cargo\/\",\"url\":\"https:\/\/fluffouterwear.com\/pl\/produkt\/spodnie-bojowki-cargo\/\",\"name\":\"Spodnie cargo z szerok\u0105 nogawk\u0105 - Fluff\",\"isPartOf\":{\"@id\":\"https:\/\/fluffouterwear.com\/pl\/#website\"},\"primaryImageOfPage\":{\"@id\":\"https:\/\/fluffouterwear.com\/pl\/produkt\/spodnie-bojowki-cargo\/#primaryimage\"},\"image\":{\"@id\":\"https:\/\/fluffouterwear.com\/pl\/produkt\/spodnie-bojowki-cargo\/#primaryimage\"},\"thumbnailUrl\":\"https:\/\/fluffouterwear.com\/wp-content\/uploads\/2024\/08\/damskie-spodnie-cargo-1.jpg\",\"datePublished\":\"2024-08-23T12:13:16+00:00\",\"dateModified\":\"2026-04-09T05:36:12+00:00\",\"description\":\"To niezwykle wygodne spodnie z kieszeniami po bokach w ciep\u0142ym be\u017cowym odcieniu, wykonane z wysokogatunkowej bawe\u0142ny i bardzo przyjemne w noszeniu.\",\"breadcrumb\":{\"@id\":\"https:\/\/fluffouterwear.com\/pl\/produkt\/spodnie-bojowki-cargo\/#breadcrumb\"},\"inLanguage\":\"pl-PL\",\"potentialAction\":[{\"@type\":\"ReadAction\",\"target\":[\"https:\/\/fluffouterwear.com\/pl\/produkt\/spodnie-bojowki-cargo\/\"]}]},{\"@type\":\"ImageObject\",\"inLanguage\":\"pl-PL\",\"@id\":\"https:\/\/fluffouterwear.com\/pl\/produkt\/spodnie-bojowki-cargo\/#primaryimage\",\"url\":\"https:\/\/fluffouterwear.com\/wp-content\/uploads\/2024\/08\/damskie-spodnie-cargo-1.jpg\",\"contentUrl\":\"https:\/\/fluffouterwear.com\/wp-content\/uploads\/2024\/08\/damskie-spodnie-cargo-1.jpg\",\"width\":1185,\"height\":1310},{\"@type\":\"BreadcrumbList\",\"@id\":\"https:\/\/fluffouterwear.com\/pl\/produkt\/spodnie-bojowki-cargo\/#breadcrumb\",\"itemListElement\":[{\"@type\":\"ListItem\",\"position\":1,\"name\":\"Strona g\u0142\u00f3wna\",\"item\":\"https:\/\/fluffouterwear.com\/pl\/\"},{\"@type\":\"ListItem\",\"position\":2,\"name\":\"Sklep\",\"item\":\"https:\/\/fluffouterwear.com\/pl\/sklep\/\"},{\"@type\":\"ListItem\",\"position\":3,\"name\":\"Spodnie cargo z szerok\u0105 nogawk\u0105\"}]},{\"@type\":\"WebSite\",\"@id\":\"https:\/\/fluffouterwear.com\/pl\/#website\",\"url\":\"https:\/\/fluffouterwear.com\/pl\/\",\"name\":\"Fluff\",\"description\":\"\",\"potentialAction\":[{\"@type\":\"SearchAction\",\"target\":{\"@type\":\"EntryPoint\",\"urlTemplate\":\"https:\/\/fluffouterwear.com\/pl\/?s={search_term_string}\"},\"query-input\":{\"@type\":\"PropertyValueSpecification\",\"valueRequired\":true,\"valueName\":\"search_term_string\"}}],\"inLanguage\":\"pl-PL\"}]}<\/script>\n<!-- \/ Yoast SEO plugin. -->","yoast_head_json":{"title":"Spodnie cargo z szerok\u0105 nogawk\u0105 - Fluff","description":"To niezwykle wygodne spodnie z kieszeniami po bokach w ciep\u0142ym be\u017cowym odcieniu, wykonane z wysokogatunkowej bawe\u0142ny i bardzo przyjemne w noszeniu.","robots":{"index":"index","follow":"follow","max-snippet":"max-snippet:-1","max-image-preview":"max-image-preview:large","max-video-preview":"max-video-preview:-1"},"canonical":"https:\/\/fluffouterwear.com\/pl\/produkt\/spodnie-bojowki-cargo\/","og_locale":"pl_PL","og_type":"article","og_title":"Spodnie cargo z szerok\u0105 nogawk\u0105 - Fluff","og_description":"To niezwykle wygodne spodnie z kieszeniami po bokach w ciep\u0142ym be\u017cowym odcieniu, wykonane z wysokogatunkowej bawe\u0142ny i bardzo przyjemne w noszeniu.","og_url":"https:\/\/fluffouterwear.com\/pl\/produkt\/spodnie-bojowki-cargo\/","og_site_name":"Fluff","article_modified_time":"2026-04-09T05:36:12+00:00","og_image":[{"width":1185,"height":1448,"url":"https:\/\/fluffouterwear.com\/wp-content\/uploads\/2024\/09\/damskie-spodnie-cargo-1.jpg","type":"image\/jpeg"}],"twitter_card":"summary_large_image","twitter_misc":{"Szacowany czas czytania":"1 minuta"},"schema":{"@context":"https:\/\/schema.org","@graph":[{"@type":"WebPage","@id":"https:\/\/fluffouterwear.com\/pl\/produkt\/spodnie-bojowki-cargo\/","url":"https:\/\/fluffouterwear.com\/pl\/produkt\/spodnie-bojowki-cargo\/","name":"Spodnie cargo z szerok\u0105 nogawk\u0105 - Fluff","isPartOf":{"@id":"https:\/\/fluffouterwear.com\/pl\/#website"},"primaryImageOfPage":{"@id":"https:\/\/fluffouterwear.com\/pl\/produkt\/spodnie-bojowki-cargo\/#primaryimage"},"image":{"@id":"https:\/\/fluffouterwear.com\/pl\/produkt\/spodnie-bojowki-cargo\/#primaryimage"},"thumbnailUrl":"https:\/\/fluffouterwear.com\/wp-content\/uploads\/2024\/08\/damskie-spodnie-cargo-1.jpg","datePublished":"2024-08-23T12:13:16+00:00","dateModified":"2026-04-09T05:36:12+00:00","description":"To niezwykle wygodne spodnie z kieszeniami po bokach w ciep\u0142ym be\u017cowym odcieniu, wykonane z wysokogatunkowej bawe\u0142ny i bardzo przyjemne w noszeniu.","breadcrumb":{"@id":"https:\/\/fluffouterwear.com\/pl\/produkt\/spodnie-bojowki-cargo\/#breadcrumb"},"inLanguage":"pl-PL","potentialAction":[{"@type":"ReadAction","target":["https:\/\/fluffouterwear.com\/pl\/produkt\/spodnie-bojowki-cargo\/"]}]},{"@type":"ImageObject","inLanguage":"pl-PL","@id":"https:\/\/fluffouterwear.com\/pl\/produkt\/spodnie-bojowki-cargo\/#primaryimage","url":"https:\/\/fluffouterwear.com\/wp-content\/uploads\/2024\/08\/damskie-spodnie-cargo-1.jpg","contentUrl":"https:\/\/fluffouterwear.com\/wp-content\/uploads\/2024\/08\/damskie-spodnie-cargo-1.jpg","width":1185,"height":1310},{"@type":"BreadcrumbList","@id":"https:\/\/fluffouterwear.com\/pl\/produkt\/spodnie-bojowki-cargo\/#breadcrumb","itemListElement":[{"@type":"ListItem","position":1,"name":"Strona g\u0142\u00f3wna","item":"https:\/\/fluffouterwear.com\/pl\/"},{"@type":"ListItem","position":2,"name":"Sklep","item":"https:\/\/fluffouterwear.com\/pl\/sklep\/"},{"@type":"ListItem","position":3,"name":"Spodnie cargo z szerok\u0105 nogawk\u0105"}]},{"@type":"WebSite","@id":"https:\/\/fluffouterwear.com\/pl\/#website","url":"https:\/\/fluffouterwear.com\/pl\/","name":"Fluff","description":"","potentialAction":[{"@type":"SearchAction","target":{"@type":"EntryPoint","urlTemplate":"https:\/\/fluffouterwear.com\/pl\/?s={search_term_string}"},"query-input":{"@type":"PropertyValueSpecification","valueRequired":true,"valueName":"search_term_string"}}],"inLanguage":"pl-PL"}]}},"_links":{"self":[{"href":"https:\/\/fluffouterwear.com\/pl\/wp-json\/wp\/v2\/product\/94144","targetHints":{"allow":["GET"]}}],"collection":[{"href":"https:\/\/fluffouterwear.com\/pl\/wp-json\/wp\/v2\/product"}],"about":[{"href":"https:\/\/fluffouterwear.com\/pl\/wp-json\/wp\/v2\/types\/product"}],"replies":[{"embeddable":true,"href":"https:\/\/fluffouterwear.com\/pl\/wp-json\/wp\/v2\/comments?post=94144"}],"wp:featuredmedia":[{"embeddable":true,"href":"https:\/\/fluffouterwear.com\/pl\/wp-json\/wp\/v2\/media\/99297"}],"wp:attachment":[{"href":"https:\/\/fluffouterwear.com\/pl\/wp-json\/wp\/v2\/media?parent=94144"}],"wp:term":[{"taxonomy":"product_brand","embeddable":true,"href":"https:\/\/fluffouterwear.com\/pl\/wp-json\/wp\/v2\/product_brand?post=94144"},{"taxonomy":"product_cat","embeddable":true,"href":"https:\/\/fluffouterwear.com\/pl\/wp-json\/wp\/v2\/product_cat?post=94144"},{"taxonomy":"product_tag","embeddable":true,"href":"https:\/\/fluffouterwear.com\/pl\/wp-json\/wp\/v2\/product_tag?post=94144"}],"curies":[{"name":"wp","href":"https:\/\/api.w.org\/{rel}","templated":true}]}}