{"id":94223,"date":"2024-09-20T09:51:13","date_gmt":"2024-09-20T07:51:13","guid":{"rendered":"https:\/\/fluffouterwear.com\/?post_type=product&#038;p=94223"},"modified":"2026-04-15T21:48:12","modified_gmt":"2026-04-15T19:48:12","slug":"bawelniany-trencz","status":"publish","type":"product","link":"https:\/\/fluffouterwear.com\/pl\/produkt\/bawelniany-trencz\/","title":{"rendered":"Bawe\u0142niany trencz"},"content":{"rendered":"<h4><strong>Be\u017cowy trencz na jesie\u0144<\/strong><\/h4>\n<p>Niewiele jest fason\u00f3w r\u00f3wnie klasycznych, ponadczasowych i uniwersalnych, co <b>trencz bawe\u0142niany<\/b> w stonowanym, be\u017cowym odcieniu. Nie mogli\u015bmy wi\u0119c pomin\u0105\u0107 tego modelu, przygotowuj\u0105c nasz\u0105 now\u0105 kolekcj\u0119 na jesie\u0144 i zim\u0119. Nasz <b>trencz damski bawe\u0142niany <\/b>nawi\u0105zuje do kultowych p\u0142aszczy tego typu &#8211; jest d\u0142ugi, obszerny, ma dwie du\u017ce boczne kieszenie i przyci\u0105ga uwag\u0119 obfitym ko\u0142nierzem.<\/p>\n<p>W talii <b>trencz<\/b> <strong>FLUFF<\/strong> posiada szeroki \u015bci\u0105gacz, kt\u00f3ry doskonale podkre\u015bla sylwetk\u0119. W naszej wersji zdecydowali\u015bmy si\u0119 jednak pomin\u0105\u0107 pasek, by p\u0142aszcz nosi\u0142o si\u0119 jeszcze wygodniej. Zestawiony z wyrazistymi dodatkami w soczystych kolorach &#8211; szalem czy apaszk\u0105 oraz czapk\u0105 &#8211; ten stylowy <b>trencz bawe\u0142niany <\/b>stworzy idealn\u0105 kompozycj\u0119 na jesienne dni.<\/p>\n<p>Modelka prezentuje rozmiar XS\/S.<\/p>\n","protected":false},"excerpt":{"rendered":"<p>Be\u017cowy trencz na jesie\u0144 Niewiele jest fason\u00f3w r\u00f3wnie klasycznych, ponadczasowych i uniwersalnych, co trencz bawe\u0142niany w stonowanym, be\u017cowym odcieniu. Nie mogli\u015bmy wi\u0119c pomin\u0105\u0107 tego modelu, przygotowuj\u0105c nasz\u0105 now\u0105 kolekcj\u0119 na jesie\u0144 i zim\u0119. Nasz trencz damski bawe\u0142niany nawi\u0105zuje do kultowych p\u0142aszczy tego typu &#8211; jest d\u0142ugi, obszerny, ma dwie du\u017ce boczne kieszenie i przyci\u0105ga uwag\u0119 [&#8230;]\n","protected":false},"featured_media":95903,"comment_status":"open","ping_status":"closed","template":"","meta":{"_acf_changed":false},"product_brand":[],"product_cat":[382,1064],"product_tag":[],"class_list":{"0":"post-94223","1":"product","2":"type-product","3":"status-publish","4":"has-post-thumbnail","6":"product_cat-outlet-pl","7":"product_cat-kobieta-pl","9":"first","10":"instock","11":"sale","12":"shipping-taxable","13":"purchasable","14":"product-type-variable"},"acf":[],"yoast_head":"<!-- This site is optimized with the Yoast SEO plugin v27.0 - https:\/\/yoast.com\/product\/yoast-seo-wordpress\/ -->\n<title>Bawe\u0142niany trencz - Fluff<\/title>\n<meta name=\"robots\" content=\"index, follow, max-snippet:-1, max-image-preview:large, max-video-preview:-1\" \/>\n<link rel=\"canonical\" href=\"https:\/\/fluffouterwear.com\/pl\/produkt\/bawelniany-trencz\/\" \/>\n<meta property=\"og:locale\" content=\"pl_PL\" \/>\n<meta property=\"og:type\" content=\"article\" \/>\n<meta property=\"og:title\" content=\"Bawe\u0142niany trencz - Fluff\" \/>\n<meta property=\"og:description\" content=\"Be\u017cowy trencz na jesie\u0144 Niewiele jest fason\u00f3w r\u00f3wnie klasycznych, ponadczasowych i uniwersalnych, co trencz bawe\u0142niany w stonowanym, be\u017cowym odcieniu. Nie mogli\u015bmy wi\u0119c pomin\u0105\u0107 tego modelu, przygotowuj\u0105c nasz\u0105 now\u0105 kolekcj\u0119 na jesie\u0144 i zim\u0119. Nasz trencz damski bawe\u0142niany nawi\u0105zuje do kultowych p\u0142aszczy tego typu &#8211; jest d\u0142ugi, obszerny, ma dwie du\u017ce boczne kieszenie i przyci\u0105ga uwag\u0119 [...]\" \/>\n<meta property=\"og:url\" content=\"https:\/\/fluffouterwear.com\/pl\/produkt\/bawelniany-trencz\/\" \/>\n<meta property=\"og:site_name\" content=\"Fluff\" \/>\n<meta property=\"article:modified_time\" content=\"2026-04-15T19:48:12+00:00\" \/>\n<meta property=\"og:image\" content=\"https:\/\/fluffouterwear.com\/wp-content\/uploads\/2024\/09\/damski-trencz-bawelniany-2.jpg\" \/>\n\t<meta property=\"og:image:width\" content=\"1185\" \/>\n\t<meta property=\"og:image:height\" content=\"1310\" \/>\n\t<meta property=\"og:image:type\" content=\"image\/jpeg\" \/>\n<meta name=\"twitter:card\" content=\"summary_large_image\" \/>\n<meta name=\"twitter:label1\" content=\"Szacowany czas czytania\" \/>\n\t<meta name=\"twitter:data1\" content=\"1 minuta\" \/>\n<script type=\"application\/ld+json\" class=\"yoast-schema-graph\">{\"@context\":\"https:\/\/schema.org\",\"@graph\":[{\"@type\":\"WebPage\",\"@id\":\"https:\/\/fluffouterwear.com\/pl\/produkt\/bawelniany-trencz\/\",\"url\":\"https:\/\/fluffouterwear.com\/pl\/produkt\/bawelniany-trencz\/\",\"name\":\"Bawe\u0142niany trencz - Fluff\",\"isPartOf\":{\"@id\":\"https:\/\/fluffouterwear.com\/pl\/#website\"},\"primaryImageOfPage\":{\"@id\":\"https:\/\/fluffouterwear.com\/pl\/produkt\/bawelniany-trencz\/#primaryimage\"},\"image\":{\"@id\":\"https:\/\/fluffouterwear.com\/pl\/produkt\/bawelniany-trencz\/#primaryimage\"},\"thumbnailUrl\":\"https:\/\/fluffouterwear.com\/wp-content\/uploads\/2024\/09\/damski-trencz-bawelniany-2.jpg\",\"datePublished\":\"2024-09-20T07:51:13+00:00\",\"dateModified\":\"2026-04-15T19:48:12+00:00\",\"breadcrumb\":{\"@id\":\"https:\/\/fluffouterwear.com\/pl\/produkt\/bawelniany-trencz\/#breadcrumb\"},\"inLanguage\":\"pl-PL\",\"potentialAction\":[{\"@type\":\"ReadAction\",\"target\":[\"https:\/\/fluffouterwear.com\/pl\/produkt\/bawelniany-trencz\/\"]}]},{\"@type\":\"ImageObject\",\"inLanguage\":\"pl-PL\",\"@id\":\"https:\/\/fluffouterwear.com\/pl\/produkt\/bawelniany-trencz\/#primaryimage\",\"url\":\"https:\/\/fluffouterwear.com\/wp-content\/uploads\/2024\/09\/damski-trencz-bawelniany-2.jpg\",\"contentUrl\":\"https:\/\/fluffouterwear.com\/wp-content\/uploads\/2024\/09\/damski-trencz-bawelniany-2.jpg\",\"width\":1185,\"height\":1310},{\"@type\":\"BreadcrumbList\",\"@id\":\"https:\/\/fluffouterwear.com\/pl\/produkt\/bawelniany-trencz\/#breadcrumb\",\"itemListElement\":[{\"@type\":\"ListItem\",\"position\":1,\"name\":\"Strona g\u0142\u00f3wna\",\"item\":\"https:\/\/fluffouterwear.com\/pl\/\"},{\"@type\":\"ListItem\",\"position\":2,\"name\":\"Sklep\",\"item\":\"https:\/\/fluffouterwear.com\/pl\/sklep\/\"},{\"@type\":\"ListItem\",\"position\":3,\"name\":\"Bawe\u0142niany trencz\"}]},{\"@type\":\"WebSite\",\"@id\":\"https:\/\/fluffouterwear.com\/pl\/#website\",\"url\":\"https:\/\/fluffouterwear.com\/pl\/\",\"name\":\"Fluff\",\"description\":\"\",\"potentialAction\":[{\"@type\":\"SearchAction\",\"target\":{\"@type\":\"EntryPoint\",\"urlTemplate\":\"https:\/\/fluffouterwear.com\/pl\/?s={search_term_string}\"},\"query-input\":{\"@type\":\"PropertyValueSpecification\",\"valueRequired\":true,\"valueName\":\"search_term_string\"}}],\"inLanguage\":\"pl-PL\"}]}<\/script>\n<!-- \/ Yoast SEO plugin. -->","yoast_head_json":{"title":"Bawe\u0142niany trencz - Fluff","robots":{"index":"index","follow":"follow","max-snippet":"max-snippet:-1","max-image-preview":"max-image-preview:large","max-video-preview":"max-video-preview:-1"},"canonical":"https:\/\/fluffouterwear.com\/pl\/produkt\/bawelniany-trencz\/","og_locale":"pl_PL","og_type":"article","og_title":"Bawe\u0142niany trencz - Fluff","og_description":"Be\u017cowy trencz na jesie\u0144 Niewiele jest fason\u00f3w r\u00f3wnie klasycznych, ponadczasowych i uniwersalnych, co trencz bawe\u0142niany w stonowanym, be\u017cowym odcieniu. Nie mogli\u015bmy wi\u0119c pomin\u0105\u0107 tego modelu, przygotowuj\u0105c nasz\u0105 now\u0105 kolekcj\u0119 na jesie\u0144 i zim\u0119. Nasz trencz damski bawe\u0142niany nawi\u0105zuje do kultowych p\u0142aszczy tego typu &#8211; jest d\u0142ugi, obszerny, ma dwie du\u017ce boczne kieszenie i przyci\u0105ga uwag\u0119 [...]","og_url":"https:\/\/fluffouterwear.com\/pl\/produkt\/bawelniany-trencz\/","og_site_name":"Fluff","article_modified_time":"2026-04-15T19:48:12+00:00","og_image":[{"width":1185,"height":1310,"url":"https:\/\/fluffouterwear.com\/wp-content\/uploads\/2024\/09\/damski-trencz-bawelniany-2.jpg","type":"image\/jpeg"}],"twitter_card":"summary_large_image","twitter_misc":{"Szacowany czas czytania":"1 minuta"},"schema":{"@context":"https:\/\/schema.org","@graph":[{"@type":"WebPage","@id":"https:\/\/fluffouterwear.com\/pl\/produkt\/bawelniany-trencz\/","url":"https:\/\/fluffouterwear.com\/pl\/produkt\/bawelniany-trencz\/","name":"Bawe\u0142niany trencz - Fluff","isPartOf":{"@id":"https:\/\/fluffouterwear.com\/pl\/#website"},"primaryImageOfPage":{"@id":"https:\/\/fluffouterwear.com\/pl\/produkt\/bawelniany-trencz\/#primaryimage"},"image":{"@id":"https:\/\/fluffouterwear.com\/pl\/produkt\/bawelniany-trencz\/#primaryimage"},"thumbnailUrl":"https:\/\/fluffouterwear.com\/wp-content\/uploads\/2024\/09\/damski-trencz-bawelniany-2.jpg","datePublished":"2024-09-20T07:51:13+00:00","dateModified":"2026-04-15T19:48:12+00:00","breadcrumb":{"@id":"https:\/\/fluffouterwear.com\/pl\/produkt\/bawelniany-trencz\/#breadcrumb"},"inLanguage":"pl-PL","potentialAction":[{"@type":"ReadAction","target":["https:\/\/fluffouterwear.com\/pl\/produkt\/bawelniany-trencz\/"]}]},{"@type":"ImageObject","inLanguage":"pl-PL","@id":"https:\/\/fluffouterwear.com\/pl\/produkt\/bawelniany-trencz\/#primaryimage","url":"https:\/\/fluffouterwear.com\/wp-content\/uploads\/2024\/09\/damski-trencz-bawelniany-2.jpg","contentUrl":"https:\/\/fluffouterwear.com\/wp-content\/uploads\/2024\/09\/damski-trencz-bawelniany-2.jpg","width":1185,"height":1310},{"@type":"BreadcrumbList","@id":"https:\/\/fluffouterwear.com\/pl\/produkt\/bawelniany-trencz\/#breadcrumb","itemListElement":[{"@type":"ListItem","position":1,"name":"Strona g\u0142\u00f3wna","item":"https:\/\/fluffouterwear.com\/pl\/"},{"@type":"ListItem","position":2,"name":"Sklep","item":"https:\/\/fluffouterwear.com\/pl\/sklep\/"},{"@type":"ListItem","position":3,"name":"Bawe\u0142niany trencz"}]},{"@type":"WebSite","@id":"https:\/\/fluffouterwear.com\/pl\/#website","url":"https:\/\/fluffouterwear.com\/pl\/","name":"Fluff","description":"","potentialAction":[{"@type":"SearchAction","target":{"@type":"EntryPoint","urlTemplate":"https:\/\/fluffouterwear.com\/pl\/?s={search_term_string}"},"query-input":{"@type":"PropertyValueSpecification","valueRequired":true,"valueName":"search_term_string"}}],"inLanguage":"pl-PL"}]}},"_links":{"self":[{"href":"https:\/\/fluffouterwear.com\/pl\/wp-json\/wp\/v2\/product\/94223","targetHints":{"allow":["GET"]}}],"collection":[{"href":"https:\/\/fluffouterwear.com\/pl\/wp-json\/wp\/v2\/product"}],"about":[{"href":"https:\/\/fluffouterwear.com\/pl\/wp-json\/wp\/v2\/types\/product"}],"replies":[{"embeddable":true,"href":"https:\/\/fluffouterwear.com\/pl\/wp-json\/wp\/v2\/comments?post=94223"}],"wp:featuredmedia":[{"embeddable":true,"href":"https:\/\/fluffouterwear.com\/pl\/wp-json\/wp\/v2\/media\/95903"}],"wp:attachment":[{"href":"https:\/\/fluffouterwear.com\/pl\/wp-json\/wp\/v2\/media?parent=94223"}],"wp:term":[{"taxonomy":"product_brand","embeddable":true,"href":"https:\/\/fluffouterwear.com\/pl\/wp-json\/wp\/v2\/product_brand?post=94223"},{"taxonomy":"product_cat","embeddable":true,"href":"https:\/\/fluffouterwear.com\/pl\/wp-json\/wp\/v2\/product_cat?post=94223"},{"taxonomy":"product_tag","embeddable":true,"href":"https:\/\/fluffouterwear.com\/pl\/wp-json\/wp\/v2\/product_tag?post=94223"}],"curies":[{"name":"wp","href":"https:\/\/api.w.org\/{rel}","templated":true}]}}