{"id":94473,"date":"2024-09-03T18:36:39","date_gmt":"2024-09-03T16:36:39","guid":{"rendered":"https:\/\/fluffouterwear.com\/?post_type=product&#038;p=94473"},"modified":"2026-02-08T22:13:08","modified_gmt":"2026-02-08T21:13:08","slug":"kurtka-dziecieca-montana-latte","status":"publish","type":"product","link":"https:\/\/fluffouterwear.com\/pl\/produkt\/kurtka-dziecieca-montana-latte\/","title":{"rendered":"Kurtka Montana Latte"},"content":{"rendered":"<h4><strong>Puchowa kurtka Montana FLUFF<\/strong><\/h4>\n<p>Montana to zimowy strza\u0142 w dziesi\u0105tk\u0119, je\u015bli na co dzie\u0144 cenisz sobie pe\u0142en komfort i swobod\u0119 w stylowym wydaniu. To obszerna i ciep\u0142a, ale przy tym niezwykle lekka zimowa kurtka z wype\u0142nieniem puchowym o optymalnie opracowanym sk\u0142adzie, kt\u00f3re gwarantuje ochron\u0119 przed ch\u0142odem i wiatrem nawet wtedy, gdy temperatury spadaj\u0105 do -20 st. C.<\/p>\n<p>W tym stawiaj\u0105cym na wygod\u0119 klasycznym projekcie o poziomych pikowaniach szczeg\u00f3ln\u0105 uwag\u0119 zwracaj\u0105 dwie du\u017ce i pojemne naszywane zewn\u0119trzne kieszenie z klapk\u0105, kt\u00f3rych mo\u017cna u\u017cywa\u0107 zar\u00f3wno od g\u00f3ry, jak i z boku, a d\u0142onie s\u0105 dodatkowo ogrzewane wewn\u0119trznymi &#8220;r\u0119kawkami&#8221;, kt\u00f3re mo\u017cna zahaczy\u0107 o kciuk. <strong>Kurtka puchowa Montana FLUFF<\/strong> wyposa\u017cona jest ponadto w obszerny ciep\u0142y kaptur ze \u015bci\u0105gaczem i ochron\u0105 podbr\u00f3dka, kt\u00f3ry sprawdzi si\u0119 zw\u0142aszcza w wyj\u0105tkowo mro\u017ane i wietrzne dni.<\/p>\n","protected":false},"excerpt":{"rendered":"<p>Puchowa kurtka Montana FLUFF Montana to zimowy strza\u0142 w dziesi\u0105tk\u0119, je\u015bli na co dzie\u0144 cenisz sobie pe\u0142en komfort i swobod\u0119 w stylowym wydaniu. To obszerna i ciep\u0142a, ale przy tym niezwykle lekka zimowa kurtka z wype\u0142nieniem puchowym o optymalnie opracowanym sk\u0142adzie, kt\u00f3re gwarantuje ochron\u0119 przed ch\u0142odem i wiatrem nawet wtedy, gdy temperatury spadaj\u0105 do -20 [&#8230;]\n","protected":false},"featured_media":95981,"comment_status":"open","ping_status":"closed","template":"","meta":{"_acf_changed":false},"product_brand":[],"product_cat":[303,328],"product_tag":[1407],"class_list":{"0":"post-94473","1":"product","2":"type-product","3":"status-publish","4":"has-post-thumbnail","6":"product_cat-chlopiec-i-dziewczynka","7":"product_cat-kurtki","8":"product_tag-kpla","10":"first","11":"instock","12":"shipping-taxable","13":"purchasable","14":"product-type-variable"},"acf":[],"yoast_head":"<!-- This site is optimized with the Yoast SEO plugin v27.0 - https:\/\/yoast.com\/product\/yoast-seo-wordpress\/ -->\n<title>Kurtka Montana Latte - Fluff<\/title>\n<meta name=\"robots\" content=\"index, follow, max-snippet:-1, max-image-preview:large, max-video-preview:-1\" \/>\n<link rel=\"canonical\" href=\"https:\/\/fluffouterwear.com\/pl\/produkt\/kurtka-dziecieca-montana-latte\/\" \/>\n<meta property=\"og:locale\" content=\"pl_PL\" \/>\n<meta property=\"og:type\" content=\"article\" \/>\n<meta property=\"og:title\" content=\"Kurtka Montana Latte - Fluff\" \/>\n<meta property=\"og:description\" content=\"Puchowa kurtka Montana FLUFF Montana to zimowy strza\u0142 w dziesi\u0105tk\u0119, je\u015bli na co dzie\u0144 cenisz sobie pe\u0142en komfort i swobod\u0119 w stylowym wydaniu. To obszerna i ciep\u0142a, ale przy tym niezwykle lekka zimowa kurtka z wype\u0142nieniem puchowym o optymalnie opracowanym sk\u0142adzie, kt\u00f3re gwarantuje ochron\u0119 przed ch\u0142odem i wiatrem nawet wtedy, gdy temperatury spadaj\u0105 do -20 [...]\" \/>\n<meta property=\"og:url\" content=\"https:\/\/fluffouterwear.com\/pl\/produkt\/kurtka-dziecieca-montana-latte\/\" \/>\n<meta property=\"og:site_name\" content=\"Fluff\" \/>\n<meta property=\"article:modified_time\" content=\"2026-02-08T21:13:08+00:00\" \/>\n<meta property=\"og:image\" content=\"https:\/\/fluffouterwear.com\/wp-content\/uploads\/2024\/09\/dziecieca-kurtka-montana-latte-1.jpg\" \/>\n\t<meta property=\"og:image:width\" content=\"1185\" \/>\n\t<meta property=\"og:image:height\" content=\"1310\" \/>\n\t<meta property=\"og:image:type\" content=\"image\/jpeg\" \/>\n<meta name=\"twitter:card\" content=\"summary_large_image\" \/>\n<meta name=\"twitter:label1\" content=\"Szacowany czas czytania\" \/>\n\t<meta name=\"twitter:data1\" content=\"1 minuta\" \/>\n<script type=\"application\/ld+json\" class=\"yoast-schema-graph\">{\"@context\":\"https:\/\/schema.org\",\"@graph\":[{\"@type\":\"WebPage\",\"@id\":\"https:\/\/fluffouterwear.com\/pl\/produkt\/kurtka-dziecieca-montana-latte\/\",\"url\":\"https:\/\/fluffouterwear.com\/pl\/produkt\/kurtka-dziecieca-montana-latte\/\",\"name\":\"Kurtka Montana Latte - Fluff\",\"isPartOf\":{\"@id\":\"https:\/\/fluffouterwear.com\/pl\/#website\"},\"primaryImageOfPage\":{\"@id\":\"https:\/\/fluffouterwear.com\/pl\/produkt\/kurtka-dziecieca-montana-latte\/#primaryimage\"},\"image\":{\"@id\":\"https:\/\/fluffouterwear.com\/pl\/produkt\/kurtka-dziecieca-montana-latte\/#primaryimage\"},\"thumbnailUrl\":\"https:\/\/fluffouterwear.com\/wp-content\/uploads\/2024\/09\/dziecieca-kurtka-montana-latte-1.jpg\",\"datePublished\":\"2024-09-03T16:36:39+00:00\",\"dateModified\":\"2026-02-08T21:13:08+00:00\",\"breadcrumb\":{\"@id\":\"https:\/\/fluffouterwear.com\/pl\/produkt\/kurtka-dziecieca-montana-latte\/#breadcrumb\"},\"inLanguage\":\"pl-PL\",\"potentialAction\":[{\"@type\":\"ReadAction\",\"target\":[\"https:\/\/fluffouterwear.com\/pl\/produkt\/kurtka-dziecieca-montana-latte\/\"]}]},{\"@type\":\"ImageObject\",\"inLanguage\":\"pl-PL\",\"@id\":\"https:\/\/fluffouterwear.com\/pl\/produkt\/kurtka-dziecieca-montana-latte\/#primaryimage\",\"url\":\"https:\/\/fluffouterwear.com\/wp-content\/uploads\/2024\/09\/dziecieca-kurtka-montana-latte-1.jpg\",\"contentUrl\":\"https:\/\/fluffouterwear.com\/wp-content\/uploads\/2024\/09\/dziecieca-kurtka-montana-latte-1.jpg\",\"width\":1185,\"height\":1310},{\"@type\":\"BreadcrumbList\",\"@id\":\"https:\/\/fluffouterwear.com\/pl\/produkt\/kurtka-dziecieca-montana-latte\/#breadcrumb\",\"itemListElement\":[{\"@type\":\"ListItem\",\"position\":1,\"name\":\"Strona g\u0142\u00f3wna\",\"item\":\"https:\/\/fluffouterwear.com\/pl\/\"},{\"@type\":\"ListItem\",\"position\":2,\"name\":\"Sklep\",\"item\":\"https:\/\/fluffouterwear.com\/pl\/sklep\/\"},{\"@type\":\"ListItem\",\"position\":3,\"name\":\"Kurtka Montana Latte\"}]},{\"@type\":\"WebSite\",\"@id\":\"https:\/\/fluffouterwear.com\/pl\/#website\",\"url\":\"https:\/\/fluffouterwear.com\/pl\/\",\"name\":\"Fluff\",\"description\":\"\",\"potentialAction\":[{\"@type\":\"SearchAction\",\"target\":{\"@type\":\"EntryPoint\",\"urlTemplate\":\"https:\/\/fluffouterwear.com\/pl\/?s={search_term_string}\"},\"query-input\":{\"@type\":\"PropertyValueSpecification\",\"valueRequired\":true,\"valueName\":\"search_term_string\"}}],\"inLanguage\":\"pl-PL\"}]}<\/script>\n<!-- \/ Yoast SEO plugin. -->","yoast_head_json":{"title":"Kurtka Montana Latte - Fluff","robots":{"index":"index","follow":"follow","max-snippet":"max-snippet:-1","max-image-preview":"max-image-preview:large","max-video-preview":"max-video-preview:-1"},"canonical":"https:\/\/fluffouterwear.com\/pl\/produkt\/kurtka-dziecieca-montana-latte\/","og_locale":"pl_PL","og_type":"article","og_title":"Kurtka Montana Latte - Fluff","og_description":"Puchowa kurtka Montana FLUFF Montana to zimowy strza\u0142 w dziesi\u0105tk\u0119, je\u015bli na co dzie\u0144 cenisz sobie pe\u0142en komfort i swobod\u0119 w stylowym wydaniu. To obszerna i ciep\u0142a, ale przy tym niezwykle lekka zimowa kurtka z wype\u0142nieniem puchowym o optymalnie opracowanym sk\u0142adzie, kt\u00f3re gwarantuje ochron\u0119 przed ch\u0142odem i wiatrem nawet wtedy, gdy temperatury spadaj\u0105 do -20 [...]","og_url":"https:\/\/fluffouterwear.com\/pl\/produkt\/kurtka-dziecieca-montana-latte\/","og_site_name":"Fluff","article_modified_time":"2026-02-08T21:13:08+00:00","og_image":[{"width":1185,"height":1310,"url":"https:\/\/fluffouterwear.com\/wp-content\/uploads\/2024\/09\/dziecieca-kurtka-montana-latte-1.jpg","type":"image\/jpeg"}],"twitter_card":"summary_large_image","twitter_misc":{"Szacowany czas czytania":"1 minuta"},"schema":{"@context":"https:\/\/schema.org","@graph":[{"@type":"WebPage","@id":"https:\/\/fluffouterwear.com\/pl\/produkt\/kurtka-dziecieca-montana-latte\/","url":"https:\/\/fluffouterwear.com\/pl\/produkt\/kurtka-dziecieca-montana-latte\/","name":"Kurtka Montana Latte - Fluff","isPartOf":{"@id":"https:\/\/fluffouterwear.com\/pl\/#website"},"primaryImageOfPage":{"@id":"https:\/\/fluffouterwear.com\/pl\/produkt\/kurtka-dziecieca-montana-latte\/#primaryimage"},"image":{"@id":"https:\/\/fluffouterwear.com\/pl\/produkt\/kurtka-dziecieca-montana-latte\/#primaryimage"},"thumbnailUrl":"https:\/\/fluffouterwear.com\/wp-content\/uploads\/2024\/09\/dziecieca-kurtka-montana-latte-1.jpg","datePublished":"2024-09-03T16:36:39+00:00","dateModified":"2026-02-08T21:13:08+00:00","breadcrumb":{"@id":"https:\/\/fluffouterwear.com\/pl\/produkt\/kurtka-dziecieca-montana-latte\/#breadcrumb"},"inLanguage":"pl-PL","potentialAction":[{"@type":"ReadAction","target":["https:\/\/fluffouterwear.com\/pl\/produkt\/kurtka-dziecieca-montana-latte\/"]}]},{"@type":"ImageObject","inLanguage":"pl-PL","@id":"https:\/\/fluffouterwear.com\/pl\/produkt\/kurtka-dziecieca-montana-latte\/#primaryimage","url":"https:\/\/fluffouterwear.com\/wp-content\/uploads\/2024\/09\/dziecieca-kurtka-montana-latte-1.jpg","contentUrl":"https:\/\/fluffouterwear.com\/wp-content\/uploads\/2024\/09\/dziecieca-kurtka-montana-latte-1.jpg","width":1185,"height":1310},{"@type":"BreadcrumbList","@id":"https:\/\/fluffouterwear.com\/pl\/produkt\/kurtka-dziecieca-montana-latte\/#breadcrumb","itemListElement":[{"@type":"ListItem","position":1,"name":"Strona g\u0142\u00f3wna","item":"https:\/\/fluffouterwear.com\/pl\/"},{"@type":"ListItem","position":2,"name":"Sklep","item":"https:\/\/fluffouterwear.com\/pl\/sklep\/"},{"@type":"ListItem","position":3,"name":"Kurtka Montana Latte"}]},{"@type":"WebSite","@id":"https:\/\/fluffouterwear.com\/pl\/#website","url":"https:\/\/fluffouterwear.com\/pl\/","name":"Fluff","description":"","potentialAction":[{"@type":"SearchAction","target":{"@type":"EntryPoint","urlTemplate":"https:\/\/fluffouterwear.com\/pl\/?s={search_term_string}"},"query-input":{"@type":"PropertyValueSpecification","valueRequired":true,"valueName":"search_term_string"}}],"inLanguage":"pl-PL"}]}},"_links":{"self":[{"href":"https:\/\/fluffouterwear.com\/pl\/wp-json\/wp\/v2\/product\/94473","targetHints":{"allow":["GET"]}}],"collection":[{"href":"https:\/\/fluffouterwear.com\/pl\/wp-json\/wp\/v2\/product"}],"about":[{"href":"https:\/\/fluffouterwear.com\/pl\/wp-json\/wp\/v2\/types\/product"}],"replies":[{"embeddable":true,"href":"https:\/\/fluffouterwear.com\/pl\/wp-json\/wp\/v2\/comments?post=94473"}],"wp:featuredmedia":[{"embeddable":true,"href":"https:\/\/fluffouterwear.com\/pl\/wp-json\/wp\/v2\/media\/95981"}],"wp:attachment":[{"href":"https:\/\/fluffouterwear.com\/pl\/wp-json\/wp\/v2\/media?parent=94473"}],"wp:term":[{"taxonomy":"product_brand","embeddable":true,"href":"https:\/\/fluffouterwear.com\/pl\/wp-json\/wp\/v2\/product_brand?post=94473"},{"taxonomy":"product_cat","embeddable":true,"href":"https:\/\/fluffouterwear.com\/pl\/wp-json\/wp\/v2\/product_cat?post=94473"},{"taxonomy":"product_tag","embeddable":true,"href":"https:\/\/fluffouterwear.com\/pl\/wp-json\/wp\/v2\/product_tag?post=94473"}],"curies":[{"name":"wp","href":"https:\/\/api.w.org\/{rel}","templated":true}]}}